{"id":738,"date":"2020-10-09T11:32:20","date_gmt":"2020-10-09T11:32:20","guid":{"rendered":"https:\/\/bio.ufpr.br\/ctaf\/?page_id=738"},"modified":"2023-06-22T17:33:08","modified_gmt":"2023-06-22T17:33:08","slug":"suporte-virtual","status":"publish","type":"page","link":"https:\/\/bio.ufpr.br\/ctaf\/suporte-virtual\/","title":{"rendered":"Suporte virtual"},"content":{"rendered":"<p>Ol\u00e1, usu\u00e1rio do <strong>CTAF<\/strong>!<\/p>\n<p>Sabia que as suas d\u00favidas e algumas dificuldades podem ser resolvidas com o material abaixo?<\/p>\n<p>Clique nos links, fa\u00e7a download e explore.<\/p>\n<p>Se as d\u00favidas continuarem, entre em contato conosco pelo nosso e.mail:\u00a0<span style=\"color: #0000ff\">ctaf@ufpr.br<\/span><\/p>\n<table style=\"height: 356px\" width=\"495\">\n<tbody>\n<tr>\n<td><img loading=\"lazy\" decoding=\"async\" class=\"aligncenter wp-image-834\" src=\"https:\/\/bio.ufpr.br\/ctaf\/wp-content\/uploads\/sites\/47\/2021\/09\/pdf-02-236x300.jpeg\" alt=\"pdf-02\" width=\"89\" height=\"113\" srcset=\"https:\/\/bio.ufpr.br\/ctaf\/wp-content\/uploads\/sites\/47\/2021\/09\/pdf-02-236x300.jpeg 236w, https:\/\/bio.ufpr.br\/ctaf\/wp-content\/uploads\/sites\/47\/2021\/09\/pdf-02.jpeg 692w\" sizes=\"auto, (max-width: 89px) 100vw, 89px\" \/><\/td>\n<td style=\"text-align: left\">\n<h2><span style=\"color: #0000ff\"><a style=\"color: #0000ff\" href=\"https:\/\/bio.ufpr.br\/ctaf\/manuais\/\">Manuais em pdf<\/a><\/span><\/h2>\n<\/td>\n<\/tr>\n<tr>\n<td><span style=\"color: #0000ff\"><img loading=\"lazy\" decoding=\"async\" class=\"aligncenter wp-image-837\" src=\"https:\/\/bio.ufpr.br\/ctaf\/wp-content\/uploads\/sites\/47\/2021\/09\/Videos-icon-download-tutorial-300x210.jpeg\" alt=\"Videos-icon-download-tutorial\" width=\"104\" height=\"73\" srcset=\"https:\/\/bio.ufpr.br\/ctaf\/wp-content\/uploads\/sites\/47\/2021\/09\/Videos-icon-download-tutorial-300x210.jpeg 300w, https:\/\/bio.ufpr.br\/ctaf\/wp-content\/uploads\/sites\/47\/2021\/09\/Videos-icon-download-tutorial.jpeg 728w\" sizes=\"auto, (max-width: 104px) 100vw, 104px\" \/><\/span><\/td>\n<td>\n<h2><span style=\"color: #0000ff\"><a style=\"color: #0000ff\" href=\"https:\/\/bio.ufpr.br\/ctaf\/tutoriais\/\">Tutoriais em V\u00eddeo<\/a><\/span><\/h2>\n<\/td>\n<\/tr>\n<tr>\n<td>\n<h2><span style=\"color: #0000ff\"><img loading=\"lazy\" decoding=\"async\" class=\"aligncenter wp-image-831\" src=\"https:\/\/bio.ufpr.br\/ctaf\/wp-content\/uploads\/sites\/47\/2021\/09\/Externos-300x266.jpeg\" alt=\"Externos\" width=\"127\" height=\"112\" srcset=\"https:\/\/bio.ufpr.br\/ctaf\/wp-content\/uploads\/sites\/47\/2021\/09\/Externos-300x266.jpeg 300w, https:\/\/bio.ufpr.br\/ctaf\/wp-content\/uploads\/sites\/47\/2021\/09\/Externos.jpeg 692w\" sizes=\"auto, (max-width: 127px) 100vw, 127px\" \/><\/span><\/h2>\n<\/td>\n<td>\n<h2><span style=\"color: #0000ff\"><a style=\"color: #0000ff\" href=\"https:\/\/bio.ufpr.br\/ctaf\/dicas\/\">Dicas e materiais externos<\/a><\/span><\/h2>\n<\/td>\n<\/tr>\n<\/tbody>\n<\/table>\n<p>&nbsp;<\/p>\n<p>&nbsp;<\/p>\n<p>&nbsp;<\/p>\n","protected":false},"excerpt":{"rendered":"<p>Ol\u00e1, usu\u00e1rio do CTAF! Sabia que as suas d\u00favidas e algumas dificuldades podem ser resolvidas com o material abaixo? Clique nos links, fa\u00e7a download e explore. Se as d\u00favidas continuarem, entre em contato conosco pelo nosso e.mail:\u00a0ctaf@ufpr.br Manuais em pdf Tutoriais em V\u00eddeo Dicas e materiais externos &nbsp; &nbsp; &nbsp;<\/p>\n","protected":false},"author":6,"featured_media":0,"parent":0,"menu_order":0,"comment_status":"closed","ping_status":"closed","template":"","meta":{"_acf_changed":false,"_monsterinsights_skip_tracking":false,"_monsterinsights_sitenote_active":false,"_monsterinsights_sitenote_note":"","_monsterinsights_sitenote_category":0,"footnotes":""},"class_list":["post-738","page","type-page","status-publish","hentry"],"acf":[],"_links":{"self":[{"href":"https:\/\/bio.ufpr.br\/ctaf\/wp-json\/wp\/v2\/pages\/738","targetHints":{"allow":["GET"]}}],"collection":[{"href":"https:\/\/bio.ufpr.br\/ctaf\/wp-json\/wp\/v2\/pages"}],"about":[{"href":"https:\/\/bio.ufpr.br\/ctaf\/wp-json\/wp\/v2\/types\/page"}],"author":[{"embeddable":true,"href":"https:\/\/bio.ufpr.br\/ctaf\/wp-json\/wp\/v2\/users\/6"}],"replies":[{"embeddable":true,"href":"https:\/\/bio.ufpr.br\/ctaf\/wp-json\/wp\/v2\/comments?post=738"}],"version-history":[{"count":11,"href":"https:\/\/bio.ufpr.br\/ctaf\/wp-json\/wp\/v2\/pages\/738\/revisions"}],"predecessor-version":[{"id":825,"href":"https:\/\/bio.ufpr.br\/ctaf\/wp-json\/wp\/v2\/pages\/738\/revisions\/825"}],"wp:attachment":[{"href":"https:\/\/bio.ufpr.br\/ctaf\/wp-json\/wp\/v2\/media?parent=738"}],"curies":[{"name":"wp","href":"https:\/\/api.w.org\/{rel}","templated":true}]}}