{"id":749,"date":"2020-10-09T11:34:52","date_gmt":"2020-10-09T11:34:52","guid":{"rendered":"https:\/\/bio.ufpr.br\/ctaf\/?page_id=749"},"modified":"2023-06-19T19:01:45","modified_gmt":"2023-06-19T19:01:45","slug":"manuais","status":"publish","type":"page","link":"https:\/\/bio.ufpr.br\/ctaf\/manuais\/","title":{"rendered":"Manuais"},"content":{"rendered":"<p>Ol\u00e1, usu\u00e1rio do <strong>CTAF.<\/strong><\/p>\n<p>Nesta se\u00e7\u00e3o voc\u00ea encontra manuais em PDF que podem ajud\u00e1-lo a aproveitar melhor os recursos do nosso laborat\u00f3rio. Dicas desde o preparo de amostras at\u00e9 como come\u00e7ar analisar as suas imagens. Aproveite e explore. E, se precisar de ajuda, venha at\u00e9 o laborat\u00f3rio ou nos contate por e.mail.<\/p>\n<p><strong>Manuais<\/strong><\/p>\n<p><a href=\"https:\/\/bio.ufpr.br\/ctaf\/wp-content\/uploads\/sites\/47\/2020\/07\/Tutorial-VSViewer.pdf\">Manual VSViewer<\/a>\u00a0\u2013 PDF com as instru\u00e7\u00f5es b\u00e1sicas para abrir e exportar imagens capturadas no Scanner de L\u00e2minas MetaSystems\/Zeiss.<\/p>\n<p>&nbsp;<\/p>\n","protected":false},"excerpt":{"rendered":"<p>Ol\u00e1, usu\u00e1rio do CTAF. Nesta se\u00e7\u00e3o voc\u00ea encontra manuais em PDF que podem ajud\u00e1-lo a aproveitar melhor os recursos do nosso laborat\u00f3rio. Dicas desde o preparo de amostras at\u00e9 como come\u00e7ar analisar as suas imagens. Aproveite e explore. E, se precisar de ajuda, venha at\u00e9 o laborat\u00f3rio ou nos contate por e.mail. Manuais Manual VSViewer\u00a0\u2013 [&hellip;]<\/p>\n","protected":false},"author":6,"featured_media":0,"parent":0,"menu_order":0,"comment_status":"closed","ping_status":"closed","template":"","meta":{"_acf_changed":false,"_monsterinsights_skip_tracking":false,"_monsterinsights_sitenote_active":false,"_monsterinsights_sitenote_note":"","_monsterinsights_sitenote_category":0,"footnotes":""},"class_list":["post-749","page","type-page","status-publish","hentry"],"acf":[],"_links":{"self":[{"href":"https:\/\/bio.ufpr.br\/ctaf\/wp-json\/wp\/v2\/pages\/749","targetHints":{"allow":["GET"]}}],"collection":[{"href":"https:\/\/bio.ufpr.br\/ctaf\/wp-json\/wp\/v2\/pages"}],"about":[{"href":"https:\/\/bio.ufpr.br\/ctaf\/wp-json\/wp\/v2\/types\/page"}],"author":[{"embeddable":true,"href":"https:\/\/bio.ufpr.br\/ctaf\/wp-json\/wp\/v2\/users\/6"}],"replies":[{"embeddable":true,"href":"https:\/\/bio.ufpr.br\/ctaf\/wp-json\/wp\/v2\/comments?post=749"}],"version-history":[{"count":5,"href":"https:\/\/bio.ufpr.br\/ctaf\/wp-json\/wp\/v2\/pages\/749\/revisions"}],"predecessor-version":[{"id":1220,"href":"https:\/\/bio.ufpr.br\/ctaf\/wp-json\/wp\/v2\/pages\/749\/revisions\/1220"}],"wp:attachment":[{"href":"https:\/\/bio.ufpr.br\/ctaf\/wp-json\/wp\/v2\/media?parent=749"}],"curies":[{"name":"wp","href":"https:\/\/api.w.org\/{rel}","templated":true}]}}