{"id":757,"date":"2020-10-09T11:35:39","date_gmt":"2020-10-09T11:35:39","guid":{"rendered":"https:\/\/bio.ufpr.br\/ctaf\/?page_id=757"},"modified":"2024-06-25T12:45:04","modified_gmt":"2024-06-25T12:45:04","slug":"dicas","status":"publish","type":"page","link":"https:\/\/bio.ufpr.br\/ctaf\/dicas\/","title":{"rendered":"Dicas"},"content":{"rendered":"<p>Ol\u00e1, usu\u00e1rio do <strong>CTAF<\/strong>!<\/p>\n<p>Esta se\u00e7\u00e3o destina-se a apresentar dicas e materiais \u00fateis que encontramos na internet. Voc\u00ea pode contribuir nos enviando links e materiais que disponibilizaremos aqui para todos os usu\u00e1rios.<\/p>\n<h3><strong>1 &#8211; Software de an\u00e1lise de imagens:<\/strong><\/h3>\n<h3 style=\"padding-left: 60px\"><img loading=\"lazy\" decoding=\"async\" class=\"wp-image-867 alignleft\" src=\"https:\/\/bio.ufpr.br\/ctaf\/wp-content\/uploads\/sites\/47\/2021\/09\/logoFIJI-300x300.jpeg\" alt=\"logoFIJI\" width=\"90\" height=\"90\" srcset=\"https:\/\/bio.ufpr.br\/ctaf\/wp-content\/uploads\/sites\/47\/2021\/09\/logoFIJI-300x300.jpeg 300w, https:\/\/bio.ufpr.br\/ctaf\/wp-content\/uploads\/sites\/47\/2021\/09\/logoFIJI-150x150.jpeg 150w, https:\/\/bio.ufpr.br\/ctaf\/wp-content\/uploads\/sites\/47\/2021\/09\/logoFIJI-768x768.jpeg 768w, https:\/\/bio.ufpr.br\/ctaf\/wp-content\/uploads\/sites\/47\/2021\/09\/logoFIJI.jpeg 800w\" sizes=\"auto, (max-width: 90px) 100vw, 90px\" \/>FIJI \/ ImageJ<\/h3>\n<p>Fiji \u00e9 um pacote de processamento de imagem &#8211; uma distribui\u00e7\u00e3o do ImageJ com &#8220;baterias inclu\u00eddas&#8221;, agrupando muitos plug-ins que facilitam a an\u00e1lise cient\u00edfica de imagens.\u00a0\u00c9 f\u00e1cil de usar e instalar,<strong>\u00a0<\/strong>re\u00fane muitos plug-ins populares e \u00fateis para an\u00e1lise de imagens em uma instala\u00e7\u00e3o e gerencia automaticamente suas depend\u00eancias e atualiza\u00e7\u00f5es. \u00c9 um software livre e de c\u00f3digo aberto, como o pr\u00f3prio ImageJ, hospedado no GitHub, desenvolvido e escrito pela comunidade.<\/p>\n<p>Fiji \u00e9 desenvolvido por contribuidores em todo o mundo e financiado por v\u00e1rias fontes. \u00c9 mantido pelo grupo Eliceiri \/ LOCI na Universidade de Wisconsin-Madison e pelo Jug e Tomancak Labs no MPI-CBG em Dresden.<\/p>\n<p>Saiba mais e baixe o FIJI pelo site:\u00a0\u00a0<a href=\"https:\/\/fiji.sc\/\">https:\/\/fiji.sc\/<\/a><\/p>\n<h4 style=\"padding-left: 30px\"><strong>1.1 Analisando imagens de microscopia de fluoresc\u00eancia com o ImageJ<\/strong><\/h4>\n<p>Esta \u00e9 uma publica\u00e7\u00e3o do professor\u00a0<a class=\"nova-e-link nova-e-link--color-inherit nova-e-link--theme-bare\" href=\"https:\/\/www.researchgate.net\/profile\/Peter_Bankhead\">Peter Bankhead<\/a>\u00a0da The University of Edinburgh, que aborda an\u00e1lise de imagem do b\u00e1sico, desde o que \u00e9 uma imagem para o computador at\u00e9 a an\u00e1lise em si. Se voc\u00ea pretende quantificar intensidade de marca\u00e7\u00e3o, esta \u00e9 uma \u00f3tima publica\u00e7\u00e3o para consultar. Confira no link abaixo:<\/p>\n<p><a href=\"https:\/\/www.researchgate.net\/publication\/260261544_Analyzing_fluorescence_microscopy_images_with_ImageJ\">Analyzing fluorescence microscopy images with ImageJ<\/a><\/p>\n<h3><strong>2 &#8211; VSViewer \/ Metasystems<\/strong><\/h3>\n<p>Software para visualiza\u00e7\u00e3o das imagens obtidas no esc\u00e2ner de l\u00e2minas ZEISS\/METASYSTEMS.<\/p>\n<p>Baixe a pasta Metasystems pelo link: <a href=\"https:\/\/drive.google.com\/drive\/folders\/1im1_fb-8FtcVu2NJ1S_ofYrx0vPQ8rbp?usp=sharing\">VSViewer \/ Metasystems<\/a>, e sigas as instru\u00e7\u00f5es do manual de uso do VSViewer da p\u00e1gina <a href=\"https:\/\/bio.ufpr.br\/ctaf\/suporte-virtual\/\">https:\/\/bio.ufpr.br\/ctaf\/suporte-virtual\/<\/a><\/p>\n","protected":false},"excerpt":{"rendered":"<p>Ol\u00e1, usu\u00e1rio do CTAF! Esta se\u00e7\u00e3o destina-se a apresentar dicas e materiais \u00fateis que encontramos na internet. Voc\u00ea pode contribuir nos enviando links e materiais que disponibilizaremos aqui para todos os usu\u00e1rios. 1 &#8211; Software de an\u00e1lise de imagens: FIJI \/ ImageJ Fiji \u00e9 um pacote de processamento de imagem &#8211; uma distribui\u00e7\u00e3o do ImageJ [&hellip;]<\/p>\n","protected":false},"author":6,"featured_media":0,"parent":0,"menu_order":0,"comment_status":"closed","ping_status":"closed","template":"","meta":{"_acf_changed":false,"_monsterinsights_skip_tracking":false,"_monsterinsights_sitenote_active":false,"_monsterinsights_sitenote_note":"","_monsterinsights_sitenote_category":0,"footnotes":""},"class_list":["post-757","page","type-page","status-publish","hentry"],"acf":[],"_links":{"self":[{"href":"https:\/\/bio.ufpr.br\/ctaf\/wp-json\/wp\/v2\/pages\/757","targetHints":{"allow":["GET"]}}],"collection":[{"href":"https:\/\/bio.ufpr.br\/ctaf\/wp-json\/wp\/v2\/pages"}],"about":[{"href":"https:\/\/bio.ufpr.br\/ctaf\/wp-json\/wp\/v2\/types\/page"}],"author":[{"embeddable":true,"href":"https:\/\/bio.ufpr.br\/ctaf\/wp-json\/wp\/v2\/users\/6"}],"replies":[{"embeddable":true,"href":"https:\/\/bio.ufpr.br\/ctaf\/wp-json\/wp\/v2\/comments?post=757"}],"version-history":[{"count":15,"href":"https:\/\/bio.ufpr.br\/ctaf\/wp-json\/wp\/v2\/pages\/757\/revisions"}],"predecessor-version":[{"id":1527,"href":"https:\/\/bio.ufpr.br\/ctaf\/wp-json\/wp\/v2\/pages\/757\/revisions\/1527"}],"wp:attachment":[{"href":"https:\/\/bio.ufpr.br\/ctaf\/wp-json\/wp\/v2\/media?parent=757"}],"curies":[{"name":"wp","href":"https:\/\/api.w.org\/{rel}","templated":true}]}}