{"id":924,"date":"2021-11-09T17:58:51","date_gmt":"2021-11-09T17:58:51","guid":{"rendered":"https:\/\/bio.ufpr.br\/ctaf\/?page_id=924"},"modified":"2025-07-04T16:54:47","modified_gmt":"2025-07-04T16:54:47","slug":"estacao-de-trabalho-nikon","status":"publish","type":"page","link":"https:\/\/bio.ufpr.br\/ctaf\/estacao-de-trabalho-nikon\/","title":{"rendered":"Esta\u00e7\u00e3o de Trabalho NIKON"},"content":{"rendered":"<p><img loading=\"lazy\" decoding=\"async\" class=\"aligncenter size-medium wp-image-963\" src=\"https:\/\/bio.ufpr.br\/ctaf\/wp-content\/uploads\/sites\/47\/2021\/11\/Esta\u00e7\u00e3o-Nikon-300x225.jpeg\" alt=\"Esta\u00e7\u00e3o Nikon\" width=\"300\" height=\"225\" srcset=\"https:\/\/bio.ufpr.br\/ctaf\/wp-content\/uploads\/sites\/47\/2021\/11\/Esta\u00e7\u00e3o-Nikon-300x225.jpeg 300w, https:\/\/bio.ufpr.br\/ctaf\/wp-content\/uploads\/sites\/47\/2021\/11\/Esta\u00e7\u00e3o-Nikon-768x576.jpeg 768w, https:\/\/bio.ufpr.br\/ctaf\/wp-content\/uploads\/sites\/47\/2021\/11\/Esta\u00e7\u00e3o-Nikon.jpeg 1024w\" sizes=\"auto, (max-width: 300px) 100vw, 300px\" \/><\/p>\n<p>A esta\u00e7\u00e3o de trabalho NIKON \u00e9 um computador dispon\u00edvel para processamento e an\u00e1lise b\u00e1sica de imagens.<\/p>\n<p>Os usu\u00e1rios do <strong>CTAF<\/strong> podem editar, analisar, exportar, montar gr\u00e1ficos e pranchas sempre que precisarem. Esta m\u00e1quina d\u00e1 conta de abrir imagens grandes, arquivos pesados, consegue realizar\u00a0v\u00e1rias tarefas ao mesmo tempo e ainda roda programas\u00a0e arquivos sem travar. Disp\u00f5e de um monitor grande, excelente para visualiza\u00e7\u00e3o das imagens produzidas pelo <strong>CTAF.<\/strong><\/p>\n<p><strong>Computador:\u00a0<\/strong>HP modelo Z620 Workstation<\/p>\n<p><strong>Sistema operacional:<\/strong> Windows 7 professional &#8211; 64-bit<\/p>\n<p><strong>Processador:<\/strong> Intel(R) Xeon(R) 3.2GHz<\/p>\n<p><strong>Mem\u00f3ria RAM:<\/strong> 32 GB<\/p>\n<p><strong>Softwares dispon\u00edveis para an\u00e1lise e edi\u00e7\u00e3o de imagens:<\/strong><\/p>\n<ul>\n<li style=\"padding-left: 30px\">NIS-Elements AR Analysis 4.20.01<\/li>\n<li style=\"padding-left: 30px\">FIJI &#8211; Image J<\/li>\n<li style=\"padding-left: 30px\">RStudio<\/li>\n<li style=\"padding-left: 30px\">Pyton<\/li>\n<li style=\"padding-left: 30px\">GIMP 2.10.28<\/li>\n<li style=\"padding-left: 30px\">VSViewer<\/li>\n<\/ul>\n<p>Agendamentos atrav\u00e9s do formul\u00e1rio abaixo:<\/p>\n<p><a href=\"https:\/\/docs.google.com\/forms\/d\/e\/1FAIpQLSfuckApkjQq5qCVHA1ZBIrrB_o8Ei5e339kTuou1g9Nryucog\/viewform?usp=sf_link\">FORMUL\u00c1RIO DE SOLICITA\u00c7\u00c3O (Clique aqui)<\/a><\/p>\n<p>Interessado em utilizar este equipamento?<\/p>\n<p>Saiba como em:\u00a0<a href=\"https:\/\/bio.ufpr.br\/ctaf\/agendamento\/\">Agendamento<\/a><\/p>\n<p>Confira a disponibilidade de uso em:\u00a0<a href=\"https:\/\/bio.ufpr.br\/ctaf\/agenda\/\">Agenda<\/a><\/p>\n<p>Ou entre em contato conosco:\u00a0<a href=\"https:\/\/bio.ufpr.br\/ctaf\/contato\/\">Contato<\/a><\/p>\n<p><img loading=\"lazy\" decoding=\"async\" class=\"aligncenter size-medium wp-image-1105\" src=\"https:\/\/bio.ufpr.br\/ctaf\/wp-content\/uploads\/sites\/47\/2023\/06\/offline-1-225x300.jpg\" alt=\"offline (1)\" width=\"225\" height=\"300\" srcset=\"https:\/\/bio.ufpr.br\/ctaf\/wp-content\/uploads\/sites\/47\/2023\/06\/offline-1-225x300.jpg 225w, https:\/\/bio.ufpr.br\/ctaf\/wp-content\/uploads\/sites\/47\/2023\/06\/offline-1-768x1024.jpg 768w\" sizes=\"auto, (max-width: 225px) 100vw, 225px\" \/>\u00a0<img loading=\"lazy\" decoding=\"async\" class=\"aligncenter size-medium wp-image-1106\" src=\"https:\/\/bio.ufpr.br\/ctaf\/wp-content\/uploads\/sites\/47\/2023\/06\/offline-4-225x300.jpg\" alt=\"offline (4)\" width=\"225\" height=\"300\" srcset=\"https:\/\/bio.ufpr.br\/ctaf\/wp-content\/uploads\/sites\/47\/2023\/06\/offline-4-225x300.jpg 225w, https:\/\/bio.ufpr.br\/ctaf\/wp-content\/uploads\/sites\/47\/2023\/06\/offline-4-768x1024.jpg 768w\" sizes=\"auto, (max-width: 225px) 100vw, 225px\" \/>\u00a0<img loading=\"lazy\" decoding=\"async\" class=\"aligncenter size-medium wp-image-1107\" src=\"https:\/\/bio.ufpr.br\/ctaf\/wp-content\/uploads\/sites\/47\/2023\/06\/offline-6-225x300.jpg\" alt=\"offline (6)\" width=\"225\" height=\"300\" srcset=\"https:\/\/bio.ufpr.br\/ctaf\/wp-content\/uploads\/sites\/47\/2023\/06\/offline-6-225x300.jpg 225w, https:\/\/bio.ufpr.br\/ctaf\/wp-content\/uploads\/sites\/47\/2023\/06\/offline-6-768x1024.jpg 768w\" sizes=\"auto, (max-width: 225px) 100vw, 225px\" \/>\u00a0<img loading=\"lazy\" decoding=\"async\" class=\"aligncenter size-medium wp-image-1108\" src=\"https:\/\/bio.ufpr.br\/ctaf\/wp-content\/uploads\/sites\/47\/2023\/06\/offline-8-225x300.jpg\" alt=\"offline (8)\" width=\"225\" height=\"300\" srcset=\"https:\/\/bio.ufpr.br\/ctaf\/wp-content\/uploads\/sites\/47\/2023\/06\/offline-8-225x300.jpg 225w, https:\/\/bio.ufpr.br\/ctaf\/wp-content\/uploads\/sites\/47\/2023\/06\/offline-8-768x1024.jpg 768w\" sizes=\"auto, (max-width: 225px) 100vw, 225px\" \/><\/p>\n","protected":false},"excerpt":{"rendered":"<p>A esta\u00e7\u00e3o de trabalho NIKON \u00e9 um computador dispon\u00edvel para processamento e an\u00e1lise b\u00e1sica de imagens. Os usu\u00e1rios do CTAF podem editar, analisar, exportar, montar gr\u00e1ficos e pranchas sempre que precisarem. Esta m\u00e1quina d\u00e1 conta de abrir imagens grandes, arquivos pesados, consegue realizar\u00a0v\u00e1rias tarefas ao mesmo tempo e ainda roda programas\u00a0e arquivos sem travar. Disp\u00f5e [&hellip;]<\/p>\n","protected":false},"author":1998,"featured_media":0,"parent":0,"menu_order":0,"comment_status":"closed","ping_status":"closed","template":"","meta":{"_acf_changed":false,"_monsterinsights_skip_tracking":false,"_monsterinsights_sitenote_active":false,"_monsterinsights_sitenote_note":"","_monsterinsights_sitenote_category":0,"footnotes":""},"class_list":["post-924","page","type-page","status-publish","hentry"],"acf":[],"_links":{"self":[{"href":"https:\/\/bio.ufpr.br\/ctaf\/wp-json\/wp\/v2\/pages\/924","targetHints":{"allow":["GET"]}}],"collection":[{"href":"https:\/\/bio.ufpr.br\/ctaf\/wp-json\/wp\/v2\/pages"}],"about":[{"href":"https:\/\/bio.ufpr.br\/ctaf\/wp-json\/wp\/v2\/types\/page"}],"author":[{"embeddable":true,"href":"https:\/\/bio.ufpr.br\/ctaf\/wp-json\/wp\/v2\/users\/1998"}],"replies":[{"embeddable":true,"href":"https:\/\/bio.ufpr.br\/ctaf\/wp-json\/wp\/v2\/comments?post=924"}],"version-history":[{"count":12,"href":"https:\/\/bio.ufpr.br\/ctaf\/wp-json\/wp\/v2\/pages\/924\/revisions"}],"predecessor-version":[{"id":1339,"href":"https:\/\/bio.ufpr.br\/ctaf\/wp-json\/wp\/v2\/pages\/924\/revisions\/1339"}],"wp:attachment":[{"href":"https:\/\/bio.ufpr.br\/ctaf\/wp-json\/wp\/v2\/media?parent=924"}],"curies":[{"name":"wp","href":"https:\/\/api.w.org\/{rel}","templated":true}]}}