{"id":930,"date":"2021-11-09T18:09:51","date_gmt":"2021-11-09T18:09:51","guid":{"rendered":"https:\/\/bio.ufpr.br\/ctaf\/?page_id=930"},"modified":"2025-09-16T19:01:24","modified_gmt":"2025-09-16T19:01:24","slug":"estacao-de-trabalho-zeiss","status":"publish","type":"page","link":"https:\/\/bio.ufpr.br\/ctaf\/estacao-de-trabalho-zeiss\/","title":{"rendered":"Esta\u00e7\u00e3o de Trabalho ZEISS"},"content":{"rendered":"<p><img loading=\"lazy\" decoding=\"async\" class=\"aligncenter size-medium wp-image-966\" src=\"https:\/\/bio.ufpr.br\/ctaf\/wp-content\/uploads\/sites\/47\/2021\/11\/Esta\u00e7\u00e3o-Zeiss-300x225.jpeg\" alt=\"Esta\u00e7\u00e3o Zeiss\" width=\"300\" height=\"225\" srcset=\"https:\/\/bio.ufpr.br\/ctaf\/wp-content\/uploads\/sites\/47\/2021\/11\/Esta\u00e7\u00e3o-Zeiss-300x225.jpeg 300w, https:\/\/bio.ufpr.br\/ctaf\/wp-content\/uploads\/sites\/47\/2021\/11\/Esta\u00e7\u00e3o-Zeiss-768x576.jpeg 768w, https:\/\/bio.ufpr.br\/ctaf\/wp-content\/uploads\/sites\/47\/2021\/11\/Esta\u00e7\u00e3o-Zeiss.jpeg 1024w\" sizes=\"auto, (max-width: 300px) 100vw, 300px\" \/><\/p>\n<p>A esta\u00e7\u00e3o de trabalho\u00a0Zeiss \u00e9 um desktop que est\u00e1 dispon\u00edvel para processamento e an\u00e1lise de imagens. Os usu\u00e1rios do <strong>CTAF<\/strong> podem editar, analisar, exportar e montar gr\u00e1ficos e pranchas sempre que precisarem.<\/p>\n<p><strong>Computador:\u00a0<\/strong>Dell optiplex 7010<\/p>\n<p><strong>Sistema operacional:<\/strong>\u00a0Windows 7 professional &#8211; 64-bit<\/p>\n<p><strong>Processador:<\/strong>\u00a0Intel(R) Core(TM) i-5\u00a0 3.2GHz<\/p>\n<p><strong>Mem\u00f3ria RAM:<\/strong>\u00a04 GB<\/p>\n<p><strong>Softwares dispon\u00edveis para an\u00e1lise e edi\u00e7\u00e3o de imagens:<\/strong><\/p>\n<ul>\n<li style=\"padding-left: 30px\">VSViewer<\/li>\n<li style=\"padding-left: 30px\">FIJI &#8211; Image J<\/li>\n<li style=\"padding-left: 30px\">GIMP 2.10.28<\/li>\n<li style=\"padding-left: 30px\">Inkscape<\/li>\n<\/ul>\n<p>Agendamentos atrav\u00e9s do formul\u00e1rio abaixo:<\/p>\n<p><a href=\"https:\/\/docs.google.com\/forms\/d\/e\/1FAIpQLSfuckApkjQq5qCVHA1ZBIrrB_o8Ei5e339kTuou1g9Nryucog\/viewform?usp=sf_link\">FORMUL\u00c1RIO DE SOLICITA\u00c7\u00c3O (Clique aqui)<\/a><\/p>\n<p><img loading=\"lazy\" decoding=\"async\" class=\"aligncenter size-medium wp-image-1109\" src=\"https:\/\/bio.ufpr.br\/ctaf\/wp-content\/uploads\/sites\/47\/2023\/06\/offline-10-225x300.jpg\" alt=\"offline (10)\" width=\"225\" height=\"300\" srcset=\"https:\/\/bio.ufpr.br\/ctaf\/wp-content\/uploads\/sites\/47\/2023\/06\/offline-10-225x300.jpg 225w, https:\/\/bio.ufpr.br\/ctaf\/wp-content\/uploads\/sites\/47\/2023\/06\/offline-10-768x1024.jpg 768w\" sizes=\"auto, (max-width: 225px) 100vw, 225px\" \/>\u00a0<img loading=\"lazy\" decoding=\"async\" class=\"aligncenter size-medium wp-image-1110\" src=\"https:\/\/bio.ufpr.br\/ctaf\/wp-content\/uploads\/sites\/47\/2023\/06\/offline-12-225x300.jpg\" alt=\"offline (12)\" width=\"225\" height=\"300\" srcset=\"https:\/\/bio.ufpr.br\/ctaf\/wp-content\/uploads\/sites\/47\/2023\/06\/offline-12-225x300.jpg 225w, https:\/\/bio.ufpr.br\/ctaf\/wp-content\/uploads\/sites\/47\/2023\/06\/offline-12-768x1024.jpg 768w\" sizes=\"auto, (max-width: 225px) 100vw, 225px\" \/><\/p>\n","protected":false},"excerpt":{"rendered":"<p>A esta\u00e7\u00e3o de trabalho\u00a0Zeiss \u00e9 um desktop que est\u00e1 dispon\u00edvel para processamento e an\u00e1lise de imagens. Os usu\u00e1rios do CTAF podem editar, analisar, exportar e montar gr\u00e1ficos e pranchas sempre que precisarem. Computador:\u00a0Dell optiplex 7010 Sistema operacional:\u00a0Windows 7 professional &#8211; 64-bit Processador:\u00a0Intel(R) Core(TM) i-5\u00a0 3.2GHz Mem\u00f3ria RAM:\u00a04 GB Softwares dispon\u00edveis para an\u00e1lise e edi\u00e7\u00e3o de [&hellip;]<\/p>\n","protected":false},"author":1998,"featured_media":0,"parent":0,"menu_order":0,"comment_status":"closed","ping_status":"closed","template":"","meta":{"_acf_changed":false,"_monsterinsights_skip_tracking":false,"_monsterinsights_sitenote_active":false,"_monsterinsights_sitenote_note":"","_monsterinsights_sitenote_category":0,"footnotes":""},"class_list":["post-930","page","type-page","status-publish","hentry"],"acf":[],"_links":{"self":[{"href":"https:\/\/bio.ufpr.br\/ctaf\/wp-json\/wp\/v2\/pages\/930","targetHints":{"allow":["GET"]}}],"collection":[{"href":"https:\/\/bio.ufpr.br\/ctaf\/wp-json\/wp\/v2\/pages"}],"about":[{"href":"https:\/\/bio.ufpr.br\/ctaf\/wp-json\/wp\/v2\/types\/page"}],"author":[{"embeddable":true,"href":"https:\/\/bio.ufpr.br\/ctaf\/wp-json\/wp\/v2\/users\/1998"}],"replies":[{"embeddable":true,"href":"https:\/\/bio.ufpr.br\/ctaf\/wp-json\/wp\/v2\/comments?post=930"}],"version-history":[{"count":7,"href":"https:\/\/bio.ufpr.br\/ctaf\/wp-json\/wp\/v2\/pages\/930\/revisions"}],"predecessor-version":[{"id":1340,"href":"https:\/\/bio.ufpr.br\/ctaf\/wp-json\/wp\/v2\/pages\/930\/revisions\/1340"}],"wp:attachment":[{"href":"https:\/\/bio.ufpr.br\/ctaf\/wp-json\/wp\/v2\/media?parent=930"}],"curies":[{"name":"wp","href":"https:\/\/api.w.org\/{rel}","templated":true}]}}