{"id":960,"date":"2023-06-16T19:34:33","date_gmt":"2023-06-16T19:34:33","guid":{"rendered":"https:\/\/bio.ufpr.br\/ctaf\/?page_id=960"},"modified":"2025-07-24T17:53:38","modified_gmt":"2025-07-24T17:53:38","slug":"microscopio-axio-observer-z1-invertido-zeiss","status":"publish","type":"page","link":"https:\/\/bio.ufpr.br\/ctaf\/microscopio-axio-observer-z1-invertido-zeiss\/","title":{"rendered":"Axio Observer.Z1 Zeiss &#8211; Microsc\u00f3pio invertido"},"content":{"rendered":"<p>Ao solicitar o Observer.Z1, o usu\u00e1rio \u00e9 treinado no <strong>CTAF<\/strong> e fica respons\u00e1vel por <strong>usar sozinho<\/strong> o microsc\u00f3pio, sempre com apoio t\u00e9cnico, mas com total <strong>autonomia.<\/strong><\/p>\n<p>Microsc\u00f3pio invertido ZEISS Observer.Z1 com campo claro e fluoresc\u00eancia nos 3 canais de cores.<\/p>\n<p>Seis Objetivas= 10X, 20X, 40X, 40X \u00f3leo, 63X \u00f3leo e 100X \u00f3leo. Oculares de 10X.<\/p>\n<div>O porta cubos de 6 posi\u00e7\u00f5es abriga os seguintes filtros:<\/div>\n<div><\/div>\n<div>1 \u2013 Filtro Azulado para campo-claro: Bright Field Microscopy;<\/div>\n<div>.<\/div>\n<div>2 \u2013 Filter Set 20 para Alexa 555, Calcium Orange, Rhodamina e semelhantes:<\/div>\n<div>Excita\u00e7\u00e3o: BP 542\/12 (540-552)<\/div>\n<div>Emiss\u00e3o:\u00a0 \u00a0BP 607\/80 (567-647)<\/div>\n<div>.<\/div>\n<div>3 \u2013 Espa\u00e7o vazio;<\/div>\n<div>.<\/div>\n<div>4 \u2013 Filter Set 10 para FITC, Alexa 488 e semelhantes:<\/div>\n<div>Excita\u00e7\u00e3o: BP 450-490<\/div>\n<div>Emiss\u00e3o:\u00a0 \u00a0BP 515-565<\/div>\n<div>.<\/div>\n<div>5 \u2013 Filter Set 45 para Alexa 568, Nile Red e semelhantes:<\/div>\n<div>Excita\u00e7\u00e3o: BP 560\/40 (540-580)<\/div>\n<div>Emiss\u00e3o:\u00a0 \u00a0BP 630\/75 (592-667)<\/div>\n<div>.<\/div>\n<div>6 \u2013 Filter Set Lumar 49 para Dapi, Hoechst e semelhantes:<\/div>\n<div>Excita\u00e7\u00e3o: G 365<\/div>\n<div>Emiss\u00e3o:\u00a0 \u00a0BP 445\/50 (420-470)<\/div>\n<div>.<\/div>\n<div><strong>Filtros Extras:<\/strong><\/div>\n<div>Filter Set 48:<\/div>\n<div>Excita\u00e7\u00e3o: BP 436\/20 (426-446)<\/div>\n<div>Emiss\u00e3o:\u00a0 \u00a0BP 535\/30 (520-550)<\/div>\n<div>Filter Set 21 HE:<\/div>\n<div>Excita\u00e7\u00e3o: BP 340\/30 (305-355)<\/div>\n<div>Emiss\u00e3o:\u00a0 \u00a0BP 510\/90 (465-555)<\/div>\n<p>&nbsp;<\/p>\n<p>Apesar de ter entrada, n\u00e3o possui c\u00e2mera, portanto, n\u00e3o faz captura de imagem.<\/p>\n<p>Interessado em utilizar este aparelho? Consulte agenda: <a href=\"https:\/\/bio.ufpr.br\/ctaf\/agenda\/\">clique aqui<\/a>.<\/p>\n<p><img loading=\"lazy\" decoding=\"async\" class=\"aligncenter size-medium wp-image-1135\" src=\"https:\/\/bio.ufpr.br\/ctaf\/wp-content\/uploads\/sites\/47\/2023\/06\/invertido-6-225x300.jpg\" alt=\"invertido (6)\" width=\"225\" height=\"300\" srcset=\"https:\/\/bio.ufpr.br\/ctaf\/wp-content\/uploads\/sites\/47\/2023\/06\/invertido-6-225x300.jpg 225w, https:\/\/bio.ufpr.br\/ctaf\/wp-content\/uploads\/sites\/47\/2023\/06\/invertido-6-768x1024.jpg 768w\" sizes=\"auto, (max-width: 225px) 100vw, 225px\" \/> \u00a0<img loading=\"lazy\" decoding=\"async\" class=\"aligncenter size-medium wp-image-1134\" src=\"https:\/\/bio.ufpr.br\/ctaf\/wp-content\/uploads\/sites\/47\/2023\/06\/invertido-5-225x300.jpg\" alt=\"invertido (5)\" width=\"225\" height=\"300\" srcset=\"https:\/\/bio.ufpr.br\/ctaf\/wp-content\/uploads\/sites\/47\/2023\/06\/invertido-5-225x300.jpg 225w, https:\/\/bio.ufpr.br\/ctaf\/wp-content\/uploads\/sites\/47\/2023\/06\/invertido-5-768x1024.jpg 768w\" sizes=\"auto, (max-width: 225px) 100vw, 225px\" \/>\u00a0 <img loading=\"lazy\" decoding=\"async\" class=\"aligncenter size-medium wp-image-1133\" src=\"https:\/\/bio.ufpr.br\/ctaf\/wp-content\/uploads\/sites\/47\/2023\/06\/invertido-4-225x300.jpg\" alt=\"invertido (4)\" width=\"225\" height=\"300\" srcset=\"https:\/\/bio.ufpr.br\/ctaf\/wp-content\/uploads\/sites\/47\/2023\/06\/invertido-4-225x300.jpg 225w, https:\/\/bio.ufpr.br\/ctaf\/wp-content\/uploads\/sites\/47\/2023\/06\/invertido-4-768x1024.jpg 768w\" sizes=\"auto, (max-width: 225px) 100vw, 225px\" \/>\u00a0 <img loading=\"lazy\" decoding=\"async\" class=\"aligncenter size-medium wp-image-1132\" src=\"https:\/\/bio.ufpr.br\/ctaf\/wp-content\/uploads\/sites\/47\/2023\/06\/invertido-3-225x300.jpg\" alt=\"invertido (3)\" width=\"225\" height=\"300\" srcset=\"https:\/\/bio.ufpr.br\/ctaf\/wp-content\/uploads\/sites\/47\/2023\/06\/invertido-3-225x300.jpg 225w, https:\/\/bio.ufpr.br\/ctaf\/wp-content\/uploads\/sites\/47\/2023\/06\/invertido-3-768x1024.jpg 768w\" sizes=\"auto, (max-width: 225px) 100vw, 225px\" \/>\u00a0 <img loading=\"lazy\" decoding=\"async\" class=\"aligncenter size-medium wp-image-1131\" src=\"https:\/\/bio.ufpr.br\/ctaf\/wp-content\/uploads\/sites\/47\/2023\/06\/invertido-2-1-225x300.jpg\" alt=\"invertido (2)\" width=\"225\" height=\"300\" srcset=\"https:\/\/bio.ufpr.br\/ctaf\/wp-content\/uploads\/sites\/47\/2023\/06\/invertido-2-1-225x300.jpg 225w, https:\/\/bio.ufpr.br\/ctaf\/wp-content\/uploads\/sites\/47\/2023\/06\/invertido-2-1-768x1024.jpg 768w\" sizes=\"auto, (max-width: 225px) 100vw, 225px\" \/>\u00a0 <img loading=\"lazy\" decoding=\"async\" class=\"aligncenter size-medium wp-image-1130\" src=\"https:\/\/bio.ufpr.br\/ctaf\/wp-content\/uploads\/sites\/47\/2023\/06\/invertido-1-1-225x300.jpg\" alt=\"invertido (1)\" width=\"225\" height=\"300\" srcset=\"https:\/\/bio.ufpr.br\/ctaf\/wp-content\/uploads\/sites\/47\/2023\/06\/invertido-1-1-225x300.jpg 225w, https:\/\/bio.ufpr.br\/ctaf\/wp-content\/uploads\/sites\/47\/2023\/06\/invertido-1-1-768x1024.jpg 768w\" sizes=\"auto, (max-width: 225px) 100vw, 225px\" \/>\u00a0 <img loading=\"lazy\" decoding=\"async\" class=\"aligncenter size-medium wp-image-1129\" src=\"https:\/\/bio.ufpr.br\/ctaf\/wp-content\/uploads\/sites\/47\/2023\/06\/invertido-13-225x300.jpg\" alt=\"invertido (13)\" width=\"225\" height=\"300\" srcset=\"https:\/\/bio.ufpr.br\/ctaf\/wp-content\/uploads\/sites\/47\/2023\/06\/invertido-13-225x300.jpg 225w, https:\/\/bio.ufpr.br\/ctaf\/wp-content\/uploads\/sites\/47\/2023\/06\/invertido-13-768x1024.jpg 768w\" sizes=\"auto, (max-width: 225px) 100vw, 225px\" \/>\u00a0 <img loading=\"lazy\" decoding=\"async\" class=\"aligncenter size-medium wp-image-1128\" src=\"https:\/\/bio.ufpr.br\/ctaf\/wp-content\/uploads\/sites\/47\/2023\/06\/invertido-12-225x300.jpg\" alt=\"invertido (12)\" width=\"225\" height=\"300\" srcset=\"https:\/\/bio.ufpr.br\/ctaf\/wp-content\/uploads\/sites\/47\/2023\/06\/invertido-12-225x300.jpg 225w, https:\/\/bio.ufpr.br\/ctaf\/wp-content\/uploads\/sites\/47\/2023\/06\/invertido-12-768x1024.jpg 768w\" sizes=\"auto, (max-width: 225px) 100vw, 225px\" \/>\u00a0 <img loading=\"lazy\" decoding=\"async\" class=\"aligncenter size-medium wp-image-1127\" src=\"https:\/\/bio.ufpr.br\/ctaf\/wp-content\/uploads\/sites\/47\/2023\/06\/invertido-11-300x225.jpg\" alt=\"invertido (11)\" width=\"300\" height=\"225\" srcset=\"https:\/\/bio.ufpr.br\/ctaf\/wp-content\/uploads\/sites\/47\/2023\/06\/invertido-11-300x225.jpg 300w, https:\/\/bio.ufpr.br\/ctaf\/wp-content\/uploads\/sites\/47\/2023\/06\/invertido-11-768x576.jpg 768w, https:\/\/bio.ufpr.br\/ctaf\/wp-content\/uploads\/sites\/47\/2023\/06\/invertido-11-1024x768.jpg 1024w\" sizes=\"auto, (max-width: 300px) 100vw, 300px\" \/>\u00a0 <img loading=\"lazy\" decoding=\"async\" class=\"aligncenter size-medium wp-image-1126\" src=\"https:\/\/bio.ufpr.br\/ctaf\/wp-content\/uploads\/sites\/47\/2023\/06\/invertido-10-225x300.jpg\" alt=\"invertido (10)\" width=\"225\" height=\"300\" srcset=\"https:\/\/bio.ufpr.br\/ctaf\/wp-content\/uploads\/sites\/47\/2023\/06\/invertido-10-225x300.jpg 225w, https:\/\/bio.ufpr.br\/ctaf\/wp-content\/uploads\/sites\/47\/2023\/06\/invertido-10-768x1024.jpg 768w\" sizes=\"auto, (max-width: 225px) 100vw, 225px\" \/>\u00a0 <img loading=\"lazy\" decoding=\"async\" class=\"aligncenter size-medium wp-image-1125\" src=\"https:\/\/bio.ufpr.br\/ctaf\/wp-content\/uploads\/sites\/47\/2023\/06\/invertido-9-225x300.jpg\" alt=\"invertido (9)\" width=\"225\" height=\"300\" srcset=\"https:\/\/bio.ufpr.br\/ctaf\/wp-content\/uploads\/sites\/47\/2023\/06\/invertido-9-225x300.jpg 225w, https:\/\/bio.ufpr.br\/ctaf\/wp-content\/uploads\/sites\/47\/2023\/06\/invertido-9-768x1024.jpg 768w\" sizes=\"auto, (max-width: 225px) 100vw, 225px\" \/>\u00a0 <img loading=\"lazy\" decoding=\"async\" class=\"aligncenter size-medium wp-image-1124\" src=\"https:\/\/bio.ufpr.br\/ctaf\/wp-content\/uploads\/sites\/47\/2023\/06\/invertido-8-225x300.jpg\" alt=\"invertido (8)\" width=\"225\" height=\"300\" srcset=\"https:\/\/bio.ufpr.br\/ctaf\/wp-content\/uploads\/sites\/47\/2023\/06\/invertido-8-225x300.jpg 225w, https:\/\/bio.ufpr.br\/ctaf\/wp-content\/uploads\/sites\/47\/2023\/06\/invertido-8-768x1024.jpg 768w\" sizes=\"auto, (max-width: 225px) 100vw, 225px\" \/>\u00a0 <img loading=\"lazy\" decoding=\"async\" class=\"aligncenter size-medium wp-image-1123\" src=\"https:\/\/bio.ufpr.br\/ctaf\/wp-content\/uploads\/sites\/47\/2023\/06\/invertido-7-225x300.jpg\" alt=\"invertido (7)\" width=\"225\" height=\"300\" srcset=\"https:\/\/bio.ufpr.br\/ctaf\/wp-content\/uploads\/sites\/47\/2023\/06\/invertido-7-225x300.jpg 225w, https:\/\/bio.ufpr.br\/ctaf\/wp-content\/uploads\/sites\/47\/2023\/06\/invertido-7-768x1024.jpg 768w\" sizes=\"auto, (max-width: 225px) 100vw, 225px\" \/><\/p>\n","protected":false},"excerpt":{"rendered":"<p>Ao solicitar o Observer.Z1, o usu\u00e1rio \u00e9 treinado no CTAF e fica respons\u00e1vel por usar sozinho o microsc\u00f3pio, sempre com apoio t\u00e9cnico, mas com total autonomia. Microsc\u00f3pio invertido ZEISS Observer.Z1 com campo claro e fluoresc\u00eancia nos 3 canais de cores. Seis Objetivas= 10X, 20X, 40X, 40X \u00f3leo, 63X \u00f3leo e 100X \u00f3leo. Oculares de 10X. [&hellip;]<\/p>\n","protected":false},"author":1998,"featured_media":0,"parent":0,"menu_order":0,"comment_status":"closed","ping_status":"closed","template":"","meta":{"_acf_changed":false,"_monsterinsights_skip_tracking":false,"_monsterinsights_sitenote_active":false,"_monsterinsights_sitenote_note":"","_monsterinsights_sitenote_category":0,"footnotes":""},"class_list":["post-960","page","type-page","status-publish","hentry"],"acf":[],"_links":{"self":[{"href":"https:\/\/bio.ufpr.br\/ctaf\/wp-json\/wp\/v2\/pages\/960","targetHints":{"allow":["GET"]}}],"collection":[{"href":"https:\/\/bio.ufpr.br\/ctaf\/wp-json\/wp\/v2\/pages"}],"about":[{"href":"https:\/\/bio.ufpr.br\/ctaf\/wp-json\/wp\/v2\/types\/page"}],"author":[{"embeddable":true,"href":"https:\/\/bio.ufpr.br\/ctaf\/wp-json\/wp\/v2\/users\/1998"}],"replies":[{"embeddable":true,"href":"https:\/\/bio.ufpr.br\/ctaf\/wp-json\/wp\/v2\/comments?post=960"}],"version-history":[{"count":19,"href":"https:\/\/bio.ufpr.br\/ctaf\/wp-json\/wp\/v2\/pages\/960\/revisions"}],"predecessor-version":[{"id":1594,"href":"https:\/\/bio.ufpr.br\/ctaf\/wp-json\/wp\/v2\/pages\/960\/revisions\/1594"}],"wp:attachment":[{"href":"https:\/\/bio.ufpr.br\/ctaf\/wp-json\/wp\/v2\/media?parent=960"}],"curies":[{"name":"wp","href":"https:\/\/api.w.org\/{rel}","templated":true}]}}