{"id":171,"date":"2018-08-22T13:05:37","date_gmt":"2018-08-22T13:05:37","guid":{"rendered":"https:\/\/bio.ufpr.br\/educacaofisica\/?page_id=171"},"modified":"2020-07-15T19:14:58","modified_gmt":"2020-07-15T19:14:58","slug":"disciplinas","status":"publish","type":"page","link":"https:\/\/bio.ufpr.br\/educacaofisica\/disciplinas\/","title":{"rendered":"Disciplinas"},"content":{"rendered":"<p>Esta p\u00e1gina est\u00e1 em constru\u00e7\u00e3o.<\/p>\n<p>Ser\u00e3o divulgadas informa\u00e7\u00f5es sobre as disciplinas vinculadas ao Departamento de Educa\u00e7\u00e3o F\u00edsica, conforme o exemplo da tabela a seguir.<\/p>\n<table style=\"height: 34px;border-color: #000000;background-color: #e6e6e6\" width=\"696\">\n<thead>\n<tr style=\"background-color: #111182;border-color: #111182\">\n<td style=\"text-align: center\"><span style=\"color: #ffffff\"><strong>C\u00d3DIGO\u00a0<\/strong><\/span><\/td>\n<td style=\"text-align: center\"><strong>\u00a0 \u00a0 \u00a0 \u00a0 \u00a0 \u00a0 \u00a0 \u00a0 \u00a0 \u00a0 \u00a0 <span style=\"color: #ffffff\">\u00a0DISCIPLINA\u00a0 \u00a0<\/span> \u00a0 \u00a0 \u00a0 \u00a0 \u00a0 \u00a0 \u00a0 \u00a0 \u00a0 \u00a0 \u00a0 \u00a0<\/strong><\/td>\n<td style=\"text-align: center\"><span style=\"color: #ffffff\"><strong>FICHA 1<\/strong><\/span><\/td>\n<td style=\"text-align: center\"><span style=\"color: #ffffff\"><strong>FICHA 2<\/strong><\/span><\/td>\n<\/tr>\n<\/thead>\n<tbody>\n<tr style=\"border-color: #000000\">\n<td style=\"text-align: center\">BE048<\/td>\n<td style=\"text-align: center\">Introdu\u00e7\u00e3o \u00e0 Educa\u00e7\u00e3o F\u00edsica<\/td>\n<td style=\"text-align: center\"><a href=\"https:\/\/bio.ufpr.br\/educacaofisica\/wp-content\/uploads\/sites\/50\/2018\/08\/BE048-Introdu%C3%A7%C3%A3o-%C3%A0-Educa%C3%A7%C3%A3o-F%C3%ADsica.pdf\" target=\"_blank\" rel=\"attachment wp-att-468\">Ficha 1<\/a><\/td>\n<td style=\"text-align: center\"><a href=\"https:\/\/bio.ufpr.br\/educacaofisica\/wp-content\/uploads\/sites\/50\/2018\/08\/BE048-Introdu%C3%A7%C3%A3o-%C3%A0-Educa%C3%A7%C3%A3o-F%C3%ADsica-Turmas-Y-e-W-F2-2020.pdf\" target=\"_blank\" rel=\"attachment wp-att-463\">Ficha 2<\/a><\/td>\n<\/tr>\n<tr style=\"border-color: #000000;background-color: #d4d4d4\">\n<td style=\"text-align: center\">BE049<\/td>\n<td style=\"text-align: center\">Atividades R\u00edtmicas<\/td>\n<td style=\"text-align: center\"><a href=\"https:\/\/bio.ufpr.br\/educacaofisica\/wp-content\/uploads\/sites\/50\/2018\/08\/BE049-Atividades-R%C3%ADtmicas.pdf\" target=\"_blank\" rel=\"attachment wp-att-471\">Ficha 1<\/a><\/td>\n<td style=\"text-align: center\"><a href=\"https:\/\/bio.ufpr.br\/educacaofisica\/wp-content\/uploads\/sites\/50\/2018\/08\/BE049-Atividades-R%C3%ADtmicas-F2.pdf\" target=\"_blank\" rel=\"attachment wp-att-465\">Ficha 2<\/a><\/td>\n<\/tr>\n<\/tbody>\n<\/table>\n<p>Ficha 1 &#8211; Plano de ensino permanente.<\/p>\n<p>Ficha\u00a02 &#8211; Plano de ensino vari\u00e1vel.<\/p>\n","protected":false},"excerpt":{"rendered":"<p>Esta p\u00e1gina est\u00e1 em constru\u00e7\u00e3o. Ser\u00e3o divulgadas informa\u00e7\u00f5es sobre as disciplinas vinculadas ao Departamento de Educa\u00e7\u00e3o F\u00edsica, conforme o exemplo da tabela a seguir. C\u00d3DIGO\u00a0 \u00a0 \u00a0 \u00a0 \u00a0 \u00a0 \u00a0 \u00a0 \u00a0 \u00a0 \u00a0 \u00a0 \u00a0DISCIPLINA\u00a0 \u00a0 \u00a0 \u00a0 \u00a0 \u00a0 \u00a0 \u00a0 \u00a0 \u00a0 \u00a0 \u00a0 \u00a0 \u00a0 FICHA 1 FICHA 2 BE048 [&hellip;]<\/p>\n","protected":false},"author":6,"featured_media":0,"parent":0,"menu_order":0,"comment_status":"closed","ping_status":"closed","template":"","meta":{"_acf_changed":false,"_monsterinsights_skip_tracking":false,"_monsterinsights_sitenote_active":false,"_monsterinsights_sitenote_note":"","_monsterinsights_sitenote_category":0,"footnotes":""},"class_list":["post-171","page","type-page","status-publish","hentry"],"acf":[],"_links":{"self":[{"href":"https:\/\/bio.ufpr.br\/educacaofisica\/wp-json\/wp\/v2\/pages\/171","targetHints":{"allow":["GET"]}}],"collection":[{"href":"https:\/\/bio.ufpr.br\/educacaofisica\/wp-json\/wp\/v2\/pages"}],"about":[{"href":"https:\/\/bio.ufpr.br\/educacaofisica\/wp-json\/wp\/v2\/types\/page"}],"author":[{"embeddable":true,"href":"https:\/\/bio.ufpr.br\/educacaofisica\/wp-json\/wp\/v2\/users\/6"}],"replies":[{"embeddable":true,"href":"https:\/\/bio.ufpr.br\/educacaofisica\/wp-json\/wp\/v2\/comments?post=171"}],"version-history":[{"count":9,"href":"https:\/\/bio.ufpr.br\/educacaofisica\/wp-json\/wp\/v2\/pages\/171\/revisions"}],"predecessor-version":[{"id":479,"href":"https:\/\/bio.ufpr.br\/educacaofisica\/wp-json\/wp\/v2\/pages\/171\/revisions\/479"}],"wp:attachment":[{"href":"https:\/\/bio.ufpr.br\/educacaofisica\/wp-json\/wp\/v2\/media?parent=171"}],"curies":[{"name":"wp","href":"https:\/\/api.w.org\/{rel}","templated":true}]}}