{"id":204,"date":"2018-08-22T13:43:09","date_gmt":"2018-08-22T13:43:09","guid":{"rendered":"https:\/\/bio.ufpr.br\/educacaofisica\/?page_id=204"},"modified":"2026-02-11T12:21:30","modified_gmt":"2026-02-11T12:21:30","slug":"graduacao","status":"publish","type":"page","link":"https:\/\/bio.ufpr.br\/educacaofisica\/graduacao\/","title":{"rendered":"Gradua\u00e7\u00e3o"},"content":{"rendered":"<p><a style=\"color: #000000\" href=\"https:\/\/bio.ufpr.br\/cef\/\">Licenciatura em Educa\u00e7\u00e3o F\u00edsica<\/a><\/p>\n<p><a style=\"color: #000000\" href=\"https:\/\/bio.ufpr.br\/cef\/\">Bacharelado em Educa\u00e7\u00e3o F\u00edsica<\/a><\/p>\n<p><strong>TURMAS OFERTADAS:<\/strong><br \/>\n<a href=\"https:\/\/docs.google.com\/spreadsheets\/d\/1k7dk06WCS9mRCZ8Db6hvRegr4vQT-uLfto2e0FuiYoM\/edit?usp=sharing\"><strong>No 1\u00ba semestre de 2026<\/strong><\/a><\/p>\n","protected":false},"excerpt":{"rendered":"<p>Licenciatura em Educa\u00e7\u00e3o F\u00edsica Bacharelado em Educa\u00e7\u00e3o F\u00edsica TURMAS OFERTADAS: No 1\u00ba semestre de 2026<\/p>\n","protected":false},"author":6,"featured_media":0,"parent":0,"menu_order":0,"comment_status":"closed","ping_status":"closed","template":"","meta":{"_acf_changed":false,"_monsterinsights_skip_tracking":false,"_monsterinsights_sitenote_active":false,"_monsterinsights_sitenote_note":"","_monsterinsights_sitenote_category":0,"footnotes":""},"class_list":["post-204","page","type-page","status-publish","hentry"],"acf":[],"_links":{"self":[{"href":"https:\/\/bio.ufpr.br\/educacaofisica\/wp-json\/wp\/v2\/pages\/204","targetHints":{"allow":["GET"]}}],"collection":[{"href":"https:\/\/bio.ufpr.br\/educacaofisica\/wp-json\/wp\/v2\/pages"}],"about":[{"href":"https:\/\/bio.ufpr.br\/educacaofisica\/wp-json\/wp\/v2\/types\/page"}],"author":[{"embeddable":true,"href":"https:\/\/bio.ufpr.br\/educacaofisica\/wp-json\/wp\/v2\/users\/6"}],"replies":[{"embeddable":true,"href":"https:\/\/bio.ufpr.br\/educacaofisica\/wp-json\/wp\/v2\/comments?post=204"}],"version-history":[{"count":10,"href":"https:\/\/bio.ufpr.br\/educacaofisica\/wp-json\/wp\/v2\/pages\/204\/revisions"}],"predecessor-version":[{"id":1587,"href":"https:\/\/bio.ufpr.br\/educacaofisica\/wp-json\/wp\/v2\/pages\/204\/revisions\/1587"}],"wp:attachment":[{"href":"https:\/\/bio.ufpr.br\/educacaofisica\/wp-json\/wp\/v2\/media?parent=204"}],"curies":[{"name":"wp","href":"https:\/\/api.w.org\/{rel}","templated":true}]}}