{"id":207,"date":"2018-08-22T13:44:17","date_gmt":"2018-08-22T13:44:17","guid":{"rendered":"https:\/\/bio.ufpr.br\/educacaofisica\/?page_id=207"},"modified":"2022-10-03T13:53:21","modified_gmt":"2022-10-03T13:53:21","slug":"pos-graduacao","status":"publish","type":"page","link":"https:\/\/bio.ufpr.br\/educacaofisica\/pos-graduacao\/","title":{"rendered":"P\u00f3s-Gradua\u00e7\u00e3o"},"content":{"rendered":"<p><span style=\"text-decoration: underline;color: #000000\"><strong>Mestrado e Doutorado (<em>Stricto Sensu<\/em>)<\/strong><\/span><\/p>\n<p><span style=\"color: #000000\"><a style=\"color: #000000\" href=\"http:\/\/www.pgedf.ufpr.br\/\">Programa de P\u00f3s-Gradua\u00e7\u00e3o em Educa\u00e7\u00e3o F\u00edsica<\/a>\u00a0<\/span><\/p>\n<p>&nbsp;<\/p>\n<p><span style=\"text-decoration: underline;color: #000000\"><strong>Especializa\u00e7\u00e3o (<em>Lato Sensu)<\/em><\/strong><\/span><\/p>\n<ul>\n<li>\n<h3><a href=\"https:\/\/tinyurl.com\/fitnessufpr\"><span style=\"color: #ff0000\"><strong>LAN\u00c7AM<\/strong><\/span><span style=\"color: #ff0000\"><strong>ENTO TURMA 2023\u00a0<\/strong><\/span><span style=\"color: #ff0000\"><strong><span style=\"color: #000000\">&#8211; Especializa\u00e7\u00e3o em Condicionamento F\u00edsico e Treinamento Funcional<\/span><\/strong><\/span>\u00a0&#8211; PROGRAMA COMPLETO DO CURSO &#8211; CLIQUE AQUI<\/a><\/h3>\n<\/li>\n<\/ul>\n<p>Aprenda metodologia e gest\u00e3o de programas de condicionamento f\u00edsico e treinamento funcional com pesquisadores e treinadores de refer\u00eancia.<br \/>\nO curso possui tr\u00eas pilares fundamentos conceituais, m\u00e9todos<br \/>\nA experi\u00eancia de aprendizado dos estudantes de especializa\u00e7\u00e3o est\u00e1 no centro desses pilares:<br \/>\n&#8211; Aulas online um fim de semana a cada 2 meses: fundamentos conceituais aplicados a situa\u00e7\u00f5es de trabalho;<br \/>\n&#8211; Aulas pr\u00e1ticas em camps de imers\u00e3o na UFPR e no\u00a0<a class=\"qi72231t nu7423ey n3hqoq4p r86q59rh b3qcqh3k fq87ekyn bdao358l fsf7x5fv rse6dlih s5oniofx m8h3af8h l7ghb35v kjdc1dyq kmwttqpk srn514ro oxkhqvkx rl78xhln nch0832m cr00lzj9 rn8ck1ys s3jn8y49 icdlwmnq notranslate _a6hd\" href=\"https:\/\/www.instagram.com\/rancho_mc\/\">@rancho_mc<\/a>\u00a0e centro de treinamento\u00a0<a class=\"qi72231t nu7423ey n3hqoq4p r86q59rh b3qcqh3k fq87ekyn bdao358l fsf7x5fv rse6dlih s5oniofx m8h3af8h l7ghb35v kjdc1dyq kmwttqpk srn514ro oxkhqvkx rl78xhln nch0832m cr00lzj9 rn8ck1ys s3jn8y49 icdlwmnq notranslate _a6hd\" href=\"https:\/\/www.instagram.com\/circocan\/\">@circocan<\/a>\u00a0;<br \/>\n&#8211; TCC em formato de projeto de atua\u00e7\u00e3o no contexto de atua\u00e7\u00e3o do estudantes, para inovar e gerar valor;<\/p>\n<p>Inscri\u00e7\u00f5es abertas: Turma 2023<br \/>\nVagas limitadas.<\/p>\n<p>Coordenador: Prof. Dr. Bruno Tucunduva<\/p>\n<p>Contato: inovacaofitness@ufpr.br \/ <a href=\"https:\/\/www.instagram.com\/inovacaoef.ufpr\/\">Instagram: @inovacaoef.ufpr<\/a><\/p>\n<p>&nbsp;<\/p>\n<ul>\n<li><strong>Fisiologia do Exerc\u00edcio<\/strong><\/li>\n<\/ul>\n<p>Coordenador: Prof. Dr.Wagner de Campos<\/p>\n<p>Contato: <span style=\"color: #000000\"><a style=\"color: #000000\" href=\"mailto:wagner@ufpr.br\">wagner@ufpr.br<\/a>\u00a0<\/span>\/\u00a0\u00a0Facebook:\u00a0 Fisioex &#8211; UFPR<\/p>\n<ul>\n<li><a href=\"https:\/\/bio.ufpr.br\/educacaofisica\/noticias\/preparacao-fisica-nos-esportes-conheca-este-curso-de-especializacao\/\"><strong>Prepara\u00e7\u00e3o F\u00edsica nos Esportes &#8211; Conhe\u00e7a o curso<\/strong><\/a><\/li>\n<\/ul>\n<p>Coordenador: Prof. Dr. Julimar Luiz Pereira<\/p>\n<p>Contato: <span style=\"color: #000000\"><a style=\"color: #000000\" href=\"mailto:julimarpereira@ufpr.br\">julimarpereira@ufpr.br<\/a>\u00a0\/\u00a0<\/span>Facebook:\u00a0 Especializa\u00e7\u00e3o em Prepara\u00e7\u00e3o F\u00edsica nos Esportes &#8211; \u00a0UFPR<\/p>\n<ul>\n<li><strong>Treinamento de Hipertrofia e For\u00e7a<\/strong><\/li>\n<\/ul>\n<p>Coordenador: \u00a0Prof. Dr. T\u00e1cito Pessoa de Souza J\u00fanior<\/p>\n<p>Contato:<span style=\"color: #000000\"> <a style=\"color: #000000\" href=\"mailto:tacitojr@ufpr.br\">tacitojr@ufpr.br<\/a>\u00a0\/<\/span>\u00a0\u00a0 Facebook: Especializa\u00e7\u00e3o em Treinamento de For\u00e7a e Hipertrofia &#8211; UFPR<\/p>\n","protected":false},"excerpt":{"rendered":"<p>Mestrado e Doutorado (Stricto Sensu) Programa de P\u00f3s-Gradua\u00e7\u00e3o em Educa\u00e7\u00e3o F\u00edsica\u00a0 &nbsp; Especializa\u00e7\u00e3o (Lato Sensu) LAN\u00c7AMENTO TURMA 2023\u00a0&#8211; Especializa\u00e7\u00e3o em Condicionamento F\u00edsico e Treinamento Funcional\u00a0&#8211; PROGRAMA COMPLETO DO CURSO &#8211; CLIQUE AQUI Aprenda metodologia e gest\u00e3o de programas de condicionamento f\u00edsico e treinamento funcional com pesquisadores e treinadores de refer\u00eancia. O curso possui tr\u00eas pilares [&hellip;]<\/p>\n","protected":false},"author":6,"featured_media":0,"parent":0,"menu_order":0,"comment_status":"closed","ping_status":"closed","template":"","meta":{"_acf_changed":false,"_monsterinsights_skip_tracking":false,"_monsterinsights_sitenote_active":false,"_monsterinsights_sitenote_note":"","_monsterinsights_sitenote_category":0,"footnotes":""},"class_list":["post-207","page","type-page","status-publish","hentry"],"acf":[],"_links":{"self":[{"href":"https:\/\/bio.ufpr.br\/educacaofisica\/wp-json\/wp\/v2\/pages\/207","targetHints":{"allow":["GET"]}}],"collection":[{"href":"https:\/\/bio.ufpr.br\/educacaofisica\/wp-json\/wp\/v2\/pages"}],"about":[{"href":"https:\/\/bio.ufpr.br\/educacaofisica\/wp-json\/wp\/v2\/types\/page"}],"author":[{"embeddable":true,"href":"https:\/\/bio.ufpr.br\/educacaofisica\/wp-json\/wp\/v2\/users\/6"}],"replies":[{"embeddable":true,"href":"https:\/\/bio.ufpr.br\/educacaofisica\/wp-json\/wp\/v2\/comments?post=207"}],"version-history":[{"count":10,"href":"https:\/\/bio.ufpr.br\/educacaofisica\/wp-json\/wp\/v2\/pages\/207\/revisions"}],"predecessor-version":[{"id":819,"href":"https:\/\/bio.ufpr.br\/educacaofisica\/wp-json\/wp\/v2\/pages\/207\/revisions\/819"}],"wp:attachment":[{"href":"https:\/\/bio.ufpr.br\/educacaofisica\/wp-json\/wp\/v2\/media?parent=207"}],"curies":[{"name":"wp","href":"https:\/\/api.w.org\/{rel}","templated":true}]}}