{"id":222,"date":"2018-08-22T13:55:16","date_gmt":"2018-08-22T13:55:16","guid":{"rendered":"https:\/\/bio.ufpr.br\/educacaofisica\/?page_id=222"},"modified":"2025-12-16T15:02:46","modified_gmt":"2025-12-16T15:02:46","slug":"projetos","status":"publish","type":"page","link":"https:\/\/bio.ufpr.br\/educacaofisica\/projetos\/","title":{"rendered":"Projetos"},"content":{"rendered":"<p><strong>\u00a0A Promo\u00e7\u00e3o da sa\u00fade e qualidade de vida de crian\u00e7as que praticam gin\u00e1stica<\/strong><\/p>\n<p>Coordena\u00e7\u00e3o: Profa. Dra. Maria Gisele dos Santos<\/p>\n<p>Contato: <a href=\"mailto:mariagisele@ufpr.br\">mariagisele@ufpr.br<\/a><\/p>\n<table width=\"944\">\n<tbody>\n<tr>\n<td width=\"944\">\n<p><strong>Artes Circenses e Gin\u00e1sticas como possibilidade para forma\u00e7\u00e3o de professores na UFPR (2\u02da Etapa)<\/strong><\/p>\n<p>Coordena\u00e7\u00e3o: Profa. Dra. Let\u00edcia Bartholomeu de Queiroz Lima<\/p>\n<p>Contato: <a href=\"mailto:leticia.queiroz@ufpr.br\">leticia.queiroz@ufpr.br<\/a><\/td>\n<\/tr>\n<tr>\n<td width=\"944\">\n<p><strong>AtivaMente<\/strong><\/p>\n<p>Coordena\u00e7\u00e3o: Profa. Dra. Angelica Miki Stein<\/p>\n<p>Contato: <a href=\"mailto:angelicastein@ufpr.br\">angelicastein@ufpr.br<\/a><\/td>\n<\/tr>\n<tr>\n<td width=\"944\">\n<p><strong>Avalia\u00e7\u00e3o e treinamento de corredores<\/strong><\/p>\n<p>Coordena\u00e7\u00e3o: Prof. Dr. S\u00e9rgio Greg\u00f3rio da Silva<\/p>\n<p>Contato: <a href=\"mailto:sergiogregorio@ufpr.br\">sergiogregorio@ufpr.br<\/a><\/td>\n<\/tr>\n<tr>\n<td width=\"944\">\n<p><strong>Centro de Mem\u00f3ria do Departamento de Educa\u00e7\u00e3o F\u00edsica da UFPR: preservando a mem\u00f3ria e narrando hist\u00f3rias<\/strong><\/p>\n<p>Coordena\u00e7\u00e3o: Profa. Dra. Vera Luiza Moro<\/p>\n<p>Contato: <a href=\"mailto:vlmoro@ufpr.br\">vlmoro@ufpr.br<\/a><\/td>\n<\/tr>\n<tr>\n<td width=\"944\">\n<p><strong>Coletivo STIM &#8211; O movimento autista na UFPR<\/strong><\/p>\n<p>Coordena\u00e7\u00e3o: Profa. Dra. Adriana In\u00eas de Paula<\/p>\n<p>Contato: <a href=\"mailto:adrianaines@ufpr.br\">adrianaines@ufpr.br<\/a><\/td>\n<\/tr>\n<tr>\n<td width=\"944\">\n<p><strong>Dan\u00e7as urbanas na UFPR<\/strong><\/p>\n<p>Coordena\u00e7\u00e3o: Profa. Dra. Soraya Correa Domingues<\/p>\n<p>Contato: <a href=\"mailto:correadomingues@ufpr.br\">correadomingues@ufpr.br<\/a><\/td>\n<\/tr>\n<tr>\n<td width=\"944\">\n<p><strong>Ecogym: Encantando com a Gin\u00e1stica<\/strong><\/p>\n<p>Coordena\u00e7\u00e3o: Profa. Dra. Let\u00edcia Bartholomeu de Queiroz Lima<\/p>\n<p>Contato: <a href=\"mailto:leticia.queiroz@ufpr.br\">leticia.queiroz@ufpr.br<\/a><\/td>\n<\/tr>\n<tr>\n<td width=\"944\">\n<p><strong>EnvelheSendo: ressignificando as pr\u00e1ticas corporais e atividades f\u00edsicas voltadas aos idosos (2025-2030)<\/strong><\/p>\n<p>Coordena\u00e7\u00e3o: Profa. Dra. Luc\u00e9lia Justino Borges<\/p>\n<p>Contato: <a href=\"mailto:lucelia.borges@ufpr.br\">lucelia.borges@ufpr.br<\/a><\/p>\n<p>projetoenvelhesendo@gmail.com\/www.facebook.com\/projetoenvelhesendo\/<\/td>\n<\/tr>\n<tr>\n<td width=\"944\">\n<p><strong>FutDelas UFPR: um ambiente de aprendizado integrado para a sa\u00fade das crian\u00e7as e inclus\u00e3o social<\/strong><\/p>\n<p>Coordena\u00e7\u00e3o: Prof. Dr. Paulo Cesar Barauce Bento<\/p>\n<p>Contato: <a href=\"mailto:paulobento@ufpr.br\">paulobento@ufpr.br<\/a><\/td>\n<\/tr>\n<tr>\n<td width=\"944\">\n<p><strong>GymCorpo &#8211; Gin\u00e1stica para Todos UFPR<\/strong><\/p>\n<p>Coordena\u00e7\u00e3o: Profa. Dra. Let\u00edcia Bartholomeu de Queiroz Lima<\/p>\n<p>Contato: <a href=\"mailto:leticia.queiroz@ufpr.br\">leticia.queiroz@ufpr.br<\/a><\/td>\n<\/tr>\n<tr>\n<td width=\"944\">\n<p><strong>Lazer, Educa\u00e7\u00e3o e Sa\u00fade<\/strong><\/p>\n<p>Coordena\u00e7\u00e3o: Profa Dra Cinthia Lopes da Silva<\/p>\n<p>Contato: <a href=\"mailto:cinthialopes@ufpr.br\">cinthialopes@ufpr.br<\/a><\/td>\n<\/tr>\n<tr>\n<td width=\"944\">\n<p><strong>PROAFA-Projeto de Atividade F\u00edsica Adaptada<\/strong><\/p>\n<p>Coordena\u00e7\u00e3o: Profa Dra Adriana In\u00eas de Paula<\/p>\n<p>Contato: <a href=\"mailto:adrianaines@ufpr.br\">adrianaines@ufpr.br<\/a><\/td>\n<\/tr>\n<tr>\n<td width=\"944\">\n<p><strong>Processos criativos e expressivos do corpo na dimens\u00e3o ambiental<\/strong><\/p>\n<p>Coordena\u00e7\u00e3o: Profa. Dra. Soraya Correa Domingues<\/p>\n<p>Contato: <a href=\"mailto:correadomingues@ufpr.br\">correadomingues@ufpr.br<\/a><\/td>\n<\/tr>\n<tr>\n<td width=\"944\">\n<p><strong>Pr\u00e1ticas corporais integrativas no \u00e2mbito do lazer<\/strong><\/p>\n<p>Coordena\u00e7\u00e3o: Profa. Dra. Cinthia Lopes da Silva<\/p>\n<p>Contato: <a href=\"mailto:cinthialopes@ufpr.br\">cinthialopes@ufpr.br<\/a><\/td>\n<\/tr>\n<tr>\n<td width=\"944\">\n<p><strong>Sa\u00fade em Movimento: a\u00e7\u00f5es integradas de educa\u00e7\u00e3o em sa\u00fade e promo\u00e7\u00e3o da atividade f\u00edsica para pessoas idosas<\/strong><\/p>\n<p>Coordena\u00e7\u00e3o: Prof. Dr. Paulo Cesar Barauce Bento<\/p>\n<p>Contato: <a href=\"mailto:paulobento@ufpr.br\">paulobento@ufpr.br<\/a><\/td>\n<\/tr>\n<tr>\n<td width=\"944\">\n<p><strong>Sem Fronteiras: atividades corporais para pessoas adultas maduras e idosas &#8211; 4\u00aa vers\u00e3o<\/strong><\/p>\n<p>Coordena\u00e7\u00e3o: Profa. Dra. Rosecler Vendruscolo<\/p>\n<p>Contato: <a href=\"mailto:roven@ufpr.br\">roven@ufpr.br<\/a><\/p>\n<p>www.facebook.com\/SemFronteirasUFPR\/<\/td>\n<\/tr>\n<tr>\n<td width=\"944\">\n<p><strong>Skate Educa: UFPR sobre rodas<\/strong><\/p>\n<p>Coordena\u00e7\u00e3o: Profa. Dra. Adriana In\u00eas de Paula<\/p>\n<p>Contato: <a href=\"mailto:adrianaines@ufpr.br\">adrianaines@ufpr.br<\/a><\/td>\n<\/tr>\n<tr>\n<td width=\"944\">\n<p><strong>Treinamento para atletas de atletismo em n\u00edvel de competitividade desde a categoria Juvenil at\u00e9 Master<\/strong><\/p>\n<p>Coordena\u00e7\u00e3o: Prof. Dr. Vidal Pal\u00e1cios Calder\u00f3n<\/p>\n<p>Contato: <a href=\"mailto:palacios@ufpr.br\">palacios@ufpr.br<\/a><\/td>\n<\/tr>\n<\/tbody>\n<\/table>\n<p>&nbsp;<\/p>\n<p><strong>Avalia\u00e7\u00e3o do Atleta de Alto Rendimento<\/strong><\/p>\n<p>Coordenador: Prof. Dr. Julimar Luiz Pereira<\/p>\n<p>Con<span style=\"color: #000000\">tato:\u00a0<a style=\"color: #000000\" href=\"mailto:julimarpereira@ufpr.br\">julimarpereira@ufpr.br<\/a><\/span><\/p>\n<p>&nbsp;<\/p>\n<p><strong>Cirthesis &#8211; Companhia de Circo da UFPR<\/strong><\/p>\n<p>Coordenador: Prof. Dr.\u00a0Bruno Barth Pinto Tucunduva<\/p>\n<p>Contato: www.facebook.com\/circoufpr\/<\/p>\n","protected":false},"excerpt":{"rendered":"<p>\u00a0A Promo\u00e7\u00e3o da sa\u00fade e qualidade de vida de crian\u00e7as que praticam gin\u00e1stica Coordena\u00e7\u00e3o: Profa. Dra. Maria Gisele dos Santos Contato: mariagisele@ufpr.br Artes Circenses e Gin\u00e1sticas como possibilidade para forma\u00e7\u00e3o de professores na UFPR (2\u02da Etapa) Coordena\u00e7\u00e3o: Profa. Dra. Let\u00edcia Bartholomeu de Queiroz Lima Contato: leticia.queiroz@ufpr.br AtivaMente Coordena\u00e7\u00e3o: Profa. Dra. Angelica Miki Stein Contato: angelicastein@ufpr.br [&hellip;]<\/p>\n","protected":false},"author":6,"featured_media":0,"parent":0,"menu_order":0,"comment_status":"closed","ping_status":"closed","template":"","meta":{"_acf_changed":false,"_monsterinsights_skip_tracking":false,"_monsterinsights_sitenote_active":false,"_monsterinsights_sitenote_note":"","_monsterinsights_sitenote_category":0,"footnotes":""},"class_list":["post-222","page","type-page","status-publish","hentry"],"acf":[],"_links":{"self":[{"href":"https:\/\/bio.ufpr.br\/educacaofisica\/wp-json\/wp\/v2\/pages\/222","targetHints":{"allow":["GET"]}}],"collection":[{"href":"https:\/\/bio.ufpr.br\/educacaofisica\/wp-json\/wp\/v2\/pages"}],"about":[{"href":"https:\/\/bio.ufpr.br\/educacaofisica\/wp-json\/wp\/v2\/types\/page"}],"author":[{"embeddable":true,"href":"https:\/\/bio.ufpr.br\/educacaofisica\/wp-json\/wp\/v2\/users\/6"}],"replies":[{"embeddable":true,"href":"https:\/\/bio.ufpr.br\/educacaofisica\/wp-json\/wp\/v2\/comments?post=222"}],"version-history":[{"count":8,"href":"https:\/\/bio.ufpr.br\/educacaofisica\/wp-json\/wp\/v2\/pages\/222\/revisions"}],"predecessor-version":[{"id":1513,"href":"https:\/\/bio.ufpr.br\/educacaofisica\/wp-json\/wp\/v2\/pages\/222\/revisions\/1513"}],"wp:attachment":[{"href":"https:\/\/bio.ufpr.br\/educacaofisica\/wp-json\/wp\/v2\/media?parent=222"}],"curies":[{"name":"wp","href":"https:\/\/api.w.org\/{rel}","templated":true}]}}