{"id":226,"date":"2018-08-22T13:56:15","date_gmt":"2018-08-22T13:56:15","guid":{"rendered":"https:\/\/bio.ufpr.br\/educacaofisica\/?page_id=226"},"modified":"2021-09-13T20:54:04","modified_gmt":"2021-09-13T20:54:04","slug":"cursos","status":"publish","type":"page","link":"https:\/\/bio.ufpr.br\/educacaofisica\/cursos\/","title":{"rendered":"Cursos"},"content":{"rendered":"<h2>PROJETO DE EXTENS\u00c3O\u00a0DA P\u00d3S-GRADUA\u00c7\u00c3O LATO SENSU EM FITNESS PARA SA\u00daDE E RENDIMENTO\u00a0\u2013 UFPR<\/h2>\n<h3><a href=\"https:\/\/bio.ufpr.br\/educacaofisica\/cursos\/geracao-de-valor-em-fitness-ef-rentavel\/\">Gera\u00e7\u00e3o de Valor em Fitness \u2013 EF Rent\u00e1vel<\/a><\/h3>\n","protected":false},"excerpt":{"rendered":"<p>PROJETO DE EXTENS\u00c3O\u00a0DA P\u00d3S-GRADUA\u00c7\u00c3O LATO SENSU EM FITNESS PARA SA\u00daDE E RENDIMENTO\u00a0\u2013 UFPR Gera\u00e7\u00e3o de Valor em Fitness \u2013 EF Rent\u00e1vel<\/p>\n","protected":false},"author":6,"featured_media":0,"parent":0,"menu_order":0,"comment_status":"closed","ping_status":"closed","template":"","meta":{"_acf_changed":false,"_monsterinsights_skip_tracking":false,"_monsterinsights_sitenote_active":false,"_monsterinsights_sitenote_note":"","_monsterinsights_sitenote_category":0,"footnotes":""},"class_list":["post-226","page","type-page","status-publish","hentry"],"acf":[],"_links":{"self":[{"href":"https:\/\/bio.ufpr.br\/educacaofisica\/wp-json\/wp\/v2\/pages\/226","targetHints":{"allow":["GET"]}}],"collection":[{"href":"https:\/\/bio.ufpr.br\/educacaofisica\/wp-json\/wp\/v2\/pages"}],"about":[{"href":"https:\/\/bio.ufpr.br\/educacaofisica\/wp-json\/wp\/v2\/types\/page"}],"author":[{"embeddable":true,"href":"https:\/\/bio.ufpr.br\/educacaofisica\/wp-json\/wp\/v2\/users\/6"}],"replies":[{"embeddable":true,"href":"https:\/\/bio.ufpr.br\/educacaofisica\/wp-json\/wp\/v2\/comments?post=226"}],"version-history":[{"count":2,"href":"https:\/\/bio.ufpr.br\/educacaofisica\/wp-json\/wp\/v2\/pages\/226\/revisions"}],"predecessor-version":[{"id":987,"href":"https:\/\/bio.ufpr.br\/educacaofisica\/wp-json\/wp\/v2\/pages\/226\/revisions\/987"}],"wp:attachment":[{"href":"https:\/\/bio.ufpr.br\/educacaofisica\/wp-json\/wp\/v2\/media?parent=226"}],"curies":[{"name":"wp","href":"https:\/\/api.w.org\/{rel}","templated":true}]}}