{"id":513,"date":"2021-03-04T14:41:22","date_gmt":"2021-03-04T14:41:22","guid":{"rendered":"https:\/\/bio.ufpr.br\/educacaofisica\/?page_id=513"},"modified":"2021-03-04T15:25:35","modified_gmt":"2021-03-04T15:25:35","slug":"teste-seletivo-33119","status":"publish","type":"page","link":"https:\/\/bio.ufpr.br\/educacaofisica\/concursos-e-testes-seletivos\/anteriores\/teste-seletivo-33119\/","title":{"rendered":"Teste Seletivo &#8211; Edital n.\u00ba 331\/19 \u2013 PROGEPE \/ UFPR"},"content":{"rendered":"<p>Mat\u00e9ria Espec\u00edfica: <strong>Educa\u00e7\u00e3o F\u00edsica Escolar<\/strong><\/p>\n<p>Inscri\u00e7\u00f5es: <strong>12 a 16 de agosto de 2019<\/strong><\/p>\n<p>Edital de abertura: <a href=\"https:\/\/bio.ufpr.br\/educacaofisica\/wp-content\/uploads\/sites\/50\/2021\/03\/edital331-19.pdf\" target=\"_blank\">331-19 &#8211; PROGEPE<\/a><\/p>\n<p>&nbsp;<\/p>\n<p><span style=\"color: #ff00ff\"><strong>Editais de Realiza\u00e7\u00e3o<\/strong><\/span><\/p>\n<p><a href=\"https:\/\/bio.ufpr.br\/educacaofisica\/wp-content\/uploads\/sites\/50\/2018\/08\/Edital-n\u00ba01-2019.pdf\">Edital n\u00ba 01-2019 <\/a><a href=\"https:\/\/bio.ufpr.br\/educacaofisica\/wp-content\/uploads\/sites\/50\/2018\/08\/Edital-n\u00ba01-2019.pdf\">\u00a0&#8211; DED<\/a><a href=\"https:\/\/bio.ufpr.br\/educacaofisica\/wp-content\/uploads\/sites\/50\/2018\/08\/Edital-n\u00ba01-2019.pdf\">FIS<\/a><\/p>\n<p><a href=\"https:\/\/bio.ufpr.br\/educacaofisica\/wp-content\/uploads\/sites\/50\/2018\/08\/Edital-n\u00ba02-2019.pdf\">Edital n\u00ba 02-2019 &#8211; <\/a><a href=\"https:\/\/bio.ufpr.br\/educacaofisica\/wp-content\/uploads\/sites\/50\/2018\/08\/Edital-n\u00ba01-2019.pdf\">DED<\/a><a href=\"https:\/\/bio.ufpr.br\/educacaofisica\/wp-content\/uploads\/sites\/50\/2018\/08\/Edital-n\u00ba02-2019.pdf\">FIS<\/a><\/p>\n<p><a href=\"https:\/\/bio.ufpr.br\/educacaofisica\/wp-content\/uploads\/sites\/50\/2018\/08\/Edital-n\u00ba03-2019.pdf\">Edital n\u00ba 03-2019 <\/a><a href=\"https:\/\/bio.ufpr.br\/educacaofisica\/wp-content\/uploads\/sites\/50\/2018\/08\/Edital-n\u00ba01-2019.pdf\">\u00a0&#8211; DED<\/a><a href=\"https:\/\/bio.ufpr.br\/educacaofisica\/wp-content\/uploads\/sites\/50\/2018\/08\/Edital-n\u00ba03-2019.pdf\">FIS<\/a><\/p>\n<p><a href=\"https:\/\/bio.ufpr.br\/educacaofisica\/wp-content\/uploads\/sites\/50\/2018\/08\/Edital-n\u00ba04-2019.pdf\">Edital n\u00ba 04-2019 <\/a><a href=\"https:\/\/bio.ufpr.br\/educacaofisica\/wp-content\/uploads\/sites\/50\/2018\/08\/Edital-n\u00ba01-2019.pdf\">\u00a0&#8211; DED<\/a><a href=\"https:\/\/bio.ufpr.br\/educacaofisica\/wp-content\/uploads\/sites\/50\/2018\/08\/Edital-n\u00ba04-2019.pdf\">FIS<\/a><\/p>\n<p><a href=\"https:\/\/bio.ufpr.br\/educacaofisica\/wp-content\/uploads\/sites\/50\/2018\/08\/Edital-n\u00ba05-2019.pdf\">Edital n\u00ba 05-2019 <\/a><a href=\"https:\/\/bio.ufpr.br\/educacaofisica\/wp-content\/uploads\/sites\/50\/2018\/08\/Edital-n\u00ba01-2019.pdf\">\u00a0&#8211; DED<\/a><a href=\"https:\/\/bio.ufpr.br\/educacaofisica\/wp-content\/uploads\/sites\/50\/2018\/08\/Edital-n\u00ba05-2019.pdf\">FIS<\/a><\/p>\n<p><a href=\"https:\/\/bio.ufpr.br\/educacaofisica\/wp-content\/uploads\/sites\/50\/2018\/08\/Edital-n\u00ba06-2019.pdf\">Edital n\u00ba 06-2019 <\/a><a href=\"https:\/\/bio.ufpr.br\/educacaofisica\/wp-content\/uploads\/sites\/50\/2018\/08\/Edital-n\u00ba01-2019.pdf\">\u00a0&#8211; DED<\/a><a href=\"https:\/\/bio.ufpr.br\/educacaofisica\/wp-content\/uploads\/sites\/50\/2018\/08\/Edital-n\u00ba06-2019.pdf\">FIS<\/a><\/p>\n","protected":false},"excerpt":{"rendered":"<p>Mat\u00e9ria Espec\u00edfica: Educa\u00e7\u00e3o F\u00edsica Escolar Inscri\u00e7\u00f5es: 12 a 16 de agosto de 2019 Edital de abertura: 331-19 &#8211; PROGEPE &nbsp; Editais de Realiza\u00e7\u00e3o Edital n\u00ba 01-2019 \u00a0&#8211; DEDFIS Edital n\u00ba 02-2019 &#8211; DEDFIS Edital n\u00ba 03-2019 \u00a0&#8211; DEDFIS Edital n\u00ba 04-2019 \u00a0&#8211; DEDFIS Edital n\u00ba 05-2019 \u00a0&#8211; DEDFIS Edital n\u00ba 06-2019 \u00a0&#8211; DEDFIS<\/p>\n","protected":false},"author":2011,"featured_media":0,"parent":498,"menu_order":0,"comment_status":"closed","ping_status":"closed","template":"","meta":{"_acf_changed":false,"_monsterinsights_skip_tracking":false,"_monsterinsights_sitenote_active":false,"_monsterinsights_sitenote_note":"","_monsterinsights_sitenote_category":0,"footnotes":""},"class_list":["post-513","page","type-page","status-publish","hentry"],"acf":[],"_links":{"self":[{"href":"https:\/\/bio.ufpr.br\/educacaofisica\/wp-json\/wp\/v2\/pages\/513","targetHints":{"allow":["GET"]}}],"collection":[{"href":"https:\/\/bio.ufpr.br\/educacaofisica\/wp-json\/wp\/v2\/pages"}],"about":[{"href":"https:\/\/bio.ufpr.br\/educacaofisica\/wp-json\/wp\/v2\/types\/page"}],"author":[{"embeddable":true,"href":"https:\/\/bio.ufpr.br\/educacaofisica\/wp-json\/wp\/v2\/users\/2011"}],"replies":[{"embeddable":true,"href":"https:\/\/bio.ufpr.br\/educacaofisica\/wp-json\/wp\/v2\/comments?post=513"}],"version-history":[{"count":7,"href":"https:\/\/bio.ufpr.br\/educacaofisica\/wp-json\/wp\/v2\/pages\/513\/revisions"}],"predecessor-version":[{"id":573,"href":"https:\/\/bio.ufpr.br\/educacaofisica\/wp-json\/wp\/v2\/pages\/513\/revisions\/573"}],"up":[{"embeddable":true,"href":"https:\/\/bio.ufpr.br\/educacaofisica\/wp-json\/wp\/v2\/pages\/498"}],"wp:attachment":[{"href":"https:\/\/bio.ufpr.br\/educacaofisica\/wp-json\/wp\/v2\/media?parent=513"}],"curies":[{"name":"wp","href":"https:\/\/api.w.org\/{rel}","templated":true}]}}