{"id":600,"date":"2021-03-04T15:37:55","date_gmt":"2021-03-04T15:37:55","guid":{"rendered":"https:\/\/bio.ufpr.br\/educacaofisica\/?page_id=600"},"modified":"2021-05-28T02:27:50","modified_gmt":"2021-05-28T02:27:50","slug":"442021-2","status":"publish","type":"page","link":"https:\/\/bio.ufpr.br\/educacaofisica\/concursos-e-testes-seletivos\/anteriores\/442021-2\/","title":{"rendered":"Teste Seletivo &#8211; Edital n.\u00ba 44\/2021 \u2013 PROGEPE \/ UFPR"},"content":{"rendered":"<p>Mat\u00e9ria Espec\u00edfica: <strong>Esportes Coletivos (Futebol), Esportes Individuais (Atletismo) e Est\u00e1gio<\/strong><\/p>\n<p>Inscri\u00e7\u00f5es:\u00a0<strong>11\/02\/2021 at\u00e9 26\/02\/2021<\/strong><\/p>\n<p>Edital de abertura: <a href=\"https:\/\/bio.ufpr.br\/educacaofisica\/wp-content\/uploads\/sites\/50\/2021\/03\/edital044-21.pdf\" target=\"_blank\">44-2021 &#8211; PROGEPE<\/a><\/p>\n<p>&nbsp;<\/p>\n<p><span style=\"color: #ff00ff\"><strong>Editais de Realiza\u00e7\u00e3o<\/strong><\/span><\/p>\n<p><a href=\"https:\/\/bio.ufpr.br\/educacaofisica\/wp-content\/uploads\/sites\/50\/2021\/03\/Edital-01-0442021.pdf\" target=\"_blank\">Edital 01-044\/2021 &#8211; DEDFIS<\/a><\/p>\n<p><a href=\"https:\/\/bio.ufpr.br\/educacaofisica\/wp-content\/uploads\/sites\/50\/2021\/03\/Edital-02-0442021.pdf\" target=\"_blank\">Edital 02-044\/2021 &#8211; DEDFIS<\/a><\/p>\n<p><a href=\"https:\/\/bio.ufpr.br\/educacaofisica\/wp-content\/uploads\/sites\/50\/2021\/03\/Edital-03-0442021.pdf\" target=\"_blank\">Edital 03-044\/2021 &#8211; DEDFIS<\/a><\/p>\n<p><a href=\"https:\/\/bio.ufpr.br\/educacaofisica\/wp-content\/uploads\/sites\/50\/2021\/03\/Edital-04-0442021.pdf\" target=\"_blank\">Edital 04-044\/2021 &#8211; DEDFIS<\/a><\/p>\n<p><a href=\"https:\/\/bio.ufpr.br\/educacaofisica\/wp-content\/uploads\/sites\/50\/2021\/03\/Edital-05-0442021.pdf\" target=\"_blank\">Edital 05-044\/2021 &#8211; DEDFIS<\/a><\/p>\n<p><a href=\"https:\/\/bio.ufpr.br\/educacaofisica\/wp-content\/uploads\/sites\/50\/2021\/03\/Edital-06-0442021.pdf\" target=\"_blank\">Edital 06-044\/2021 &#8211; DEDFIS<\/a><\/p>\n","protected":false},"excerpt":{"rendered":"<p>Mat\u00e9ria Espec\u00edfica: Esportes Coletivos (Futebol), Esportes Individuais (Atletismo) e Est\u00e1gio Inscri\u00e7\u00f5es:\u00a011\/02\/2021 at\u00e9 26\/02\/2021 Edital de abertura: 44-2021 &#8211; PROGEPE &nbsp; Editais de Realiza\u00e7\u00e3o Edital 01-044\/2021 &#8211; DEDFIS Edital 02-044\/2021 &#8211; DEDFIS Edital 03-044\/2021 &#8211; DEDFIS Edital 04-044\/2021 &#8211; DEDFIS Edital 05-044\/2021 &#8211; DEDFIS Edital 06-044\/2021 &#8211; DEDFIS<\/p>\n","protected":false},"author":2011,"featured_media":0,"parent":498,"menu_order":0,"comment_status":"closed","ping_status":"closed","template":"","meta":{"_acf_changed":false,"_monsterinsights_skip_tracking":false,"_monsterinsights_sitenote_active":false,"_monsterinsights_sitenote_note":"","_monsterinsights_sitenote_category":0,"footnotes":""},"class_list":["post-600","page","type-page","status-publish","hentry"],"acf":[],"_links":{"self":[{"href":"https:\/\/bio.ufpr.br\/educacaofisica\/wp-json\/wp\/v2\/pages\/600","targetHints":{"allow":["GET"]}}],"collection":[{"href":"https:\/\/bio.ufpr.br\/educacaofisica\/wp-json\/wp\/v2\/pages"}],"about":[{"href":"https:\/\/bio.ufpr.br\/educacaofisica\/wp-json\/wp\/v2\/types\/page"}],"author":[{"embeddable":true,"href":"https:\/\/bio.ufpr.br\/educacaofisica\/wp-json\/wp\/v2\/users\/2011"}],"replies":[{"embeddable":true,"href":"https:\/\/bio.ufpr.br\/educacaofisica\/wp-json\/wp\/v2\/comments?post=600"}],"version-history":[{"count":7,"href":"https:\/\/bio.ufpr.br\/educacaofisica\/wp-json\/wp\/v2\/pages\/600\/revisions"}],"predecessor-version":[{"id":729,"href":"https:\/\/bio.ufpr.br\/educacaofisica\/wp-json\/wp\/v2\/pages\/600\/revisions\/729"}],"up":[{"embeddable":true,"href":"https:\/\/bio.ufpr.br\/educacaofisica\/wp-json\/wp\/v2\/pages\/498"}],"wp:attachment":[{"href":"https:\/\/bio.ufpr.br\/educacaofisica\/wp-json\/wp\/v2\/media?parent=600"}],"curies":[{"name":"wp","href":"https:\/\/api.w.org\/{rel}","templated":true}]}}