{"id":975,"date":"2021-09-13T20:51:30","date_gmt":"2021-09-13T20:51:30","guid":{"rendered":"https:\/\/bio.ufpr.br\/educacaofisica\/?page_id=975"},"modified":"2021-09-13T20:51:46","modified_gmt":"2021-09-13T20:51:46","slug":"geracao-de-valor-em-fitness-ef-rentavel","status":"publish","type":"page","link":"https:\/\/bio.ufpr.br\/educacaofisica\/cursos\/geracao-de-valor-em-fitness-ef-rentavel\/","title":{"rendered":"Gera\u00e7\u00e3o de Valor em Fitness &#8211; EF Rent\u00e1vel"},"content":{"rendered":"<h2>PROJETO DE EXTENS\u00c3O\u00a0DA P\u00d3S-GRADUA\u00c7\u00c3O LATO SENSU EM FITNESS PARA SA\u00daDE E RENDIMENTO\u00a0\u2013 UFPR<\/h2>\n<p>Aprenda conte\u00fados, recursos e estrat\u00e9gias para\u00a0empreender e gerar\u00a0valor\u00a0nos seus servi\u00e7os e programas de fitness.<\/p>\n<p><b>Estudantes<\/b>: descubra como orientar a sua\u00a0jornada na gradua\u00e7\u00e3o\u00a0para\u00a0sair do curso com\u00a0um plano de\u00a0carreira\u00a0rent\u00e1vel e sustent\u00e1vel.<\/p>\n<p><b>Rec\u00e9m-formado<\/b>: aprenda a\u00a0se posicionar no mercado\u00a0e qualificar seus servi\u00e7os.<\/p>\n<p><b>Profissional\u00a0de Educa\u00e7\u00e3o F\u00edsica<\/b>: conhe\u00e7a novas tend\u00eancias e fundamentos cient\u00edficos para empreender e\u00a0crescer\u00a0em seu nicho\u00a0de atua\u00e7\u00e3o.<\/p>\n<p><b>Pessoas que trabalham com Fitness<\/b>:\u00a0tenha acesso a saberes\u00a0espec\u00edficos\u00a0da Educa\u00e7\u00e3o F\u00edsica\u00a0e\u00a0aplicados ao fitness\u00a0para orientar sua pr\u00e1tica com qualidade.<\/p>\n<p><b>Qual problema o curso resolve?<\/b><\/p>\n<p>Instru\u00e7\u00f5es\u00a0pr\u00e1ticas para a\u00a0programa\u00e7\u00e3o e planejamento\u00a0de treinos em Fitness:\u00a0<i>aprenda hoje, aplique em sua pr\u00f3xima aula<\/i>.<\/p>\n<p><b>Orienta\u00e7\u00e3o\u00a0de\u00a0<\/b><b>aplica\u00e7\u00e3o pr\u00e1tica<\/b>\u00a0em encontros com especialistas e tutoria:\u00a0chancela do Departamento de Educa\u00e7\u00e3o F\u00edsica (DEDFIS) da\u00a0<b>Universidade Federal do Paran\u00e1<\/b>, uma das melhores universidades do Brasil com um dos melhores programas de p\u00f3s-gradua\u00e7\u00e3o do pa\u00eds.<\/p>\n<p>Aprenda com\u00a0<b>treinadores, profissionais e pesquisadores<\/b>\u00a0de refer\u00eancia nas seguintes \u00e1reas do fitness: (sujeito a altera\u00e7\u00e3o)<\/p>\n<ul>\n<li><b>17\/09\/21 &#8211;\u00a0For\u00e7a e pot\u00eancia:<\/b>\n<ul>\n<li><b>LPO transversal<\/b>\u00a0&#8211; Como usar levantamento de peso na prepara\u00e7\u00e3o para qualquer esporte:\u00a0Hussein\u00a0Omairi\u00a0\u2013 treinador com 30 anos de experi\u00eancia;<\/li>\n<li>Atualiza\u00e7\u00f5es em\u00a0<b>treinamento de for\u00e7a e pot\u00eancia<\/b>:\u00a0Ragami\u00a0Chaves Alves\u00a0\u2013 Ph.D. em for\u00e7a;<\/li>\n<\/ul>\n<\/li>\n<li><b>24\/09\/21 &#8211;\u00a0Condu\u00e7\u00e3o de treinos e experi\u00eancias fitness<\/b>\n<ul>\n<li><b>Condu\u00e7\u00e3o de treinos coletivos<\/b>\u00a0&#8211; Funcional e Cross:\u00a0Janaina Amarante\u00a0\u2013\u00a020 anos de experi\u00eancia em gin\u00e1stica coletiva;<\/li>\n<li><b>Personal\u00a0training<\/b>:\u00a0problemas atuais e solu\u00e7\u00f5es reais:\u00a0Julimar\u00a0Pereira\u00a0\u2013 Ph.D. em fitness;<\/li>\n<li><b>Experi\u00eancias com\u00a0Camps\u00a0de treinamento<\/b>:\u00a0Pedro Mello e Cruz\u00a0\u2013\u00a0coordenador\u00a0Equipe\u00a0Circocan;<\/li>\n<\/ul>\n<\/li>\n<li><b>01\/10\/21 &#8211;\u00a0Identificando e publicando resultados<\/b>\n<ul>\n<li>Recursos para\u00a0<b>avalia\u00e7\u00e3o do treinamento<\/b>:\u00a0Raul\u00a0Osiecki\u00a0\u2013 Ph.D. e refer\u00eancia nacional na \u00e1rea;<\/li>\n<li><b>Tecnologias de monitoramento\u00a0do esfor\u00e7o<\/b>:\u00a0Vitor Nascimento\u00a0\u2013 Ph.D. em corrida;<\/li>\n<\/ul>\n<\/li>\n<li><b>08\/10\/21 &#8211;\u00a0Treinamento\u00a0respirat\u00f3rio\u00a0e psicologia aplicadas a\u00a0tempos de pandemia<\/b>\n<ul>\n<li>Treinamento da respira\u00e7\u00e3o e pot\u00eancia respirat\u00f3ria: Maria Rosa \u2013 prof. de Ed. F\u00edsica especialista em Yoga;<\/li>\n<li><b>Identificando psicopatologias em\u00a0personal\u00a0training<\/b>:\u00a0Juliane\u00a0Fechio\u00a0\u2013 Ph.D. em psicologia atuante em clubes de futebol e sele\u00e7\u00e3o brasileira de skate;<\/li>\n<\/ul>\n<\/li>\n<li><b>15\/10\/21 &#8211;\u00a0Habilidades da gin\u00e1stica em treinos funcionais<\/b>\n<ul>\n<li><b>Padr\u00f5es de movimento da Gin\u00e1stica no fitness<\/b>:\u00a0Leticia Lima\u00a0\u2013 Ph.D. em gin\u00e1stica;<\/li>\n<li>Programa\u00e7\u00e3o de\u00a0<b>treinos de gin\u00e1stica no\u00a0cross\u00a0e funcional<\/b>:\u00a0Carol Molinari\u00a0\u2013\u00a0MSc. e 15 anos de experi\u00eancia como treinadora de gin\u00e1stica art\u00edstica;<\/li>\n<li><b>Recursos para cria\u00e7\u00e3o coreogr\u00e1fica<\/b>:\u00a0Rhony\u00a0Ferreira\u00a0\u2013 Medalhista ol\u00edmpico\u00a0em\u00a0Tokyo\u00a0nagin\u00e1stica\u00a0art\u00edstica com a coreografia de Rebeca Andrade;<\/li>\n<\/ul>\n<\/li>\n<li><b>22\/10\/21 &#8211;\u00a0Estrat\u00e9gias para se estabelecer no mercado<\/b>\n<ul>\n<li><b>Marketing de fitness<\/b>\u00a0para ter mais alunos:\u00a0Samuel\u00a0Menten\u00a0\u2013 Consultor\u00a0comercial\u00a0para\u00a0mais de 50 academias;<\/li>\n<li><b>Empreendedorismo fitness<\/b>\u00a0&#8211; oportunidades e proje\u00e7\u00f5es:\u00a0Cleverson\u00a0Cunha\u00a0\u2013 Ph.D. em gest\u00e3o da inova\u00e7\u00e3o;<\/li>\n<li><b>Educa\u00e7\u00e3o financeira<\/b>\u00a0aplicada ao Fitness:\u00a0Camila Camargo\u00a0\u2013 Ph.D. em educa\u00e7\u00e3o financeira;<\/li>\n<\/ul>\n<\/li>\n<li><b>29\/10\/21 &#8211;\u00a0F\u00e1scia muscular \u2013\u00a0novo recurso para rendimento no condicionamento f\u00edsico\u00a0<\/b>\n<ul>\n<li><b>Treinamento da f\u00e1scia<\/b>:\u00a0Johannes\u00a0Freiberg\u00a0\u2013 Principal refer\u00eancia dos estudos da f\u00e1scia no Brasil;<\/li>\n<li><b>Trilhos anat\u00f4micos e flexibilidade<\/b>:\u00a0Marjori\u00a0Mansur\u00a0\u2013 Especialista em\u00a0pilates\u00a0e condicionamento f\u00edsico;<\/li>\n<\/ul>\n<\/li>\n<li><b>05\/11\/21 &#8211;\u00a0Fisiologia do fitness e corrida<\/b>\n<ul>\n<li><b>Fisiologia\u00a0do exerc\u00edcio\u00a0aplicada ao fitness<\/b>: Sergio\u00a0Gregorio\u00a0da Silva, Ph.D. em fisiologia e refer\u00eancia nacional e internacional na \u00e1rea;<\/li>\n<li><b>Montando uma sess\u00e3o de treino de corrida<\/b>:\u00a0Danilo Leonel, Ph.D. em corrida;<\/li>\n<\/ul>\n<\/li>\n<\/ul>\n<p><b>COMO E\u00a0QUANDO?\u00a0<\/b><\/p>\n<p>Uma\u00a0<b>forma\u00e7\u00e3o\u00a0educacional<\/b>\u00a0de 30 horas,\u00a0individualizada e imersiva,\u00a0com a qualidade da\u00a0<i>Universidade Federal do Paran\u00e1<\/i>,\u00a0<b>aberto a todos\u00a0profissionais envolvidos com Fitness<\/b>.<\/p>\n<p>1 \u2013 Assista\u00a0ao\u00a0<b>Evento ao vivo<\/b>\u00a0ou sua grava\u00e7\u00e3o;<\/p>\n<p>2 \u2013 Participe\u00a0da sess\u00e3o ao vivo de\u00a0<b>tutoria com especialistas<\/b>\u00a0\u2013 solu\u00e7\u00e3o de problemas reais aplicadas \u00e0 pr\u00e1tica do Fitness\u00a0(ou assista\u00a0\u00e0\u00a0grava\u00e7\u00e3o);<\/p>\n<p>3\u00a0\u2013\u00a0Descubra como\u00a0<b>aplicar os conceitos<\/b>\u00a0na pr\u00e1tica &#8211; assista\u00a0ao v\u00eddeo\u00a0apresentando instru\u00e7\u00f5es pr\u00e1ticas;<\/p>\n<p>4\u00a0\u2013\u00a0Acesse o\u00a0<b>material did\u00e1tico<\/b>\u00a0para\u00a0aprofundar seus estudos;<\/p>\n<p>&nbsp;<\/p>\n<p><b>1)\u00a0Evento ao vivo\u00a0<\/b>por 8 semanas com\u00a0debates din\u00e2micos orientados para solu\u00e7\u00e3o de problemas:\u00a0s\u00e3o 8 encontros, sextas-feiras das\u00a0<b>14h \u00e0s 15h<\/b>\u00a0(grava\u00e7\u00e3o online dispon\u00edvel por 3 dias) de\u00a0<b>17\/09\/21 a 05\/11\/21<\/b>. Gratuito, acesso aberto a todos.<\/p>\n<p><b>2)\u00a0Sess\u00e3o de tutoria com especialistas\u00a0ao vivo\u00a0<\/b>apresentando modelo pr\u00e1tico de aplica\u00e7\u00e3o\u00a0do conte\u00fado:\u00a0logo ap\u00f3s o evento ao vivo \u2013\u00a0<b>das 15h\u00a0\u00e0s\u00a015h30<\/b>.\u00a0Aprendizado direto e reto\u00a0\u2013\u00a0instru\u00e7\u00f5es\u00a0e\u00a0exemplos\u00a0aplicados a uma\u00a0sess\u00e3o de treino ou aula coletiva.\u00a0Acesso exclusivo\u00a0para curso completo e m\u00f3dulo isolado.<\/p>\n<p><b>3)\u00a0Aplica\u00e7\u00e3o pr\u00e1tica dos conceitos\u00a0<\/b>com o Prof. Dr. Bruno\u00a0Tucunduva:\u00a0exemplos pr\u00e1ticos de como aplicar o conte\u00fado em\u00a0personal\u00a0training ou treinos coletivos.\u00a0Submeta suas d\u00favidas para debate.\u00a0Grava\u00e7\u00e3o ao vivo.\u00a0Acesso exclusivo para curso completo.<\/p>\n<p><b>4)\u00a0Trilha de aprendizagem:<\/b>\u00a0estudos orientados\u00a0(EaD)\u00a0para\u00a0criar a\u00e7\u00f5es pr\u00e1ticas para\u00a0os saberes abordados no curso\u00a0\u2013\u00a0aprenda\u00a0em seu pr\u00f3prio ritmo\u00a0como p\u00f4r em\u00a0seu pr\u00f3ximo treino\/aula o que\u00a0aprendeu\u00a0no curso.\u00a0\u00a0Acesso exclusivo para curso completo.<\/p>\n<p>&nbsp;<\/p>\n<p><b>INVESTIR PARA RENDER \u2013 VALORES<\/b><\/p>\n<p>Invista, contribua e colabore com uma\u00a0<b>universidade descentralizada<\/b>\u00a0\u2013\u00a0ensino, extens\u00e3o e pesquisa\u00a0acess\u00edvel a todos.<\/p>\n<p><b>Eventos ao vivo:<\/b>\u00a0gratuito\u00a0com grava\u00e7\u00e3o dispon\u00edvel por 3 dias.<\/p>\n<p><b>M\u00f3dulos isolados:<\/b>\u00a0R$\u00a025,00\u00a0&#8211;\u00a0Certificado de extens\u00e3o de 2h\u00a0e acesso \u00e0\u00a0sess\u00e3o de tutoria\u00a0com especialistas.<\/p>\n<p><b>Curso completo:<\/b>\u00a0R$\u00a088,00 &#8211;\u00a0certificado de 30h, tutoria com especialistas,\u00a0orienta\u00e7\u00e3o de projetos em pequenos grupos, e\u00a0material did\u00e1tico (trilha de aprendizagem).\u00a0Promo\u00e7\u00e3o\u00a0Dia\u00a0do Profissional de Educa\u00e7\u00e3o F\u00edsica:\u00a0desconto\u00a0para os 35 primeiros inscritos (v\u00e1lido de 01\/09\/21 a\u00a016\/09\/21 &#8211; vide regulamento). De\u00a0R$88,00\u00a0por\u00a0<b>R$\u00a050,00.<\/b><\/p>\n<p>&nbsp;<\/p>\n<p><b>TODA ARRECADA\u00c7\u00c3O<\/b>\u00a0ser\u00e1 utilizada para\u00a0o\u00a0atendimento\u00a0da\u00a0comunidade no projeto Cross-UFPR\u00a0em\u00a0treinos de condicionamento f\u00edsico abertos.\u00a0Seu investimento auxiliar\u00e1 em\u00a0objetivos como:\u00a0instala\u00e7\u00e3o de uma\u00a0sala de\u00a0Levantamento de Peso Ol\u00edmpico;\u00a0aquisi\u00e7\u00e3o de\u00a0equipamentos de fitness;\u00a0verba de\u00a0incentivo ao\u00a0programa de\u00a0inova\u00e7\u00e3o em fitness\u00a0e\u00a0incubadora, entre outras a\u00e7\u00f5es\u00a0extensionistas.<\/p>\n<p><b>Transpar\u00eancia<\/b>: toda arrecada\u00e7\u00e3o e presta\u00e7\u00e3o de contas ser\u00e1 apresentada em tempo real\u00a0nas atividades\u00a0do curso.<\/p>\n<p><b>Descentraliza\u00e7\u00e3o<\/b>: participe do projeto e colabore em decis\u00f5es coletivas sobre os conte\u00fados\u00a0das pr\u00f3ximas a\u00e7\u00f5es\u00a0desse projeto.<\/p>\n<p><b>Comunidade forte<\/b>: empoderamento da comunidade \u2013 auxilie na divulga\u00e7\u00e3o e promo\u00e7\u00e3o do curso.<\/p>\n<p>&nbsp;<\/p>\n<p><b>O QUE MAIS?\u00a0INCUBADORA DE INOVA\u00c7\u00c3O EM FITNESS<\/b><\/p>\n<p>Que tal\u00a0incubar o seu projeto ou servi\u00e7o no projeto de extens\u00e3o\u00a0<b>EF Rent\u00e1vel<\/b>?<\/p>\n<p>Sendo estudante de EF\u00a0ou n\u00e3o, com ou sem v\u00ednculo com a UFPR, traga sua ideia para o\u00a0Projeto EF Rent\u00e1vel\u00a0e concorra a uma vaga na\u00a0<b>Incubadora de Inova\u00e7\u00e3o em Fitness<\/b>.<\/p>\n<p>Voc\u00ea ter\u00e1 orienta\u00e7\u00e3o para\u00a0qualificar e\u00a0<i>testar sua ideia na pr\u00e1tica e construir sua comunidade<\/i>:\u00a0sua aula\/servi\u00e7o far\u00e1 parte das atividades ofertadas para a comunidade nos programas de extens\u00e3o em condicionamento f\u00edsico do\u00a0projeto de extens\u00e3o.<\/p>\n<p>Voc\u00ea ter\u00e1 \u00e0 sua disposi\u00e7\u00e3o\u00a0<i>gin\u00e1sios, quadras, pista de atletismo, gin\u00e1sio de gin\u00e1stica art\u00edstica, e equipamentos de treinamento funcional<\/i>.<\/p>\n<p>Ao final do processo de incuba\u00e7\u00e3o, voc\u00ea poder\u00e1\u00a0apresentar os resultados\u00a0a uma banca de\u00a0investidores e gestores de neg\u00f3cios fitness.<\/p>\n<p>&nbsp;<\/p>\n<p><b>O QUE MAIS?\u00a0SEJA UM ESPECIALISTA UFPR<\/b><\/p>\n<p>Continue seus estudos\u00a0e guie o mercado de trabalho:\u00a0seja um<b>\u00a0<\/b>Especialista<b>\u00a0<\/b>em Educa\u00e7\u00e3o F\u00edsica pela UFPR:\u00a0fa\u00e7a\u00a0a matr\u00edcula em\u00a0uma\u00a0<b>disciplina\u00a0isolada<\/b>\u00a0para conhecer o curso.<\/p>\n<p>Breve lan\u00e7amento:\u00a0<b>P\u00f3s-gradua\u00e7\u00e3o Lato Sensu\u00a0Especializa\u00e7\u00e3o\u00a0em Fitness para Sa\u00fade e Rendimento<\/b>\u00a0\u2013\u00a0previsto para\u00a0julho de 2022.<\/p>\n<p>Outros cursos do DEDFIS:<\/p>\n<p>&#8211; P\u00f3s-gradua\u00e7\u00e3o Lato Sensu<b>\u00a0Especializa\u00e7\u00e3o em\u00a0Prepara\u00e7\u00e3o F\u00edsica para os Esportes<\/b>;<\/p>\n<p>&#8211; P\u00f3s-gradua\u00e7\u00e3o Lato Sensu<b>\u00a0Especializa\u00e7\u00e3o em\u00a0Treinamento de For\u00e7a e Hipertrofia<\/b>;<\/p>\n<p>&#8211; P\u00f3s-gradua\u00e7\u00e3o Lato Sensu<b>\u00a0Especializa\u00e7\u00e3o em\u00a0Fisiologia do Exerc\u00edcio<\/b>;<\/p>\n<p>&#8211; P\u00f3s-gradua\u00e7\u00e3o Lato Sensu<b>\u00a0Especializa\u00e7\u00e3o em\u00a0Educa\u00e7\u00e3o F\u00edsica Escolar\u00a0<\/b>\u2013 previsto para dezembro de 2021.<\/p>\n<h3><a href=\"https:\/\/forms.office.com\/r\/KcjgRr3E5U\">CLIQUE PARA SE INSCREVER<\/a><\/h3>\n<p>&nbsp;<\/p>\n<p>&nbsp;<\/p>\n","protected":false},"excerpt":{"rendered":"<p>PROJETO DE EXTENS\u00c3O\u00a0DA P\u00d3S-GRADUA\u00c7\u00c3O LATO SENSU EM FITNESS PARA SA\u00daDE E RENDIMENTO\u00a0\u2013 UFPR Aprenda conte\u00fados, recursos e estrat\u00e9gias para\u00a0empreender e gerar\u00a0valor\u00a0nos seus servi\u00e7os e programas de fitness. Estudantes: descubra como orientar a sua\u00a0jornada na gradua\u00e7\u00e3o\u00a0para\u00a0sair do curso com\u00a0um plano de\u00a0carreira\u00a0rent\u00e1vel e sustent\u00e1vel. Rec\u00e9m-formado: aprenda a\u00a0se posicionar no mercado\u00a0e qualificar seus servi\u00e7os. Profissional\u00a0de Educa\u00e7\u00e3o F\u00edsica: conhe\u00e7a [&hellip;]<\/p>\n","protected":false},"author":2058,"featured_media":0,"parent":226,"menu_order":0,"comment_status":"closed","ping_status":"closed","template":"","meta":{"_acf_changed":false,"_monsterinsights_skip_tracking":false,"_monsterinsights_sitenote_active":false,"_monsterinsights_sitenote_note":"","_monsterinsights_sitenote_category":0,"footnotes":""},"class_list":["post-975","page","type-page","status-publish","hentry"],"acf":[],"_links":{"self":[{"href":"https:\/\/bio.ufpr.br\/educacaofisica\/wp-json\/wp\/v2\/pages\/975","targetHints":{"allow":["GET"]}}],"collection":[{"href":"https:\/\/bio.ufpr.br\/educacaofisica\/wp-json\/wp\/v2\/pages"}],"about":[{"href":"https:\/\/bio.ufpr.br\/educacaofisica\/wp-json\/wp\/v2\/types\/page"}],"author":[{"embeddable":true,"href":"https:\/\/bio.ufpr.br\/educacaofisica\/wp-json\/wp\/v2\/users\/2058"}],"replies":[{"embeddable":true,"href":"https:\/\/bio.ufpr.br\/educacaofisica\/wp-json\/wp\/v2\/comments?post=975"}],"version-history":[{"count":3,"href":"https:\/\/bio.ufpr.br\/educacaofisica\/wp-json\/wp\/v2\/pages\/975\/revisions"}],"predecessor-version":[{"id":984,"href":"https:\/\/bio.ufpr.br\/educacaofisica\/wp-json\/wp\/v2\/pages\/975\/revisions\/984"}],"up":[{"embeddable":true,"href":"https:\/\/bio.ufpr.br\/educacaofisica\/wp-json\/wp\/v2\/pages\/226"}],"wp:attachment":[{"href":"https:\/\/bio.ufpr.br\/educacaofisica\/wp-json\/wp\/v2\/media?parent=975"}],"curies":[{"name":"wp","href":"https:\/\/api.w.org\/{rel}","templated":true}]}}