{"id":85,"date":"2016-05-24T12:48:21","date_gmt":"2016-05-24T12:48:21","guid":{"rendered":"https:\/\/bio.ufpr.br\/anatomia\/?page_id=22"},"modified":"2021-04-28T13:02:36","modified_gmt":"2021-04-28T13:02:36","slug":"o-departamento","status":"publish","type":"page","link":"https:\/\/bio.ufpr.br\/farmacologia\/o-departamento\/","title":{"rendered":"O Departamento"},"content":{"rendered":"<p>O Departamento de Farmacologia foi criado atrav\u00e9s da Resolu\u00e7\u00e3o n\u00ba 06\/85, do Conselho Universit\u00e1rio em 15\/04\/85. Com a divis\u00e3o do antigo Departamento de Ci\u00eancias Fisiol\u00f3gicas em dois departamentos, Farmacologia e Fisiologia, a \u00e1rea f\u00edsica destinada ao Departamento de Farmacologia foi \u201co andar t\u00e9rreo mais a sala 88\u201d do pr\u00e9dio do Setor de Ci\u00eancias Biol\u00f3gicas. Em 03\/02\/87, atrav\u00e9s de Portaria n\u00ba 615 foi determinada a lota\u00e7\u00e3o do corpo docente do departamento de Farmacologia, constitu\u00edda de 15 Professores sendo 7 adjuntos, 7 Assistentes e 1 Auxiliar de ensino. Sessenta por cento dos professores do Departamento de Farmacologia neste per\u00edodo eram contratados em regime de 40 e 20 horas semanais enquanto que apenas\u00a0 6 professores estavam em regime de dedica\u00e7\u00e3o exclusiva. Apenas 2 tinham a titula\u00e7\u00e3o de livre docente. Desde ent\u00e3o, os professores do Departamento se empenharam na busca da melhoria da qualidade de seu quadro docente. A partir de 1995 foi criado o\u00a0Curso de Especializa\u00e7\u00e3o em Farmacologia que serviu de base para a implanta\u00e7\u00e3o da Programa de P\u00f3s-Gradua\u00e7\u00e3o em Farmacologia. Com a implanta\u00e7\u00e3o do curso de especializa\u00e7\u00e3o (1995) e do Programa de P\u00f3s-Gradua\u00e7\u00e3o em Farmacologia &#8211; Mestrado\u00a0(2000) \u00a0e doutorado em (2004) foram definidas as \u00e1reas de concentra\u00e7\u00e3o de pesquisa no Departamento em 1- Produtos Naturais, 2- Neuroci\u00eancias, 3- Inflama\u00e7\u00e3o dor e febre e 4- Toxicologia. Atualmente, todos os professores do Departamento possuem t\u00edtulo de Doutor e uma grande parte dos docentes s\u00e3o pesquisadores do CNPq, colocando o Departamento de Farmacologia do Setor de Ci\u00eancias Biol\u00f3gicas da Universidade Federal do Paran\u00e1 como refer\u00eancia no Estado, no Brasil e internacionalmente. Na gradua\u00e7\u00e3o o Departamento ministra diversas disciplinas em diferentes cursos da Universidade Federal do Paran\u00e1, entre eles os cursos de Medicina, Farm\u00e1cia, Biomedicina, Medicina Veterin\u00e1ria, Biologia, Nutri\u00e7\u00e3o, Enfermagem\u00a0e Fisioterapia,\u00a0auxiliando assim na forma\u00e7\u00e3o de diversos profissionais da \u00e1rea de sa\u00fade.<\/p>\n","protected":false},"excerpt":{"rendered":"<p>O Departamento de Farmacologia foi criado atrav\u00e9s da Resolu\u00e7\u00e3o n\u00ba 06\/85, do Conselho Universit\u00e1rio em 15\/04\/85. Com a divis\u00e3o do antigo Departamento de Ci\u00eancias Fisiol\u00f3gicas em dois departamentos, Farmacologia e Fisiologia, a \u00e1rea f\u00edsica destinada ao Departamento de Farmacologia foi \u201co andar t\u00e9rreo mais a sala 88\u201d do pr\u00e9dio do Setor de Ci\u00eancias Biol\u00f3gicas. Em [&hellip;]<\/p>\n","protected":false},"author":6,"featured_media":0,"parent":0,"menu_order":0,"comment_status":"open","ping_status":"open","template":"","meta":{"_acf_changed":false,"_monsterinsights_skip_tracking":false,"_monsterinsights_sitenote_active":false,"_monsterinsights_sitenote_note":"","_monsterinsights_sitenote_category":0,"footnotes":""},"class_list":["post-85","page","type-page","status-publish","hentry"],"acf":[],"_links":{"self":[{"href":"https:\/\/bio.ufpr.br\/farmacologia\/wp-json\/wp\/v2\/pages\/85","targetHints":{"allow":["GET"]}}],"collection":[{"href":"https:\/\/bio.ufpr.br\/farmacologia\/wp-json\/wp\/v2\/pages"}],"about":[{"href":"https:\/\/bio.ufpr.br\/farmacologia\/wp-json\/wp\/v2\/types\/page"}],"author":[{"embeddable":true,"href":"https:\/\/bio.ufpr.br\/farmacologia\/wp-json\/wp\/v2\/users\/6"}],"replies":[{"embeddable":true,"href":"https:\/\/bio.ufpr.br\/farmacologia\/wp-json\/wp\/v2\/comments?post=85"}],"version-history":[{"count":2,"href":"https:\/\/bio.ufpr.br\/farmacologia\/wp-json\/wp\/v2\/pages\/85\/revisions"}],"predecessor-version":[{"id":225,"href":"https:\/\/bio.ufpr.br\/farmacologia\/wp-json\/wp\/v2\/pages\/85\/revisions\/225"}],"wp:attachment":[{"href":"https:\/\/bio.ufpr.br\/farmacologia\/wp-json\/wp\/v2\/media?parent=85"}],"curies":[{"name":"wp","href":"https:\/\/api.w.org\/{rel}","templated":true}]}}