{"id":87,"date":"2016-06-01T12:27:27","date_gmt":"2016-06-01T12:27:27","guid":{"rendered":"https:\/\/bio.ufpr.br\/zoologia\/?page_id=76"},"modified":"2021-04-06T19:20:16","modified_gmt":"2021-04-06T19:20:16","slug":"disciplinas","status":"publish","type":"page","link":"https:\/\/bio.ufpr.br\/farmacologia\/disciplinas\/","title":{"rendered":"Disciplinas"},"content":{"rendered":"<p>O Departamento de Farmacologia\u00a0possui as seguintes Disciplinas:<\/p>\n<table>\n<tbody>\n<tr>\n<td>C\u00f3digo<\/td>\n<td>Coordena\u00e7\u00f5es vinculadas<\/td>\n<td>Nome<\/td>\n<\/tr>\n<tr>\n<td>BT002<\/td>\n<td>ODONTOLOGIA<\/td>\n<td>FARMACOLOGIA ODONTOLOGICA<\/td>\n<\/tr>\n<tr>\n<td>BT004<\/td>\n<td>ENFERMAGEM<\/td>\n<td>FARMACOLOGIA ENFERMAGEM<\/td>\n<\/tr>\n<tr>\n<td>BT005<\/td>\n<td>MEDICINA<\/td>\n<td>FARMACOLOGIA MEDICA I<\/td>\n<\/tr>\n<tr>\n<td>BT006<\/td>\n<td>MEDICINA<\/td>\n<td>FARMACOLOGIA MEDICA II<\/td>\n<\/tr>\n<tr>\n<td>BT008<\/td>\n<td>CI\u00caNCIAS BIOL\u00d3GICAS<\/td>\n<td>FARMACOLOGIA APLICADA A BIOLOGIA<\/td>\n<\/tr>\n<tr>\n<td>BT009<\/td>\n<td>CI\u00caNCIAS BIOL\u00d3GICAS<\/td>\n<td>ESTAGIO I &#8211; FARMACOLOGIA<\/td>\n<\/tr>\n<tr>\n<td>BT010<\/td>\n<td>CI\u00caNCIAS BIOL\u00d3GICAS<\/td>\n<td>ESTAGIO II &#8211; FARMACOLOGIA<\/td>\n<\/tr>\n<tr>\n<td>BT011<\/td>\n<td>NUTRI\u00c7\u00c3O<\/td>\n<td>FARMACOLOGIA APLICADA A NUTRICAO<\/td>\n<\/tr>\n<tr>\n<td>BT012<\/td>\n<td>MEDICINA<\/td>\n<td>FARMACOLOGIA BASICA<\/td>\n<\/tr>\n<tr>\n<td>BT013<\/td>\n<td>FARM\u00c1CIA<\/td>\n<td>FARMACOLOGIA I<\/td>\n<\/tr>\n<tr>\n<td>BT014<\/td>\n<td>FARM\u00c1CIA<\/td>\n<td>FARMACOLOGIA II<\/td>\n<\/tr>\n<tr>\n<td>BT015<\/td>\n<td>ENFERMAGEM<\/td>\n<td>FARMACOLOGIA PARA ENFERMAGEM<\/td>\n<\/tr>\n<tr>\n<td>BT016<\/td>\n<td>MEDICINA VETERIN\u00c1RIA<\/td>\n<td>FARMACOLOGIA B\u00c1SICA<\/td>\n<\/tr>\n<tr>\n<td>BT017<\/td>\n<td>MEDICINA VETERIN\u00c1RIA<\/td>\n<td>FARMACOLOGIA APLICADA E TERAP\u00caUTICA<\/td>\n<\/tr>\n<tr>\n<td>BT018<\/td>\n<td>MEDICINA VETERIN\u00c1RIA<\/td>\n<td>ECOTOXICOLOGIA<\/td>\n<\/tr>\n<tr>\n<td>BT019<\/td>\n<td>ENFERMAGEM<\/td>\n<td>FARMACOLOGIA &#8211; ENFERMAGEM<\/td>\n<\/tr>\n<tr>\n<td>BT020<\/td>\n<td>CI\u00caNCIAS BIOL\u00d3GICAS<\/td>\n<td>ESTAGIO EM FARMACOLOGIA<\/td>\n<\/tr>\n<tr>\n<td>BT021<\/td>\n<td>ENGENHARIA DE BIOPROCESSOS E BIOTECNOLOGIA<\/td>\n<td>FUNDAMENTOS DE TOXICOLOGIA<\/td>\n<\/tr>\n<tr>\n<td>BT023<\/td>\n<td>EDUCA\u00c7\u00c3O F\u00cdSICA<\/td>\n<td>FARMACOLOGIA APLICADA AO ESPORTE E \u00c0 ATIVIDADE F\u00cdSICA<\/td>\n<\/tr>\n<tr>\n<td>BT025<\/td>\n<td>ENFERMAGEM<\/td>\n<td>FARMACOLOGIA &#8211; ENFERMAGEM<\/td>\n<\/tr>\n<tr>\n<td>BT026<\/td>\n<td>TERAPIA OCUPACIONAL, CI\u00caNCIAS BIOL\u00d3GICAS, EDUCA\u00c7\u00c3O F\u00cdSICA<\/td>\n<td>DETEC\u00c7\u00c3O PRECOCE E INTERVEN\u00c7\u00c3O BREVE NO ABUSO DE DROGAS<\/td>\n<\/tr>\n<tr>\n<td>BT027<\/td>\n<td>ODONTOLOGIA<\/td>\n<td>FARMACOLOGIA ODONTOL\u00d3GICA<\/td>\n<\/tr>\n<tr>\n<td>BT028<\/td>\n<td>MEDICINA<\/td>\n<td>FARMACOLOGIA M\u00c9DICA I<\/td>\n<\/tr>\n<tr>\n<td>BT029<\/td>\n<td>CI\u00caNCIAS BIOL\u00d3GICAS<\/td>\n<td>FARMACOLOGIA GERAL<\/td>\n<\/tr>\n<tr>\n<td>BT030<\/td>\n<td>CI\u00caNCIAS BIOL\u00d3GICAS<\/td>\n<td>FUNDAMENTOS DE TOXICOLOGIA AQU\u00c1TICA<\/td>\n<\/tr>\n<tr>\n<td>BT031<\/td>\n<td>CI\u00caNCIAS BIOL\u00d3GICAS<\/td>\n<td>ENSAIOS BIOL\u00d3GICOS APLICADOS \u00c0 PESQUISA EM FARMACOLOGIA<\/td>\n<\/tr>\n<tr>\n<td>BT032<\/td>\n<td>CI\u00caNCIAS BIOL\u00d3GICAS<\/td>\n<td>NEUROCI\u00caNCIA B\u00c1SICA<\/td>\n<\/tr>\n<tr>\n<td>BT033<\/td>\n<td>MEDICINA<\/td>\n<td>FARMACOLOGIA M\u00c9DICA B\u00c1SICA<\/td>\n<\/tr>\n<tr>\n<td>BT034<\/td>\n<td>ENFERMAGEM<\/td>\n<td>SEMIN\u00c1RIO INTEGRADO III &#8211; FARMACOLOGIA<\/td>\n<\/tr>\n<tr>\n<td>BT035<\/td>\n<td>MEDICINA<\/td>\n<td>FARMACOLOGIA M\u00c9DICA II<\/td>\n<\/tr>\n<tr>\n<td>BT036<\/td>\n<td>PSICOLOGIA<\/td>\n<td>PSICOFARMACOLOGIA APLICADA \u00c0 PSICOLOGIA<\/td>\n<\/tr>\n<tr>\n<td>BT037<\/td>\n<td>BIOMEDICINA<\/td>\n<td>FARMACOLOGIA BIOM\u00c9DICA I<\/td>\n<\/tr>\n<tr>\n<td>BT038<\/td>\n<td>BIOMEDICINA<\/td>\n<td>FARMACOLOGIA BIOM\u00c9DICA II<\/td>\n<\/tr>\n<tr>\n<td>BT039<\/td>\n<td>BIOMEDICINA<\/td>\n<td>FARMACOLOGIA DE INFLAMA\u00c7\u00c3O, DOR E FEBRE<\/td>\n<\/tr>\n<tr>\n<td>BT040<\/td>\n<td>BIOMEDICINA<\/td>\n<td>FARMACOLOGIA DOS PRODUTOS NATURAIS<\/td>\n<\/tr>\n<tr>\n<td>BT041<\/td>\n<td>BIOMEDICINA<\/td>\n<td>M\u00c9TODOS E MODEOS TOXICOL\u00d3GICOS<\/td>\n<\/tr>\n<tr>\n<td>BT042<\/td>\n<td>BIOMEDICINA<\/td>\n<td>PRINC\u00cdPIOS DE NEUROCI\u00caNCIA E NEUPOSICOFARMACOLOGIA<\/td>\n<\/tr>\n<tr>\n<td>BT043<\/td>\n<td>BIOMEDICINA<\/td>\n<td>REPRESENTA\u00c7\u00c3O E AN\u00c1LISE DE DADOS E FEN\u00d4MENOS II<\/td>\n<\/tr>\n<tr>\n<td>BT044<\/td>\n<td>MEDICINA<\/td>\n<td>TOXICOLOGIA<\/td>\n<\/tr>\n<tr>\n<td>BT045<\/td>\n<td>MEDICINA<\/td>\n<td>FARMACOLOGIA CARDIOVASCULAR<\/td>\n<\/tr>\n<tr>\n<td>BT046<\/td>\n<td>MEDICINA<\/td>\n<td>FARMACOLOGIA DAS DOEN\u00c7AS MICROBIANAS, NEOPL\u00c1SICAS E HEMATOL\u00d3GICAS<\/td>\n<\/tr>\n<tr>\n<td>BT047<\/td>\n<td>MEDICINA<\/td>\n<td>NEUROPSICOFARMACOLOGIA<\/td>\n<\/tr>\n<tr>\n<td>BT048<\/td>\n<td>MEDICINA<\/td>\n<td>NEUROBIOLOGIA E FARMACOLOGIA DA MEM\u00d3RIA<\/td>\n<\/tr>\n<tr>\n<td>BT049<\/td>\n<td>MEDICINA<\/td>\n<td>TRABALHO DE CONCLUS\u00c3O DE CURSO I EM FARMACOLOGIA<\/td>\n<\/tr>\n<tr>\n<td>BT050<\/td>\n<td>MEDICINA<\/td>\n<td>TRABALHO DE CONCLUS\u00c3O DE CURSO II EM FARMACOLOGIA<\/td>\n<\/tr>\n<tr>\n<td>BT051<\/td>\n<td>MEDICINA<\/td>\n<td>TRABALHO DE CONCLUS\u00c3O DE CURSO III EM FARMACOLOGIA<\/td>\n<\/tr>\n<tr>\n<td>BT052<\/td>\n<td>MEDICINA<\/td>\n<td>DETEC\u00c7\u00c3O PRECOCE PARA ABUSO DE DROGA<\/td>\n<\/tr>\n<tr>\n<td>BT053<\/td>\n<td>CI\u00caNCIAS BIOL\u00d3GICAS<\/td>\n<td>M\u00c9TODOS EXPERIMENTAIS DE PESQUISA EM FARMACOLOGIA<\/td>\n<\/tr>\n<tr>\n<td>BT054<\/td>\n<td>ODONTOLOGIA<\/td>\n<td>FARMACOLOGIA ODONTOL\u00d3GICA I<\/td>\n<\/tr>\n<tr>\n<td>BT055<\/td>\n<td>ODONTOLOGIA<\/td>\n<td>FARMACOLOGIA ODONTOL\u00d3GICA II<\/td>\n<\/tr>\n<tr>\n<td>BT056<\/td>\n<td>FISIOTERAPIA<\/td>\n<td>FARMACOLOGIA APLICADA \u00c0 FISIOTERAPIA<\/td>\n<\/tr>\n<tr>\n<td>BT057<\/td>\n<td>ODONTOLOGIA<\/td>\n<td>CONTROLE FARMACOL\u00d3GICO DA DOR EM ODONTOLOGIA<\/td>\n<\/tr>\n<tr>\n<td>BT058<\/td>\n<td>FISIOTERAPIA, BIOMEDICINA, CI\u00caNCIAS BIOL\u00d3GICAS, ENGENHARIA EL\u00c9TRICA, FARM\u00c1CIA<\/td>\n<td>FISIOPATOLOGIA E FARMACOLOGIA DA DOR<\/td>\n<\/tr>\n<tr>\n<td>BT059<\/td>\n<td>MEDICINA<\/td>\n<td>TRABALHO DE CURSO 2 EM FARMACOLOGIA<\/td>\n<\/tr>\n<tr>\n<td>BT060<\/td>\n<td>MEDICINA<\/td>\n<td>TRABALHO DE CURSO 3 EM FARMACOLOGIA<\/td>\n<\/tr>\n<tr>\n<td>BT061<\/td>\n<td>MEDICINA<\/td>\n<td>TRABALHO DE CURSO 4 EM FARMACOLOGIA<\/td>\n<\/tr>\n<tr>\n<td>BT062<\/td>\n<td>MEDICINA VETERIN\u00c1RIA<\/td>\n<td>VIV\u00caNCIA EM FARMACOLOGIA<\/td>\n<\/tr>\n<tr>\n<td>BT063<\/td>\n<td>MEDICINA<\/td>\n<td>FARMACOLOGIA M\u00c9DICA B\u00c1SICA<\/td>\n<\/tr>\n<tr>\n<td>BT064<\/td>\n<td>MEDICINA<\/td>\n<td>FARMACOLOGIA DAS DOEN\u00c7AS MICROBIANAS, NEOPL\u00c1SICAS E HEMATOL\u00d3GICAS<\/td>\n<\/tr>\n<tr>\n<td>BT065<\/td>\n<td>MEDICINA<\/td>\n<td>FARMACOLOGIA CARDIOVASCULAR E RESPIRAT\u00d3RIA<\/td>\n<\/tr>\n<tr>\n<td>BT066<\/td>\n<td>MEDICINA<\/td>\n<td>NEUROPSICOFARMACOLOGIA<\/td>\n<\/tr>\n<tr>\n<td>BT067<\/td>\n<td>MEDICINA<\/td>\n<td>NEUROBIOLOGIA E FARMACOLOGIA DA MEM\u00d3RIA<\/td>\n<\/tr>\n<tr>\n<td>BT068<\/td>\n<td>MEDICINA<\/td>\n<td>TOXICOLOGIA<\/td>\n<\/tr>\n<tr>\n<td>BT069<\/td>\n<td>MEDICINA<\/td>\n<td>DETEC\u00c7\u00c3O PRECOCE PARA DROGRAS DE ABUSO<\/td>\n<\/tr>\n<tr>\n<td>BT070<\/td>\n<td>PSICOLOGIA<\/td>\n<td>PSICOFARMACOLOGIA APLICADA \u00c0 PSICOLOGIA<\/td>\n<\/tr>\n<tr>\n<td>BT071<\/td>\n<td>NUTRI\u00c7\u00c3O<\/td>\n<td>FARMACOLOGIA APLICADA \u00c0 NUTRI\u00c7\u00c3O<\/td>\n<\/tr>\n<tr>\n<td>BT072<\/td>\n<td>FISIOTERAPIA<\/td>\n<td>FARMACOLOGIA APLICADA \u00c0 FISIOTERAPIA<\/td>\n<\/tr>\n<tr>\n<td>BT078<\/td>\n<td>FARM\u00c1CIA<\/td>\n<td>FARMACOLOGIA I<\/td>\n<\/tr>\n<tr>\n<td>BT079<\/td>\n<td>FARM\u00c1CIA<\/td>\n<td>FARMACOLOGIA II<\/td>\n<\/tr>\n<tr>\n<td>BT080<\/td>\n<td>ODONTOLOGIA<\/td>\n<td>FARMACOLOGIA GERAL<\/td>\n<\/tr>\n<tr>\n<td>BT081<\/td>\n<td>ODONTOLOGIA<\/td>\n<td>FARMACOLOGIA ODONTOL\u00d3GICA<\/td>\n<\/tr>\n<tr>\n<td>BT082<\/td>\n<td>ODONTOLOGIA<\/td>\n<td>FARMACOLOGIA APLICADA \u00c0 PR\u00c1TICA CL\u00cdNICA<\/td>\n<\/tr>\n<tr>\n<td>BT083<\/td>\n<td>FARM\u00c1CIA<\/td>\n<td>NEUROBIOLOGIA E FARMACOLOGIA DAS DEPEND\u00caNCIAS<\/td>\n<\/tr>\n<tr>\n<td>BT084<\/td>\n<td>ODONTOLOGIA<\/td>\n<td>TCC I<\/td>\n<\/tr>\n<tr>\n<td>BT085<\/td>\n<td>ODONTOLOGIA<\/td>\n<td>TCC II<\/td>\n<\/tr>\n<tr>\n<td>BT086<\/td>\n<td>ODONTOLOGIA<\/td>\n<td>TCC III<\/td>\n<\/tr>\n<tr>\n<td>BT087<\/td>\n<td>ODONTOLOGIA<\/td>\n<td>TCC IV<\/td>\n<\/tr>\n<tr>\n<td>BT1000<\/td>\n<td>MEDICINA VETERIN\u00c1RIA<\/td>\n<td>EST\u00c1GIO EM CI\u00caNCIAS B\u00c1SICAS<\/td>\n<\/tr>\n<tr>\n<td>BT401<\/td>\n<td>MEDICINA VETERIN\u00c1RIA, MEDICINA VETERIN\u00c1RIA &#8211; PALOTINA<\/td>\n<td>FARMACOLOGIA VETERINARIA<\/td>\n<\/tr>\n<tr>\n<td>BTI001<\/td>\n<td>BIOMEDICINA<\/td>\n<td>DESENVOLVIMENTO FARMAC\u00caUTICO<\/td>\n<\/tr>\n<tr>\n<td>BTI002<\/td>\n<td>BIOMEDICINA<\/td>\n<td>ESTUDOS DE FARMACOLOGIA HUMANA<\/td>\n<\/tr>\n<tr>\n<td>BTI003<\/td>\n<td>BIOMEDICINA<\/td>\n<td>FARMACOECONOMIA<\/td>\n<\/tr>\n<tr>\n<td>BTI004<\/td>\n<td>BIOMEDICINA<\/td>\n<td>DROGAS 101<\/td>\n<\/tr>\n<\/tbody>\n<\/table>\n<p>&nbsp;<\/p>\n","protected":false},"excerpt":{"rendered":"<p>O Departamento de Farmacologia\u00a0possui as seguintes Disciplinas: C\u00f3digo Coordena\u00e7\u00f5es vinculadas Nome BT002 ODONTOLOGIA FARMACOLOGIA ODONTOLOGICA BT004 ENFERMAGEM FARMACOLOGIA ENFERMAGEM BT005 MEDICINA FARMACOLOGIA MEDICA I BT006 MEDICINA FARMACOLOGIA MEDICA II BT008 CI\u00caNCIAS BIOL\u00d3GICAS FARMACOLOGIA APLICADA A BIOLOGIA BT009 CI\u00caNCIAS BIOL\u00d3GICAS ESTAGIO I &#8211; FARMACOLOGIA BT010 CI\u00caNCIAS BIOL\u00d3GICAS ESTAGIO II &#8211; FARMACOLOGIA BT011 NUTRI\u00c7\u00c3O FARMACOLOGIA APLICADA A [&hellip;]<\/p>\n","protected":false},"author":6,"featured_media":0,"parent":0,"menu_order":0,"comment_status":"open","ping_status":"open","template":"","meta":{"_acf_changed":false,"_monsterinsights_skip_tracking":false,"_monsterinsights_sitenote_active":false,"_monsterinsights_sitenote_note":"","_monsterinsights_sitenote_category":0,"footnotes":""},"class_list":["post-87","page","type-page","status-publish","hentry"],"acf":[],"_links":{"self":[{"href":"https:\/\/bio.ufpr.br\/farmacologia\/wp-json\/wp\/v2\/pages\/87","targetHints":{"allow":["GET"]}}],"collection":[{"href":"https:\/\/bio.ufpr.br\/farmacologia\/wp-json\/wp\/v2\/pages"}],"about":[{"href":"https:\/\/bio.ufpr.br\/farmacologia\/wp-json\/wp\/v2\/types\/page"}],"author":[{"embeddable":true,"href":"https:\/\/bio.ufpr.br\/farmacologia\/wp-json\/wp\/v2\/users\/6"}],"replies":[{"embeddable":true,"href":"https:\/\/bio.ufpr.br\/farmacologia\/wp-json\/wp\/v2\/comments?post=87"}],"version-history":[{"count":2,"href":"https:\/\/bio.ufpr.br\/farmacologia\/wp-json\/wp\/v2\/pages\/87\/revisions"}],"predecessor-version":[{"id":180,"href":"https:\/\/bio.ufpr.br\/farmacologia\/wp-json\/wp\/v2\/pages\/87\/revisions\/180"}],"wp:attachment":[{"href":"https:\/\/bio.ufpr.br\/farmacologia\/wp-json\/wp\/v2\/media?parent=87"}],"curies":[{"name":"wp","href":"https:\/\/api.w.org\/{rel}","templated":true}]}}