{"id":2594,"date":"2023-10-06T13:07:35","date_gmt":"2023-10-06T13:07:35","guid":{"rendered":"https:\/\/bio.ufpr.br\/fisiologia\/?page_id=2594"},"modified":"2024-03-04T18:44:59","modified_gmt":"2024-03-04T18:44:59","slug":"endogames","status":"publish","type":"page","link":"https:\/\/bio.ufpr.br\/fisiologia\/endogames\/","title":{"rendered":"@ENDO.GAMES"},"content":{"rendered":"<p style=\"text-align: justify\">O projeto de extens\u00e3o <a href=\"https:\/\/www.instagram.com\/reel\/CyOIr_TOUVL\/?igshid=MzRlODBiNWFlZA==\">@endo.games<\/a> est\u00e1 desenvolvendo tirinhas e jogos educativos online para o ensino da fisiologia humana e dos aspectos comportamentais relacionados aos horm\u00f4nios. Os materiais s\u00e3o criados por professores e alunos de gradua\u00e7\u00e3o, que utilizam plataformas de produ\u00e7\u00e3o de jogos, v\u00eddeos e quizzes. Tamb\u00e9m utilizam plataformas de Intelig\u00eancia Artificial para aquisi\u00e7\u00e3o de imagens e textos contextualizados.<\/p>\n<p style=\"text-align: justify\"><a href=\"https:\/\/bio.ufpr.br\/fisiologia\/wp-content\/uploads\/sites\/37\/2023\/10\/endogames_page-0001.jpg\"><img loading=\"lazy\" decoding=\"async\" class=\"aligncenter size-large wp-image-2640\" src=\"https:\/\/bio.ufpr.br\/fisiologia\/wp-content\/uploads\/sites\/37\/2023\/10\/endogames_page-0001-1024x576.jpg\" alt=\"endogames_page-0001\" width=\"1024\" height=\"576\" srcset=\"https:\/\/bio.ufpr.br\/fisiologia\/wp-content\/uploads\/sites\/37\/2023\/10\/endogames_page-0001-1024x576.jpg 1024w, https:\/\/bio.ufpr.br\/fisiologia\/wp-content\/uploads\/sites\/37\/2023\/10\/endogames_page-0001-300x169.jpg 300w, https:\/\/bio.ufpr.br\/fisiologia\/wp-content\/uploads\/sites\/37\/2023\/10\/endogames_page-0001-768x432.jpg 768w\" sizes=\"auto, (max-width: 1024px) 100vw, 1024px\" \/><\/a><\/p>\n<p style=\"text-align: justify\">Os jogos abordam temas como a regula\u00e7\u00e3o fisiol\u00f3gica de sistemas org\u00e2nicos, como o sistema nervoso, o sistema cardiovascular e o sistema digest\u00f3rio, e o papel dos horm\u00f4nios no comportamento, como o amor, o medo e a fome.Os jogos s\u00e3o projetados para serem divertidos e interativos, a fim de tornar o aprendizado da fisiologia humana mais interessante e envolvente para os alunos do ensino m\u00e9dio.<\/p>\n<p><a href=\"https:\/\/bio.ufpr.br\/fisiologia\/endogames\/endogames_page-0002\/\" rel=\"attachment wp-att-2641\"><img loading=\"lazy\" decoding=\"async\" class=\"aligncenter size-large wp-image-2641\" src=\"https:\/\/bio.ufpr.br\/fisiologia\/wp-content\/uploads\/sites\/37\/2023\/10\/endogames_page-0002-1024x576.jpg\" alt=\"endogames_page-0002\" width=\"1024\" height=\"576\" srcset=\"https:\/\/bio.ufpr.br\/fisiologia\/wp-content\/uploads\/sites\/37\/2023\/10\/endogames_page-0002-1024x576.jpg 1024w, https:\/\/bio.ufpr.br\/fisiologia\/wp-content\/uploads\/sites\/37\/2023\/10\/endogames_page-0002-300x169.jpg 300w, https:\/\/bio.ufpr.br\/fisiologia\/wp-content\/uploads\/sites\/37\/2023\/10\/endogames_page-0002-768x432.jpg 768w\" sizes=\"auto, (max-width: 1024px) 100vw, 1024px\" \/><\/a><\/p>\n<p style=\"text-align: justify\">O desenvolvimento de jogos educativos online \u00e9 uma abordagem inovadora e eficaz para o ensino da fisiologia humana. Os jogos podem ajudar os alunos a compreender conceitos complexos de forma l\u00fadica e significativa.<\/p>\n<p style=\"text-align: justify\"><a href=\"https:\/\/bio.ufpr.br\/fisiologia\/endogames\/endogames_page-0003\/\" rel=\"attachment wp-att-2642\"><img loading=\"lazy\" decoding=\"async\" class=\"aligncenter size-large wp-image-2642\" src=\"https:\/\/bio.ufpr.br\/fisiologia\/wp-content\/uploads\/sites\/37\/2023\/10\/endogames_page-0003-1024x576.jpg\" alt=\"endogames_page-0003\" width=\"1024\" height=\"576\" srcset=\"https:\/\/bio.ufpr.br\/fisiologia\/wp-content\/uploads\/sites\/37\/2023\/10\/endogames_page-0003-1024x576.jpg 1024w, https:\/\/bio.ufpr.br\/fisiologia\/wp-content\/uploads\/sites\/37\/2023\/10\/endogames_page-0003-300x169.jpg 300w, https:\/\/bio.ufpr.br\/fisiologia\/wp-content\/uploads\/sites\/37\/2023\/10\/endogames_page-0003-768x432.jpg 768w\" sizes=\"auto, (max-width: 1024px) 100vw, 1024px\" \/><\/a><\/p>\n<p>Siga no Instagram <a href=\"https:\/\/www.instagram.com\/reel\/CyOIr_TOUVL\/?igshid=MzRlODBiNWFlZA==\">@endo.games<\/a><\/p>\n<p><a href=\"https:\/\/bio.ufpr.br\/fisiologia\/endogames\/endogames_page-0004\/\" rel=\"attachment wp-att-2643\"><img loading=\"lazy\" decoding=\"async\" class=\"aligncenter size-large wp-image-2643\" src=\"https:\/\/bio.ufpr.br\/fisiologia\/wp-content\/uploads\/sites\/37\/2023\/10\/endogames_page-0004-1024x576.jpg\" alt=\"endogames_page-0004\" width=\"1024\" height=\"576\" srcset=\"https:\/\/bio.ufpr.br\/fisiologia\/wp-content\/uploads\/sites\/37\/2023\/10\/endogames_page-0004-1024x576.jpg 1024w, https:\/\/bio.ufpr.br\/fisiologia\/wp-content\/uploads\/sites\/37\/2023\/10\/endogames_page-0004-300x169.jpg 300w, https:\/\/bio.ufpr.br\/fisiologia\/wp-content\/uploads\/sites\/37\/2023\/10\/endogames_page-0004-768x432.jpg 768w\" sizes=\"auto, (max-width: 1024px) 100vw, 1024px\" \/><\/a>Convidamos voc\u00ea a dar uma olhada no v\u00eddeo de apresenta\u00e7\u00e3o do projeto de extens\u00e3o FISIOLOGIA EM A\u00c7\u00c3O \/ @ENDO.GAMES, que foi apresentado para o 14\u00aa SIEPE \u2013 SEMANA INTEGRADA DE ENSINO, PESQUISA E EXTENS\u00c3O. Apresentamos este projeto de extens\u00e3o de forma mais abrangente, apontando os objetivos e a forma para promover a educa\u00e7\u00e3o em sa\u00fade por meio de jogos educativos e atividades pr\u00e1ticas. N\u00e3o perca a oportunidade de conhecer mais sobre esse projeto!<\/p>\n<p><a href=\"https:\/\/youtu.be\/zDPUZFm7vco\">ASSISTA AQUI<\/a><\/p>\n<p>Aproveite e baixe a s\u00e9rie de e-books do projeto<\/p>\n<p><a href=\"https:\/\/bio.ufpr.br\/fisiologia\/wp-content\/uploads\/sites\/37\/2024\/03\/volume-1-HORMONIOS.pdf\" target=\"_blank\" rel=\"noopener\">Volume 1 &#8211; Horm\u00f4nios<\/a><\/p>\n\n\n<p><\/p>\n","protected":false},"excerpt":{"rendered":"<p>O projeto de extens\u00e3o @endo.games est\u00e1 desenvolvendo tirinhas e jogos educativos online para o ensino da fisiologia humana e dos aspectos comportamentais relacionados aos horm\u00f4nios. Os materiais s\u00e3o criados por professores e alunos de gradua\u00e7\u00e3o, que utilizam plataformas de produ\u00e7\u00e3o de jogos, v\u00eddeos e quizzes. Tamb\u00e9m utilizam plataformas de Intelig\u00eancia Artificial para aquisi\u00e7\u00e3o de imagens [&hellip;]<\/p>\n","protected":false},"author":2001,"featured_media":0,"parent":0,"menu_order":0,"comment_status":"closed","ping_status":"closed","template":"","meta":{"_acf_changed":false,"_monsterinsights_skip_tracking":false,"_monsterinsights_sitenote_active":false,"_monsterinsights_sitenote_note":"","_monsterinsights_sitenote_category":0,"footnotes":""},"class_list":["post-2594","page","type-page","status-publish","hentry"],"acf":[],"_links":{"self":[{"href":"https:\/\/bio.ufpr.br\/fisiologia\/wp-json\/wp\/v2\/pages\/2594","targetHints":{"allow":["GET"]}}],"collection":[{"href":"https:\/\/bio.ufpr.br\/fisiologia\/wp-json\/wp\/v2\/pages"}],"about":[{"href":"https:\/\/bio.ufpr.br\/fisiologia\/wp-json\/wp\/v2\/types\/page"}],"author":[{"embeddable":true,"href":"https:\/\/bio.ufpr.br\/fisiologia\/wp-json\/wp\/v2\/users\/2001"}],"replies":[{"embeddable":true,"href":"https:\/\/bio.ufpr.br\/fisiologia\/wp-json\/wp\/v2\/comments?post=2594"}],"version-history":[{"count":45,"href":"https:\/\/bio.ufpr.br\/fisiologia\/wp-json\/wp\/v2\/pages\/2594\/revisions"}],"predecessor-version":[{"id":2677,"href":"https:\/\/bio.ufpr.br\/fisiologia\/wp-json\/wp\/v2\/pages\/2594\/revisions\/2677"}],"wp:attachment":[{"href":"https:\/\/bio.ufpr.br\/fisiologia\/wp-json\/wp\/v2\/media?parent=2594"}],"curies":[{"name":"wp","href":"https:\/\/api.w.org\/{rel}","templated":true}]}}