{"id":365,"date":"2018-09-04T14:51:51","date_gmt":"2018-09-04T14:51:51","guid":{"rendered":"https:\/\/bio.ufpr.br\/fisiologia\/?page_id=365"},"modified":"2019-02-12T13:47:07","modified_gmt":"2019-02-12T13:47:07","slug":"missao","status":"publish","type":"page","link":"https:\/\/bio.ufpr.br\/fisiologia\/missao\/","title":{"rendered":"Miss\u00e3o"},"content":{"rendered":"<p style=\"text-align: center\"><span style=\"color: #003366\"><strong>Miss\u00f5es que definem a atua\u00e7\u00e3o de nosso departamento:<\/strong><\/span><\/p>\n<p style=\"text-align: center\"><span style=\"color: #003366\"><strong><em>Promover um ensino de Fisiologia de qualidade nos cursos de gradua\u00e7\u00e3o, contribuindo para forma\u00e7\u00e3o de profissionais que atuar\u00e3o nas \u00e1reas da sa\u00fade, ci\u00eancias biol\u00f3gicas e ci\u00eancias agr\u00e1rias.<\/em><\/strong><\/span><\/p>\n<p style=\"text-align: center\"><span style=\"color: #003366\"><strong><em>Tornar o Programa de P\u00f3s-gradua\u00e7\u00e3o em Fisiologia da UFPR refer\u00eancia no sul do Pa\u00eds, buscando a excel\u00eancia no panorama nacional, com produ\u00e7\u00e3o cient\u00edfica de qualidade e indiv\u00edduos de alta capacita\u00e7\u00e3o para atuar no ensino e na pesquisa. <\/em><\/strong><\/span><\/p>\n<p style=\"text-align: center\"><span style=\"color: #003366\"><strong><em>Atuar na extens\u00e3o universit\u00e1ria promovendo a\u00e7\u00f5es de integra\u00e7\u00e3o do ensino e da pesquisa em Fisiologia com a comunidade interna e externa. Nesse contexto, destaca-se o papel central da Fisiologia como uma ci\u00eancia b\u00e1sica, inserida no ensino fundamental e m\u00e9dio e na vida cotidiana dos indiv\u00edduos.<\/em><\/strong><\/span><\/p>\n<hr \/>\n<p style=\"text-align: center\">\n","protected":false},"excerpt":{"rendered":"<p>Miss\u00f5es que definem a atua\u00e7\u00e3o de nosso departamento: Promover um ensino de Fisiologia de qualidade nos cursos de gradua\u00e7\u00e3o, contribuindo para forma\u00e7\u00e3o de profissionais que atuar\u00e3o nas \u00e1reas da sa\u00fade, ci\u00eancias biol\u00f3gicas e ci\u00eancias agr\u00e1rias. Tornar o Programa de P\u00f3s-gradua\u00e7\u00e3o em Fisiologia da UFPR refer\u00eancia no sul do Pa\u00eds, buscando a excel\u00eancia no panorama nacional, [&hellip;]<\/p>\n","protected":false},"author":6,"featured_media":0,"parent":0,"menu_order":0,"comment_status":"closed","ping_status":"closed","template":"","meta":{"_acf_changed":false,"_monsterinsights_skip_tracking":false,"_monsterinsights_sitenote_active":false,"_monsterinsights_sitenote_note":"","_monsterinsights_sitenote_category":0,"footnotes":""},"class_list":["post-365","page","type-page","status-publish","hentry"],"acf":[],"_links":{"self":[{"href":"https:\/\/bio.ufpr.br\/fisiologia\/wp-json\/wp\/v2\/pages\/365","targetHints":{"allow":["GET"]}}],"collection":[{"href":"https:\/\/bio.ufpr.br\/fisiologia\/wp-json\/wp\/v2\/pages"}],"about":[{"href":"https:\/\/bio.ufpr.br\/fisiologia\/wp-json\/wp\/v2\/types\/page"}],"author":[{"embeddable":true,"href":"https:\/\/bio.ufpr.br\/fisiologia\/wp-json\/wp\/v2\/users\/6"}],"replies":[{"embeddable":true,"href":"https:\/\/bio.ufpr.br\/fisiologia\/wp-json\/wp\/v2\/comments?post=365"}],"version-history":[{"count":75,"href":"https:\/\/bio.ufpr.br\/fisiologia\/wp-json\/wp\/v2\/pages\/365\/revisions"}],"predecessor-version":[{"id":495,"href":"https:\/\/bio.ufpr.br\/fisiologia\/wp-json\/wp\/v2\/pages\/365\/revisions\/495"}],"wp:attachment":[{"href":"https:\/\/bio.ufpr.br\/fisiologia\/wp-json\/wp\/v2\/media?parent=365"}],"curies":[{"name":"wp","href":"https:\/\/api.w.org\/{rel}","templated":true}]}}