{"id":135,"date":"2014-09-22T16:36:25","date_gmt":"2014-09-22T16:36:25","guid":{"rendered":"https:\/\/bio.ufpr.br\/fisioterapia\/?page_id=135"},"modified":"2015-07-09T13:05:29","modified_gmt":"2015-07-09T13:05:29","slug":"projeto-de-orientacao-academica","status":"publish","type":"page","link":"https:\/\/bio.ufpr.br\/fisioterapia\/projeto-de-orientacao-academica\/","title":{"rendered":"Projeto de Orienta\u00e7\u00e3o Acad\u00eamica"},"content":{"rendered":"<p style=\"text-align: center\"><b>PROJETO DE ORIENTA\u00c7\u00c3O ACAD\u00caMICA<\/b><\/p>\n<p>&nbsp;<\/p>\n<p>O Setor de Ci\u00eancias Biol\u00f3gicas conta com uma estrutura administrativa, acad\u00eamica e pedag\u00f3gica que fica \u00e0 disposi\u00e7\u00e3o dos estudantes para orient\u00e1-los em todas as necessidades e demandas. As mesmas visam auxiliar a integra\u00e7\u00e3o do aluno ingressante \u00e0s din\u00e2micas da institui\u00e7\u00e3o e \u00e0s caracter\u00edsticas do ambiente universit\u00e1rio.<\/p>\n<p>&nbsp;<\/p>\n<p>Conhe\u00e7a o <a href=\"https:\/\/bio.ufpr.br\/fisioterapia\/wp-content\/uploads\/sites\/20\/2014\/09\/Projeto-de-Orienta\u00e7\u00e3o-Academica.pdf\" target=\"_blank\">Projeto de Orienta\u00e7\u00e3o Acad\u00eamica<\/a><\/p>\n<p>&nbsp;<\/p>\n<p>Contamos com a COPAC \u2013 Coordena\u00e7\u00e3o de Pol\u00edticas de Acompanhamento e Tutoria, respons\u00e1vel pela implanta\u00e7\u00e3o e gerenciamento do SAT \u2013 Sistema de Acompanhamento Acad\u00eamico e Tutoria; e pela aplica\u00e7\u00e3o de processos de acompanhamento do fluxo escolar e planjemanto pedag\u00f3gico.<\/p>\n<p>&nbsp;<\/p>\n<p>Links &#8211;\u00a0<a href=\"http:\/\/www.prograd.ufpr.br\/coordenadorias.php?org=copac&amp;sec=coordenadorias\" target=\"_blank\">COPAC \u2013 Coordena\u00e7\u00e3o de Pol\u00edticas de Acompanhamento e Tutorial<\/a><\/p>\n","protected":false},"excerpt":{"rendered":"<p>PROJETO DE ORIENTA\u00c7\u00c3O ACAD\u00caMICA &nbsp; O Setor de Ci\u00eancias Biol\u00f3gicas conta com uma estrutura administrativa, acad\u00eamica e pedag\u00f3gica que fica \u00e0 disposi\u00e7\u00e3o dos estudantes para orient\u00e1-los em todas as necessidades e demandas. As mesmas visam auxiliar a integra\u00e7\u00e3o do aluno ingressante \u00e0s din\u00e2micas da institui\u00e7\u00e3o e \u00e0s caracter\u00edsticas do ambiente universit\u00e1rio. &nbsp; Conhe\u00e7a o Projeto [&hellip;]<\/p>\n","protected":false},"author":6,"featured_media":0,"parent":0,"menu_order":0,"comment_status":"open","ping_status":"open","template":"","meta":{"_acf_changed":false,"_monsterinsights_skip_tracking":false,"_monsterinsights_sitenote_active":false,"_monsterinsights_sitenote_note":"","_monsterinsights_sitenote_category":0,"footnotes":""},"class_list":["post-135","page","type-page","status-publish","hentry"],"acf":[],"_links":{"self":[{"href":"https:\/\/bio.ufpr.br\/fisioterapia\/wp-json\/wp\/v2\/pages\/135","targetHints":{"allow":["GET"]}}],"collection":[{"href":"https:\/\/bio.ufpr.br\/fisioterapia\/wp-json\/wp\/v2\/pages"}],"about":[{"href":"https:\/\/bio.ufpr.br\/fisioterapia\/wp-json\/wp\/v2\/types\/page"}],"author":[{"embeddable":true,"href":"https:\/\/bio.ufpr.br\/fisioterapia\/wp-json\/wp\/v2\/users\/6"}],"replies":[{"embeddable":true,"href":"https:\/\/bio.ufpr.br\/fisioterapia\/wp-json\/wp\/v2\/comments?post=135"}],"version-history":[{"count":3,"href":"https:\/\/bio.ufpr.br\/fisioterapia\/wp-json\/wp\/v2\/pages\/135\/revisions"}],"predecessor-version":[{"id":292,"href":"https:\/\/bio.ufpr.br\/fisioterapia\/wp-json\/wp\/v2\/pages\/135\/revisions\/292"}],"wp:attachment":[{"href":"https:\/\/bio.ufpr.br\/fisioterapia\/wp-json\/wp\/v2\/media?parent=135"}],"curies":[{"name":"wp","href":"https:\/\/api.w.org\/{rel}","templated":true}]}}