{"id":158,"date":"2014-09-22T17:07:36","date_gmt":"2014-09-22T17:07:36","guid":{"rendered":"https:\/\/bio.ufpr.br\/fisioterapia\/?page_id=158"},"modified":"2026-04-01T12:22:53","modified_gmt":"2026-04-01T12:22:53","slug":"estagio-curricular","status":"publish","type":"page","link":"https:\/\/bio.ufpr.br\/fisioterapia\/estagio-curricular\/","title":{"rendered":"Est\u00e1gio Curricular"},"content":{"rendered":"<p>Ap\u00f3s finalizar todas as disciplinas obrigat\u00f3rias da grade curricular at\u00e9 o oitavo per\u00edodo, o estudante do Curso de Fisioterapia dever\u00e1 cursar os est\u00e1gios curriculares no nono e d\u00e9cimo per\u00edodos do Curso. O est\u00e1gio curricular deve atender as normas da Coordena\u00e7\u00e3o Geral de Est\u00e1gios da Prograd\/UFPR e com orienta\u00e7\u00f5es da Comiss\u00e3o de Orienta\u00e7\u00e3o de Est\u00e1gios do Curso.<\/p>\n<p><a href=\"https:\/\/bio.ufpr.br\/fisioterapia\/wp-content\/uploads\/sites\/20\/2026\/04\/01.-MANUAL-DE-ORIENTACAO-31-03-26.pdf\"><span style=\"text-decoration: underline\"><strong>Manual de orienta\u00e7\u00e3o de est\u00e1gios 2024-2026<\/strong><\/span><\/a><\/p>\n","protected":false},"excerpt":{"rendered":"<p>Ap\u00f3s finalizar todas as disciplinas obrigat\u00f3rias da grade curricular at\u00e9 o oitavo per\u00edodo, o estudante do Curso de Fisioterapia dever\u00e1 cursar os est\u00e1gios curriculares no nono e d\u00e9cimo per\u00edodos do Curso. O est\u00e1gio curricular deve atender as normas da Coordena\u00e7\u00e3o Geral de Est\u00e1gios da Prograd\/UFPR e com orienta\u00e7\u00f5es da Comiss\u00e3o de Orienta\u00e7\u00e3o de Est\u00e1gios do [&hellip;]<\/p>\n","protected":false},"author":6,"featured_media":0,"parent":0,"menu_order":0,"comment_status":"open","ping_status":"open","template":"","meta":{"_acf_changed":false,"_monsterinsights_skip_tracking":false,"_monsterinsights_sitenote_active":false,"_monsterinsights_sitenote_note":"","_monsterinsights_sitenote_category":0,"footnotes":""},"class_list":["post-158","page","type-page","status-publish","hentry"],"acf":[],"_links":{"self":[{"href":"https:\/\/bio.ufpr.br\/fisioterapia\/wp-json\/wp\/v2\/pages\/158","targetHints":{"allow":["GET"]}}],"collection":[{"href":"https:\/\/bio.ufpr.br\/fisioterapia\/wp-json\/wp\/v2\/pages"}],"about":[{"href":"https:\/\/bio.ufpr.br\/fisioterapia\/wp-json\/wp\/v2\/types\/page"}],"author":[{"embeddable":true,"href":"https:\/\/bio.ufpr.br\/fisioterapia\/wp-json\/wp\/v2\/users\/6"}],"replies":[{"embeddable":true,"href":"https:\/\/bio.ufpr.br\/fisioterapia\/wp-json\/wp\/v2\/comments?post=158"}],"version-history":[{"count":36,"href":"https:\/\/bio.ufpr.br\/fisioterapia\/wp-json\/wp\/v2\/pages\/158\/revisions"}],"predecessor-version":[{"id":3599,"href":"https:\/\/bio.ufpr.br\/fisioterapia\/wp-json\/wp\/v2\/pages\/158\/revisions\/3599"}],"wp:attachment":[{"href":"https:\/\/bio.ufpr.br\/fisioterapia\/wp-json\/wp\/v2\/media?parent=158"}],"curies":[{"name":"wp","href":"https:\/\/api.w.org\/{rel}","templated":true}]}}