{"id":18,"date":"2014-05-27T12:40:25","date_gmt":"2014-05-27T12:40:25","guid":{"rendered":"https:\/\/bio.ufpr.br\/fisioterapia\/?page_id=18"},"modified":"2026-01-20T11:33:11","modified_gmt":"2026-01-20T11:33:11","slug":"contato","status":"publish","type":"page","link":"https:\/\/bio.ufpr.br\/fisioterapia\/contato\/","title":{"rendered":"Contato"},"content":{"rendered":"<p><strong>Coordenadora:<\/strong> Profa. Dra. Maria Goretti Fernandes<\/p>\n<p><strong>Vice-coordenadora:<\/strong> Profa. Dra. Ariani Cavazanni Szkudlarek<\/p>\n<p><strong>Secretaria de Coordena\u00e7\u00e3o do Curso: <\/strong>Rogeman Sousa Santos<\/p>\n<p><strong><em>.<\/em><\/strong><\/p>\n<p><strong>Hor\u00e1rio de atendimento da secretaria:<\/strong><\/p>\n<p>Atendimento das 09:00h \u00e0s 12:00h e das 13h00min \u00e0s 16:00h<\/p>\n<p>Dias de Reuni\u00f5es Internas ou de Colegiado: 3<sup>a<\/sup>s feiras \u00e0 tarde<\/p>\n<p>.<\/p>\n<p><strong>Telefone:<\/strong> (41) 3360-4329<\/p>\n<p><strong>E-mail:<\/strong> <em>cfisio.ufpr@gmail.com\u00a0 \u00a0<\/em>;\u00a0 <em>cfisio@ufpr.br\u00a0<\/em><\/p>\n<p><strong>TEAMS:<\/strong> <em>cfisio@ufpr.br<\/em><\/p>\n<p><strong>SEI:<\/strong> UFPR\/R\/BL\/CCFISIOT<\/p>\n<p>.<\/p>\n<p><strong>Setor de Ci\u00eancias Biol\u00f3gicas &#8211; Departamento de Preven\u00e7\u00e3o e Reabilita\u00e7\u00e3o em Fisioterapia<\/strong><\/p>\n<p><strong>Endere\u00e7o<\/strong>: Rua Cora\u00e7\u00e3o de Maria, 92 | Jardim Bot\u00e2nico | Curitiba | PR | Brasil<br \/>\n<strong>CEP:<\/strong> 80210-132<br \/>\n<strong>Site:<\/strong> <a href=\"http:\/\/bio.ufpr.br\">bio.ufpr.br<\/a><\/p>\n<p>.<\/p>\n<p><b>Linhas de \u00f4nibus<\/b><\/p>\n<ul>\n<li>Inter II<\/li>\n<li>Ligeirinho Centro Polit\u00e9cnico<\/li>\n<li>Universidades<\/li>\n<\/ul>\n","protected":false},"excerpt":{"rendered":"<p>Coordenadora: Profa. Dra. Maria Goretti Fernandes Vice-coordenadora: Profa. Dra. Ariani Cavazanni Szkudlarek Secretaria de Coordena\u00e7\u00e3o do Curso: Rogeman Sousa Santos . Hor\u00e1rio de atendimento da secretaria: Atendimento das 09:00h \u00e0s 12:00h e das 13h00min \u00e0s 16:00h Dias de Reuni\u00f5es Internas ou de Colegiado: 3as feiras \u00e0 tarde . Telefone: (41) 3360-4329 E-mail: cfisio.ufpr@gmail.com\u00a0 \u00a0;\u00a0 cfisio@ufpr.br\u00a0 [&hellip;]<\/p>\n","protected":false},"author":6,"featured_media":0,"parent":0,"menu_order":0,"comment_status":"open","ping_status":"open","template":"","meta":{"_acf_changed":false,"_monsterinsights_skip_tracking":false,"_monsterinsights_sitenote_active":false,"_monsterinsights_sitenote_note":"","_monsterinsights_sitenote_category":0,"footnotes":""},"class_list":["post-18","page","type-page","status-publish","hentry"],"acf":[],"_links":{"self":[{"href":"https:\/\/bio.ufpr.br\/fisioterapia\/wp-json\/wp\/v2\/pages\/18","targetHints":{"allow":["GET"]}}],"collection":[{"href":"https:\/\/bio.ufpr.br\/fisioterapia\/wp-json\/wp\/v2\/pages"}],"about":[{"href":"https:\/\/bio.ufpr.br\/fisioterapia\/wp-json\/wp\/v2\/types\/page"}],"author":[{"embeddable":true,"href":"https:\/\/bio.ufpr.br\/fisioterapia\/wp-json\/wp\/v2\/users\/6"}],"replies":[{"embeddable":true,"href":"https:\/\/bio.ufpr.br\/fisioterapia\/wp-json\/wp\/v2\/comments?post=18"}],"version-history":[{"count":16,"href":"https:\/\/bio.ufpr.br\/fisioterapia\/wp-json\/wp\/v2\/pages\/18\/revisions"}],"predecessor-version":[{"id":3583,"href":"https:\/\/bio.ufpr.br\/fisioterapia\/wp-json\/wp\/v2\/pages\/18\/revisions\/3583"}],"wp:attachment":[{"href":"https:\/\/bio.ufpr.br\/fisioterapia\/wp-json\/wp\/v2\/media?parent=18"}],"curies":[{"name":"wp","href":"https:\/\/api.w.org\/{rel}","templated":true}]}}