{"id":26,"date":"2014-05-27T12:42:09","date_gmt":"2014-05-27T12:42:09","guid":{"rendered":"https:\/\/bio.ufpr.br\/fisioterapia\/?page_id=26"},"modified":"2014-09-22T16:18:10","modified_gmt":"2014-09-22T16:18:10","slug":"formas-de-ingresso","status":"publish","type":"page","link":"https:\/\/bio.ufpr.br\/fisioterapia\/formas-de-ingresso\/","title":{"rendered":"Formas de Ingresso"},"content":{"rendered":"<p>As formas de ingresso nos cursos de gradua\u00e7\u00e3o UFPR s\u00e3o: vestibular, provar e transfer\u00eancia ex-of\u00edcio.<\/p>\n<p>Para mais informa\u00e7\u00f5es\u00a0Clique nos \u00edcones abaixo:<\/p>\n<p>&nbsp;<\/p>\n<ul>\n<li>Vestibular \/ SISU:<\/li>\n<\/ul>\n<p>&nbsp;<\/p>\n<p><a href=\"http:\/\/www.nc.ufpr.br\/index.htm\" target=\"_blank\"><img loading=\"lazy\" decoding=\"async\" alt=\"nc_concursos\" src=\"https:\/\/bio.ufpr.br\/cbio\/wp-content\/uploads\/sites\/3\/2013\/05\/nc_concursos-300x37.jpg\" width=\"300\" height=\"37\" \/><\/a><\/p>\n<p>&nbsp;<\/p>\n<p>&nbsp;<\/p>\n<p>&nbsp;<\/p>\n<ul>\n<li>\u00a0Programa de Ocupa\u00e7\u00e3o de Vagas Remanescente &#8211;\u00a0PROVAR:<\/li>\n<\/ul>\n<ol>\n<li>Mudan\u00e7a de Turno<\/li>\n<li>Aproveitamento de Curso Superior<\/li>\n<li>Complementa\u00e7\u00e3o de Estudos<\/li>\n<li>Reintegra\u00e7\u00e3o de Ex-alunos<\/li>\n<li>Reop\u00e7\u00e3o de Curso<\/li>\n<li>Transfer\u00eancia<\/li>\n<\/ol>\n<p>&nbsp;<\/p>\n<p><a href=\"http:\/\/www.provar.ufpr.br\/\" target=\"_blank\"><img loading=\"lazy\" decoding=\"async\" alt=\"provar\" src=\"https:\/\/bio.ufpr.br\/cbio\/wp-content\/uploads\/sites\/3\/2013\/05\/provar.png\" width=\"150\" height=\"48\" \/><\/a><\/p>\n<p>&nbsp;<\/p>\n<p>&nbsp;<\/p>\n<ul>\n<li><strong>\u00a0<\/strong>Transfer\u00eancia ex-of\u00edcio<\/li>\n<\/ul>\n<p>A transfer\u00eancia ex-of\u00edcio para a UFPR poder\u00e1 ser solicitada por servidores p\u00fablicos civis ou militares, estaduais ou federais, ou seus respectivos dependentes.\u00a0que sejam transferidos ex-of\u00edcio para a cidade de Curitiba-PR e que estejam vinculados a uma Institui\u00e7\u00e3o p\u00fablica\u00a0de ensino superior.<\/p>\n<p>&nbsp;<\/p>\n","protected":false},"excerpt":{"rendered":"<p>As formas de ingresso nos cursos de gradua\u00e7\u00e3o UFPR s\u00e3o: vestibular, provar e transfer\u00eancia ex-of\u00edcio. Para mais informa\u00e7\u00f5es\u00a0Clique nos \u00edcones abaixo: &nbsp; Vestibular \/ SISU: &nbsp; &nbsp; &nbsp; &nbsp; \u00a0Programa de Ocupa\u00e7\u00e3o de Vagas Remanescente &#8211;\u00a0PROVAR: Mudan\u00e7a de Turno Aproveitamento de Curso Superior Complementa\u00e7\u00e3o de Estudos Reintegra\u00e7\u00e3o de Ex-alunos Reop\u00e7\u00e3o de Curso Transfer\u00eancia &nbsp; &nbsp; [&hellip;]<\/p>\n","protected":false},"author":1,"featured_media":0,"parent":0,"menu_order":0,"comment_status":"open","ping_status":"open","template":"","meta":{"_acf_changed":false,"_monsterinsights_skip_tracking":false,"_monsterinsights_sitenote_active":false,"_monsterinsights_sitenote_note":"","_monsterinsights_sitenote_category":0,"footnotes":""},"class_list":["post-26","page","type-page","status-publish","hentry"],"acf":[],"_links":{"self":[{"href":"https:\/\/bio.ufpr.br\/fisioterapia\/wp-json\/wp\/v2\/pages\/26","targetHints":{"allow":["GET"]}}],"collection":[{"href":"https:\/\/bio.ufpr.br\/fisioterapia\/wp-json\/wp\/v2\/pages"}],"about":[{"href":"https:\/\/bio.ufpr.br\/fisioterapia\/wp-json\/wp\/v2\/types\/page"}],"author":[{"embeddable":true,"href":"https:\/\/bio.ufpr.br\/fisioterapia\/wp-json\/wp\/v2\/users\/1"}],"replies":[{"embeddable":true,"href":"https:\/\/bio.ufpr.br\/fisioterapia\/wp-json\/wp\/v2\/comments?post=26"}],"version-history":[{"count":2,"href":"https:\/\/bio.ufpr.br\/fisioterapia\/wp-json\/wp\/v2\/pages\/26\/revisions"}],"predecessor-version":[{"id":128,"href":"https:\/\/bio.ufpr.br\/fisioterapia\/wp-json\/wp\/v2\/pages\/26\/revisions\/128"}],"wp:attachment":[{"href":"https:\/\/bio.ufpr.br\/fisioterapia\/wp-json\/wp\/v2\/media?parent=26"}],"curies":[{"name":"wp","href":"https:\/\/api.w.org\/{rel}","templated":true}]}}