{"id":28,"date":"2014-05-27T12:42:33","date_gmt":"2014-05-27T12:42:33","guid":{"rendered":"https:\/\/bio.ufpr.br\/fisioterapia\/?page_id=28"},"modified":"2025-04-29T21:09:50","modified_gmt":"2025-04-29T21:09:50","slug":"formularios","status":"publish","type":"page","link":"https:\/\/bio.ufpr.br\/fisioterapia\/formularios\/","title":{"rendered":"Formul\u00e1rios e Diploma"},"content":{"rendered":"<p><strong>FORMUL\u00c1RIOS<\/strong><\/p>\n<p><b>1. <a href=\"https:\/\/bio.ufpr.br\/fisioterapia\/wp-content\/uploads\/sites\/20\/2017\/11\/2-Requerimento-Geral.pdf\" target=\"_blank\" rel=\"noopener\">Requerimento Geral<\/a><\/b><\/p>\n<p><del><b>2.\u00a0<a href=\"https:\/\/bio.ufpr.br\/fisioterapia\/wp-content\/uploads\/sites\/20\/2017\/11\/10-Aproveitamento-de-Conhecimento.pdf\">Requerimento de Exame de Aproveitamento de Conhecimento \u2013 Por Reprova\u00e7\u00e3o<\/a><\/b><\/del> (Solicitado diretamente no SIGA, sem necessidade de requerimento)<\/p>\n<p><strong>3.\u00a0<a href=\"https:\/\/bio.ufpr.br\/fisioterapia\/wp-content\/uploads\/sites\/20\/2017\/11\/6-Cancelamento-de-Disciplina.pdf\">Requerimento de Cancelamento de Matr\u00edcula em Disciplinas<\/a> <\/strong>(para solicita\u00e7\u00f5es no per\u00edodo de ajustes de matr\u00edcula quando est\u00e1 abaixo da carga hor\u00e1ria m\u00ednima)<\/p>\n<p><strong>4.\u00a0<a href=\"https:\/\/bio.ufpr.br\/fisioterapia\/wp-content\/uploads\/sites\/20\/2014\/05\/Valida\u00e7\u00e3o-de-disciplinas-de-Interc\u00e2mbio.doc\">Requerimento de Valida\u00e7\u00e3o de disciplinas de Interc\u00e2mbio<\/a><\/strong><\/p>\n<p><strong>5.\u00a0<a href=\"https:\/\/bio.ufpr.br\/fisioterapia\/wp-content\/uploads\/sites\/20\/2017\/11\/4-Disciplina-Isolada.pdf\">Requerimento de Disciplina Isolada<\/a> <\/strong>(solicita\u00e7\u00e3o realizada diretamente ao departamento de fisioterapia: dpr.fisioterapia@ufpr.br)<\/p>\n<p><strong>6.\u00a0<a href=\"https:\/\/bio.ufpr.br\/fisioterapia\/wp-content\/uploads\/sites\/20\/2017\/11\/3-Disciplina-Eletiva.pdf\">Requerimento de Disciplina Eletiva<\/a><\/strong> (solicita\u00e7\u00e3o realizada diretamente ao departamento de fisioterapia: dpr.fisioterapia@ufpr.br)<\/p>\n<p><strong>7.\u00a0<a href=\"https:\/\/bio.ufpr.br\/fisioterapia\/wp-content\/uploads\/sites\/20\/2017\/11\/16-Trancamento-de-curso.pdf\">Requerimento de Trancamento de Curso<\/a><\/strong><\/p>\n<p><strong>8.\u00a0<a href=\"https:\/\/bio.ufpr.br\/fisioterapia\/wp-content\/uploads\/sites\/20\/2017\/11\/7-Equival\u00eancia-de-Disciplina1.pdf\">Requerimento de Equival\u00eancia<\/a> <\/strong>(sugere-se anexar o requerimento preenchido junto ao hist\u00f3rico e ementa da disciplina na solicita\u00e7\u00e3o que \u00e9 realizada diretamente no SIGA)<\/p>\n<p><strong>9.\u00a0<a href=\"https:\/\/bio.ufpr.br\/fisioterapia\/wp-content\/uploads\/sites\/20\/2021\/04\/QUEBRA-DE-PR\u00c9-REQUISITO-Atualizado.doc\">Requerimento de Quebra de Pr\u00e9-requisito<\/a><\/strong><\/p>\n<p><strong>10.<a href=\"https:\/\/bio.ufpr.br\/fisioterapia\/wp-content\/uploads\/sites\/20\/2014\/05\/Segunda-Chamada.doc\">Requerimento de Segunda Chamada<\/a><\/strong> (solicita\u00e7\u00e3o realizada diretamente ao professor ou ao departamento de fisioterapia: dpr.fisioterapia@ufpr.br)<strong><br \/>\n<\/strong><\/p>\n<p><strong>11.<a href=\"https:\/\/bio.ufpr.br\/fisioterapia\/wp-content\/uploads\/sites\/20\/2014\/05\/Licenca-Gestante.doc\">Requerimento de Licenca Gestante<\/a><\/strong><\/p>\n<p><strong>12.\u00a0<a href=\"https:\/\/bio.ufpr.br\/fisioterapia\/wp-content\/uploads\/sites\/20\/2014\/05\/Licenca-Sa\u00fade.doc\">Requerimento Licenca para Tratamento de Sa\u00fade<\/a><\/strong><\/p>\n<p><strong>13. <a href=\"https:\/\/bio.ufpr.br\/fisioterapia\/wp-content\/uploads\/sites\/20\/2014\/05\/FORMUL\u00c1RIOS-PVA-01-e-02-NOVO.doc\">Requerimento PVA<\/a><\/strong> (solicita\u00e7\u00e3o realizada diretamente junto ao professor)<\/p>\n<p><strong>14. <a href=\"http:\/\/www.prograd.ufpr.br\/portal\/copap\/wp-content\/uploads\/sites\/2\/2021\/09\/Requerimento-de-cancelamento-de-registro-1.pdf\">Requerimento de Cancelamento de Registro Acad\u00eamico<\/a><\/strong><\/p>\n<p>&nbsp;<\/p>\n<p><strong>DIPLOMA<br \/>\n<\/strong>Novos procedimentos para solicita\u00e7\u00e3o de diplomas:<strong>\u00a0<a href=\"https:\/\/bio.ufpr.br\/fisioterapia\/diploma\">Clique aqui para mais informa\u00e7\u00f5es<\/a><\/strong><\/p>\n<p>&nbsp;<\/p>\n<p><strong>PROCEDIMENTOS ACAD\u00caMICOS: <a href=\"https:\/\/bio.ufpr.br\/fisioterapia\/solicitacoes-academicas-procedimentos\/\">Clique aqui para maiores informa\u00e7\u00f5es<\/a><\/strong><\/p>\n<p>&nbsp;<\/p>\n","protected":false},"excerpt":{"rendered":"<p>FORMUL\u00c1RIOS 1. Requerimento Geral 2.\u00a0Requerimento de Exame de Aproveitamento de Conhecimento \u2013 Por Reprova\u00e7\u00e3o (Solicitado diretamente no SIGA, sem necessidade de requerimento) 3.\u00a0Requerimento de Cancelamento de Matr\u00edcula em Disciplinas (para solicita\u00e7\u00f5es no per\u00edodo de ajustes de matr\u00edcula quando est\u00e1 abaixo da carga hor\u00e1ria m\u00ednima) 4.\u00a0Requerimento de Valida\u00e7\u00e3o de disciplinas de Interc\u00e2mbio 5.\u00a0Requerimento de Disciplina Isolada [&hellip;]<\/p>\n","protected":false},"author":6,"featured_media":0,"parent":0,"menu_order":0,"comment_status":"open","ping_status":"open","template":"","meta":{"_acf_changed":false,"_monsterinsights_skip_tracking":false,"_monsterinsights_sitenote_active":false,"_monsterinsights_sitenote_note":"","_monsterinsights_sitenote_category":0,"footnotes":""},"class_list":["post-28","page","type-page","status-publish","hentry"],"acf":[],"_links":{"self":[{"href":"https:\/\/bio.ufpr.br\/fisioterapia\/wp-json\/wp\/v2\/pages\/28","targetHints":{"allow":["GET"]}}],"collection":[{"href":"https:\/\/bio.ufpr.br\/fisioterapia\/wp-json\/wp\/v2\/pages"}],"about":[{"href":"https:\/\/bio.ufpr.br\/fisioterapia\/wp-json\/wp\/v2\/types\/page"}],"author":[{"embeddable":true,"href":"https:\/\/bio.ufpr.br\/fisioterapia\/wp-json\/wp\/v2\/users\/6"}],"replies":[{"embeddable":true,"href":"https:\/\/bio.ufpr.br\/fisioterapia\/wp-json\/wp\/v2\/comments?post=28"}],"version-history":[{"count":28,"href":"https:\/\/bio.ufpr.br\/fisioterapia\/wp-json\/wp\/v2\/pages\/28\/revisions"}],"predecessor-version":[{"id":3495,"href":"https:\/\/bio.ufpr.br\/fisioterapia\/wp-json\/wp\/v2\/pages\/28\/revisions\/3495"}],"wp:attachment":[{"href":"https:\/\/bio.ufpr.br\/fisioterapia\/wp-json\/wp\/v2\/media?parent=28"}],"curies":[{"name":"wp","href":"https:\/\/api.w.org\/{rel}","templated":true}]}}