{"id":30,"date":"2014-05-27T12:43:13","date_gmt":"2014-05-27T12:43:13","guid":{"rendered":"https:\/\/bio.ufpr.br\/fisioterapia\/?page_id=30"},"modified":"2024-06-26T18:14:10","modified_gmt":"2024-06-26T18:14:10","slug":"galeria-de-coordenadores","status":"publish","type":"page","link":"https:\/\/bio.ufpr.br\/fisioterapia\/galeria-de-coordenadores\/","title":{"rendered":"Galeria de Coordenadores"},"content":{"rendered":"<p style=\"text-align: center\"><b>GALERIA DE COORDENADORES<\/b><\/p>\n<p><strong>Gest\u00e3o 2024-2026<\/strong><\/p>\n<p><strong>Coordenadora:<\/strong> Profa. Dra. Maria Goretti Fernandes<\/p>\n<p><strong>Vice-Coordenadora:<\/strong> Profa. Ariani Cavazzani Szkudlarek<\/p>\n<p>.<\/p>\n<p><strong>Gest\u00e3o 2022-2024<\/strong><\/p>\n<p><strong>Coordenadora:<\/strong> Profa. Dra. Nat\u00e1lia Boneti Moreira<\/p>\n<p><strong>Vice-Coordenadora:<\/strong> Profa. Dra. S\u00edlvia Let\u00edcia Pav\u00e3o Rago (2022 &#8211; 2023)<\/p>\n<p><strong>Vice-Coordenadora:<\/strong>\u00a0Profa.\u00a0Ariani Cavazzani Szkudlarek\u00a0(2023 \u2013 2024)<\/p>\n<p>.<\/p>\n<p><b>Gest\u00e3o 2020-2022<\/b><\/p>\n<p><strong>Coordenadora:<\/strong>\u00a0Profa. Dra. Talita Gianello Gnoato Zotz<\/p>\n<p><strong>Vice-Coordenadora:<\/strong> Profa. Dra. Nat\u00e1lia Boneti Moreira<\/p>\n<p>.<\/p>\n<p><b>Gest\u00e3o 2018-2020<\/b><\/p>\n<p><strong>Coordenadora:<\/strong> Profa. Dra. Ana Marcia Delattre Zocolotti<\/p>\n<p><strong>Vice-Coordenadora:<\/strong>\u00a0Profa. Dra. Talita Gianello Gnoato Zotz<\/p>\n<p>.<\/p>\n<p><b>\u00a0Gest\u00e3o 2016-2018<\/b><\/p>\n<p><strong>Coordenadora:<\/strong> Profa. Dra. Arlete Ana Motter<\/p>\n<p><strong>Vice-Coordenadora:<\/strong> Profa. Dra. Ana Marcia Delattre Zocolotti<\/p>\n<p>.<\/p>\n<p><b>Gest\u00e3o 2014-2016<\/b><\/p>\n<p><b>Coordenadora: <\/b>Profa. Dra. Vera Lucia Israel<\/p>\n<p><b>Vice-Coordenador: <\/b>Prof. Dr. Manoel Carlos Toth Quintilham<\/p>\n<p>.<\/p>\n<p><b>Gest\u00e3o Pro Tempore Outubro\/2013 a Junho\/14<\/b><\/p>\n<p><b>Coordenadora:<\/b> Profa. Dra. Raciele Ivandra Guarda Korelo<\/p>\n","protected":false},"excerpt":{"rendered":"<p>GALERIA DE COORDENADORES Gest\u00e3o 2024-2026 Coordenadora: Profa. Dra. Maria Goretti Fernandes Vice-Coordenadora: Profa. Ariani Cavazzani Szkudlarek . Gest\u00e3o 2022-2024 Coordenadora: Profa. Dra. Nat\u00e1lia Boneti Moreira Vice-Coordenadora: Profa. Dra. S\u00edlvia Let\u00edcia Pav\u00e3o Rago (2022 &#8211; 2023) Vice-Coordenadora:\u00a0Profa.\u00a0Ariani Cavazzani Szkudlarek\u00a0(2023 \u2013 2024) . Gest\u00e3o 2020-2022 Coordenadora:\u00a0Profa. Dra. Talita Gianello Gnoato Zotz Vice-Coordenadora: Profa. Dra. Nat\u00e1lia Boneti Moreira [&hellip;]<\/p>\n","protected":false},"author":6,"featured_media":0,"parent":0,"menu_order":0,"comment_status":"open","ping_status":"open","template":"","meta":{"_acf_changed":false,"_monsterinsights_skip_tracking":false,"_monsterinsights_sitenote_active":false,"_monsterinsights_sitenote_note":"","_monsterinsights_sitenote_category":0,"footnotes":""},"class_list":["post-30","page","type-page","status-publish","hentry"],"acf":[],"_links":{"self":[{"href":"https:\/\/bio.ufpr.br\/fisioterapia\/wp-json\/wp\/v2\/pages\/30","targetHints":{"allow":["GET"]}}],"collection":[{"href":"https:\/\/bio.ufpr.br\/fisioterapia\/wp-json\/wp\/v2\/pages"}],"about":[{"href":"https:\/\/bio.ufpr.br\/fisioterapia\/wp-json\/wp\/v2\/types\/page"}],"author":[{"embeddable":true,"href":"https:\/\/bio.ufpr.br\/fisioterapia\/wp-json\/wp\/v2\/users\/6"}],"replies":[{"embeddable":true,"href":"https:\/\/bio.ufpr.br\/fisioterapia\/wp-json\/wp\/v2\/comments?post=30"}],"version-history":[{"count":11,"href":"https:\/\/bio.ufpr.br\/fisioterapia\/wp-json\/wp\/v2\/pages\/30\/revisions"}],"predecessor-version":[{"id":3271,"href":"https:\/\/bio.ufpr.br\/fisioterapia\/wp-json\/wp\/v2\/pages\/30\/revisions\/3271"}],"wp:attachment":[{"href":"https:\/\/bio.ufpr.br\/fisioterapia\/wp-json\/wp\/v2\/media?parent=30"}],"curies":[{"name":"wp","href":"https:\/\/api.w.org\/{rel}","templated":true}]}}