{"id":3461,"date":"2025-03-27T17:35:24","date_gmt":"2025-03-27T17:35:24","guid":{"rendered":"https:\/\/bio.ufpr.br\/fisioterapia\/?page_id=3461"},"modified":"2025-12-10T15:46:27","modified_gmt":"2025-12-10T15:46:27","slug":"solicitacoes-academicas-procedimentos","status":"publish","type":"page","link":"https:\/\/bio.ufpr.br\/fisioterapia\/solicitacoes-academicas-procedimentos\/","title":{"rendered":"Solicita\u00e7\u00f5es Acad\u00eamicas &#8211; Procedimentos"},"content":{"rendered":"<p>As solicita\u00e7\u00f5es abaixo devem e s\u00f3 podem ser realizadas nos prazos estabelecidos em <a href=\"https:\/\/bio.ufpr.br\/fisioterapia\/wp-content\/uploads\/sites\/20\/2025\/03\/RESOLUCAO-No-19-24-CEPE-1.pdf\">calend\u00e1rio acad\u00eamico vigente<\/a>.<\/p>\n<p>COMO REALIZAR SOLICITA\u00c7\u00d5ES NO SIGA, acesse o Bloco I &#8220;alunos e alunas&#8221;: <a href=\"https:\/\/ufpraberta.ufpr.br\/course\/view.php?id=9\">https:\/\/ufpraberta.ufpr.br\/course\/view.php?id=9<\/a><\/p>\n<p>&nbsp;<\/p>\n<p><span style=\"color: #008000\"><strong>SOLICITA\u00c7\u00d5ES ACAD\u00caMICAS:<\/strong><\/span><\/p>\n<p><strong>ADIANTAMENTO DE CONHECIMENTO\u00a0<\/strong>\u2013 Para alunos que n\u00e3o cursaram a disciplina, mas comprovem possuir dom\u00ednio de conhecimento do conte\u00fado. A solicita\u00e7\u00e3o deve acompanhar documentos comprobat\u00f3rios e serem anexados no requerimento feito diretamente no SIGA. Recomenda-se que anexe o <a href=\"https:\/\/bio.ufpr.br\/fisioterapia\/wp-content\/uploads\/sites\/20\/2025\/03\/2-Requerimento-Geral-1.pdf\">formul\u00e1rio<\/a> preenchido com a justificativa do pedido al\u00e9m dos documentos que comprovem o conhecimento. O aluno deve consultar a aba &#8220;exames&#8221; do SIGA para verificar a data da prova marcada no caso de deferimento da solicita\u00e7\u00e3o.<\/p>\n<p><strong>APROVEITAMENTO DE CONHECIMENTO\u00a0<\/strong>\u2013 Para alunos que reprovaram na disciplina por nota e obtiveram frequ\u00eancia igual ou superior a 75%. Permitido solicitar o exame uma \u00fanica vez na mesma disciplina e s\u00e3o poss\u00edveis no m\u00e1ximo duas solicita\u00e7\u00f5es por semestre.\u00a0 A solicita\u00e7\u00e3o \u00e9 feita no SIGA. O aluno deve consultar a aba &#8220;exames&#8221; do SIGA para verificar a data da prova marcada no caso de deferimento da solicita\u00e7\u00e3o.<\/p>\n<p><strong>EQUIVAL\u00caNCIA DE DISCIPLINAS <\/strong>\u2013 Quando o discente j\u00e1 cursou em outra universidade disciplina igual\/semelhante \u00e0 alguma disciplina do curso \u00e9 poss\u00edvel a solicita\u00e7\u00e3o de lan\u00e7amento de equival\u00eancia. Somente alunos calouros ou retornando de mobilidade acad\u00eamica tem direito de solicitar. A solicita\u00e7\u00e3o \u00e9 feita via SIGA e os documentos anexados como hist\u00f3rico escolar e ementas das disciplinas devem ser arquivos originais (autenticados, com carimbo ou autentica\u00e7\u00e3o eletr\u00f4nica).<\/p>\n<p>Base: <a href=\"https:\/\/bio.ufpr.br\/fisioterapia\/wp-content\/uploads\/sites\/20\/2025\/03\/res-92-13-cepe-alteracao-resolucao-0610-alterado-pela-res-39-18.pdf\">Resolu\u00e7\u00e3o. n\u00ba 92\/13 \u2013 CEPE<\/a> e <a href=\"https:\/\/bio.ufpr.br\/fisioterapia\/wp-content\/uploads\/sites\/20\/2025\/03\/instrucao-normativa-prograd-no-01-14.pdf\">IN n\u00ba 01\/14 \u2013 PROGRAD<\/a><\/p>\n<p>&nbsp;<\/p>\n<p><strong>DISPENSA DE PR\u00c9 OU CO-REQUISITO <\/strong>\u2013 Antes do per\u00edodo de solicita\u00e7\u00f5es de matr\u00edcula, at\u00e9 o fim do per\u00edodo de ajustes pela coordena\u00e7\u00e3o \u00e9 poss\u00edvel solicitar \u00e0 dispensa de pr\u00e9 ou co-requisitos de disciplinas do curso. A solicita\u00e7\u00e3o deve ser encaminhada \u00e0 coordena\u00e7\u00e3o do Curso por e-mail, enviando o <a href=\"https:\/\/bio.ufpr.br\/fisioterapia\/wp-content\/uploads\/sites\/20\/2025\/03\/QUEBRA-DE-PRE-REQUISITO-Atualizado.doc\">requerimento<\/a> preenchido. A Coordena\u00e7\u00e3o encaminhar\u00e1 ao docente respons\u00e1vel pela disciplina para dar o parecer sobre a solicita\u00e7\u00e3o. O parecer do professor \u00e9 endossado e homologado pelo colegiado de curso e o aluno \u00e9 informado do parecer. Caso o parecer seja de deferimento, o aluno deve solicitar \u00e0 Coordena\u00e7\u00e3o do Curso (no per\u00edodo de ajustes de matr\u00edcula) a matr\u00edcula na disciplina cuja quebra foi aceita.<\/p>\n<p>Base: <a href=\"https:\/\/bio.ufpr.br\/fisioterapia\/wp-content\/uploads\/sites\/20\/2025\/03\/resolucao_cepe_29092010-489.pdf\">Resolu\u00e7\u00e3o 63\/10 &#8211; CEPE<\/a><\/p>\n<p>&nbsp;<\/p>\n<p><strong>MATR\u00cdCULA EM DISCIPINAS <\/strong>\u2013 Antes do in\u00edcio de cada semestre letivo, os discentes devem realizar as solicita\u00e7\u00f5es de matr\u00edcula via SIGA. S\u00e3o tr\u00eas os prazos previstos em calend\u00e1rios para que as matr\u00edculas sejam realizadas:<\/p>\n<p>1\u00ba prazo: Solicita\u00e7\u00f5es de matr\u00edcula s\u00e3o realizadas pelos discentes no SIGA e o sistema processa as matr\u00edculas;<\/p>\n<p>2\u00ba prazo: Os discentes podem solicitar via SIGA ajustes de matr\u00edcula nas disciplinas. As solicita\u00e7\u00f5es s\u00e3o recebidas pela coordena\u00e7\u00e3o e realizados os ajustes;<\/p>\n<p>Obs: O SIGA estabelece, atrav\u00e9s de um algoritmo, as prioridades de matr\u00edcula, portanto, \u00e0 medida que as solicita\u00e7\u00f5es de matr\u00edcula s\u00e3o realizadas, \u00e9 indicada no SIGA a posi\u00e7\u00e3o atual que o discente encontra-se na fila (a posi\u00e7\u00e3o \u00e9 atualizada automativamente at\u00e9 o fim do prazo de matr\u00edculas);<\/p>\n<p>3\u00ba prazo: Passado os per\u00edodos de solicita\u00e7\u00e3o e ajuste via SIGA, existe um per\u00edodo onde a Coordena\u00e7\u00e3o do Curso pode realizar ajustes manualmente. Neste per\u00edodo o discente faz a solicita\u00e7\u00e3o diretamente \u00e0 Cooordena\u00e7\u00e3o do Curso, via e-mail, e a coordena\u00e7\u00e3o ajusta conforme o pedido, se houver vagas dispon\u00edveis nas turmas;<\/p>\n<ul>\n<li>Recomenda-se que as solicita\u00e7\u00f5es de matr\u00edculas sejam feitas o mais antecipadamente poss\u00edvel para ter mais chances de vagas em disciplinas optativas ou turmas espec\u00edficas;<\/li>\n<li>As disciplinas obrigat\u00f3rias tem vaga garantida a todos so alunos do curso;<\/li>\n<\/ul>\n<p><strong>CANCELAMENTO DE MATR\u00cdCULA EM DISCIPLINAS <\/strong>\u2013 A solicita\u00e7\u00e3o \u00e9 feita diretamente no SIGA e podem solicitar o cancelamento de disciplinas os discentes que n\u00e3o estejam com carga horaria m\u00ednima de disciplinas matriculadas (18h semanais). Os discentes que estiverem com CH m\u00ednima e precisarem cancelar alguma disciplina, dever\u00e3o encaminhar por e-mail <a href=\"https:\/\/bio.ufpr.br\/fisioterapia\/wp-content\/uploads\/sites\/20\/2025\/03\/2-Requerimento-Geral-1.pdf\">formul\u00e1rio<\/a> preenchido \u00e0 coordena\u00e7\u00e3o do Curso solicitando a permiss\u00e3o para o cancelamento da disciplina. Caso a solicita\u00e7\u00e3o seja deferida, o cancelamento \u00e9 feito manualmente pela Coordena\u00e7\u00e3o do Curso.<\/p>\n<p><strong>MATR\u00cdCULA EM DISCIPINAS ELETIVAS E ISOLADAS <\/strong>\u2013 O interessado deve entrar em contato com o Departamento respons\u00e1vel pela disciplina de interesse para verificar a possibilidade de matr\u00edcula nas disciplinas que n\u00e3o aparecem no SIGA para solicita\u00e7\u00e3o. Visto que o prazo para ambas solicita\u00e7\u00f5es \u00e9 curto, recomenda-se que seja feito o contato o mais pr\u00f3ximo poss\u00edvel do prazo para que a situa\u00e7\u00e3o seja analisada.<\/p>\n<p><strong>SOLICITA\u00c7\u00c3O DE SEGUNDA CHAMADA <\/strong>\u2013 \u00c9 assegurado o direito \u00e0 segunda chamada ao aluno que n\u00e3o tenha comparecido \u00e0 avalia\u00e7\u00e3o do rendimento escolar, exceto na segunda avalia\u00e7\u00e3o final, nos casos previstos na Resolu\u00e7\u00e3o 37\/97, art. 106. O aluno ou seu representante dever\u00e1 requerer ao docente respons\u00e1vel pela disciplina ou ao departamento a segunda chamada no prazo de 5 (cinco) dias \u00fateis, contados a partir da data da realiza\u00e7\u00e3o da avalia\u00e7\u00e3o do rendimento escolar, apresentando a documenta\u00e7\u00e3o comprobat\u00f3ria correspondente.<\/p>\n<p>Base: <a href=\"https:\/\/bio.ufpr.br\/fisioterapia\/wp-content\/uploads\/sites\/20\/2025\/03\/Res.-37-97-CEPE.pdf\">Resolu\u00e7\u00e3o 37\/97 &#8211; CEPE<\/a><\/p>\n<p>&nbsp;<\/p>\n<p><strong>SOLICITA\u00c7\u00c3O DE EST\u00c1GIO N\u00c3O-OBRIGAT\u00d3RIO <\/strong>\u2013 Deve-se consultar o regulamento de est\u00e1gios, na se\u00e7\u00e3o espec\u00edfica, para verificar os requisitos, prazos e procedimentos que devem ser realizados. Recomenda-se que o discente busque orienta\u00e7\u00e3o da COE &#8211; Comiss\u00e3o Orientadora de Est\u00e1gios (<span style=\"color: #0000ff\">coeufpr@gmail.com<\/span>) para maiores informa\u00e7\u00f5es.<\/p>\n<p>Base: <a href=\"https:\/\/bio.ufpr.br\/fisioterapia\/wp-content\/uploads\/sites\/20\/2025\/01\/REGULAMENTO-E-MANUAL-DE-ORIENTACAO-23.01.25-estagio-pronto.pdf\">Manual de orienta\u00e7\u00e3o de est\u00e1gios<\/a><\/p>\n<p>&nbsp;<\/p>\n<p><strong>SOLICITA\u00c7\u00c3O DE CREDITA\u00c7\u00c3O DE EXTENS\u00c3O (ALUNOS GRR2023 OU MAIS NOVOS) <\/strong>\u2013 Os discentes podem solicitar a credita\u00e7\u00e3o das horas de extens\u00e3o seguindo os passos apresentados no PDF: <a href=\"https:\/\/bio.ufpr.br\/fisioterapia\/wp-content\/uploads\/sites\/20\/2025\/03\/Como-solicitar-ACE-III-IV-e-V.pdf\">https:\/\/bio.ufpr.br\/fisioterapia\/wp-content\/uploads\/sites\/20\/2025\/03\/Como-solicitar-ACE-III-IV-e-V.pdf<\/a><\/p>\n<p>Obs: Disciplinas com carga hor\u00e1ria extensionista cursadas na UFPR ser\u00e3o automaticamente creditadas (ACE I e II)<\/p>\n<p>Base: <a href=\"http:\/\/www.proec.ufpr.br\/download\/extensao\/2021\/RESOLUcaO-N-86-2020-CEPE.pdf\">Resolu\u00e7\u00e3o 86\/20 &#8211; CEPE<\/a><\/p>\n<p>&nbsp;<\/p>\n<p><strong>TRANCAMENTO DE CURSO <\/strong>\u2013 \u00c9 a interrup\u00e7\u00e3o do curso\/atividades acad\u00eamicas. A solicita\u00e7\u00e3o \u00e9 realizada diretamente no SIGA. O 1\u00ba trancamento \u00e9 imotivado; o 2\u00ba e 3\u00ba trancamento devem passar por an\u00e1lise do Colegiado do Curso para aprova\u00e7\u00e3o ou reprova\u00e7\u00e3o da solicita\u00e7\u00e3o. O trancamento dura entre um e dois semestres e ao fim do trancamento o aluno retorna automaticamente \u00e0 situa\u00e7\u00e3o de &#8220;registro ativo&#8221;, tendo, portanto, que solicitar matr\u00edcula nas disciplinas ao fim do trancamento. Os alunos que n\u00e3o solicitarem matr\u00edcula ao fim do trancamento ser\u00e3o lan\u00e7ados em abandono de curso passando \u00e0 situa\u00e7\u00e3o de &#8220;evas\u00e3o&#8221; perdendo o v\u00ednculo com a UFPR.<\/p>\n<p>Base: <a href=\"https:\/\/bio.ufpr.br\/fisioterapia\/wp-content\/uploads\/sites\/20\/2025\/03\/resolucao_in_12052016-1140.pdf\">Instru\u00e7\u00e3o normativa 01\/16 &#8211; PROGRAD<\/a><\/p>\n<p>&nbsp;<\/p>\n<p><strong>CANCELAMENTO DE REGISTRO ACAD\u00caMICO <\/strong>\u2013 \u00c9 a extin\u00e7\u00e3o do v\u00ednculo com a UFPR por decis\u00e3o pr\u00f3pria de abandono ou motivada por transfer\u00eancia de Universidade. O discente pode solicitar a qualquer tempo (n\u00e3o h\u00e1 prazo espec\u00edfico em calend\u00e1rio). A solicita\u00e7\u00e3o \u00e9 feita encaminhando o <a href=\"https:\/\/bio.ufpr.br\/fisioterapia\/wp-content\/uploads\/sites\/20\/2025\/03\/Requerimento-de-cancelamento-de-registro-1-1.pdf\">formul\u00e1rio de cancelamento de registro<\/a> preenchido e um documento oficial com foto ao e-mail da coordena\u00e7\u00e3o do curso. A coordena\u00e7\u00e3o encaminhar\u00e1 o formul\u00e1rio \u00e0 COPAP\/SOCV para os tr\u00e2mites de cancelamento e encaminhar\u00e1 o hist\u00f3rico escolar depois de realizado o cancelamento do registro. A a\u00e7\u00e3o \u00e9 irrevers\u00edvel.<\/p>\n<p>Base: <a href=\"https:\/\/bio.ufpr.br\/fisioterapia\/wp-content\/uploads\/sites\/20\/2025\/03\/Res.-37-97-CEPE.pdf\">Resolu\u00e7\u00e3o 37\/97 &#8211; CEPE<\/a><\/p>\n<p>&nbsp;<\/p>\n","protected":false},"excerpt":{"rendered":"<p>As solicita\u00e7\u00f5es abaixo devem e s\u00f3 podem ser realizadas nos prazos estabelecidos em calend\u00e1rio acad\u00eamico vigente. COMO REALIZAR SOLICITA\u00c7\u00d5ES NO SIGA, acesse o Bloco I &#8220;alunos e alunas&#8221;: https:\/\/ufpraberta.ufpr.br\/course\/view.php?id=9 &nbsp; SOLICITA\u00c7\u00d5ES ACAD\u00caMICAS: ADIANTAMENTO DE CONHECIMENTO\u00a0\u2013 Para alunos que n\u00e3o cursaram a disciplina, mas comprovem possuir dom\u00ednio de conhecimento do conte\u00fado. A solicita\u00e7\u00e3o deve acompanhar documentos [&hellip;]<\/p>\n","protected":false},"author":25,"featured_media":0,"parent":0,"menu_order":0,"comment_status":"closed","ping_status":"closed","template":"","meta":{"_acf_changed":false,"_monsterinsights_skip_tracking":false,"_monsterinsights_sitenote_active":false,"_monsterinsights_sitenote_note":"","_monsterinsights_sitenote_category":0,"footnotes":""},"class_list":["post-3461","page","type-page","status-publish","hentry"],"acf":[],"_links":{"self":[{"href":"https:\/\/bio.ufpr.br\/fisioterapia\/wp-json\/wp\/v2\/pages\/3461","targetHints":{"allow":["GET"]}}],"collection":[{"href":"https:\/\/bio.ufpr.br\/fisioterapia\/wp-json\/wp\/v2\/pages"}],"about":[{"href":"https:\/\/bio.ufpr.br\/fisioterapia\/wp-json\/wp\/v2\/types\/page"}],"author":[{"embeddable":true,"href":"https:\/\/bio.ufpr.br\/fisioterapia\/wp-json\/wp\/v2\/users\/25"}],"replies":[{"embeddable":true,"href":"https:\/\/bio.ufpr.br\/fisioterapia\/wp-json\/wp\/v2\/comments?post=3461"}],"version-history":[{"count":6,"href":"https:\/\/bio.ufpr.br\/fisioterapia\/wp-json\/wp\/v2\/pages\/3461\/revisions"}],"predecessor-version":[{"id":3581,"href":"https:\/\/bio.ufpr.br\/fisioterapia\/wp-json\/wp\/v2\/pages\/3461\/revisions\/3581"}],"wp:attachment":[{"href":"https:\/\/bio.ufpr.br\/fisioterapia\/wp-json\/wp\/v2\/media?parent=3461"}],"curies":[{"name":"wp","href":"https:\/\/api.w.org\/{rel}","templated":true}]}}