{"id":38,"date":"2014-05-27T12:45:45","date_gmt":"2014-05-27T12:45:45","guid":{"rendered":"https:\/\/bio.ufpr.br\/fisioterapia\/?page_id=38"},"modified":"2024-05-15T16:06:57","modified_gmt":"2024-05-15T16:06:57","slug":"links-interessantes","status":"publish","type":"page","link":"https:\/\/bio.ufpr.br\/fisioterapia\/links-interessantes\/","title":{"rendered":"Links Interessantes"},"content":{"rendered":"<p style=\"text-align: center\"><b>LINKS INTERESSANTES<\/b><\/p>\n<p style=\"text-align: center\"><b><\/b><b>\u00a0<\/b><\/p>\n<p style=\"text-align: center\"><b>ABENFISIO- Associa\u00e7\u00e3o Brasileira de Ensino em Fisioterapia<\/b><\/p>\n<p style=\"text-align: center\"><a href=\"http:\/\/abenfisio.com.br\/\"><span style=\"text-decoration: underline\">www.abenfisio.com.br<\/span><\/a><b><\/b><\/p>\n<p style=\"text-align: center\"><b>\u00a0<\/b><\/p>\n<p style=\"text-align: center\"><b>ABFO \u2013 Associa\u00e7\u00e3o Brasileira de Fisioterapeutas Osteopatas <\/b><\/p>\n<p style=\"text-align: center\"><a href=\"http:\/\/www.abfo.fst.br\/\">www.abfo.fst.br<\/a><\/p>\n<p style=\"text-align: center\"><b>\u00a0<\/b><\/p>\n<p style=\"text-align: center\"><b>ABFO \u2013 Associa\u00e7\u00e3o Brasileira de Fisioterapia em Onconlogia <\/b><\/p>\n<p style=\"text-align: center\"><a href=\"http:\/\/www.abfo.org.br\/\">www.abfo.org.br<\/a><\/p>\n<p style=\"text-align: center\"><b>\u00a0<\/b><\/p>\n<p style=\"text-align: center\"><b>ABRADIMENE \u2013 Associa\u00e7\u00e3o Brasileira de Fisioterapia em Neurologia para o Desenvolvimento e Divulga\u00e7\u00e3o dos Conceitos Neurofuncionais <\/b><\/p>\n<p style=\"text-align: center\"><a href=\"http:\/\/www.abradimene.org%2Cbr\/\">www.abradimene.org,br<\/a><\/p>\n<p style=\"text-align: center\"><b><span style=\"text-decoration: underline\">\u00a0<\/span><\/b><\/p>\n<p style=\"text-align: center\"><b><span style=\"text-decoration: underline\">ABRAFIDEF \u2013 Associa\u00e7\u00e3o Brasileira de Fisioterapia Dermato Funcional <\/span><\/b><\/p>\n<p style=\"text-align: center\"><a href=\"http:\/\/www.abrafidef.org.br\/\">www.abrafidef.org.br<\/a><b><\/b><\/p>\n<p style=\"text-align: center\"><b>\u00a0<\/b><\/p>\n<p style=\"text-align: center\"><b>ABRAFIN \u2013 Associa\u00e7\u00e3o Brasileira de Fisioterapia Neurofuncional <\/b><\/p>\n<p style=\"text-align: center\"><a href=\"http:\/\/www.abrafin.org.br\/\">www.abrafin.org.br<\/a><\/p>\n<p style=\"text-align: center\"><b><span style=\"text-decoration: underline\">\u00a0<\/span><\/b><\/p>\n<p style=\"text-align: center\"><b><span style=\"text-decoration: underline\">ABRAFISM \u2013 Associa\u00e7\u00e3o Brasileira de Fisioterapia em Sa\u00fade da Mulher <\/span><\/b><\/p>\n<p style=\"text-align: center\"><a href=\"http:\/\/www.abrafism.org.br\/\">www.abrafism.org.br<\/a><b><\/b><\/p>\n<p style=\"text-align: center\"><b>\u00a0<\/b><\/p>\n<p style=\"text-align: center\"><b>ABRAFIT \u2013 Associa\u00e7\u00e3o Brasileira de Fisioterapia do Trabalho<\/b> <span style=\"text-decoration: underline\"><a href=\"http:\/\/abrafit.fst.br\/\">www.abrafit.fst.br<\/a><b><\/b><\/span><\/p>\n<p style=\"text-align: center\"><span style=\"text-decoration: underline\">\u00a0<\/span><\/p>\n<p style=\"text-align: center\"><b>\u00a0<\/b><\/p>\n<p style=\"text-align: center\"><b>AFB \u2013 Associa\u00e7\u00e3o de Fisioterapeutas do Brasil <\/b><\/p>\n<p style=\"text-align: center\"><a href=\"http:\/\/www.afb.org.br\"><span style=\"text-decoration: underline\">www.afb.org.br<\/span><\/a><\/p>\n<p style=\"text-align: center\"><b>\u00a0<\/b><\/p>\n<p style=\"text-align: center\"><b>Assessoria de Rela\u00e7\u00f5es Internacionais (Mobilidade Acad\u00eamica) <\/b><\/p>\n<p style=\"text-align: center\"><a href=\"http:\/\/www.internacional.ufpr.br\/\">http:\/\/www.internacional.ufpr.br\/<\/a><b><\/b><\/p>\n<p style=\"text-align: center\"><b>\u00a0<\/b><\/p>\n<p style=\"text-align: center\"><b>ASSOBRAFIR \u2013 Associa\u00e7\u00e3o Brasileira de Fisioterapia Cardiorrespirat\u00f3ria e Terapia Intensiva <\/b><\/p>\n<p style=\"text-align: center\"><a href=\"http:\/\/www.assobrafir.com.br\"><span style=\"text-decoration: underline\">www.assobrafir.com.br<\/span><\/a><\/p>\n<p style=\"text-align: center\"><b>\u00a0<\/b><\/p>\n<p style=\"text-align: center\"><b>Biblioteca UFPR <\/b><\/p>\n<p style=\"text-align: center\"><a href=\"http:\/\/www.portal.ufpr.br\/\">http:\/\/www.portal.ufpr.br\/<\/a><b><\/b><\/p>\n<p style=\"text-align: center\"><b>\u00a0<\/b><\/p>\n<p style=\"text-align: center\"><b>CELIN \u2013 Centro de L\u00ednguas UFPR <\/b><\/p>\n<p style=\"text-align: center\"><a href=\"http:\/\/www.celin.ufpr.br\/index.php\/home\"><span style=\"text-decoration: underline\">http:\/\/www.celin.ufpr.br\/index.php\/home<\/span><\/a><b><\/b><\/p>\n<p style=\"text-align: center\"><b>\u00a0<\/b><\/p>\n<p style=\"text-align: center\"><b>COFITO &#8211; Conselho Federal de Fisioterapia e Terapia Ocupacional<\/b><\/p>\n<p style=\"text-align: center\"><a href=\"https:\/\/www.coffito.gov.br\/nsite\/\"><span style=\"text-decoration: underline\">www.coffito.gov.br\/nsite\/<\/span><\/a><b><\/b><\/p>\n<p style=\"text-align: center\"><b>\u00a0<\/b><\/p>\n<p style=\"text-align: center\"><b>CREFITO &#8211; Conselho Regional de Fisioterapia e Terapia Ocupacional \u2013 8<sup>a<\/sup> Regi\u00e3o <\/b><\/p>\n<p style=\"text-align: center\"><a href=\"http:\/\/www.crefito8.org.br\"><span style=\"text-decoration: underline\">www.crefito8.org.br<\/span><\/a><\/p>\n<p style=\"text-align: center\"><b>\u00a0<\/b><\/p>\n<p style=\"text-align: center\"><b>Normatiza\u00e7\u00e3o Est\u00e1gios UFPR <\/b><\/p>\n<p style=\"text-align: center\"><a href=\"http:\/\/www.estagios.ufpr.br\/\">http:\/\/www.estagios.ufpr.br\/<\/a><b><\/b><\/p>\n<p style=\"text-align: center\"><b>\u00a0<\/b><\/p>\n<p style=\"text-align: center\"><b>N\u00facleo de Assuntos Acad\u00eamicos \u2013 NAA<\/b><\/p>\n<p style=\"text-align: center\"><a href=\"http:\/\/www.prograd.ufpr.br\/naa\/index.php\">http:\/\/www.prograd.ufpr.br\/naa\/index.php<\/a><b><\/b><\/p>\n<p style=\"text-align: center\"><b>\u00a0<\/b><\/p>\n<p style=\"text-align: center\"><b>Portal Peri\u00f3dicos CAPES <\/b><\/p>\n<p style=\"text-align: center\"><a href=\"http:\/\/www.periodicos.capes.gov.br\">www.periodicos.capes.gov.br<\/a><\/p>\n<p style=\"text-align: center\"><b><span style=\"text-decoration: underline\">\u00a0<\/span><\/b><\/p>\n<p style=\"text-align: center\"><b><span style=\"text-decoration: underline\">Pr\u00f3-Reitoria de Assuntos Estudantis <\/span><\/b><\/p>\n<p style=\"text-align: center\"><span style=\"text-decoration: underline\"><a href=\"http:\/\/www.prae.ufpr.br\">http:\/\/www.prae.ufpr.br<\/a><b><\/b><\/span><\/p>\n<p style=\"text-align: center\"><b>\u00a0<\/b><\/p>\n<p style=\"text-align: center\"><b>Pr\u00f3-Reitoria de Gradua\u00e7\u00e3o e Educa\u00e7\u00e3o Profissional \u2013 PROGRAD <\/b><\/p>\n<p style=\"text-align: center\"><a href=\"http:\/\/www.prograd.ufpr.br\/index.php\">http:\/\/www.prograd.ufpr.br\/index.php<\/a><b><\/b><\/p>\n<p style=\"text-align: center\"><b>\u00a0<\/b><\/p>\n<p style=\"text-align: center\"><b>Processo de ocupa\u00e7\u00e3o de vagas remanescentes \u2013 PROVAR<\/b><\/p>\n<p style=\"text-align: center\"><a href=\"http:\/\/www.provar.ufpr.br\/\">http:\/\/www.provar.ufpr.br\/<\/a><b><\/b><\/p>\n<p style=\"text-align: center\"><b><br \/>\nSBFC \u2013 Sociedade Brasileira de Fisioterapia em Cancerologia<\/b><\/p>\n<p style=\"text-align: center\"><a href=\"http:\/\/www.fisioterapia.org.br\/\">www.fisioterapia.org.br<\/a><\/p>\n<p style=\"text-align: center\"><b>SONAFE \u2013 Sociedade Nacional de Fisioterapia Esportiva<\/b><\/p>\n<p style=\"text-align: center\"><a href=\"http:\/\/www.sonafe.org.br\/\">www.sonafe.org.br<\/a><\/p>\n<p style=\"text-align: center\"><b>WCPT \u2013 World Confederation for Physical Therapy<\/b><\/p>\n<p style=\"text-align: center\"><a href=\"https:\/\/world.physio\/\"><span style=\"text-decoration: underline\">www.wcpt.org<\/span><\/a><\/p>\n<p style=\"text-align: center\"><b>\u00a0<\/b><\/p>\n","protected":false},"excerpt":{"rendered":"<p>LINKS INTERESSANTES \u00a0 ABENFISIO- Associa\u00e7\u00e3o Brasileira de Ensino em Fisioterapia www.abenfisio.com.br \u00a0 ABFO \u2013 Associa\u00e7\u00e3o Brasileira de Fisioterapeutas Osteopatas www.abfo.fst.br \u00a0 ABFO \u2013 Associa\u00e7\u00e3o Brasileira de Fisioterapia em Onconlogia www.abfo.org.br \u00a0 ABRADIMENE \u2013 Associa\u00e7\u00e3o Brasileira de Fisioterapia em Neurologia para o Desenvolvimento e Divulga\u00e7\u00e3o dos Conceitos Neurofuncionais www.abradimene.org,br \u00a0 ABRAFIDEF \u2013 Associa\u00e7\u00e3o Brasileira de Fisioterapia [&hellip;]<\/p>\n","protected":false},"author":6,"featured_media":0,"parent":0,"menu_order":0,"comment_status":"open","ping_status":"open","template":"","meta":{"_acf_changed":false,"_monsterinsights_skip_tracking":false,"_monsterinsights_sitenote_active":false,"_monsterinsights_sitenote_note":"","_monsterinsights_sitenote_category":0,"footnotes":""},"class_list":["post-38","page","type-page","status-publish","hentry"],"acf":[],"_links":{"self":[{"href":"https:\/\/bio.ufpr.br\/fisioterapia\/wp-json\/wp\/v2\/pages\/38","targetHints":{"allow":["GET"]}}],"collection":[{"href":"https:\/\/bio.ufpr.br\/fisioterapia\/wp-json\/wp\/v2\/pages"}],"about":[{"href":"https:\/\/bio.ufpr.br\/fisioterapia\/wp-json\/wp\/v2\/types\/page"}],"author":[{"embeddable":true,"href":"https:\/\/bio.ufpr.br\/fisioterapia\/wp-json\/wp\/v2\/users\/6"}],"replies":[{"embeddable":true,"href":"https:\/\/bio.ufpr.br\/fisioterapia\/wp-json\/wp\/v2\/comments?post=38"}],"version-history":[{"count":7,"href":"https:\/\/bio.ufpr.br\/fisioterapia\/wp-json\/wp\/v2\/pages\/38\/revisions"}],"predecessor-version":[{"id":3247,"href":"https:\/\/bio.ufpr.br\/fisioterapia\/wp-json\/wp\/v2\/pages\/38\/revisions\/3247"}],"wp:attachment":[{"href":"https:\/\/bio.ufpr.br\/fisioterapia\/wp-json\/wp\/v2\/media?parent=38"}],"curies":[{"name":"wp","href":"https:\/\/api.w.org\/{rel}","templated":true}]}}