{"id":40,"date":"2014-05-27T12:46:07","date_gmt":"2014-05-27T12:46:07","guid":{"rendered":"https:\/\/bio.ufpr.br\/fisioterapia\/?page_id=40"},"modified":"2024-05-15T16:50:12","modified_gmt":"2024-05-15T16:50:12","slug":"mais-importantes","status":"publish","type":"page","link":"https:\/\/bio.ufpr.br\/fisioterapia\/mais-importantes\/","title":{"rendered":"Mais Importantes"},"content":{"rendered":"<p><strong style=\"line-height: 1.5em\"><a href=\"http:\/\/www.prograd.ufpr.br\/portal\/copap\/wp-content\/uploads\/sites\/2\/2023\/05\/Res.-37-97-CEPE.pdf\">RESOLU\u00c7\u00c3O N\u00ba 37\/97-CEPE<\/a> &#8211; Normas b\u00e1sicas de controle e registro de atividade acad\u00eamica<\/strong><\/p>\n<p><strong><a href=\"https:\/\/engprod.ufpr.br\/wp-content\/uploads\/2023\/02\/res-92-13-cepe-alteracao-resolucao-0610-alterado-pela-res-39-18.pdf\">RESOLU\u00c7\u00c3O N\u00ba 92\/13-CEPE<\/a> &#8211; Normas de Dispensa de disciplina, Equival\u00eancia, Adiantamento e Aproveitamento de conhecimento<\/strong><\/p>\n<p><a href=\"http:\/\/www.prograd.ufpr.br\/portal\/coafe\/ue\/legislacao\/\">RESOLU\u00c7\u00d5ES E INSTRU\u00c7\u00d5ES NORMATIVAS DA COAFE<\/a> &#8211; Normas sobre est\u00e1gio<\/p>\n<p><a href=\"https:\/\/bio.ufpr.br\/fisioterapia\/wp-content\/uploads\/sites\/20\/2017\/03\/Regulamento-do-Laborat%C3%B3rio-de-Fisioterapia-Aprovado-pelo-DPRF-em-21.03.17.pdf\">LABORAT\u00d3RIO DE FISIOTERAPIA<\/a> &#8211; Regulamento e Manual para uso do Laborat\u00f3rio<\/p>\n<p><a href=\"https:\/\/bio.ufpr.br\/biomedicina\/wp-content\/uploads\/sites\/4\/2013\/06\/Estatuto_UFPR.pdf\">ESTATUTO DA UNIVERSIDADE FEDERAL DO PARAN\u00c1<\/a> &#8211; Aprovado pelo Conselho Federal de Educa\u00e7\u00e3o<\/p>\n<p><a href=\"https:\/\/bio.ufpr.br\/biomedicina\/wp-content\/uploads\/sites\/4\/2013\/06\/Estatuto_UFPR.pdfhttps:\/\/bio.ufpr.br\/biomedicina\/wp-content\/uploads\/sites\/4\/2013\/06\/Regimento_Geral_UFPR.pdf\">REGIMENTO GERAL DA UFPR<\/a> &#8211; Disciplina as atividades administrativas e did\u00e1ticas<\/p>\n<p><a href=\"https:\/\/bio.ufpr.br\/fisioterapia\/wp-content\/uploads\/sites\/20\/2024\/05\/Resolucao-33.19-COPLAD-Setor-Ciencias-Biologicas.pdf\" target=\"_blank\" rel=\"noopener\">RESOLU\u00c7\u00c3O N\u00ba 33\/19-COPLAD<\/a> &#8211; Regimento do Setor de Ci\u00eancias Biol\u00f3gicas da UFPR<\/p>\n<p><a href=\"https:\/\/www.planalto.gov.br\/ccivil_03\/decreto-lei\/1965-1988\/del0938.htm\">DECRETO LEI 938\/69<\/a> &#8211; Prov\u00ea sobre as profiss\u00f5es de fisioterapeuta e terapeuta ocupacional<\/p>\n<div>\n<hr \/>\n<\/div>\n","protected":false},"excerpt":{"rendered":"<p>RESOLU\u00c7\u00c3O N\u00ba 37\/97-CEPE &#8211; Normas b\u00e1sicas de controle e registro de atividade acad\u00eamica RESOLU\u00c7\u00c3O N\u00ba 92\/13-CEPE &#8211; Normas de Dispensa de disciplina, Equival\u00eancia, Adiantamento e Aproveitamento de conhecimento RESOLU\u00c7\u00d5ES E INSTRU\u00c7\u00d5ES NORMATIVAS DA COAFE &#8211; Normas sobre est\u00e1gio LABORAT\u00d3RIO DE FISIOTERAPIA &#8211; Regulamento e Manual para uso do Laborat\u00f3rio ESTATUTO DA UNIVERSIDADE FEDERAL DO PARAN\u00c1 [&hellip;]<\/p>\n","protected":false},"author":6,"featured_media":0,"parent":0,"menu_order":0,"comment_status":"open","ping_status":"open","template":"","meta":{"_acf_changed":false,"_monsterinsights_skip_tracking":false,"_monsterinsights_sitenote_active":false,"_monsterinsights_sitenote_note":"","_monsterinsights_sitenote_category":0,"footnotes":""},"class_list":["post-40","page","type-page","status-publish","hentry"],"acf":[],"_links":{"self":[{"href":"https:\/\/bio.ufpr.br\/fisioterapia\/wp-json\/wp\/v2\/pages\/40","targetHints":{"allow":["GET"]}}],"collection":[{"href":"https:\/\/bio.ufpr.br\/fisioterapia\/wp-json\/wp\/v2\/pages"}],"about":[{"href":"https:\/\/bio.ufpr.br\/fisioterapia\/wp-json\/wp\/v2\/types\/page"}],"author":[{"embeddable":true,"href":"https:\/\/bio.ufpr.br\/fisioterapia\/wp-json\/wp\/v2\/users\/6"}],"replies":[{"embeddable":true,"href":"https:\/\/bio.ufpr.br\/fisioterapia\/wp-json\/wp\/v2\/comments?post=40"}],"version-history":[{"count":10,"href":"https:\/\/bio.ufpr.br\/fisioterapia\/wp-json\/wp\/v2\/pages\/40\/revisions"}],"predecessor-version":[{"id":3250,"href":"https:\/\/bio.ufpr.br\/fisioterapia\/wp-json\/wp\/v2\/pages\/40\/revisions\/3250"}],"wp:attachment":[{"href":"https:\/\/bio.ufpr.br\/fisioterapia\/wp-json\/wp\/v2\/media?parent=40"}],"curies":[{"name":"wp","href":"https:\/\/api.w.org\/{rel}","templated":true}]}}