{"id":46,"date":"2014-05-27T12:47:14","date_gmt":"2014-05-27T12:47:14","guid":{"rendered":"https:\/\/bio.ufpr.br\/fisioterapia\/?page_id=46"},"modified":"2022-01-03T14:26:17","modified_gmt":"2022-01-03T14:26:17","slug":"o-curso","status":"publish","type":"page","link":"https:\/\/bio.ufpr.br\/fisioterapia\/o-curso\/","title":{"rendered":"O Curso"},"content":{"rendered":"<p align=\"center\"><b><span style=\"text-decoration: underline\">O CURSO<\/span><\/b><b><\/b><\/p>\n<p>A profiss\u00e3o de Fisioterapia se encontra regulamentada pelo Decreto Lei n\u00b0 938, de 13 de outubro de 1969. E pela Lei n\u00b0 6.316, de 17 de dezembro de 1975,\u00a0 s\u00e3o criados os Conselhos Federal e Regionais de Fisioterapia e Terapia Ocupacional, com o objetivo de normatizar e exercer o controle \u00e9tico, cient\u00edfico e social das atividades da Fisioterapia e das empresas prestadoras de tais tipicidades assistenciais ao meio social (Conselho Federal de Fisioterapia e Terapia Ocupacional &#8211; COFFITO, 2014)<\/p>\n<p>&nbsp;<\/p>\n<p><span style=\"line-height: 1.5em\">O curso de Fisioterapia da UFPR foi implantado no Setor Litoral no ano de 2005, quando do ingresso da primeira turma, recebendo avalia\u00e7\u00e3o nota 4 pelo MEC. No entanto, para melhoria da qualidade na forma\u00e7\u00e3o, em 2014 o curso foi totalmente reestruturado e acolhido pelo Setor de Ci\u00eancias Biol\u00f3gicas para sua oferta neste setor. O projeto politico-pedag\u00f3gico do curso est\u00e1 voltado para o ensino, pesquisa e extens\u00e3o, baseando-se na metodologia de aprendizagem por projetos.<\/span><\/p>\n<p>&nbsp;<\/p>\n<p>Autoriza\u00e7\u00e3o de Funcionamento \u2013 <a href=\"https:\/\/bio.ufpr.br\/fisioterapia\/wp-content\/uploads\/sites\/20\/2014\/07\/Res2513COUN1.pdf\"><span style=\"text-decoration: underline\">Resolu\u00e7\u00e3o n<\/span><span style=\"text-decoration: underline\">\u00b0<\/span><span style=\"text-decoration: underline\"> 25\/13 COUN<\/span><\/a><\/p>\n<p><span class=\"fontstyle0\">Renova\u00e7\u00e3o de Reconhecimento PORTARIA N\u00ba 111, DE 04\/02\/2021 &#8211; Publicada no D.O.U. em 05\/02\/2021<\/span><\/p>\n<p>Diretrizes Curriculares Nacionais &#8211; <a href=\"https:\/\/bio.ufpr.br\/fisioterapia\/wp-content\/uploads\/sites\/20\/2017\/03\/CES042002.pdf\">Resolu\u00e7\u00e3o CNE\/CES 4<\/a><\/p>\n<p>Projeto Pol\u00edtico Pedag\u00f3gico do Curso de \u00a0Gradua\u00e7\u00e3o em Fisioterapia UFPR &#8211; Curr\u00edculo novo\u00a0 <a href=\"https:\/\/bio.ufpr.br\/fisioterapia\/wp-content\/uploads\/sites\/20\/2021\/07\/PPC-aprovado-NDE-e-colegiado-27-08-19-compactado.pdf\">PPC<\/a><\/p>\n<p><span style=\"line-height: 1.5em\">Dura\u00e7\u00e3o do Curso:\u00a05 anos<br \/>\n<\/span>Habilita\u00e7\u00e3o: Bacharelado<br \/>\n<span style=\"line-height: 1.5em\">Turno: integral (manh\u00e3 e tarde)<br \/>\n<\/span><span style=\"line-height: 1.5em\">Vagas: 50 anuais<\/span><\/p>\n<p>&nbsp;<\/p>\n<p>Local:<br \/>\n<b style=\"line-height: 1.5em\">Setor de Ci\u00eancias Biol\u00f3gicas<\/b><span style=\"line-height: 1.5em\"><br \/>\n<\/span><span style=\"line-height: 1.5em\">Rua Cora\u00e7\u00e3o de Maria, 92\u00a0| Jardim Bot\u00e2nico | Curitiba | PR | Brasil<br \/>\n<\/span><span style=\"line-height: 1.5em\">Telefone \u2013 (41) 3360-4329| CEP: 80210-132<br \/>\n<\/span><a style=\"line-height: 1.5em\" href=\"https:\/\/bio.ufpr.br\/\" target=\"_blank\">bio.ufpr.br<\/a><\/p>\n<p>&nbsp;<\/p>\n<p><span style=\"line-height: 1.5em\">Diversas atividades pr\u00e1ticas s\u00e3o desenvolvidas nas institui\u00e7\u00f5es parceiras:<br \/>\n<\/span><b>Hospital de Cl\u00ednicas<br \/>\n<\/b>Rua General Carneiro, 181 | Curitiba | PR | Brasil<br \/>\n<span style=\"line-height: 1.5em\">Telefone \u2013 (41)3360-1800 | CEP: 80.060-900<br \/>\n<\/span><a href=\"http:\/\/www.hc.ufpr.br\/\" target=\"_blank\">www.hc.ufpr.br<\/a><\/p>\n<p>&nbsp;<\/p>\n<p><b style=\"line-height: 1.5em\">Hospital do Trabalhador<br \/>\n<\/b><span style=\"line-height: 1.5em\">Av. Rep\u00fablica Argentina, 4406| Novo Mundo | Curitiba | PR | Brasil<br \/>\n<\/span><span style=\"line-height: 1.5em\">Telefone \u2013 (41) 3212-5700| CEP: 81050-000<br \/>\n<\/span><a style=\"line-height: 1.5em\" href=\"http:\/\/www.hospitaldotrabalhador.saude.pr.gov.br\/\" target=\"_blank\">www.hospitaldotrabalhador.saude.pr.gov.br<\/a><\/p>\n<p>&nbsp;<\/p>\n<p><b style=\"line-height: 1.5em\">Centro Hospitalar de Reabilita\u00e7\u00e3o Ana Carolina Moura Xavier<br \/>\n<\/b><span style=\"line-height: 1.5em\">Rua Quintino Bocaiuva, 329 | Cabral | Curitiba | PR | Brasil<br \/>\n<\/span><span style=\"line-height: 1.5em\">Telefone \u2013 (41) 3281-2600| CEP: 80350-090<br \/>\n<\/span><a href=\"http:\/\/www.hospitaldereabilitacaodoparana.saude.pr.gov.br\/\" target=\"_blank\">www.hospitaldereabilitacaodoparana.saude.pr.gov.br<\/a><\/p>\n<p>&nbsp;<\/p>\n<p><b style=\"line-height: 1.5em\">Secretaria Municipal de Sa\u00fade de Curitiba\/ <\/b><b style=\"line-height: 1.5em\">Unidades do Distrito Sanit\u00e1rio Boa Vista<br \/>\n<\/b><span style=\"line-height: 1.5em\">Rua Professor Nilo Brando, 423 | Boa Vista | Curitiba | PR | Brasil<br \/>\n<\/span><span style=\"line-height: 1.5em\">Telefone \u2013 (41) 3355-2688 ou 2684| CEP: 82130-970<br \/>\n<\/span><a style=\"line-height: 1.5em\" href=\"http:\/\/www.curitiba.pr.gov.br\/\" target=\"_blank\">www.curitiba.pr.gov.br<\/a><\/p>\n<p>&nbsp;<\/p>\n<p><b style=\"line-height: 1.5em\">Pequeno Cotolengo do Paran\u00e1<br \/>\n<\/b><span style=\"line-height: 1.5em\">Rua Jos\u00e9 Gon\u00e7alves Junior, 140 | Campo Comprido| Curitiba | PR | Brasil<br \/>\n<\/span><span style=\"line-height: 1.5em\">Telefone \u2013 (41) 3314-1900| CEP: 81220-210<br \/>\n<\/span><a style=\"line-height: 1.5em\" href=\"http:\/\/www.pequenocotolengo.org.br\/\" target=\"_blank\">www.pequenocotolengo.org.br<\/a><\/p>\n<p>&nbsp;<\/p>\n<p><b style=\"line-height: 1.5em\">Secretaria Estadual de Sa\u00fade<br \/>\n<\/b><span style=\"line-height: 1.5em\">Rua Piquiri 170 | Rebou\u00e7as | Curitiba | PR | Brasil<br \/>\n<\/span><span style=\"line-height: 1.5em\">Telefone \u2013 (41) 3330-4300 | (41) 3330-4406 | 80230-140<br \/>\n<\/span><a href=\"www.saude.pr.gov.br\" target=\"_blank\"><span style=\"line-height: 1.5em\">www.saude.pr.gov.br<\/span><\/a><\/p>\n","protected":false},"excerpt":{"rendered":"<p>O CURSO A profiss\u00e3o de Fisioterapia se encontra regulamentada pelo Decreto Lei n\u00b0 938, de 13 de outubro de 1969. E pela Lei n\u00b0 6.316, de 17 de dezembro de 1975,\u00a0 s\u00e3o criados os Conselhos Federal e Regionais de Fisioterapia e Terapia Ocupacional, com o objetivo de normatizar e exercer o controle \u00e9tico, cient\u00edfico e [&hellip;]<\/p>\n","protected":false},"author":6,"featured_media":0,"parent":0,"menu_order":0,"comment_status":"open","ping_status":"open","template":"","meta":{"_acf_changed":false,"_monsterinsights_skip_tracking":false,"_monsterinsights_sitenote_active":false,"_monsterinsights_sitenote_note":"","_monsterinsights_sitenote_category":0,"footnotes":""},"class_list":["post-46","page","type-page","status-publish","hentry"],"acf":[],"_links":{"self":[{"href":"https:\/\/bio.ufpr.br\/fisioterapia\/wp-json\/wp\/v2\/pages\/46","targetHints":{"allow":["GET"]}}],"collection":[{"href":"https:\/\/bio.ufpr.br\/fisioterapia\/wp-json\/wp\/v2\/pages"}],"about":[{"href":"https:\/\/bio.ufpr.br\/fisioterapia\/wp-json\/wp\/v2\/types\/page"}],"author":[{"embeddable":true,"href":"https:\/\/bio.ufpr.br\/fisioterapia\/wp-json\/wp\/v2\/users\/6"}],"replies":[{"embeddable":true,"href":"https:\/\/bio.ufpr.br\/fisioterapia\/wp-json\/wp\/v2\/comments?post=46"}],"version-history":[{"count":15,"href":"https:\/\/bio.ufpr.br\/fisioterapia\/wp-json\/wp\/v2\/pages\/46\/revisions"}],"predecessor-version":[{"id":2421,"href":"https:\/\/bio.ufpr.br\/fisioterapia\/wp-json\/wp\/v2\/pages\/46\/revisions\/2421"}],"wp:attachment":[{"href":"https:\/\/bio.ufpr.br\/fisioterapia\/wp-json\/wp\/v2\/media?parent=46"}],"curies":[{"name":"wp","href":"https:\/\/api.w.org\/{rel}","templated":true}]}}