{"id":7,"date":"2014-05-27T12:37:35","date_gmt":"2014-05-27T12:37:35","guid":{"rendered":"https:\/\/bio.ufpr.br\/fisioterapia\/?page_id=7"},"modified":"2024-12-09T12:32:46","modified_gmt":"2024-12-09T12:32:46","slug":"a-coordenacao","status":"publish","type":"page","link":"https:\/\/bio.ufpr.br\/fisioterapia\/a-coordenacao\/","title":{"rendered":"A Coordena\u00e7\u00e3o"},"content":{"rendered":"<p align=\"center\"><b><span style=\"text-decoration: underline\">A COORDENA\u00c7\u00c3O<\/span><\/b><\/p>\n<p>A prioridade da Coordena\u00e7\u00e3o do Curso de Fisioterapia da Universidade Federal do Paran\u00e1 \u00e9 acompanhar e orientar pedagogicamente o acad\u00eamico em toda a sua forma\u00e7\u00e3o, para permitir a\u00e7\u00f5es adequadas \u00e0 aquisi\u00e7\u00e3o de conhecimentos, compet\u00eancias e habilidades, requeridos para o exerc\u00edcio profissional.<\/p>\n<p>A cada dois anos a comunidade acad\u00eamica envolvida no curso, elege um coordenador e um vice-coordenador para dar o suporte administrativo aos acad\u00eamicos do curso, al\u00e9m de representarem os interesses dos alunos em todas as inst\u00e2ncias, dentro e fora da Universidade.<\/p>\n<p><a href=\"https:\/\/bio.ufpr.br\/fisioterapia\/wp-content\/uploads\/sites\/20\/2022\/09\/22.08.2022_PLANEJAMENTO-ESTRAT\u00c9GICO-2022-2024.pdf\">Planejamento estrat\u00e9gico Gest\u00e3o 2022-2024<\/a><\/p>\n<p><a href=\"https:\/\/bio.ufpr.br\/fisioterapia\/wp-content\/uploads\/sites\/20\/2024\/12\/PLANEJAMENTO-ESTRATEGICO-Goretti_Ariani.pdf\">Planejamento estrat\u00e9gico Gest\u00e3o 2024-2026<\/a><\/p>\n<p>.<\/p>\n<p>Coordenadora: Prof.\u00aa Dra. Maria Goretti Fernandes<\/p>\n<p>Vice-Coordenadora: Prof.\u00aa Ariani Cavazzani Szkudlarek<\/p>\n<p>.<\/p>\n<p>Secretaria de Coordena\u00e7\u00e3o do Curso<\/p>\n<p>Dhiego Bertoni de Oliveira<\/p>\n<p><strong><em>.\u00a0<\/em><\/strong><\/p>\n<p>Hor\u00e1rio de atendimento da secretaria<\/p>\n<p>Segunda a sexta-feira das 09h \u00e0s 12h e 13h00 \u00e0s 16h00<\/p>\n<p>Dias de Reuni\u00f5es Internas ou de Colegiado: 3<sup>a<\/sup>s feiras \u00e0 tarde<\/p>\n<p>.<\/p>\n<p>Telefone \u2013 (41) 3360-4329<\/p>\n<p>E-mail: cfisio@ufpr.br e cfisio.ufpr@gmail.com<\/p>\n<p>Atendimento TEAMS:\u00a0cfisio@ufpr.br<\/p>\n<p>Setor de Ci\u00eancias Biol\u00f3gicas<\/p>\n<p>.<\/p>\n<p>Endere\u00e7o<\/p>\n<p>Rua Cora\u00e7\u00e3o de Maria, 92 | Jardim Bot\u00e2nico | Curitiba | PR | Brasil<br \/>\nCEP: 80210-132<br \/>\nbio.ufpr.br<\/p>\n<p>.<\/p>\n<p><b>Linha de \u00f4nibus<\/b><\/p>\n<p>Inter II<\/p>\n<p>Ligeirinho Centro Polit\u00e9cnico<\/p>\n<p>Universidade<\/p>\n","protected":false},"excerpt":{"rendered":"<p>A COORDENA\u00c7\u00c3O A prioridade da Coordena\u00e7\u00e3o do Curso de Fisioterapia da Universidade Federal do Paran\u00e1 \u00e9 acompanhar e orientar pedagogicamente o acad\u00eamico em toda a sua forma\u00e7\u00e3o, para permitir a\u00e7\u00f5es adequadas \u00e0 aquisi\u00e7\u00e3o de conhecimentos, compet\u00eancias e habilidades, requeridos para o exerc\u00edcio profissional. A cada dois anos a comunidade acad\u00eamica envolvida no curso, elege um [&hellip;]<\/p>\n","protected":false},"author":6,"featured_media":0,"parent":0,"menu_order":0,"comment_status":"open","ping_status":"open","template":"","meta":{"_acf_changed":false,"_monsterinsights_skip_tracking":false,"_monsterinsights_sitenote_active":false,"_monsterinsights_sitenote_note":"","_monsterinsights_sitenote_category":0,"footnotes":""},"class_list":["post-7","page","type-page","status-publish","hentry"],"acf":[],"_links":{"self":[{"href":"https:\/\/bio.ufpr.br\/fisioterapia\/wp-json\/wp\/v2\/pages\/7","targetHints":{"allow":["GET"]}}],"collection":[{"href":"https:\/\/bio.ufpr.br\/fisioterapia\/wp-json\/wp\/v2\/pages"}],"about":[{"href":"https:\/\/bio.ufpr.br\/fisioterapia\/wp-json\/wp\/v2\/types\/page"}],"author":[{"embeddable":true,"href":"https:\/\/bio.ufpr.br\/fisioterapia\/wp-json\/wp\/v2\/users\/6"}],"replies":[{"embeddable":true,"href":"https:\/\/bio.ufpr.br\/fisioterapia\/wp-json\/wp\/v2\/comments?post=7"}],"version-history":[{"count":27,"href":"https:\/\/bio.ufpr.br\/fisioterapia\/wp-json\/wp\/v2\/pages\/7\/revisions"}],"predecessor-version":[{"id":3407,"href":"https:\/\/bio.ufpr.br\/fisioterapia\/wp-json\/wp\/v2\/pages\/7\/revisions\/3407"}],"wp:attachment":[{"href":"https:\/\/bio.ufpr.br\/fisioterapia\/wp-json\/wp\/v2\/media?parent=7"}],"curies":[{"name":"wp","href":"https:\/\/api.w.org\/{rel}","templated":true}]}}