{"id":792,"date":"2017-01-30T14:11:33","date_gmt":"2017-01-30T14:11:33","guid":{"rendered":"https:\/\/bio.ufpr.br\/fisioterapia\/?page_id=792"},"modified":"2025-03-18T18:06:33","modified_gmt":"2025-03-18T18:06:33","slug":"semana-de-recepcao-de-calouros","status":"publish","type":"page","link":"https:\/\/bio.ufpr.br\/fisioterapia\/semana-de-recepcao-de-calouros\/","title":{"rendered":"Semana de Recep\u00e7\u00e3o de Calouros"},"content":{"rendered":"<p><a href=\"https:\/\/bio.ufpr.br\/fisioterapia\/wp-content\/uploads\/sites\/20\/2025\/03\/Manual-para-Estudantes-da-UFPR-2025_Revisado-10-03-1-1.pdf\">Manual do Estudante 2025 &#8211; UFPR<\/a><\/p>\n<p><a href=\"https:\/\/bio.ufpr.br\/fisioterapia\/wp-content\/uploads\/sites\/20\/2018\/02\/manual_2018_final.pdf\">Manual do Aluno Setor de Ci\u00eancias Biol\u00f3gicas<\/a><\/p>\n<p><a href=\"https:\/\/bio.ufpr.br\/fisioterapia\/wp-content\/uploads\/sites\/20\/2025\/03\/calendario-2025.pdf\">Calend\u00e1rio Acad\u00eamico 2025 &#8211; UFPR<\/a><\/p>\n<p><a href=\"https:\/\/bio.ufpr.br\/fisioterapia\/wp-content\/uploads\/sites\/20\/2025\/03\/CURRICULO-CURSO.pdf\">Curr\u00edculo Curso de Fisioterapia<\/a><\/p>\n<p>&nbsp;<\/p>\n","protected":false},"excerpt":{"rendered":"<p>Manual do Estudante 2025 &#8211; UFPR Manual do Aluno Setor de Ci\u00eancias Biol\u00f3gicas Calend\u00e1rio Acad\u00eamico 2025 &#8211; UFPR Curr\u00edculo Curso de Fisioterapia &nbsp;<\/p>\n","protected":false},"author":25,"featured_media":0,"parent":0,"menu_order":0,"comment_status":"closed","ping_status":"closed","template":"","meta":{"_acf_changed":false,"_monsterinsights_skip_tracking":false,"_monsterinsights_sitenote_active":false,"_monsterinsights_sitenote_note":"","_monsterinsights_sitenote_category":0,"footnotes":""},"class_list":["post-792","page","type-page","status-publish","hentry"],"acf":[],"_links":{"self":[{"href":"https:\/\/bio.ufpr.br\/fisioterapia\/wp-json\/wp\/v2\/pages\/792","targetHints":{"allow":["GET"]}}],"collection":[{"href":"https:\/\/bio.ufpr.br\/fisioterapia\/wp-json\/wp\/v2\/pages"}],"about":[{"href":"https:\/\/bio.ufpr.br\/fisioterapia\/wp-json\/wp\/v2\/types\/page"}],"author":[{"embeddable":true,"href":"https:\/\/bio.ufpr.br\/fisioterapia\/wp-json\/wp\/v2\/users\/25"}],"replies":[{"embeddable":true,"href":"https:\/\/bio.ufpr.br\/fisioterapia\/wp-json\/wp\/v2\/comments?post=792"}],"version-history":[{"count":12,"href":"https:\/\/bio.ufpr.br\/fisioterapia\/wp-json\/wp\/v2\/pages\/792\/revisions"}],"predecessor-version":[{"id":3453,"href":"https:\/\/bio.ufpr.br\/fisioterapia\/wp-json\/wp\/v2\/pages\/792\/revisions\/3453"}],"wp:attachment":[{"href":"https:\/\/bio.ufpr.br\/fisioterapia\/wp-json\/wp\/v2\/media?parent=792"}],"curies":[{"name":"wp","href":"https:\/\/api.w.org\/{rel}","templated":true}]}}