{"id":356,"date":"2019-10-01T11:15:35","date_gmt":"2019-10-01T11:15:35","guid":{"rendered":"https:\/\/bio.ufpr.br\/genetica\/?page_id=356"},"modified":"2021-07-27T00:42:14","modified_gmt":"2021-07-27T00:42:14","slug":"especializacao-em-citogenetica-geral-e-aplicada","status":"publish","type":"page","link":"https:\/\/bio.ufpr.br\/genetica\/especializacao-em-citogenetica-geral-e-aplicada\/","title":{"rendered":"Especializa\u00e7\u00e3o em Citogen\u00e9tica Geral e Aplicada"},"content":{"rendered":"<div>\n<p><strong>\u00a0<\/strong><strong><b>Est\u00e3o abertas as inscri\u00e7\u00f5es para o curso de Especializa\u00e7\u00e3o em Citogen\u00e9tica Geral e Aplicada.<\/b><\/strong><\/p>\n<p><strong><b>Informa\u00e7\u00f5es gerais:<\/b><\/strong><\/p>\n<table>\n<tbody>\n<tr>\n<td colspan=\"3\" width=\"538\"><strong><b>Curso de Especializa\u00e7\u00e3o em Citogen\u00e9tica Geral e Aplicada<\/b><\/strong><\/td>\n<\/tr>\n<tr>\n<td width=\"47\"><strong><b>n\u00ba.<\/b><\/strong><\/td>\n<td width=\"387\"><strong><b>Disciplinas <\/b><\/strong><\/td>\n<td width=\"103\">\n<p><strong><b>Carga<\/b><\/strong><\/p>\n<p><strong><b>Hor\u00e1ria<\/b><\/strong><\/td>\n<\/tr>\n<tr>\n<td width=\"47\">I<\/td>\n<td width=\"387\"><strong><b>Princ\u00edpios de Citogen\u00e9tica e T\u00e9cnicas Laboratoriais (prepara\u00e7\u00f5es citol\u00f3gicas, citogen\u00e9tica cl\u00e1ssica, legisla\u00e7\u00e3o, \u00a0metodologia de pesquisa, etc.)<\/b><\/strong><\/td>\n<td width=\"103\">135<\/td>\n<\/tr>\n<tr>\n<td width=\"47\">II<\/td>\n<td width=\"387\"><strong><b>Citogen\u00e9tica Humana (altera\u00e7\u00f5es cromoss\u00f4micas, leucemias, X fr\u00e1gil, estudos de caso, etc.)<\/b><\/strong><\/td>\n<td width=\"103\">135<\/td>\n<\/tr>\n<tr>\n<td width=\"47\">III<\/td>\n<td width=\"387\"><strong><b>Citogen\u00e9tica Animal e Monitoramento Ambiental (testes de monitoramento ambiental, citogen\u00e9tica animal, altera\u00e7\u00f5es cromoss\u00f4micas, FISH, etc.)<\/b><\/strong><\/td>\n<td width=\"103\">90<\/td>\n<\/tr>\n<tr>\n<td width=\"47\">IV<\/td>\n<td width=\"387\"><strong><b>Monografia<\/b><\/strong><\/td>\n<td width=\"103\">40<\/td>\n<\/tr>\n<tr>\n<td colspan=\"2\" width=\"434\"><strong><b>TOTAL DE HORAS\/AULA<\/b><\/strong><\/td>\n<td width=\"103\"><strong><b>400<\/b><\/strong><\/td>\n<\/tr>\n<\/tbody>\n<\/table>\n<p><strong><b>\u00a0<\/b><\/strong><strong><b>\u00a0<\/b><\/strong><\/p>\n<p><strong><b>O curso continua sendo de forma presencial conforme instru\u00e7\u00f5es do Edital 1. Por\u00e9m, em virtude da Pandemia do COVID-19, as atividades presenciais est\u00e3o suspensas na UFPR. <\/b><\/strong>Desta forma,<strong><b>\u00a0<\/b><\/strong>pautados pela RESOLU\u00c7\u00c3O N\u00ba 43\/2020-CEPE, que possibilita que aulas remotas sejam ministradas durante este per\u00edodo de especial, iniciaremos o curso em 09 de agosto de 2021, de forma remota, <strong><b>caso as inscri\u00e7\u00f5es totalizem o n\u00famero m\u00ednimo de inscritos no curso<\/b><\/strong>. As aulas on line ocorrer\u00e3o pela Plataforma TEAMS nas 2as., 4as. e 5as. feiras, das 19-21:30hs, de 20 de setembro ao dia 18 de novembro de 2021, onde est\u00e1 prevista a finaliza\u00e7\u00e3o dos conte\u00fados <strong><b>Te\u00f3ricos do M\u00f3dulo I<\/b><\/strong>.<\/p>\n<p>Ap\u00f3s a data de 18 de novembro de 2021, ou pr\u00f3ximo a ela, reformularemos a sequ\u00eancia do curso com os encontros presenciais ou com eventual seguimento de forma remota, conforme instru\u00e7\u00f5es de UFPR, at\u00e9 que tenhamos seguran\u00e7a para a retomada das atividades presenciais.<\/p>\n<p>Manterei todos informados,<\/p>\n<p>Qualquer d\u00favida podem encaminhar e-mail para Iris em:\u00a0<a href=\"mailto:citogeneticaplicada@gmail.com\">citogeneticaplicada@gmail.com<\/a><\/p>\n<p><strong><b>\u00a0<\/b><\/strong><\/p>\n<hr \/>\n<p><span style=\"color: #ff0000\"><strong><b>Inscri\u00e7\u00f5es: PRORROGADAS!!!!!<\/b><\/strong><\/span><\/p>\n<p>29 de junho a 30 de agosto de 2021.<\/p>\n<p><strong><b>Inscri\u00e7\u00f5es para Bolsas: at\u00e9 23 de agosto de 2021.<\/b><\/strong><\/p>\n<p>Link: \u00a0<a href=\"https:\/\/www.prppg.ufpr.br\/siga\/visitante\/processoseletivo\/index.jsp?sequencial=2566\"><u>https:\/\/www.prppg.ufpr.br\/siga\/visitante\/processoseletivo\/index.jsp?sequencial=2566<\/u><\/a><\/p>\n<p>&nbsp;<\/p>\n<p>Edital de sele\u00e7\u00e3o do Curso:\u00a0 <a href=\"https:\/\/bio.ufpr.br\/genetica\/wp-content\/uploads\/sites\/39\/2021\/07\/Edital_01_Citogenetica_2021.pdf\">Edital_01_Citogenetica_2021<\/a><\/p>\n<p>Edital de sele\u00e7\u00e3o do Curso para Bolsa de Estudo Integral: <a href=\"https:\/\/bio.ufpr.br\/genetica\/wp-content\/uploads\/sites\/39\/2021\/07\/Edital_02_Citogenetica_Bolsas_Integrais_2021-1.pdf\">Edital_02_Citogenetica_Bolsas_Integrais_2021 (1)<\/a><\/p>\n<p>Edital de sele\u00e7\u00e3o do Curso para Bolsa de Estudo Parcial: <a href=\"https:\/\/bio.ufpr.br\/genetica\/wp-content\/uploads\/sites\/39\/2021\/07\/Edital_03_Citogenetica_Bolsas_Parciais_2021.pdf\">Edital_03_Citogenetica_Bolsas_Parciais_2021<\/a><\/p>\n<p>Guia para solicita\u00e7\u00e3o de Bolsa de Estudo integral ou Parcial: <a href=\"https:\/\/bio.ufpr.br\/genetica\/wp-content\/uploads\/sites\/39\/2021\/07\/Guia_Solicita\u00e7\u00e3o_Bolsa_Estudos_2021.pdf\">Guia_Solicita\u00e7\u00e3o_Bolsa_Estudos_2021<\/a><\/p>\n<p>Ficha de solicita\u00e7\u00e3o de Bolsa de Estudo Integral ou Parcial: <a href=\"https:\/\/bio.ufpr.br\/genetica\/wp-content\/uploads\/sites\/39\/2021\/07\/FORMUL\u00c1RIO-DE-SOLICITA\u00c7\u00c3O-BOLSA.pdf\">FORMUL\u00c1RIO DE SOLICITA\u00c7\u00c3O BOLSA<\/a><\/p>\n<hr \/>\n<p><strong><b>Taxa de inscri\u00e7\u00e3o:<\/b><\/strong><\/p>\n<p><strong><b>Valor da taxa de inscri\u00e7\u00e3o: R$ 150,00<\/b><\/strong><\/p>\n<p>Link \u2013 para gerar o boleto \u2013 <a href=\"http:\/\/www.funpar.ufpr.br:9010\/Home\/Index\/000291\"><u>http:\/\/www.funpar.ufpr.br:9010\/Home\/Index\/000291<\/u><\/a><strong><b>\u00a0<\/b><\/strong><\/p>\n<p><strong><b>Ser\u00e1 poss\u00edvel gerar boleto para o pagamento da taxa de inscri\u00e7\u00e3o at\u00e9 dia 29 de agosto.<\/b><\/strong><\/p>\n<p><strong><b>\u00a0<\/b><\/strong><\/p>\n<hr \/>\n<p><strong><b>Investimento:<\/b><\/strong><\/p>\n<p>16 X de R$ 380,00 \u2013 total de R$ 6.080,00 (com 10% de desconto para pagamento at\u00e9 dia 10 de cada m\u00eas)<\/p>\n<p>ou<\/p>\n<p>1 X de R$ 4.560,00 (25% de desconto)<\/p>\n<p>ou<\/p>\n<p>2 X de R$ 2.432,00 (20% de desconto) \u2013 total de R$ 4.864,00<\/p>\n<p>ou<\/p>\n<p>3 X de R$ 1.722,00 (15% de desconto) \u2013 total de R$ 5.166,00<\/p>\n<hr \/>\n<p>Coordenadora: Profa Dra Iris Hass<\/p>\n<p>Centro Polit\u00e9cnico \u2013 Caixa Postal 19071 \u2013 CEP: 81531-980 \u2013 Curitiba\/PR<br \/>\nTelefone: (41) 3361-1735 \u2013 citogeneticaplicada@gmail.com<\/p>\n<\/div>\n","protected":false},"excerpt":{"rendered":"<p>\u00a0Est\u00e3o abertas as inscri\u00e7\u00f5es para o curso de Especializa\u00e7\u00e3o em Citogen\u00e9tica Geral e Aplicada. Informa\u00e7\u00f5es gerais: Curso de Especializa\u00e7\u00e3o em Citogen\u00e9tica Geral e Aplicada n\u00ba. Disciplinas Carga Hor\u00e1ria I Princ\u00edpios de Citogen\u00e9tica e T\u00e9cnicas Laboratoriais (prepara\u00e7\u00f5es citol\u00f3gicas, citogen\u00e9tica cl\u00e1ssica, legisla\u00e7\u00e3o, \u00a0metodologia de pesquisa, etc.) 135 II Citogen\u00e9tica Humana (altera\u00e7\u00f5es cromoss\u00f4micas, leucemias, X fr\u00e1gil, estudos de [&hellip;]<\/p>\n","protected":false},"author":2016,"featured_media":0,"parent":0,"menu_order":0,"comment_status":"closed","ping_status":"closed","template":"","meta":{"_acf_changed":false,"_monsterinsights_skip_tracking":false,"_monsterinsights_sitenote_active":false,"_monsterinsights_sitenote_note":"","_monsterinsights_sitenote_category":0,"footnotes":""},"class_list":["post-356","page","type-page","status-publish","hentry"],"acf":[],"_links":{"self":[{"href":"https:\/\/bio.ufpr.br\/genetica\/wp-json\/wp\/v2\/pages\/356","targetHints":{"allow":["GET"]}}],"collection":[{"href":"https:\/\/bio.ufpr.br\/genetica\/wp-json\/wp\/v2\/pages"}],"about":[{"href":"https:\/\/bio.ufpr.br\/genetica\/wp-json\/wp\/v2\/types\/page"}],"author":[{"embeddable":true,"href":"https:\/\/bio.ufpr.br\/genetica\/wp-json\/wp\/v2\/users\/2016"}],"replies":[{"embeddable":true,"href":"https:\/\/bio.ufpr.br\/genetica\/wp-json\/wp\/v2\/comments?post=356"}],"version-history":[{"count":18,"href":"https:\/\/bio.ufpr.br\/genetica\/wp-json\/wp\/v2\/pages\/356\/revisions"}],"predecessor-version":[{"id":612,"href":"https:\/\/bio.ufpr.br\/genetica\/wp-json\/wp\/v2\/pages\/356\/revisions\/612"}],"wp:attachment":[{"href":"https:\/\/bio.ufpr.br\/genetica\/wp-json\/wp\/v2\/media?parent=356"}],"curies":[{"name":"wp","href":"https:\/\/api.w.org\/{rel}","templated":true}]}}