{"id":64,"date":"2016-05-24T12:29:05","date_gmt":"2016-05-24T12:29:05","guid":{"rendered":"https:\/\/bio.ufpr.br\/anatomia\/?page_id=7"},"modified":"2025-04-03T13:42:47","modified_gmt":"2025-04-03T13:42:47","slug":"a-secretaria","status":"publish","type":"page","link":"https:\/\/bio.ufpr.br\/genetica\/a-secretaria\/","title":{"rendered":"A Secretaria"},"content":{"rendered":"<hr \/>\n<p style=\"text-align: center\" align=\"center\"><a href=\"https:\/\/bio.ufpr.br\/genetica\/concursos\/\">Concursos<\/a><\/p>\n<hr \/>\n<p style=\"text-align: center\" align=\"center\"><span style=\"font-size: 16.0pt;font-family: 'Arial','sans-serif';color: #333333\">Chefe: Profa. <span style=\"font-family: Verdana, Arial, Helvetica, sans-serif\">Iris Hass<\/span><\/span><\/p>\n<p style=\"text-align: center\" align=\"center\"><span style=\"font-family: Verdana, Arial, Helvetica, sans-serif\"><span style=\"font-size: 16.0pt;font-family: 'Arial','sans-serif';color: #333333\">Suplente:\u00a0<!--StartFragment --> Profa. Ana Cl\u00e1udia Bonatto<\/span><\/span><\/p>\n<p style=\"text-align: center\" align=\"center\"><span style=\"font-family: Verdana, Arial, Helvetica, sans-serif\"><span style=\"font-size: 16.0pt;font-family: 'Arial','sans-serif';color: #333333\">Secret\u00e1rio: M\u00e1rcio M\u00fcller Fernandes<\/span><\/span><\/p>\n<p style=\"text-align: center\" align=\"center\"><span style=\"font-family: Verdana, Arial, Helvetica, sans-serif\"><span style=\"font-size: 16.0pt;font-family: 'Arial','sans-serif';color: #333333\">E-mail: \u00a0genetica@ufpr.br<\/span><\/span><\/p>\n<p style=\"text-align: center\" align=\"center\"><span style=\"font-family: Verdana, Arial, Helvetica, sans-serif\"><span style=\"font-size: 16.0pt;font-family: 'Arial','sans-serif';color: #333333\">Fone: 41 3361-1684<\/span><\/span><\/p>\n<p style=\"text-align: center\" align=\"center\"><span style=\"font-family: Verdana, Arial, Helvetica, sans-serif\"><span style=\"font-size: 16.0pt;font-family: 'Arial','sans-serif';color: #333333\">Hor\u00e1rio de funcionamento da secretaria: 8:00 &#8211; 12:00h e 13:00 &#8211; 17:00h<\/span><\/span><\/p>\n<p style=\"text-align: center\" align=\"center\"><span style=\"font-family: Verdana, Arial, Helvetica, sans-serif\"><span style=\"font-size: 16.0pt;font-family: 'Arial','sans-serif';color: #333333\">Caixa Postal 19071, CEP 81531-980<\/span><\/span><\/p>\n<p style=\"text-align: center\" align=\"center\"><span style=\"font-family: Verdana, Arial, Helvetica, sans-serif\"><span style=\"font-size: 16.0pt;font-family: 'Arial','sans-serif';color: #333333\">Centro Polit\u00e9cnico,Jardim das Am\u00e9ricas, Curitiba, PR<\/span><\/span><\/p>\n","protected":false},"excerpt":{"rendered":"<p>Concursos Chefe: Profa. Iris Hass Suplente:\u00a0 Profa. Ana Cl\u00e1udia Bonatto Secret\u00e1rio: M\u00e1rcio M\u00fcller Fernandes E-mail: \u00a0genetica@ufpr.br Fone: 41 3361-1684 Hor\u00e1rio de funcionamento da secretaria: 8:00 &#8211; 12:00h e 13:00 &#8211; 17:00h Caixa Postal 19071, CEP 81531-980 Centro Polit\u00e9cnico,Jardim das Am\u00e9ricas, Curitiba, PR<\/p>\n","protected":false},"author":6,"featured_media":0,"parent":0,"menu_order":0,"comment_status":"open","ping_status":"open","template":"","meta":{"_acf_changed":false,"_monsterinsights_skip_tracking":false,"_monsterinsights_sitenote_active":false,"_monsterinsights_sitenote_note":"","_monsterinsights_sitenote_category":0,"footnotes":""},"class_list":["post-64","page","type-page","status-publish","hentry"],"acf":[],"_links":{"self":[{"href":"https:\/\/bio.ufpr.br\/genetica\/wp-json\/wp\/v2\/pages\/64","targetHints":{"allow":["GET"]}}],"collection":[{"href":"https:\/\/bio.ufpr.br\/genetica\/wp-json\/wp\/v2\/pages"}],"about":[{"href":"https:\/\/bio.ufpr.br\/genetica\/wp-json\/wp\/v2\/types\/page"}],"author":[{"embeddable":true,"href":"https:\/\/bio.ufpr.br\/genetica\/wp-json\/wp\/v2\/users\/6"}],"replies":[{"embeddable":true,"href":"https:\/\/bio.ufpr.br\/genetica\/wp-json\/wp\/v2\/comments?post=64"}],"version-history":[{"count":10,"href":"https:\/\/bio.ufpr.br\/genetica\/wp-json\/wp\/v2\/pages\/64\/revisions"}],"predecessor-version":[{"id":883,"href":"https:\/\/bio.ufpr.br\/genetica\/wp-json\/wp\/v2\/pages\/64\/revisions\/883"}],"wp:attachment":[{"href":"https:\/\/bio.ufpr.br\/genetica\/wp-json\/wp\/v2\/media?parent=64"}],"curies":[{"name":"wp","href":"https:\/\/api.w.org\/{rel}","templated":true}]}}