{"id":66,"date":"2016-05-24T12:32:09","date_gmt":"2016-05-24T12:32:09","guid":{"rendered":"https:\/\/bio.ufpr.br\/anatomia\/?page_id=13"},"modified":"2023-05-25T23:17:58","modified_gmt":"2023-05-25T23:17:58","slug":"laboratorios","status":"publish","type":"page","link":"https:\/\/bio.ufpr.br\/genetica\/laboratorios\/","title":{"rendered":"Laborat\u00f3rios"},"content":{"rendered":"<p>No Departamento de Gen\u00e9tica, temos os seguintes Laborat\u00f3rios e Unidades:<\/p>\n<p><a href=\"https:\/\/bio.ufpr.br\/ligh\">Laborat\u00f3rio de Imunogen\u00e9tica e Histocompatibilidade (LIGH)<\/a><\/p>\n<p><a href=\"http:\/\/www.labgem.ufpr.br\/\">\u00a0Laborat\u00f3rio de Gen\u00e9tica de Microrganismos<\/a><a href=\"http:\/\/www.labgem.ufpr.br\/\"> (LabGEM)<\/a><\/p>\n<p><a href=\"http:\/\/www.polimorfismos.ufpr.br\/\">\u00a0Laborat\u00f3rio de Polimorfismos e Liga\u00e7\u00e3o<\/a><\/p>\n<p><a href=\"https:\/\/bio.ufpr.br\/labcho\/\">Laborat\u00f3rio de Citogen\u00e9tica Humana e Oncogen\u00e9tica (LCHO)<\/a><\/p>\n<p><a href=\"https:\/\/lgmh.ufpr.br\/\">\u00a0Laborat\u00f3rio de Gen\u00e9tica Molecular Humana (LGMH)<\/a><\/p>\n<p><a href=\"https:\/\/labmuta.wordpress.com\/\">\u00a0Laborat\u00f3rio de Citogen\u00e9tica Animal e Mutag\u00eanese Ambiental<\/a><\/p>\n<p>Laborat\u00f3rio de Intera\u00e7\u00e3o Planta-Bact\u00e9ria (LIPB)<\/p>\n<p><a href=\"http:\/\/www.lec.ufpr.br\/\">\u00a0Laborat\u00f3rio de Educa\u00e7\u00e3o Cient\u00edfica (LEC)<\/a><\/p>\n<p><a href=\"http:\/\/www.displasias.ufpr.br\/index.html\">Centro de Displasias Ectod\u00e9rmicas (CEDE)<\/a><\/p>\n","protected":false},"excerpt":{"rendered":"<p>No Departamento de Gen\u00e9tica, temos os seguintes Laborat\u00f3rios e Unidades: Laborat\u00f3rio de Imunogen\u00e9tica e Histocompatibilidade (LIGH) \u00a0Laborat\u00f3rio de Gen\u00e9tica de Microrganismos (LabGEM) \u00a0Laborat\u00f3rio de Polimorfismos e Liga\u00e7\u00e3o Laborat\u00f3rio de Citogen\u00e9tica Humana e Oncogen\u00e9tica (LCHO) \u00a0Laborat\u00f3rio de Gen\u00e9tica Molecular Humana (LGMH) \u00a0Laborat\u00f3rio de Citogen\u00e9tica Animal e Mutag\u00eanese Ambiental Laborat\u00f3rio de Intera\u00e7\u00e3o Planta-Bact\u00e9ria (LIPB) \u00a0Laborat\u00f3rio de Educa\u00e7\u00e3o [&hellip;]<\/p>\n","protected":false},"author":6,"featured_media":0,"parent":0,"menu_order":0,"comment_status":"open","ping_status":"open","template":"","meta":{"_acf_changed":false,"_monsterinsights_skip_tracking":false,"_monsterinsights_sitenote_active":false,"_monsterinsights_sitenote_note":"","_monsterinsights_sitenote_category":0,"footnotes":""},"class_list":["post-66","page","type-page","status-publish","hentry"],"acf":[],"_links":{"self":[{"href":"https:\/\/bio.ufpr.br\/genetica\/wp-json\/wp\/v2\/pages\/66","targetHints":{"allow":["GET"]}}],"collection":[{"href":"https:\/\/bio.ufpr.br\/genetica\/wp-json\/wp\/v2\/pages"}],"about":[{"href":"https:\/\/bio.ufpr.br\/genetica\/wp-json\/wp\/v2\/types\/page"}],"author":[{"embeddable":true,"href":"https:\/\/bio.ufpr.br\/genetica\/wp-json\/wp\/v2\/users\/6"}],"replies":[{"embeddable":true,"href":"https:\/\/bio.ufpr.br\/genetica\/wp-json\/wp\/v2\/comments?post=66"}],"version-history":[{"count":11,"href":"https:\/\/bio.ufpr.br\/genetica\/wp-json\/wp\/v2\/pages\/66\/revisions"}],"predecessor-version":[{"id":827,"href":"https:\/\/bio.ufpr.br\/genetica\/wp-json\/wp\/v2\/pages\/66\/revisions\/827"}],"wp:attachment":[{"href":"https:\/\/bio.ufpr.br\/genetica\/wp-json\/wp\/v2\/media?parent=66"}],"curies":[{"name":"wp","href":"https:\/\/api.w.org\/{rel}","templated":true}]}}