{"id":146,"date":"2016-06-03T14:16:59","date_gmt":"2016-06-03T14:16:59","guid":{"rendered":"https:\/\/bio.ufpr.br\/infobio\/?page_id=146"},"modified":"2019-06-27T12:51:11","modified_gmt":"2019-06-27T12:51:11","slug":"a-unidade","status":"publish","type":"page","link":"https:\/\/bio.ufpr.br\/infobio\/a-unidade\/","title":{"rendered":"A Unidade"},"content":{"rendered":"<p>A Unidade de Inform\u00e1tica do Setor de Ci\u00eancias Biol\u00f3gicas, \u00e9 vinculada diretamente a Dire\u00e7\u00e3o do Setor.<\/p>\n<p>Temos as seguintes atribui\u00e7\u00f5es;<\/p>\n<p><strong>1. Manter e verificar os equipamentos de Inform\u00e1tica (Computador e internet) dos Anfiteatros e Salas de Aula ligados \u00e0 Dire\u00e7\u00e3o do Setor, bem como, instalar os softwares de uso comum:<\/strong><\/p>\n<p><strong style=\"line-height: 1.5em;\">2. Atender os chamados dos diferentes departamentos e unidades administrativas em rela\u00e7\u00e3o \u00e0:<br \/>\n<\/strong><span style=\"line-height: 1.5em;\">\u2022 Instala\u00e7\u00e3o de programas de uso comum;<br \/>\n<\/span><span style=\"line-height: 1.5em;\">\u2022 Instala\u00e7\u00e3o de novos computadores;<br \/>\n<\/span><span style=\"line-height: 1.5em;\">\u2022 Diagn\u00f3stico de funcionamento de computador;<\/span><\/p>\n<p><strong style=\"line-height: 1.5em;\">3. Agendamento do Anfiteatro 10:<br \/>\n<\/strong><span style=\"line-height: 1.5em;\">Em rela\u00e7\u00e3o a este agendamento, o prazo para envio do e-mail \u00e9 de, no m\u00ednimo, sete dias da anteced\u00eancia com os dados da unidade, o nome do respons\u00e1vel, ramal e qual \u00e9 o motivo do uso do espa\u00e7o. Os agendamentos feitos fora deste prazo n\u00e3o ser\u00e3o atendidos.<br \/>\n<\/span><strong style=\"line-height: 1.5em;\">Observa\u00e7\u00e3o:<br \/>\n<\/strong><span style=\"line-height: 1.5em;\">O Agendamento s\u00f3 poder\u00e1 ser feito pelo secretario (a) do departamento ou p\u00f3s, coordenador ou orientador (a), pois ficar\u00e1 na responsabilidade deste profissional a chave e os equipamentos multim\u00eddia do local. Antes de solicitar o agendamento, verificar se j\u00e1 n\u00e3o existe uma agenda para o mesmo dia e hor\u00e1rio.<br \/>\n<\/span><strong style=\"line-height: 1.5em;\">Retirada da Chave:<br \/>\n<\/strong><span style=\"line-height: 1.5em;\">A chave dever\u00e1 ser retira na Dire\u00e7\u00e3o do Setor.<br \/>\n<\/span><strong style=\"line-height: 1.5em;\">Devolu\u00e7\u00e3o da Chave:<br \/>\n<\/strong><span style=\"line-height: 1.5em;\">A chave poder\u00e1 ser devolvida na caixa que fica ao lado da porta da secretaria da dire\u00e7\u00e3o do setor.<\/span><\/p>\n<p><strong>Observa\u00e7\u00e3o Final:<\/strong><br \/>\nN\u00e3o ser\u00e1 feito atendimento para equipamentos que n\u00e3o possuam identifica\u00e7\u00e3o patrimonial, bem como, para notebooks com problemas referentes a hardware, monitores de v\u00eddeo e impressoras. Tamb\u00e9m n\u00e3o ser\u00e3o feitos reparos, manuten\u00e7\u00e3o e instala\u00e7\u00e3o de Roteadores, Microsc\u00f3pios com sa\u00edda de V\u00eddeo, C\u00e2meras, Tablets, entre outros equipamentos que n\u00e3o estejam relacionados nos itens anteriores.<\/p>\n","protected":false},"excerpt":{"rendered":"<p>A Unidade de Inform\u00e1tica do Setor de Ci\u00eancias Biol\u00f3gicas, \u00e9 vinculada diretamente a Dire\u00e7\u00e3o do Setor. Temos as seguintes atribui\u00e7\u00f5es; 1. Manter e verificar os [&hellip;]<\/p>\n","protected":false},"author":6,"featured_media":0,"parent":0,"menu_order":0,"comment_status":"open","ping_status":"open","template":"","meta":{"_acf_changed":false,"_monsterinsights_skip_tracking":false,"_monsterinsights_sitenote_active":false,"_monsterinsights_sitenote_note":"","_monsterinsights_sitenote_category":0,"footnotes":""},"class_list":["post-146","page","type-page","status-publish","hentry"],"acf":[],"_links":{"self":[{"href":"https:\/\/bio.ufpr.br\/infobio\/wp-json\/wp\/v2\/pages\/146","targetHints":{"allow":["GET"]}}],"collection":[{"href":"https:\/\/bio.ufpr.br\/infobio\/wp-json\/wp\/v2\/pages"}],"about":[{"href":"https:\/\/bio.ufpr.br\/infobio\/wp-json\/wp\/v2\/types\/page"}],"author":[{"embeddable":true,"href":"https:\/\/bio.ufpr.br\/infobio\/wp-json\/wp\/v2\/users\/6"}],"replies":[{"embeddable":true,"href":"https:\/\/bio.ufpr.br\/infobio\/wp-json\/wp\/v2\/comments?post=146"}],"version-history":[{"count":5,"href":"https:\/\/bio.ufpr.br\/infobio\/wp-json\/wp\/v2\/pages\/146\/revisions"}],"predecessor-version":[{"id":481,"href":"https:\/\/bio.ufpr.br\/infobio\/wp-json\/wp\/v2\/pages\/146\/revisions\/481"}],"wp:attachment":[{"href":"https:\/\/bio.ufpr.br\/infobio\/wp-json\/wp\/v2\/media?parent=146"}],"curies":[{"name":"wp","href":"https:\/\/api.w.org\/{rel}","templated":true}]}}