{"id":464,"date":"2025-07-03T13:08:22","date_gmt":"2025-07-03T13:08:22","guid":{"rendered":"https:\/\/bio.ufpr.br\/infobio\/?page_id=464"},"modified":"2025-07-03T13:08:22","modified_gmt":"2025-07-03T13:08:22","slug":"tutorial-do-painel-wordpress","status":"publish","type":"page","link":"https:\/\/bio.ufpr.br\/infobio\/tutorial-do-painel-wordpress\/","title":{"rendered":"Tutorial do Painel WordPress"},"content":{"rendered":"<p>Este tutorial visa auxiliar na manuten\u00e7\u00e3o do site da Unidade de Inform\u00e1tica &#8211; SCB, utilizando o Painel do WordPress, com foco nas funcionalidades de <strong>Posts, M\u00eddia e P\u00e1ginas<\/strong>.<\/p>\n<h2>1. Acesso ao Painel do Editor<\/h2>\n<ul>\n<li><strong>Link de Acesso:<\/strong> Utilize <a href=\"http:\/\/www.bio.ufpr.br\/portal\/wp-admin\/\" target=\"_blank\" rel=\"noopener\">http:\/\/www.bio.ufpr.br\/portal\/wp-admin\/<\/a> para acessar a tela de login.<\/li>\n<li><strong>Credenciais:<\/strong> Seu nome de usu\u00e1rio\/e-mail e senha s\u00e3o fornecidos por e-mail no seu primeiro acesso.<\/li>\n<\/ul>\n<h2>2. Vis\u00e3o Geral do Painel<\/h2>\n<p>Ap\u00f3s o login, voc\u00ea ser\u00e1 direcionado ao &#8220;Painel&#8221; principal.<\/p>\n<ul>\n<li><strong>Menu Lateral Esquerdo:<\/strong> Este \u00e9 o seu principal ponto de navega\u00e7\u00e3o no WordPress. Ele oferece acesso r\u00e1pido a todas as \u00e1reas de gerenciamento do seu site.\n<ul>\n<li><strong>Painel (Dashboard):<\/strong> Clicar aqui sempre o levar\u00e1 de volta \u00e0 tela inicial do painel.<\/li>\n<li><strong>Posts:<\/strong> Gerencie todo o conte\u00fado din\u00e2mico do seu site, como not\u00edcias e destaques.<\/li>\n<li><strong>M\u00eddia (Media):<\/strong> Fa\u00e7a upload e organize todos os arquivos de imagem, documentos (PDFs), v\u00eddeos, etc., que voc\u00ea usa no site.<\/li>\n<li><strong>P\u00e1ginas (Pages):<\/strong> Crie e edite as p\u00e1ginas est\u00e1ticas do seu site, como &#8220;Sobre N\u00f3s&#8221;, &#8220;Contato&#8221;, etc.<\/li>\n<li><strong>Outros itens do Menu:<\/strong> Incluem &#8220;Coment\u00e1rios&#8221;, &#8220;Perfil&#8221;, &#8220;Ferramentas&#8221;, entre outros, para gerenciamento adicional.<\/li>\n<\/ul>\n<\/li>\n<li><strong>Se\u00e7\u00f5es do Painel Principal:<\/strong>\n<ul>\n<li><strong>Rascunho R\u00e1pido (Quick Draft):<\/strong> Uma \u00e1rea para rapidamente salvar ideias para posts futuros.<\/li>\n<li><strong>Novidades e eventos do WordPress (WordPress News and Events):<\/strong> Mantenha-se atualizado com as \u00faltimas not\u00edcias e eventos da comunidade WordPress.<\/li>\n<li><strong>Agora (At a Glance):<\/strong> Oferece um resumo conciso do conte\u00fado do seu site, como o n\u00famero de posts e p\u00e1ginas publicados.<\/li>\n<li><strong>Atividade (Activity):<\/strong> Mostra os posts publicados recentemente no seu site.<\/li>\n<\/ul>\n<\/li>\n<\/ul>\n<h2>3. Gerenciando Conte\u00fado: Posts, M\u00eddia e P\u00e1ginas<\/h2>\n<h3>3.1. Posts (Not\u00edcias e Destaques)<\/h3>\n<p>Esta se\u00e7\u00e3o \u00e9 utilizada para criar e gerenciar todo o conte\u00fado din\u00e2mico do seu site, como as not\u00edcias e os destaques da p\u00e1gina principal.<\/p>\n<ul>\n<li><strong>Acessar e Criar Novo Post:<\/strong>\n<ol>\n<li>No menu lateral esquerdo, clique em &#8220;Posts&#8221;.<\/li>\n<li>Selecione &#8220;Adicionar novo&#8221; para iniciar a cria\u00e7\u00e3o de um novo post.<\/li>\n<\/ol>\n<\/li>\n<li><strong>Edi\u00e7\u00e3o do Post:<\/strong>\n<ol>\n<li><strong>T\u00edtulo:<\/strong> Insira o <span style=\"color: black\">&#8220;T\u00cdTULO DO DESTAQUE OU DA NOT\u00cdCIA&#8221;<\/span> no campo superior.<\/li>\n<li><strong>Conte\u00fado:<\/strong> Adicione o <span style=\"color: black\">&#8220;DADOS DO DESTAQUE OU DA NOT\u00cdCIA&#8221;<\/span> na \u00e1rea de texto principal.<\/li>\n<li><strong>Publicar:<\/strong> Ap\u00f3s finalizar, clique no bot\u00e3o &#8220;Publicar&#8221; (geralmente no lado direito) para que o post fique vis\u00edvel no site.<\/li>\n<\/ol>\n<\/li>\n<li><strong>Visualiza\u00e7\u00e3o no Site:<\/strong> Os 3 (tr\u00eas) \u00faltimos posts publicados aparecer\u00e3o na p\u00e1gina principal. Posts mais antigos poder\u00e3o ser encontrados em se\u00e7\u00f5es como &#8220;Mais Destaques&#8221; ou &#8220;Mais Not\u00edcias&#8221;.<\/li>\n<\/ul>\n<h3>3.2. M\u00eddia (Imagens e Arquivos)<\/h3>\n<p>A biblioteca de m\u00eddia \u00e9 onde voc\u00ea faz upload, armazena e organiza todas as imagens, documentos (PDFs), e outros arquivos digitais que ser\u00e3o usados no seu site.<\/p>\n<ul>\n<li><strong>Acessar a Biblioteca de M\u00eddia:<\/strong>\n<ol>\n<li>No menu lateral esquerdo, clique em &#8220;M\u00eddia&#8221;.<\/li>\n<li>Selecione &#8220;Biblioteca&#8221; para ver todos os arquivos j\u00e1 enviados.<\/li>\n<li>Selecione &#8220;Adicionar nova&#8221; para fazer upload de novos arquivos.<\/li>\n<\/ol>\n<\/li>\n<li><strong>Upload de Arquivos:<\/strong>\n<ol>\n<li>Na tela &#8220;Adicionar nova m\u00eddia&#8221;, voc\u00ea pode &#8220;Soltar os arquivos aqui&#8221; (arrastar e soltar) ou clicar em &#8220;Selecionar arquivos&#8221; para navegar e escolher o arquivo em seu computador.<\/li>\n<\/ol>\n<\/li>\n<li><strong>Obtendo o Link da M\u00eddia:<\/strong>\n<ol>\n<li>Ap\u00f3s o upload, o arquivo aparecer\u00e1 na biblioteca. Clique no arquivo desejado.<\/li>\n<li>O &#8220;URL do arquivo&#8221; \u00e9 o link direto para a sua m\u00eddia. Voc\u00ea pode copi\u00e1-lo para usar em p\u00e1ginas ou posts.<\/li>\n<\/ol>\n<\/li>\n<\/ul>\n<h3>3.3. P\u00e1ginas<\/h3>\n<p>As p\u00e1ginas s\u00e3o usadas para conte\u00fado est\u00e1tico que n\u00e3o muda com frequ\u00eancia, como se\u00e7\u00f5es &#8220;Sobre&#8221;, &#8220;Contato&#8221; ou informa\u00e7\u00f5es institucionais.<\/p>\n<ul>\n<li><strong>Acessar e Criar Nova P\u00e1gina:<\/strong>\n<ol>\n<li>No menu lateral esquerdo, clique em &#8220;P\u00e1ginas&#8221;.<\/li>\n<li>Selecione &#8220;Adicionar nova&#8221; para criar uma nova p\u00e1gina.<\/li>\n<\/ol>\n<\/li>\n<li><strong>Edi\u00e7\u00e3o da P\u00e1gina:<\/strong>\n<ol>\n<li><strong>T\u00edtulo:<\/strong> Insira o t\u00edtulo da sua p\u00e1gina.<\/li>\n<li><strong>Conte\u00fado:<\/strong> Digite ou cole o texto e insira imagens (usando a m\u00eddia) na \u00e1rea de conte\u00fado. Voc\u00ea tamb\u00e9m pode <span style=\"color: black\">&#8220;ADICIONAR LINKS&#8221;<\/span> ao texto.<\/li>\n<li><strong>Publicar:<\/strong> \u00c9 crucial clicar no bot\u00e3o &#8220;Publicar&#8221; ap\u00f3s digitar o t\u00edtulo e o texto. Somente assim sua p\u00e1gina ser\u00e1 criada e seu respectivo link gerado.<\/li>\n<li><strong>Link da P\u00e1gina:<\/strong> O <span style=\"color: black\">&#8220;LINK DA P\u00c1GINA&#8221;<\/span> ser\u00e1 gerado ap\u00f3s a publica\u00e7\u00e3o.<\/li>\n<\/ol>\n<\/li>\n<\/ul>\n<h2>4. Demais Orienta\u00e7\u00f5es Importantes (Contato com o Administrador)<\/h2>\n<p>Algumas altera\u00e7\u00f5es estruturais e de design do site requerem a interven\u00e7\u00e3o do Administrador.<\/p>\n<ul>\n<li><span style=\"color: green\"><strong>Menu Superior e Rodap\u00e9:<\/strong><\/span> Para incluir, alterar ou excluir qualquer item no menu do site ou modificar os dados do rodap\u00e9 (como ramal e endere\u00e7o), voc\u00ea deve solicitar ao Administrador.<\/li>\n<li><span style=\"color: green\"><strong>V\u00eddeos na P\u00e1gina Inicial:<\/strong><\/span> A inclus\u00e3o de v\u00eddeos na p\u00e1gina de entrada do site \u00e9 feita pelo Administrador. Os v\u00eddeos devem ser enviados para o YouTube e organizados em uma PLAYLIST, cujo link ser\u00e1 encaminhado ao Administrador para incorpora\u00e7\u00e3o no site.<\/li>\n<li><span style=\"color: green\"><strong>Imagem da P\u00e1gina Inicial:<\/strong><\/span> A imagem principal da p\u00e1gina inicial (com dimens\u00f5es de 1200 x 250 pixels) deve ser encaminhada ao Administrador. As cores do menu s\u00e3o definidas a partir dessa imagem.<\/li>\n<li><span style=\"color: green\"><strong>Redes Sociais:<\/strong><\/span> Caso a Unidade possua redes sociais, os links correspondentes tamb\u00e9m devem ser enviados ao Administrador para inclus\u00e3o no site.<\/li>\n<\/ul>\n","protected":false},"excerpt":{"rendered":"<p>Este tutorial visa auxiliar na manuten\u00e7\u00e3o do site da Unidade de Inform\u00e1tica &#8211; SCB, utilizando o Painel do WordPress, com foco nas funcionalidades de Posts, [&hellip;]<\/p>\n","protected":false},"author":2125,"featured_media":0,"parent":0,"menu_order":0,"comment_status":"closed","ping_status":"closed","template":"","meta":{"_acf_changed":false,"_monsterinsights_skip_tracking":false,"_monsterinsights_sitenote_active":false,"_monsterinsights_sitenote_note":"","_monsterinsights_sitenote_category":0,"footnotes":""},"class_list":["post-464","page","type-page","status-publish","hentry"],"acf":[],"_links":{"self":[{"href":"https:\/\/bio.ufpr.br\/infobio\/wp-json\/wp\/v2\/pages\/464","targetHints":{"allow":["GET"]}}],"collection":[{"href":"https:\/\/bio.ufpr.br\/infobio\/wp-json\/wp\/v2\/pages"}],"about":[{"href":"https:\/\/bio.ufpr.br\/infobio\/wp-json\/wp\/v2\/types\/page"}],"author":[{"embeddable":true,"href":"https:\/\/bio.ufpr.br\/infobio\/wp-json\/wp\/v2\/users\/2125"}],"replies":[{"embeddable":true,"href":"https:\/\/bio.ufpr.br\/infobio\/wp-json\/wp\/v2\/comments?post=464"}],"version-history":[{"count":4,"href":"https:\/\/bio.ufpr.br\/infobio\/wp-json\/wp\/v2\/pages\/464\/revisions"}],"predecessor-version":[{"id":468,"href":"https:\/\/bio.ufpr.br\/infobio\/wp-json\/wp\/v2\/pages\/464\/revisions\/468"}],"wp:attachment":[{"href":"https:\/\/bio.ufpr.br\/infobio\/wp-json\/wp\/v2\/media?parent=464"}],"curies":[{"name":"wp","href":"https:\/\/api.w.org\/{rel}","templated":true}]}}