{"id":520,"date":"2025-08-28T14:31:37","date_gmt":"2025-08-28T14:31:37","guid":{"rendered":"https:\/\/bio.ufpr.br\/infobio\/?page_id=520"},"modified":"2025-08-28T14:51:20","modified_gmt":"2025-08-28T14:51:20","slug":"tutorial-para-solicitacao-de-cartao-de-acesso","status":"publish","type":"page","link":"https:\/\/bio.ufpr.br\/infobio\/tutorial-para-solicitacao-de-cartao-de-acesso\/","title":{"rendered":"Tutorial para Solicita\u00e7\u00e3o de Cart\u00e3o de Acesso"},"content":{"rendered":"<p data-start=\"1444\" data-end=\"1580\">Para garantir a seguran\u00e7a e a organiza\u00e7\u00e3o do setor, o procedimento para solicita\u00e7\u00e3o de cart\u00f5es de acesso deve seguir os passos abaixo:<\/p>\n<h3 data-start=\"1582\" data-end=\"1610\">1. Solicita\u00e7\u00e3o inicial<\/h3>\n<p data-start=\"1611\" data-end=\"1700\">O interessado deve entrar em contato por e-mail com um docente ou servidor respons\u00e1vel.<\/p>\n<p data-start=\"1702\" data-end=\"1799\">O docente\/servidor dever\u00e1 autorizar a solicita\u00e7\u00e3o.<\/p>\n<h3 data-start=\"1801\" data-end=\"1837\">2. Defini\u00e7\u00e3o do tipo de acesso<\/h3>\n<p data-start=\"1838\" data-end=\"1930\">Na solicita\u00e7\u00e3o, deve ser informado qual ambiente o usu\u00e1rio precisar\u00e1 acessar, podendo ser:<\/p>\n<ul data-start=\"1931\" data-end=\"2017\">\n<li data-start=\"1931\" data-end=\"1943\">\n<p data-start=\"1933\" data-end=\"1943\">Biot\u00e9rio<\/p>\n<\/li>\n<li data-start=\"1944\" data-end=\"1956\">\n<p data-start=\"1946\" data-end=\"1956\">Anatomia<\/p>\n<\/li>\n<li data-start=\"1957\" data-end=\"1986\">\n<p data-start=\"1959\" data-end=\"1986\">Salas de aula\/anfiteatros<\/p>\n<\/li>\n<li data-start=\"1987\" data-end=\"2017\">\n<p data-start=\"1989\" data-end=\"2017\">Sala de inform\u00e1tica<\/p>\n<\/li>\n<\/ul>\n<h3 data-start=\"2019\" data-end=\"2052\">3. Documento de autoriza\u00e7\u00e3o<\/h3>\n<p data-start=\"2053\" data-end=\"2129\">O docente ou servidor respons\u00e1vel deve assinar o documento de autoriza\u00e7\u00e3o.<\/p>\n<p data-start=\"2131\" data-end=\"2189\">Esse documento estar\u00e1 dispon\u00edvel para download <a href=\"https:\/\/bio.ufpr.br\/infobio\/wp-content\/uploads\/sites\/21\/2025\/08\/cartao_alunos.docx\"><strong data-start=\"2178\" data-end=\"2186\">AQUI<\/strong><\/a> (alunos) ou <a href=\"https:\/\/bio.ufpr.br\/infobio\/wp-content\/uploads\/sites\/21\/2025\/08\/cartao_servidores_terce.docx\"><strong>AQUI<\/strong> <\/a>(servidores).<\/p>\n<h3 data-start=\"2191\" data-end=\"2217\">4. Entrega do cart\u00e3o<\/h3>\n<p data-start=\"2218\" data-end=\"2340\">Ap\u00f3s a entrega do documento assinado, o cart\u00e3o ser\u00e1 liberado e entregue presencialmente na sala de inform\u00e1tica do setor.<\/p>\n<p data-start=\"2342\" data-end=\"2405\">O cart\u00e3o ser\u00e1 vinculado ao nome do docente\/servidor indicado.<\/p>\n<h3 data-start=\"2407\" data-end=\"2436\">Observa\u00e7\u00f5es importantes<\/h3>\n<ul data-start=\"2437\" data-end=\"2614\">\n<li data-start=\"2437\" data-end=\"2484\">\n<p data-start=\"2439\" data-end=\"2484\">O cart\u00e3o \u00e9 de uso pessoal e intransfer\u00edvel.<\/p>\n<\/li>\n<li data-start=\"2485\" data-end=\"2562\">\n<p data-start=\"2487\" data-end=\"2562\">Em caso de perda, deve ser comunicado imediatamente ao setor respons\u00e1vel.<\/p>\n<\/li>\n<li data-start=\"2563\" data-end=\"2614\">\n<p data-start=\"2565\" data-end=\"2614\"><strong data-start=\"2565\" data-end=\"2612\">O valor de emiss\u00e3o do cart\u00e3o \u00e9 de R$ 10,00.<\/strong><\/p>\n<\/li>\n<\/ul>\n","protected":false},"excerpt":{"rendered":"<p>Para garantir a seguran\u00e7a e a organiza\u00e7\u00e3o do setor, o procedimento para solicita\u00e7\u00e3o de cart\u00f5es de acesso deve seguir os passos abaixo: 1. Solicita\u00e7\u00e3o inicial [&hellip;]<\/p>\n","protected":false},"author":2125,"featured_media":0,"parent":0,"menu_order":0,"comment_status":"closed","ping_status":"closed","template":"","meta":{"_acf_changed":false,"_monsterinsights_skip_tracking":false,"_monsterinsights_sitenote_active":false,"_monsterinsights_sitenote_note":"","_monsterinsights_sitenote_category":0,"footnotes":""},"class_list":["post-520","page","type-page","status-publish","hentry"],"acf":[],"_links":{"self":[{"href":"https:\/\/bio.ufpr.br\/infobio\/wp-json\/wp\/v2\/pages\/520","targetHints":{"allow":["GET"]}}],"collection":[{"href":"https:\/\/bio.ufpr.br\/infobio\/wp-json\/wp\/v2\/pages"}],"about":[{"href":"https:\/\/bio.ufpr.br\/infobio\/wp-json\/wp\/v2\/types\/page"}],"author":[{"embeddable":true,"href":"https:\/\/bio.ufpr.br\/infobio\/wp-json\/wp\/v2\/users\/2125"}],"replies":[{"embeddable":true,"href":"https:\/\/bio.ufpr.br\/infobio\/wp-json\/wp\/v2\/comments?post=520"}],"version-history":[{"count":7,"href":"https:\/\/bio.ufpr.br\/infobio\/wp-json\/wp\/v2\/pages\/520\/revisions"}],"predecessor-version":[{"id":530,"href":"https:\/\/bio.ufpr.br\/infobio\/wp-json\/wp\/v2\/pages\/520\/revisions\/530"}],"wp:attachment":[{"href":"https:\/\/bio.ufpr.br\/infobio\/wp-json\/wp\/v2\/media?parent=520"}],"curies":[{"name":"wp","href":"https:\/\/api.w.org\/{rel}","templated":true}]}}