{"id":424,"date":"2017-12-14T16:31:39","date_gmt":"2017-12-14T16:31:39","guid":{"rendered":"https:\/\/bio.ufpr.br\/labcho\/?page_id=424"},"modified":"2025-07-31T13:03:40","modified_gmt":"2025-07-31T13:03:40","slug":"equipe","status":"publish","type":"page","link":"https:\/\/bio.ufpr.br\/labcho\/equipe\/","title":{"rendered":"Equipe"},"content":{"rendered":"<h2 style=\"text-align: left\"><span style=\"color: #ff0000\"><strong>T\u00e9cnica<\/strong><\/span><\/h2>\n<p><img loading=\"lazy\" decoding=\"async\" class=\"wp-image-650 \" src=\"https:\/\/bio.ufpr.br\/labcho\/wp-content\/uploads\/sites\/48\/2017\/12\/Ana-215x300.png\" alt=\"Ana\" width=\"151\" height=\"211\" srcset=\"https:\/\/bio.ufpr.br\/labcho\/wp-content\/uploads\/sites\/48\/2017\/12\/Ana-215x300.png 215w, https:\/\/bio.ufpr.br\/labcho\/wp-content\/uploads\/sites\/48\/2017\/12\/Ana.png 221w\" sizes=\"auto, (max-width: 151px) 100vw, 151px\" \/><\/p>\n<p>MSc Ana Luiza Mattana<\/p>\n<p><!--more--><\/p>\n<h2><span style=\"color: #ff0000\"><strong>P\u00f3s-Doutorandas<\/strong><\/span><\/h2>\n<p>&nbsp;<\/p>\n<table style=\"height: 682px\" width=\"450\">\n<tbody>\n<tr>\n<td><img loading=\"lazy\" decoding=\"async\" class=\"wp-image-633 alignleft\" src=\"https:\/\/bio.ufpr.br\/labcho\/wp-content\/uploads\/sites\/48\/2017\/12\/Carolina-300x300.jpg\" alt=\"Carolina\" width=\"167\" height=\"167\" srcset=\"https:\/\/bio.ufpr.br\/labcho\/wp-content\/uploads\/sites\/48\/2017\/12\/Carolina-300x300.jpg 300w, https:\/\/bio.ufpr.br\/labcho\/wp-content\/uploads\/sites\/48\/2017\/12\/Carolina-150x150.jpg 150w, https:\/\/bio.ufpr.br\/labcho\/wp-content\/uploads\/sites\/48\/2017\/12\/Carolina.jpg 500w\" sizes=\"auto, (max-width: 167px) 100vw, 167px\" \/><\/td>\n<td>\n<p>Carolina Mahias<\/p>\n<p><a href=\"http:\/\/lattes.cnpq.br\/1802836786052288\">Lattes<\/a><\/p>\n<p>&nbsp;<\/td>\n<\/tr>\n<tr>\n<td><img loading=\"lazy\" decoding=\"async\" class=\"wp-image-807 alignleft\" src=\"https:\/\/bio.ufpr.br\/labcho\/wp-content\/uploads\/sites\/48\/2017\/12\/Carla-226x300.jpg\" alt=\"Carla\" width=\"123\" height=\"163\" srcset=\"https:\/\/bio.ufpr.br\/labcho\/wp-content\/uploads\/sites\/48\/2017\/12\/Carla-226x300.jpg 226w, https:\/\/bio.ufpr.br\/labcho\/wp-content\/uploads\/sites\/48\/2017\/12\/Carla-768x1019.jpg 768w, https:\/\/bio.ufpr.br\/labcho\/wp-content\/uploads\/sites\/48\/2017\/12\/Carla-772x1024.jpg 772w, https:\/\/bio.ufpr.br\/labcho\/wp-content\/uploads\/sites\/48\/2017\/12\/Carla.jpg 965w\" sizes=\"auto, (max-width: 123px) 100vw, 123px\" \/><\/td>\n<td>\n<p>Carla Adriane Royer<\/p>\n<p><a href=\"http:\/\/lattes.cnpq.br\/6722241846264837\">Lattes<\/a><\/p>\n<p>&nbsp;<\/td>\n<\/tr>\n<tr>\n<td><img loading=\"lazy\" decoding=\"async\" class=\"wp-image-808 alignleft\" src=\"https:\/\/bio.ufpr.br\/labcho\/wp-content\/uploads\/sites\/48\/2017\/12\/Carolina-1-300x300.jpg\" alt=\"Carolina\" width=\"160\" height=\"160\" srcset=\"https:\/\/bio.ufpr.br\/labcho\/wp-content\/uploads\/sites\/48\/2017\/12\/Carolina-1-300x300.jpg 300w, https:\/\/bio.ufpr.br\/labcho\/wp-content\/uploads\/sites\/48\/2017\/12\/Carolina-1-150x150.jpg 150w, https:\/\/bio.ufpr.br\/labcho\/wp-content\/uploads\/sites\/48\/2017\/12\/Carolina-1.jpg 500w\" sizes=\"auto, (max-width: 160px) 100vw, 160px\" \/><\/td>\n<td>\n<p>Carolina Gracia Poitevin<\/p>\n<p><a href=\"http:\/\/lattes.cnpq.br\/8594740863190707\">Lattes<\/a><\/td>\n<\/tr>\n<tr>\n<td><img loading=\"lazy\" decoding=\"async\" class=\"wp-image-809 alignleft\" src=\"https:\/\/bio.ufpr.br\/labcho\/wp-content\/uploads\/sites\/48\/2017\/12\/helen-300x225.jpg\" alt=\"helen\" width=\"192\" height=\"144\" srcset=\"https:\/\/bio.ufpr.br\/labcho\/wp-content\/uploads\/sites\/48\/2017\/12\/helen-300x225.jpg 300w, https:\/\/bio.ufpr.br\/labcho\/wp-content\/uploads\/sites\/48\/2017\/12\/helen-768x577.jpg 768w, https:\/\/bio.ufpr.br\/labcho\/wp-content\/uploads\/sites\/48\/2017\/12\/helen-1024x769.jpg 1024w, https:\/\/bio.ufpr.br\/labcho\/wp-content\/uploads\/sites\/48\/2017\/12\/helen.jpg 1124w\" sizes=\"auto, (max-width: 192px) 100vw, 192px\" \/><\/td>\n<td>\n<p>Hellen Abreu<\/p>\n<p><a href=\"http:\/\/lattes.cnpq.br\/7257804835895559\">Lattes<\/a><\/td>\n<\/tr>\n<\/tbody>\n<\/table>\n<p style=\"text-align: left\"><!--more--><\/p>\n<h2 style=\"text-align: left\">\u00a0<span style=\"color: #ff0000\"><strong>Doutorandos<\/strong><\/span><\/h2>\n<table style=\"height: 1109px\" width=\"374\">\n<tbody>\n<tr>\n<td><img loading=\"lazy\" decoding=\"async\" class=\"wp-image-723 alignleft\" src=\"https:\/\/bio.ufpr.br\/labcho\/wp-content\/uploads\/sites\/48\/2017\/12\/Ana-Flavia-169x300.jpg\" alt=\"Ana Flavia\" width=\"111\" height=\"197\" srcset=\"https:\/\/bio.ufpr.br\/labcho\/wp-content\/uploads\/sites\/48\/2017\/12\/Ana-Flavia-169x300.jpg 169w, https:\/\/bio.ufpr.br\/labcho\/wp-content\/uploads\/sites\/48\/2017\/12\/Ana-Flavia-768x1366.jpg 768w, https:\/\/bio.ufpr.br\/labcho\/wp-content\/uploads\/sites\/48\/2017\/12\/Ana-Flavia-576x1024.jpg 576w, https:\/\/bio.ufpr.br\/labcho\/wp-content\/uploads\/sites\/48\/2017\/12\/Ana-Flavia.jpg 899w\" sizes=\"auto, (max-width: 111px) 100vw, 111px\" \/><\/td>\n<td>Ana Flavia Kohler<\/td>\n<\/tr>\n<tr>\n<td><img loading=\"lazy\" decoding=\"async\" class=\"wp-image-656 alignleft\" src=\"https:\/\/bio.ufpr.br\/labcho\/wp-content\/uploads\/sites\/48\/2017\/12\/cristiane.jpg\" alt=\"cristiane\" width=\"150\" height=\"150\" srcset=\"https:\/\/bio.ufpr.br\/labcho\/wp-content\/uploads\/sites\/48\/2017\/12\/cristiane.jpg 206w, https:\/\/bio.ufpr.br\/labcho\/wp-content\/uploads\/sites\/48\/2017\/12\/cristiane-150x150.jpg 150w\" sizes=\"auto, (max-width: 150px) 100vw, 150px\" \/><\/td>\n<td>Cristiane Sato Mara Muller<\/td>\n<\/tr>\n<tr>\n<td><img loading=\"lazy\" decoding=\"async\" class=\"wp-image-720 alignleft\" src=\"https:\/\/bio.ufpr.br\/labcho\/wp-content\/uploads\/sites\/48\/2017\/12\/Vanessa.jpg\" alt=\"Vanessa\" width=\"151\" height=\"151\" srcset=\"https:\/\/bio.ufpr.br\/labcho\/wp-content\/uploads\/sites\/48\/2017\/12\/Vanessa.jpg 270w, https:\/\/bio.ufpr.br\/labcho\/wp-content\/uploads\/sites\/48\/2017\/12\/Vanessa-150x150.jpg 150w\" sizes=\"auto, (max-width: 151px) 100vw, 151px\" \/><\/td>\n<td>Vanessa Nascimento Kosak<\/td>\n<\/tr>\n<tr>\n<td><img loading=\"lazy\" decoding=\"async\" class=\"wp-image-645 alignleft\" src=\"https:\/\/bio.ufpr.br\/labcho\/wp-content\/uploads\/sites\/48\/2017\/12\/Alexandre-1.jpg\" alt=\"Alexandre\" width=\"130\" height=\"174\" \/><\/td>\n<td>Alexandre Luiz Korte Azevedo<\/td>\n<\/tr>\n<tr>\n<td><img loading=\"lazy\" decoding=\"async\" class=\"wp-image-649 alignleft\" src=\"https:\/\/bio.ufpr.br\/labcho\/wp-content\/uploads\/sites\/48\/2017\/12\/Ana-Carolina-1-239x300.jpg\" alt=\"Ana Carolina\" width=\"125\" height=\"157\" srcset=\"https:\/\/bio.ufpr.br\/labcho\/wp-content\/uploads\/sites\/48\/2017\/12\/Ana-Carolina-1-239x300.jpg 239w, https:\/\/bio.ufpr.br\/labcho\/wp-content\/uploads\/sites\/48\/2017\/12\/Ana-Carolina-1.jpg 241w\" sizes=\"auto, (max-width: 125px) 100vw, 125px\" \/><\/td>\n<td>Ana Carolina Rodrigues<\/td>\n<\/tr>\n<tr>\n<td><img loading=\"lazy\" decoding=\"async\" class=\"wp-image-782 alignleft\" src=\"https:\/\/bio.ufpr.br\/labcho\/wp-content\/uploads\/sites\/48\/2017\/12\/download-296x300.jpg\" alt=\"download\" width=\"165\" height=\"168\" srcset=\"https:\/\/bio.ufpr.br\/labcho\/wp-content\/uploads\/sites\/48\/2017\/12\/download-296x300.jpg 296w, https:\/\/bio.ufpr.br\/labcho\/wp-content\/uploads\/sites\/48\/2017\/12\/download-768x779.jpg 768w, https:\/\/bio.ufpr.br\/labcho\/wp-content\/uploads\/sites\/48\/2017\/12\/download.jpg 947w\" sizes=\"auto, (max-width: 165px) 100vw, 165px\" \/><\/td>\n<td>Suelen Cristina\u00a0Soares Baal<\/td>\n<\/tr>\n<\/tbody>\n<\/table>\n<p>&nbsp;<\/p>\n<h2><span style=\"color: #ff0000\"><strong>Mestrandos<\/strong><\/span><\/h2>\n<p>&nbsp;<\/p>\n<h2><span style=\"color: #ff0000\"><strong>Inicia\u00e7\u00e3o Cient\u00edfica<\/strong><\/span><\/h2>\n<p>Carlos Gabriel Alves de Lima<\/p>\n<p>Marco Antonio Campan\u00e1rio Sampaio<\/p>\n<p>Gabriela Yanaze Takamatsu<\/p>\n<p>Carolina Viante Rossi<\/p>\n<p>Amanda Cecilia Letnar Molina Leyton<\/p>\n<p>Let\u00edcia Gon\u00e7alves Potamianos<!--more--><\/p>\n<p><strong>Alumni<\/strong><\/p>\n<p><em>P\u00f3s doutorado<\/em><\/p>\n<ul>\n<li>Juliano Javert Louren\u00e7o<\/li>\n<li>Leandro Encarna\u00e7\u00e3o Garcia<\/li>\n<\/ul>\n<p><em>Doutorado<\/em><\/p>\n<ul>\n<li>Rafaela Nasser Veiga<\/li>\n<li>Tamyres Mingorance Carvalho<\/li>\n<li>Tayana Schultz Jucoski<\/li>\n<li>Carolina Mathias<\/li>\n<li>Erika Zambalde<\/li>\n<li>Talita Helen Bombardelli Gomig Lazarotto<\/li>\n<li>Patricia Midori Ozawa<\/li>\n<li>Bruna Sugita<\/li>\n<li>Fabiano Santos<\/li>\n<li>Tamara Borgonovo<\/li>\n<li>Cintia Calegari Coelho<\/li>\n<li>Gustavo Goes da Costa<\/li>\n<li>Fernanda Cavalcanti Breginski<\/li>\n<li>Sarah Franco Vieira de Oliveira<\/li>\n<li>Luiz Gustavo S\u00e1 Gabriel da Silva<\/li>\n<li>Marcos Euz\u00e9bio Maciel<\/li>\n<li>Gustavo G\u00f3es da Costa<\/li>\n<li>Maria Constanza Rodrigues<\/li>\n<li>Loraine Beatriz Acosta Veiga<\/li>\n<li>Roberta Losi Guembarowski<\/li>\n<li>Savana Camilla de Lima Santos<\/li>\n<li>Clarissa Torrezan<\/li>\n<li>Emerson Wander Silva Soares<\/li>\n<li>Ana Ang\u00e9lica Lelal Barbosa<\/li>\n<li>Enilze Maria de Souza Fonseca Ribeiro<\/li>\n<li>Luciane Regina Cavalli<\/li>\n<li>Lisete Chamma Davide<\/li>\n<\/ul>\n<p><em>Mestrado<\/em><\/p>\n<ul>\n<li>Bruna Aline dos Santos de Souza<\/li>\n<li>Guillermo Ortiz Brasil<\/li>\n<li>Rafael Diogo Marchi<\/li>\n<li>Heloisa Brincas<\/li>\n<li>Gabrielle Araujo\u00a0Pedroso\u00a0Pereira<\/li>\n<li>Leandro Serino<\/li>\n<li>Kleber Lopes Ferreira<\/li>\n<li>Lorhenn Bryanda Lemes Maia<\/li>\n<li>Cec\u00edlia Mayumi Shimoida de Carvalho<\/li>\n<li>Karla Santos Souza<\/li>\n<li>Nayara Cristina dos Santos Oliveira<\/li>\n<li>Heloisa Helena Zaccaron Milioli<\/li>\n<li>Rodrigo Kaviski<\/li>\n<li>Giovana Tardim Torrezan<\/li>\n<li>Marcia Maria Costa de Oliveira<\/li>\n<li>Gustavo Bomfim Propst<\/li>\n<li>Andrei Leichsenring<\/li>\n<li>Valderez Jamur<\/li>\n<li>Miriam Lacerda Barbosa<\/li>\n<li>Neide Iara Santos Silveira de Oliveira<\/li>\n<li>Virg\u00ednia Maria C\u00f3ser<\/li>\n<li>Ana Lucia Vieira Mion<\/li>\n<li>Lismeri Wuicik<\/li>\n<li>Ana Teresa Schmid-Braz<\/li>\n<li>D\u00e9borah Afonso Corn\u00e9lio<\/li>\n<li>Alice S Tokutake<\/li>\n<li>Carlos Guilherme Gaelzer Porci\u00fancula<\/li>\n<li>Val\u00e9ria Maria M Sperandio Roxo<\/li>\n<li>Kiyoko Ab\u00e9 Sandes<\/li>\n<li>Ana Ang\u00e9lica Leal Barbosa<\/li>\n<li>Jeanete Maristela S. Agostini<\/li>\n<li>Maria L\u00facia Carneiro Vieira<\/li>\n<li>Euclides Fontoura da Silva Junior<\/li>\n<li>Remy Lesnau<\/li>\n<li>Regina Maria Piecknik Cordeiro da Silva<\/li>\n<li>Lucia Regina Ribeiro<\/li>\n<\/ul>\n","protected":false},"excerpt":{"rendered":"<p>T\u00e9cnica MSc Ana Luiza Mattana<\/p>\n","protected":false},"author":2000,"featured_media":0,"parent":0,"menu_order":0,"comment_status":"closed","ping_status":"closed","template":"","meta":{"_acf_changed":false,"_monsterinsights_skip_tracking":false,"_monsterinsights_sitenote_active":false,"_monsterinsights_sitenote_note":"","_monsterinsights_sitenote_category":0,"footnotes":""},"class_list":["post-424","page","type-page","status-publish","hentry"],"acf":[],"_links":{"self":[{"href":"https:\/\/bio.ufpr.br\/labcho\/wp-json\/wp\/v2\/pages\/424","targetHints":{"allow":["GET"]}}],"collection":[{"href":"https:\/\/bio.ufpr.br\/labcho\/wp-json\/wp\/v2\/pages"}],"about":[{"href":"https:\/\/bio.ufpr.br\/labcho\/wp-json\/wp\/v2\/types\/page"}],"author":[{"embeddable":true,"href":"https:\/\/bio.ufpr.br\/labcho\/wp-json\/wp\/v2\/users\/2000"}],"replies":[{"embeddable":true,"href":"https:\/\/bio.ufpr.br\/labcho\/wp-json\/wp\/v2\/comments?post=424"}],"version-history":[{"count":37,"href":"https:\/\/bio.ufpr.br\/labcho\/wp-json\/wp\/v2\/pages\/424\/revisions"}],"predecessor-version":[{"id":828,"href":"https:\/\/bio.ufpr.br\/labcho\/wp-json\/wp\/v2\/pages\/424\/revisions\/828"}],"wp:attachment":[{"href":"https:\/\/bio.ufpr.br\/labcho\/wp-json\/wp\/v2\/media?parent=424"}],"curies":[{"name":"wp","href":"https:\/\/api.w.org\/{rel}","templated":true}]}}