{"id":800,"date":"2023-02-24T13:56:10","date_gmt":"2023-02-24T13:56:10","guid":{"rendered":"https:\/\/bio.ufpr.br\/labcho\/?page_id=800"},"modified":"2023-02-24T13:56:10","modified_gmt":"2023-02-24T13:56:10","slug":"exames-e-procedimentos","status":"publish","type":"page","link":"https:\/\/bio.ufpr.br\/labcho\/exames-e-procedimentos\/","title":{"rendered":"Exames e Procedimentos"},"content":{"rendered":"<p><strong>EXAMES DISPON\u00cdVEIS PARA PESQUISA<\/strong><\/p>\n<p><strong>Leucemia Linf\u00f3ide Aguda<\/strong><\/p>\n<p>&#8211; Transloca\u00e7\u00e3o t(12;21) ETV6-RUNX1 (TEL-AML1)<\/p>\n<p>&#8211; Transloca\u00e7\u00e3o t(9;22) BCR-ABL p190 e p210<\/p>\n<p>&#8211; Transloca\u00e7\u00e3o t(1;19) TCF3\/PBX1<\/p>\n<p>Em padroniza\u00e7\u00e3o: t(4;11)<\/p>\n<p><strong>Leucemia Miel\u00f3ide Aguda<\/strong><\/p>\n<p>&#8211; Transloca\u00e7\u00e3o t(8;21) RUNX1-RUNXT1 (AML1-ETO)<\/p>\n<p>&#8211; Transloca\u00e7\u00e3o t(6;9) DEK\/CAN<\/p>\n<p>&#8211; Transloca\u00e7\u00e3o t(15;17) PML\/Rara<\/p>\n<p>Em padroniza\u00e7\u00e3o: inv16 e mutNPM1<\/p>\n<p>&nbsp;<\/p>\n<p><strong>PROTOCOLO OPERACIONAL PARA ENVIO DE AMOSTRAS<\/strong><\/p>\n<ol>\n<li><strong>Procedimentos de coleta de amostras<\/strong><\/li>\n<\/ol>\n<p>As amostras poder\u00e3o ser coletadas a partir de sangue perif\u00e9rico e\/ou de aspirado de medula \u00f3ssea, ambas <strong>em tubos de coleta contendo EDTA<\/strong>. \u00a0O volume solicitado para a realiza\u00e7\u00e3o do exame \u00e9 de 4 mL.<\/p>\n<ol>\n<li><strong>Identifica\u00e7\u00e3o e armazenamento<\/strong><\/li>\n<\/ol>\n<p>As amostras dever\u00e3o ser identificadas individualmente com os dados do paciente, de acordo com o protocolo interno de identifica\u00e7\u00e3o do Hospital solicitante, e dever\u00e3o ser encaminhadas com Termo de consentimento livre e esclarecido <strong>(TCLE) assinado<\/strong>. O relat\u00f3rio de pesquisa ser\u00e1 emitido de acordo com as informa\u00e7\u00f5es encaminhadas no requerimento de solicita\u00e7\u00e3o do exame.<\/p>\n<p>As amostras dever\u00e3o ser mantidas em geladeira (2\u00b0C a 8\u00b0C) ou temperatura ambiente at\u00e9 o momento de seu envio para o laborat\u00f3rio. As amostras dever\u00e3o ser transportadas ao laborat\u00f3rio tamb\u00e9m em temperatura ambiente, sem contato com luz solar. Amostras coletadas ap\u00f3s as 15h dever\u00e3o ser acondicionadas em geladeira (2\u00b0C a 8\u00b0C), e dever\u00e3o ser enviadas no outro dia, impreterivelmente at\u00e9 as 12h do dia seguinte.<\/p>\n<ol>\n<li><strong>Envio e recebimento<\/strong><\/li>\n<\/ol>\n<p>Ser\u00e3o recebidas amostras de sangue perif\u00e9rico de segunda-feira a sexta-feira, e amostras de medula \u00f3ssea de segunda-feira \u00e0 quinta-feira, entregues\u00a0<strong>at\u00e9 \u00e0s 15h<\/strong>, no Laborat\u00f3rio de Imunogen\u00e9tica e Histocompatibilidade (LIGH) do Departamento de Gen\u00e9tica da UFPR.<\/p>\n<p><u>Endere\u00e7o de entrega:<\/u>\u00a0Centro polit\u00e9cnico, Setor de Ci\u00eancias Biol\u00f3gicas da Universidade Federal do Paran\u00e1, Departamento de Gen\u00e9tica, Laborat\u00f3rio de Imunogen\u00e9tica e Histocompatibilidade (LIGH), sala 31, 2\u00ba andar. Avenida Coronel Francisco H. dos Santos, 100. CEP 81531-980, Bairro Jardim das Am\u00e9ricas, Curitiba Paran\u00e1.<\/p>\n<p>Telefone para contato: Dra. Jaqueline Carvalho de Oliveira (041 99554 \u2013 9609, ou 3361 \u2013 1740)<\/p>\n<ol>\n<li><strong>Controle de qualidade de amostras<\/strong><\/li>\n<\/ol>\n<p>As amostras entregues ao Servi\u00e7o de Gen\u00e9tica ser\u00e3o imediatamente avaliadas quanto sua qualidade para realiza\u00e7\u00e3o do exame de acordo com os crit\u00e9rios listados abaixo:<\/p>\n<ol>\n<li>Aspecto f\u00edsico da amostra;<\/li>\n<li>Qualidade de acondicionamento da amostra;<\/li>\n<li>C\u00f3pia do requerimento m\u00e9dico de solicita\u00e7\u00e3o do exame;<\/li>\n<li>Qualidade da identifica\u00e7\u00e3o da amostra;<\/li>\n<li>TCLE assinado<\/li>\n<\/ol>\n<p>&nbsp;<\/p>\n<ol>\n<li><strong>Procedimentos operacionais para exclus\u00e3o de amostras<\/strong><\/li>\n<\/ol>\n<p>Amostras que n\u00e3o atendam aos crit\u00e9rios de qualidade m\u00ednima para a realiza\u00e7\u00e3o do exame ser\u00e3o devolvidas ao remetente e informadas ao profissional respons\u00e1vel pela coleta. S\u00e3o considerados crit\u00e9rios de exclus\u00e3o de amostras:<\/p>\n<ol>\n<li>Amostras coaguladas. Sangue hemolisado.<\/li>\n<li>Coletas com utiliza\u00e7\u00e3o de outro anticoagulante que n\u00e3o EDTA.<\/li>\n<li>Amostra n\u00e3o acompanhada de requerimento de envio de amostras.<\/li>\n<li>Amostras sem identifica\u00e7\u00e3o ou com identifica\u00e7\u00e3o imprecisa.<\/li>\n<li>Amostras sem TCLE assinado.<\/li>\n<\/ol>\n","protected":false},"excerpt":{"rendered":"<p>EXAMES DISPON\u00cdVEIS PARA PESQUISA Leucemia Linf\u00f3ide Aguda &#8211; Transloca\u00e7\u00e3o t(12;21) ETV6-RUNX1 (TEL-AML1) &#8211; Transloca\u00e7\u00e3o t(9;22) BCR-ABL p190 e p210 &#8211; Transloca\u00e7\u00e3o t(1;19) TCF3\/PBX1 Em padroniza\u00e7\u00e3o: t(4;11) Leucemia Miel\u00f3ide Aguda &#8211; Transloca\u00e7\u00e3o t(8;21) RUNX1-RUNXT1 (AML1-ETO) &#8211; Transloca\u00e7\u00e3o t(6;9) DEK\/CAN &#8211; Transloca\u00e7\u00e3o t(15;17) PML\/Rara Em padroniza\u00e7\u00e3o: inv16 e mutNPM1 &nbsp; PROTOCOLO OPERACIONAL PARA ENVIO DE AMOSTRAS Procedimentos [&hellip;]<\/p>\n","protected":false},"author":6,"featured_media":0,"parent":0,"menu_order":0,"comment_status":"closed","ping_status":"closed","template":"","meta":{"_acf_changed":false,"_monsterinsights_skip_tracking":false,"_monsterinsights_sitenote_active":false,"_monsterinsights_sitenote_note":"","_monsterinsights_sitenote_category":0,"footnotes":""},"class_list":["post-800","page","type-page","status-publish","hentry"],"acf":[],"_links":{"self":[{"href":"https:\/\/bio.ufpr.br\/labcho\/wp-json\/wp\/v2\/pages\/800","targetHints":{"allow":["GET"]}}],"collection":[{"href":"https:\/\/bio.ufpr.br\/labcho\/wp-json\/wp\/v2\/pages"}],"about":[{"href":"https:\/\/bio.ufpr.br\/labcho\/wp-json\/wp\/v2\/types\/page"}],"author":[{"embeddable":true,"href":"https:\/\/bio.ufpr.br\/labcho\/wp-json\/wp\/v2\/users\/6"}],"replies":[{"embeddable":true,"href":"https:\/\/bio.ufpr.br\/labcho\/wp-json\/wp\/v2\/comments?post=800"}],"version-history":[{"count":1,"href":"https:\/\/bio.ufpr.br\/labcho\/wp-json\/wp\/v2\/pages\/800\/revisions"}],"predecessor-version":[{"id":801,"href":"https:\/\/bio.ufpr.br\/labcho\/wp-json\/wp\/v2\/pages\/800\/revisions\/801"}],"wp:attachment":[{"href":"https:\/\/bio.ufpr.br\/labcho\/wp-json\/wp\/v2\/media?parent=800"}],"curies":[{"name":"wp","href":"https:\/\/api.w.org\/{rel}","templated":true}]}}