{"id":802,"date":"2023-02-24T13:56:50","date_gmt":"2023-02-24T13:56:50","guid":{"rendered":"https:\/\/bio.ufpr.br\/labcho\/?page_id=802"},"modified":"2023-02-24T13:56:50","modified_gmt":"2023-02-24T13:56:50","slug":"envio-de-amostras","status":"publish","type":"page","link":"https:\/\/bio.ufpr.br\/labcho\/envio-de-amostras\/","title":{"rendered":"Envio de Amostras"},"content":{"rendered":"<p>O Servi\u00e7o de Gen\u00e9tica da UFPR\u00a0realiza exames de RT-PCR para as principais transloca\u00e7\u00f5es de impacto cl\u00ednico em pacientes pedi\u00e1tricos com leucemia.<\/p>\n<p>Os exames s\u00e3o oferecidos para hospitais p\u00fablicos ou privados, a partir da formaliza\u00e7\u00e3o de conv\u00eanios, e solicitados via encaminhamento m\u00e9dico.<\/p>\n<p>Para solicitar o exame,\u00a0<a href=\"https:\/\/forms.office.com\/Pages\/ResponsePage.aspx?id=ozd7w-Lp-UK8Z0ubc44d8I3bFPEllixKrUvNci7yBbRUNEMyQVA3RU4wVUQ3Rkg1V09MWllERFREWS4u\">Clique aqui<\/a>\u00a0e preencha o formul\u00e1rio de cadastro de amostras.<\/p>\n","protected":false},"excerpt":{"rendered":"<p>O Servi\u00e7o de Gen\u00e9tica da UFPR\u00a0realiza exames de RT-PCR para as principais transloca\u00e7\u00f5es de impacto cl\u00ednico em pacientes pedi\u00e1tricos com leucemia. Os exames s\u00e3o oferecidos para hospitais p\u00fablicos ou privados, a partir da formaliza\u00e7\u00e3o de conv\u00eanios, e solicitados via encaminhamento m\u00e9dico. Para solicitar o exame,\u00a0Clique aqui\u00a0e preencha o formul\u00e1rio de cadastro de amostras.<\/p>\n","protected":false},"author":6,"featured_media":0,"parent":0,"menu_order":0,"comment_status":"closed","ping_status":"closed","template":"","meta":{"_acf_changed":false,"_monsterinsights_skip_tracking":false,"_monsterinsights_sitenote_active":false,"_monsterinsights_sitenote_note":"","_monsterinsights_sitenote_category":0,"footnotes":""},"class_list":["post-802","page","type-page","status-publish","hentry"],"acf":[],"_links":{"self":[{"href":"https:\/\/bio.ufpr.br\/labcho\/wp-json\/wp\/v2\/pages\/802","targetHints":{"allow":["GET"]}}],"collection":[{"href":"https:\/\/bio.ufpr.br\/labcho\/wp-json\/wp\/v2\/pages"}],"about":[{"href":"https:\/\/bio.ufpr.br\/labcho\/wp-json\/wp\/v2\/types\/page"}],"author":[{"embeddable":true,"href":"https:\/\/bio.ufpr.br\/labcho\/wp-json\/wp\/v2\/users\/6"}],"replies":[{"embeddable":true,"href":"https:\/\/bio.ufpr.br\/labcho\/wp-json\/wp\/v2\/comments?post=802"}],"version-history":[{"count":1,"href":"https:\/\/bio.ufpr.br\/labcho\/wp-json\/wp\/v2\/pages\/802\/revisions"}],"predecessor-version":[{"id":803,"href":"https:\/\/bio.ufpr.br\/labcho\/wp-json\/wp\/v2\/pages\/802\/revisions\/803"}],"wp:attachment":[{"href":"https:\/\/bio.ufpr.br\/labcho\/wp-json\/wp\/v2\/media?parent=802"}],"curies":[{"name":"wp","href":"https:\/\/api.w.org\/{rel}","templated":true}]}}