{"id":188,"date":"2018-10-30T13:16:55","date_gmt":"2018-10-30T13:16:55","guid":{"rendered":"https:\/\/bio.ufpr.br\/labef\/?page_id=188"},"modified":"2018-11-27T00:04:09","modified_gmt":"2018-11-27T00:04:09","slug":"contato","status":"publish","type":"page","link":"https:\/\/bio.ufpr.br\/labef\/contato\/","title":{"rendered":"Contato"},"content":{"rendered":"<p>Av Cel Francisco H. dos Santos, 100. Bairro Jardim das Am\u00e9ricas. CEP 81531-980 &#8211; Curitiba, PR &#8211; Brasil<\/p>\n<p>Universidade Federal do Paran\u00e1, Setor de Ci\u00eancias Biol\u00f3gicas, Departamento de Bot\u00e2nica.\u00a0Caixa-postal: 19031<br class=\"clear\" \/>Telefone: +55 (41) 3361-1505<\/p>\n<p>E-mail: carlucci at\u00a0ufpr.br<\/p>\n","protected":false},"excerpt":{"rendered":"<p>Av Cel Francisco H. dos Santos, 100. Bairro Jardim das Am\u00e9ricas. CEP 81531-980 &#8211; Curitiba, PR &#8211; Brasil Universidade Federal do Paran\u00e1, Setor de Ci\u00eancias Biol\u00f3gicas, Departamento de Bot\u00e2nica.\u00a0Caixa-postal: 19031Telefone: +55 (41) 3361-1505 E-mail: carlucci at\u00a0ufpr.br<\/p>\n","protected":false},"author":1997,"featured_media":0,"parent":0,"menu_order":0,"comment_status":"closed","ping_status":"closed","template":"","meta":{"_acf_changed":false,"_monsterinsights_skip_tracking":false,"_monsterinsights_sitenote_active":false,"_monsterinsights_sitenote_note":"","_monsterinsights_sitenote_category":0,"footnotes":""},"class_list":["post-188","page","type-page","status-publish","hentry"],"acf":[],"_links":{"self":[{"href":"https:\/\/bio.ufpr.br\/labef\/wp-json\/wp\/v2\/pages\/188","targetHints":{"allow":["GET"]}}],"collection":[{"href":"https:\/\/bio.ufpr.br\/labef\/wp-json\/wp\/v2\/pages"}],"about":[{"href":"https:\/\/bio.ufpr.br\/labef\/wp-json\/wp\/v2\/types\/page"}],"author":[{"embeddable":true,"href":"https:\/\/bio.ufpr.br\/labef\/wp-json\/wp\/v2\/users\/1997"}],"replies":[{"embeddable":true,"href":"https:\/\/bio.ufpr.br\/labef\/wp-json\/wp\/v2\/comments?post=188"}],"version-history":[{"count":4,"href":"https:\/\/bio.ufpr.br\/labef\/wp-json\/wp\/v2\/pages\/188\/revisions"}],"predecessor-version":[{"id":219,"href":"https:\/\/bio.ufpr.br\/labef\/wp-json\/wp\/v2\/pages\/188\/revisions\/219"}],"wp:attachment":[{"href":"https:\/\/bio.ufpr.br\/labef\/wp-json\/wp\/v2\/media?parent=188"}],"curies":[{"name":"wp","href":"https:\/\/api.w.org\/{rel}","templated":true}]}}