{"id":429,"date":"2018-11-12T13:06:04","date_gmt":"2018-11-12T13:06:04","guid":{"rendered":"https:\/\/bio.ufpr.br\/ligh\/?page_id=429"},"modified":"2018-11-14T11:26:59","modified_gmt":"2018-11-14T11:26:59","slug":"login","status":"publish","type":"page","link":"https:\/\/bio.ufpr.br\/ligh\/login\/","title":{"rendered":"Login"},"content":{"rendered":"<p>&nbsp;<\/p>\n<p>&nbsp;<\/p>\n<p><a href=\"http:\/\/www.ligh.ufpr.br\" target=\"_blank\">Acesso ao Sistema LIGH<\/a><\/p>\n<p>Relat\u00f3rios:<\/p>\n<ul>\n<li><a href=\"http:\/\/www.ligh.ufpr.br\/sintese\/sintese_2006_2014.pdf\" target=\"_blank\">S\u00edntese 2006 a 2014<\/a><\/li>\n<\/ul>\n<p>Apresenta\u00e7\u00f5es:<\/p>\n<ul>\n<li><a href=\"http:\/\/www.ligh.ufpr.br\/apresenta\/apresenta.php\" target=\"_blank\">Apresenta\u00e7\u00f5es em Congressos<\/a><\/li>\n<\/ul>\n","protected":false},"excerpt":{"rendered":"<p>&nbsp; &nbsp; Acesso ao Sistema LIGH Relat\u00f3rios: S\u00edntese 2006 a 2014 Apresenta\u00e7\u00f5es: Apresenta\u00e7\u00f5es em Congressos<\/p>\n","protected":false},"author":6,"featured_media":0,"parent":0,"menu_order":0,"comment_status":"closed","ping_status":"closed","template":"","meta":{"_acf_changed":false,"_monsterinsights_skip_tracking":false,"_monsterinsights_sitenote_active":false,"_monsterinsights_sitenote_note":"","_monsterinsights_sitenote_category":0,"footnotes":""},"class_list":["post-429","page","type-page","status-publish","hentry"],"acf":[],"_links":{"self":[{"href":"https:\/\/bio.ufpr.br\/ligh\/wp-json\/wp\/v2\/pages\/429","targetHints":{"allow":["GET"]}}],"collection":[{"href":"https:\/\/bio.ufpr.br\/ligh\/wp-json\/wp\/v2\/pages"}],"about":[{"href":"https:\/\/bio.ufpr.br\/ligh\/wp-json\/wp\/v2\/types\/page"}],"author":[{"embeddable":true,"href":"https:\/\/bio.ufpr.br\/ligh\/wp-json\/wp\/v2\/users\/6"}],"replies":[{"embeddable":true,"href":"https:\/\/bio.ufpr.br\/ligh\/wp-json\/wp\/v2\/comments?post=429"}],"version-history":[{"count":10,"href":"https:\/\/bio.ufpr.br\/ligh\/wp-json\/wp\/v2\/pages\/429\/revisions"}],"predecessor-version":[{"id":446,"href":"https:\/\/bio.ufpr.br\/ligh\/wp-json\/wp\/v2\/pages\/429\/revisions\/446"}],"wp:attachment":[{"href":"https:\/\/bio.ufpr.br\/ligh\/wp-json\/wp\/v2\/media?parent=429"}],"curies":[{"name":"wp","href":"https:\/\/api.w.org\/{rel}","templated":true}]}}