{"id":460,"date":"2023-02-28T13:12:40","date_gmt":"2023-02-28T13:12:40","guid":{"rendered":"https:\/\/bio.ufpr.br\/ligh\/?page_id=460"},"modified":"2024-07-01T14:35:27","modified_gmt":"2024-07-01T14:35:27","slug":"pesquisa","status":"publish","type":"page","link":"https:\/\/bio.ufpr.br\/ligh\/pesquisa\/","title":{"rendered":"Ensino e Pesquisa"},"content":{"rendered":"<p><span>As linhas de pesquisa do LIGH contemplam as \u00e1reas: <\/span><span>\u00a0<\/span><\/p>\n<p><span>Imunogen\u00e9tica dos transplantes;<\/span><span>\u00a0<\/span><\/p>\n<p><span>Imunogen\u00e9tica de doen\u00e7as infecciosas;<\/span><span>\u00a0<\/span><\/p>\n<p><span>Imunogen\u00e9tica da reprodu\u00e7\u00e3o.<\/span><\/p>\n<p>(site em constru\u00e7\u00e3o)<\/p>\n","protected":false},"excerpt":{"rendered":"<p>As linhas de pesquisa do LIGH contemplam as \u00e1reas: \u00a0 Imunogen\u00e9tica dos transplantes;\u00a0 Imunogen\u00e9tica de doen\u00e7as infecciosas;\u00a0 Imunogen\u00e9tica da reprodu\u00e7\u00e3o. (site em constru\u00e7\u00e3o)<\/p>\n","protected":false},"author":6,"featured_media":0,"parent":0,"menu_order":0,"comment_status":"closed","ping_status":"closed","template":"","meta":{"_acf_changed":false,"_monsterinsights_skip_tracking":false,"_monsterinsights_sitenote_active":false,"_monsterinsights_sitenote_note":"","_monsterinsights_sitenote_category":0,"footnotes":""},"class_list":["post-460","page","type-page","status-publish","hentry"],"acf":[],"_links":{"self":[{"href":"https:\/\/bio.ufpr.br\/ligh\/wp-json\/wp\/v2\/pages\/460","targetHints":{"allow":["GET"]}}],"collection":[{"href":"https:\/\/bio.ufpr.br\/ligh\/wp-json\/wp\/v2\/pages"}],"about":[{"href":"https:\/\/bio.ufpr.br\/ligh\/wp-json\/wp\/v2\/types\/page"}],"author":[{"embeddable":true,"href":"https:\/\/bio.ufpr.br\/ligh\/wp-json\/wp\/v2\/users\/6"}],"replies":[{"embeddable":true,"href":"https:\/\/bio.ufpr.br\/ligh\/wp-json\/wp\/v2\/comments?post=460"}],"version-history":[{"count":3,"href":"https:\/\/bio.ufpr.br\/ligh\/wp-json\/wp\/v2\/pages\/460\/revisions"}],"predecessor-version":[{"id":529,"href":"https:\/\/bio.ufpr.br\/ligh\/wp-json\/wp\/v2\/pages\/460\/revisions\/529"}],"wp:attachment":[{"href":"https:\/\/bio.ufpr.br\/ligh\/wp-json\/wp\/v2\/media?parent=460"}],"curies":[{"name":"wp","href":"https:\/\/api.w.org\/{rel}","templated":true}]}}