{"id":27,"date":"2017-06-07T14:59:48","date_gmt":"2017-06-07T14:59:48","guid":{"rendered":"https:\/\/bio.ufpr.br\/lmv\/?page_id=27"},"modified":"2024-06-11T14:32:53","modified_gmt":"2024-06-11T17:32:53","slug":"infraestrutura","status":"publish","type":"page","link":"https:\/\/bio.ufpr.br\/lmv\/infraestrutura\/","title":{"rendered":"Infraestrutura"},"content":{"rendered":"<h5 style=\"text-align: justify\">O Laborat\u00f3rio de Micropropaga\u00e7\u00e3o Vegetal da UFPR conta com sala de lavagem e esteriliza\u00e7\u00e3o de materiais contendo autoclaves, destilador, estufa, banho-maria, estantes com vidrarias diversas e arm\u00e1rios com reagentes qu\u00edmicos; sala de preparo de meios de cultura com refrigeradores, balan\u00e7as, medidor de pH, forno microondas e agitadores, sala de avalia\u00e7\u00f5es de experimentos com microsc\u00f3pios \u00f3pticos e estereomicrosc\u00f3pios, salas com capelas de fluxo laminar, com arm\u00e1rios e estantes contendo materiais esterilizados como meios de cultura, placas de Petri, \u00e1gua e esterilizadores el\u00e9tricos; sala de crescimento das culturas com l\u00e2mpadas tubulares de luz fluorescente e LED e com controle do fotoper\u00edodo, aparelho de ar condicionado para regular a temperatura, duas germinadoras e casa de vegeta\u00e7\u00e3o com luz artificial e sistema de irriga\u00e7\u00e3o.<\/h5>\n<p style=\"text-align: center\">\n","protected":false},"excerpt":{"rendered":"<p>O Laborat\u00f3rio de Micropropaga\u00e7\u00e3o Vegetal da UFPR conta com sala de lavagem e esteriliza\u00e7\u00e3o de materiais contendo autoclaves, destilador, estufa, banho-maria, estantes com vidrarias diversas e arm\u00e1rios com reagentes qu\u00edmicos; sala de preparo de meios de cultura com refrigeradores, balan\u00e7as, medidor de pH, forno microondas e agitadores, sala de avalia\u00e7\u00f5es de experimentos com microsc\u00f3pios \u00f3pticos [&hellip;]<\/p>\n","protected":false},"author":1994,"featured_media":0,"parent":0,"menu_order":0,"comment_status":"closed","ping_status":"closed","template":"","meta":{"_acf_changed":false,"_monsterinsights_skip_tracking":false,"_monsterinsights_sitenote_active":false,"_monsterinsights_sitenote_note":"","_monsterinsights_sitenote_category":0,"footnotes":""},"class_list":["post-27","page","type-page","status-publish","hentry"],"acf":[],"_links":{"self":[{"href":"https:\/\/bio.ufpr.br\/lmv\/wp-json\/wp\/v2\/pages\/27","targetHints":{"allow":["GET"]}}],"collection":[{"href":"https:\/\/bio.ufpr.br\/lmv\/wp-json\/wp\/v2\/pages"}],"about":[{"href":"https:\/\/bio.ufpr.br\/lmv\/wp-json\/wp\/v2\/types\/page"}],"author":[{"embeddable":true,"href":"https:\/\/bio.ufpr.br\/lmv\/wp-json\/wp\/v2\/users\/1994"}],"replies":[{"embeddable":true,"href":"https:\/\/bio.ufpr.br\/lmv\/wp-json\/wp\/v2\/comments?post=27"}],"version-history":[{"count":8,"href":"https:\/\/bio.ufpr.br\/lmv\/wp-json\/wp\/v2\/pages\/27\/revisions"}],"predecessor-version":[{"id":626,"href":"https:\/\/bio.ufpr.br\/lmv\/wp-json\/wp\/v2\/pages\/27\/revisions\/626"}],"wp:attachment":[{"href":"https:\/\/bio.ufpr.br\/lmv\/wp-json\/wp\/v2\/media?parent=27"}],"curies":[{"name":"wp","href":"https:\/\/api.w.org\/{rel}","templated":true}]}}