{"id":32,"date":"2017-06-07T15:05:08","date_gmt":"2017-06-07T15:05:08","guid":{"rendered":"https:\/\/bio.ufpr.br\/lmv\/?page_id=32"},"modified":"2024-06-11T14:43:10","modified_gmt":"2024-06-11T17:43:10","slug":"recursos-humanos","status":"publish","type":"page","link":"https:\/\/bio.ufpr.br\/lmv\/recursos-humanos\/","title":{"rendered":"Recursos humanos"},"content":{"rendered":"<p style=\"text-align: justify\"><span style=\"color: #000000\">O LMV-UFPR conta com dois docentes principais, ambos lotados\u00a0no\u00a0departamento de Bot\u00e2nica da UFPR (vide <a style=\"color: #000000\" href=\"https:\/\/bio.ufpr.br\/botanica\/docentes\/\">site<\/a>), e tamb\u00e9m com estudantes de gradua\u00e7\u00e3o e p\u00f3s-gradua\u00e7\u00e3o, principalmente dos cursos de Ci\u00eancias Biol\u00f3gicas e Agronomia, e do curso de p\u00f3s-gradua\u00e7\u00e3o em <a style=\"color: #000000\" href=\"http:\/\/www.prppg.ufpr.br\/site\/ppgbot\/pb\/\">Bot\u00e2nica<\/a>.<\/span><\/p>\n<p style=\"text-align: center\">\n","protected":false},"excerpt":{"rendered":"<p>O LMV-UFPR conta com dois docentes principais, ambos lotados\u00a0no\u00a0departamento de Bot\u00e2nica da UFPR (vide site), e tamb\u00e9m com estudantes de gradua\u00e7\u00e3o e p\u00f3s-gradua\u00e7\u00e3o, principalmente dos cursos de Ci\u00eancias Biol\u00f3gicas e Agronomia, e do curso de p\u00f3s-gradua\u00e7\u00e3o em Bot\u00e2nica.<\/p>\n","protected":false},"author":1994,"featured_media":0,"parent":0,"menu_order":0,"comment_status":"closed","ping_status":"closed","template":"","meta":{"_acf_changed":false,"_monsterinsights_skip_tracking":false,"_monsterinsights_sitenote_active":false,"_monsterinsights_sitenote_note":"","_monsterinsights_sitenote_category":0,"footnotes":""},"class_list":["post-32","page","type-page","status-publish","hentry"],"acf":[],"_links":{"self":[{"href":"https:\/\/bio.ufpr.br\/lmv\/wp-json\/wp\/v2\/pages\/32","targetHints":{"allow":["GET"]}}],"collection":[{"href":"https:\/\/bio.ufpr.br\/lmv\/wp-json\/wp\/v2\/pages"}],"about":[{"href":"https:\/\/bio.ufpr.br\/lmv\/wp-json\/wp\/v2\/types\/page"}],"author":[{"embeddable":true,"href":"https:\/\/bio.ufpr.br\/lmv\/wp-json\/wp\/v2\/users\/1994"}],"replies":[{"embeddable":true,"href":"https:\/\/bio.ufpr.br\/lmv\/wp-json\/wp\/v2\/comments?post=32"}],"version-history":[{"count":10,"href":"https:\/\/bio.ufpr.br\/lmv\/wp-json\/wp\/v2\/pages\/32\/revisions"}],"predecessor-version":[{"id":638,"href":"https:\/\/bio.ufpr.br\/lmv\/wp-json\/wp\/v2\/pages\/32\/revisions\/638"}],"wp:attachment":[{"href":"https:\/\/bio.ufpr.br\/lmv\/wp-json\/wp\/v2\/media?parent=32"}],"curies":[{"name":"wp","href":"https:\/\/api.w.org\/{rel}","templated":true}]}}