{"id":55,"date":"2017-06-08T13:33:13","date_gmt":"2017-06-08T13:33:13","guid":{"rendered":"https:\/\/bio.ufpr.br\/lmv\/?page_id=55"},"modified":"2024-06-11T14:33:45","modified_gmt":"2024-06-11T17:33:45","slug":"artigos-cientificos","status":"publish","type":"page","link":"https:\/\/bio.ufpr.br\/lmv\/publicacoes-recentes\/artigos-cientificos\/","title":{"rendered":"Artigos cient\u00edficos"},"content":{"rendered":"<h3>Encontram-se aqui dispon\u00edveis os artigos publicados recentemente pelos grupos de pesquisa dos docentes do LMV-UFPR.<\/h3>\n<hr \/>\n<ol>\n<li><span style=\"color: #000000\">NAVARRO, QUEZIA ROCHA ; DE OLIVEIRA CORR\u00caA, DIEGO ; BEHLING, ALEXANDRE ; NOSEDA, MIGUEL DANIEL ; AMANO, \u00c9RIKA ; SUZUKI, ROG\u00c9RIO MAMORU ; RIBAS, LUCIANA LOPES FORTES . Efficient use of biomass and extract of the microalga <em>Desmodesmus subspicatus<\/em> (Scenedesmaceae) in asymbiotic seed germination and seedling development of the orchid <em>Cattleya warneri<\/em>. Journal of Applied Phycology, v. 33, p. 1-17, 2021.<\/span><\/li>\n<li><span style=\"color: #000000\">AMATUZI, J. A. ; VIEIRA, L. N. ; SANTANNA-SANTOS, B. F. ; NOSEDA, M. D. ; FRAGA, H.P.F. . Improved in vitro development of <em>Epidendrum secundum<\/em> (Orchidaceae) by using aqueous extract of the seaweed Kappaphycus alvarezii (Rhodophyta, Solieriaceae). ACTA PHYSIOLOGIAE PLANTARUM, v. 42, p. 136, 2020.<\/span><\/li>\n<li><span style=\"color: #000000\">PEREIRA, C\u00c1TIA ; CASTANDER-OLARIETA, ANDER ; MONTALB\u00c1N, ITZIAR A. ; P\u011b ; PET&#8217;\u00cdK, IVAN ; PAVLOVI&#8217;, IVA ; OLIVEIRA, ELIANA DE MEDEIROS ; FRAGA, HUGO PACHECO DE FREITAS ; Guerra, Miguel Pedro ; NOV\u00c1K, ONDREJ ; STRNAD, MIROSLAV ; CANHOTO, JORGE ; MONCALE\u00c1N, PALOMA . Embryonal Masses Induced at High Temperatures in Aleppo Pine: Cytokinin Profile and Cytological Characterization. Forests, v. 11, p. 807, 2020.<\/span><br \/>\n<span style=\"color: #000000\">Cita\u00e7\u00f5es:3<\/span><\/li>\n<li><span style=\"color: #000000\">DE SOUZA MAGNABOSCO, JEISON WILLY ; DE FREITAS FRAGA, HUGO PACHECO ; DA SILVA, RAQUEL SANTOS ; ROGALSKI, MARCELO ; DE SOUZA, EMANUEL MALTEMPI ; Guerra, Miguel Pedro ; VIEIRA, LEILA DO NASCIMENTO . Characterization of the complete plastid genome of <em>Butia eriospatha<\/em> (Arecaceae). GENETICS AND MOLECULAR BIOLOGY (ONLINE VERSION), v. 43, p. e20200023, 2020.<\/span><\/li>\n<li><span style=\"color: #000000\">CORBELLINI, JOANA ROSAR ; RIBAS, LUCIANA LOPES FORTES ; MAIA, F. R. ; CORR\u00caA, DIEGO DE OLIVEIRA ; NOSEDA, M. D. ; SUZUKI, ROG\u00c9RIO MAMORU ; AMANO, \u00c9RIKA . Effect of microalgae <em>Messastrum gracile<\/em> and <em>Chlorella vulgaris<\/em> on the in vitro propagation of orchid <em>Cattleya labiata<\/em>. JOURNAL OF APPLIED PHYCOLOGY, v. 32, p. 4013-4027, 2020.<\/span><br \/>\n<span style=\"color: #000000\">Cita\u00e7\u00f5es:1<\/span><\/li>\n<li><span style=\"color: #000000\">DE SOUZA PRIM, PAMELA ; DE OLIVEIRA, LEANDRO FRANCISCO ; RIBAS, LUCIANA LOPES FORTES . An efficient protocol for in vitro propagation of Trichilia pallida Swartz (Meliaceae): a potential tree for natural insecticide production. PLANT CELL TISSUE AND ORGAN CULTURE, v. 143, p. 1-8, 2020.<\/span><\/li>\n<li><span style=\"color: #000000\">PASQUALINI, A. P. A. ; SCHNEIDER, G. X. ; FRAGA, H.P.F. ; BIASI, L. A. ; QUOIRIN, M. <em>In vitro<\/em> establishment of <em>Bambusa oldhamii<\/em> Munro from field-grown matrices and molecular identification of endophytic bacteria. Pesquisa Agropecuaria Tropical (Online), v. 49, p. e53673, 2019.<\/span><\/li>\n<li><span style=\"color: #000000\">LANDO, A. P. ; VIANA, W. G. ; SILVA, R. A. ; COSTA, C. D. D. ; FRAGA, H.P.F. ; SANTOS, M. ; MIOTO, P. T. ; GUERRA, M. P. ; Steiner, N. The Physiological Relationship Between Abscisic Acid and Gibberellin During Seed Germination of <em>Trichocline catharinensis<\/em> (Asteraceae) Is Associated with Polyamine and Antioxidant Enzymes. JOURNAL OF PLANT GROWTH REGULATION, 2019.<\/span><\/li>\n<li><span style=\"color: #000000\">PASQUALINI, A. P. A. ; SANTOS, M. C. ; SANTANNA-SANTOS, B. F. ; FRAGA, H.P.F. ; QUOIRIN, M. <em>In vitro<\/em> culture and diversity of endophytic fungi in <em>Bambusa oldhamii<\/em>. Pesquisa Agropecuaria Tropical (Online), v. 49, p. e53760, 2019.<\/span><\/li>\n<li><span style=\"color: #000000\">POLESI, L.G.; FRAGA, H.P.F.; VIEIRA, L.N.; HERINGER, A.S; ORNELLAS, T.S.; DOS SANTOS, H.P.; Guerra, M.P.; Pescador, R. Chloroplast ultrastructure and hormone endogenous levels are differently affected under light and dark conditions during in vitro culture of <em>Guadua chacoensis<\/em> (Rojas) Londo\u00f1o &amp; P. M. Peterson. ACTA PHYSIOLOGIAE PLANTARUM, v. 41, p. 9, 2019.<\/span><\/li>\n<li><span style=\"color: #000000\">CASTANDER-OLARIETA, A.; MONTALB\u00c1N, I.A. ; OLIVEIRA, E.M; DELL&#8217;AVERSANA, E.; D&#8217;AMELIA, L.; CARILLO, P.; STEINER, N.; FRAGA, H.P.F.; Guerra, M.P.; GOICOA, T.; UGARTE, M.D.; PEREIRA, C.; MONCALE\u00c1N, P. Effect of Thermal Stress on Tissue Ultrastructure and Metabolite Profiles During Initiation of Radiata Pine Somatic Embryogenesis. Frontiers in Plant Science, v. 9, p. 1, 2019.<\/span><\/li>\n<li><span style=\"color: #000000\">KOENE, F.M.; Amano, E.; RIBAS, L. L. F. Asymbiotic seed germination and in vitro seedling development of Acianthera prolifera (Orchidaceae). SOUTH AFRICAN JOURNAL OF BOTANY, v. 121, p. 83-91, 2019.<\/span><\/li>\n<li><span style=\"color: #000000\">VUDALA, S. M. ; Padial, A. A. ; RIBAS, L. L. F. Micropropagation of Hadrolaelia grandis through transverse and longitudinal thin cell layer culture. SOUTH AFRICAN JOURNAL OF BOTANY, v. 121, p. 76-82, 2019.<\/span><\/li>\n<li><span style=\"color: #000000\">Padilha J. H. D. ; RIBEIRO, A. Z. ; STEINMACHER, D. ; AMANO, E. ; QUOIRIN, M. . Leaf histology of greenhouse plants, in vitro cultured and somatic embryo-derived plants of Bactris gasipaes Kunth. ACTA SCIENTIARUM. BIOLOGICAL SCIENCES (ONLINE), v. 40, p. 37340, 2018.<\/span><\/li>\n<li><span style=\"color: #000000\">PILA, L.A.Q.; HERINGER, A. S.; FRAGA, H.P.F.; VIEIRA, L. N.; STEINMACHER, D. A.; SILVEIRA, V.; GUERRA, M. P. Insights into the conversion potential of Theobroma cacao L. somatic embryos using quantitative proteomic analysis. Scientia Horticulturae, v. 229, p. 65-76, 2018.<\/span><\/li>\n<li><span style=\"color: #000000\">ALMEIDA, V. ; FRAGA, H.P.F. ; NAVARRO, B. B. ; GUERRA, M. P. ; PESCADOR, R. Dynamics in global DNA methylation and endogenous polyamine levels during protocorm-like bodies induction of Cattleya tigrina A. Richard. ACTA SCIENTIARUM. BIOLOGICAL SCIENCES (ONLINE), v. 39, p. 497, 2017.<\/span><\/li>\n<li><span style=\"color: #000000\">PILA, L.A.Q.; FRAGA, H.P.F.; VIEIRA, L. N. ; GUERRA, M. P. Epigenetics of long-term somatic embryogenesis in Theobroma cacao L.: DNA methylation and recovery of embryogenic potential. Plant Cell, Tissue and Organ Culture, 2017.<\/span><\/li>\n<li><span style=\"color: #000000\">SALLES, E. A. P. B. ; ALCANTARA, G.B.; QUOIRIN, M.; Gon\u00e7alves, A. N.; HIGA, A. R. Multiplicac\u0327a\u0303o in vitro de Acacia mearnsii De Wild: Influe\u0302ncia de diferentes classes e concentrac\u0327o\u0303es de reguladores vegetais. Revista Espacios, v. 38, p. 12-24, 2017.<\/span><\/li>\n<li><span style=\"color: #000000\">VUDALA, S. M. ; RIBAS, L. L. F. . Seed storage and asymbiotic germination of Hadrolaelia grandis (Orchidaceae). South African Journal of Botany, v. 108, p. 1-7, 2017.<\/span><\/li>\n<li><span style=\"color: #000000\">RIBAS, L. L. F.; GUERRA, M.P. ; KULCHETSCKI, L. ; ZANETTE, F. . Micropropagation of Aspidosperma polyneuron Mull. Arg. from in vitro germinated seedlings.. CIENCIA FLORESTAL, v. 27, p. 391-402, 2017.<\/span><\/li>\n<li><span style=\"color: #000000\">FRAGA, H. P. F.; VIEIRA, L. N. ; HERINGER, A. S. ; PUTTKAMMER, C. C. ; SILVEIRA, V. ; GUERRA, M. P. . DNA methylation and proteome profiles of Araucaria angustifolia (Bertol.) Kuntze embryogenic cultures as affected by plant growth regulators supplementation. Plant Cell, Tissue and Organ Culture (Print), 2016.<\/span><\/li>\n<li><span style=\"color: #000000\">GUERRA, M.P. ; FRAGA, H.P.F. ; VIEIRA, L.N. ; REE, J.F. ; HERINGER, A.S. ; MALDONADO, S.B. . Fundamentals, advances and applications of somatic embryogenesis in selected Brazilian native species. Acta Horticulturae, p. 1-12, 2016.<\/span><\/li>\n<li><span style=\"color: #000000\">FRAGA, H. P. F.; VIEIRA, L. N. ; PUTTKAMMER, C. C. ; SANTOS, H. P. ; GARIGHAN, J. ; GUERRA, M. P. Glutathione and abscisic acid supplementation influences somatic embryo maturation and hormone endogenous levels during somatic embryogenesis in Podocarpus lambertii Klotzsch ex Endl.. Plant Science (Limerick), v. 253, p. 98-106, 2016.<\/span><\/li>\n<li><span style=\"color: #000000\">SILVEIRA, S. S. ; CORDEIRO-SILVA, R. ; DEGENHARDT-GOLDBACH, J. ; QUOIRIN, M. . Micropropagation of Calophyllum brasiliense (Cambess.) from nodal segments. Brazilian Journal of Biology (Online), p. 545, 2016.<\/span><\/li>\n<li><span style=\"color: #000000\">Santos, S. A. ; Smidt, E. C. ; Padial, A. A. ; RIBAS, L. L. F. . Asymbiotic seed germination and in vitro propagation of Brasiliorchis picta. African Journal of Biotechnology, v. 15, p. 134-144, 2016.<\/span><\/li>\n<li><span style=\"color: #000000\">OLIVEIRA, C. ; DEGENHARDT-GOLDBACH, J. ; BETTENCOURT, G. M. F. ; AMANO, E. ; FRANCISCON, L. ; QUOIRIN, M. . Micropropagation of Eucalyptus grandis x E. urophylla AEC 224 clone. Journal of Forestry Research, v. 27, p. 1-11, 2016.<\/span><\/li>\n<li><span style=\"color: #000000\">SILVEIRA, S. S. ; SCHUHLI, G. S. E. ; DEGENHARDT-GOLDBACH, J. ; QUOIRIN, M. . An\u00e1lise da capacidade de enraizamento in vitro de Calophyllum brasiliense utilizando marcadores RAPD. Scientia Forestalis (IPEF), v. 44, p. 110, 2016.<\/span><\/li>\n<li><span style=\"color: #000000\">BONETTI, K. A. P. ; QUOIRIN, M. ; QUISEN, R. C. ; LIMA, S. C. S. . In vitro germination of zygotic embryos hybrid BRS Manicor\u00e9 (E. guineensis X E. oleifera). Anais da Academia Brasileira de Ci\u00eancias (Impresso), v. 88, p. 1841-1850, 2016.<\/span><\/li>\n<li><span style=\"color: #000000\">BONETTI, K. A. P. ; NESI, J. ; QUISEN, R. C. ; QUOIRIN, M. . Somatic embryogenesis from zygotic embryos and TCLs of Brazilian oil palm (Elaeis guineensis x E. oleifera). African Journal of Biotechnology, v. 15, p. 2028-2037, 2016.<\/span><\/li>\n<li><span style=\"color: #000000\">SILVEIRA, S. S. ; DEGENHARDT-GOLDBACH, J. ; QUOIRIN, M. . In vitro seed germination and multiplication of Calophyllum brasiliense. Pesquisa Florestal Brasileira (Online), v. 36, p. 185-193, 2016.<\/span><\/li>\n<li><span style=\"color: #000000\">BETTENCOURT, GISELA MANUELA DE FRAN\u00c7A ; ZANELLA, LAUDIANE BRUNA ; QUOIRIN, MARGUERITE GERMAINE GHISLAINE ; DEGENHARDT-GOLDBACH, JULIANA . Efeito da fonte de carbono na embriog\u00eanese som\u00e1tica em Bactris gasipaes. Pesquisa Florestal Brasileira (Online), v. 36, p. 179, 2016.<\/span><\/li>\n<li><span style=\"color: #000000\">VIEIRA, R. L. ; SILVA, A. L. ; ZAFFARI, G. R. ; STEINMACHER, D. A. ; Fraga HPF ; GUERRA, M. P. . Efficient elimination of virus complex from garlic (Allium sativum L.) by cryotherapy of shoot tips. Acta Physiologiae Plantarum, v. 37, p. 1733-1744, 2015.<\/span><\/li>\n<li><span style=\"color: #000000\">VIEIRA, L. N. ; FRAGA, H. P. F. ; ANJOS, K. G. ; PUTTKAMMER, C. C. ; SCHERER, R. F. ; da Silva DA ; GUERRA, M. P. . Light-emitting diodes (LED) increase the stomata formation and chlorophyll content in Musa acuminata (AAA) -Nanic\u00e3o Corup\u00e1? in vitro plantlets. Theoretical and Experimental Plant Physiology, 2015.<\/span><\/li>\n<li><span style=\"color: #000000\">FRAGA, H. P. F.; VIEIRA, L. N. ; PUTTKAMMER, C. C. ; OLIVEIRA, E. M. ; GUERRA, M. P. . Time-lapse cell tracking reveals morphohistological features in somatic embryogenesis of Araucaria angustifolia (Bert) O. Kuntze. Trees (Berlin. Internet), 2015.<\/span><\/li>\n<li><span style=\"color: #000000\">FRAGA, H. P. F.; VIEIRA, L. N. ; PUTTKAMMER, C. C. ; SILVA, J. M. ; ANJOS, K. G. ; OLIVEIRA, E. M. ; GUERRA, M. P. . High-efficiency cryopreservation of Araucaria angustifolia (Bertol.) Kuntze embryogenic cultures: ultrastructural characterization and morpho-physiological features. Plant Cell, Tissue and Organ Culture (Print), p. 1-12, 2015.<\/span><\/li>\n<li><span style=\"color: #000000\">SCHERER, R. F. ; FRAGA, H. P. F. ; Klabunde, G.F. ; da Silva DA ; GUERRA, M. P. . Global DNA Methylation Levels During the Development of Nodule Cluster Cultures and Assessment of Genetic Fidelity of In Vitro-Regenerated Pineapple Plants (Ananas comosus var. comosus). Journal of Plant Growth Regulation, 2015.<\/span><\/li>\n<li><span style=\"color: #000000\">GRUNENNVALDT, R. L. ; DEGENHARDT-GOLDBACH, J. ; GERHARDT, I. ; QUOIRIN, M. . Promoters Used in Genetic Transformation of Plants. Research Journal of Biological Sciences (Online), v. 10, p. 1-9, 2015.<\/span><\/li>\n<li><span style=\"color: #000000\">C\u00c9ZAR, Tatiana Mazon ; HIGA, Ant\u00f4nio ; KOEHLER, Henrique S ; RIBAS, L. L. F. . INFLUENCE OF CULTURE MEDIUM, EXPLANT LENGTH AND GENOTYPE ON MICROPROPAGATION OF Pinus taeda L.. Ci\u00eancia Florestal (UFSM. Impresso), v. 25, p. 13-22, 2015.<\/span><\/li>\n<li><span style=\"color: #000000\">Padilha J. H. D. ; RIBAS, L. L. F. ; Amano, E. ; QUOIRIN, M. . Somatic embryogenesis in Acrocomia aculeata Jacq. (Lodd.) ex Mart using the thin cell layer technique. Acta Botanica Brasilica, v. 29, p. 516-523, 2015.<\/span><\/li>\n<li><span style=\"color: #000000\">FERREIRA, D. L. ; Smidt, E. C. ; RIBAS, L. L. F. . Efficient micropropagation of Epidendrum secundum Jacq. from leaves and protocorms. African Journal of Biotechnology, v. 14, p. 1122-1128, 2015.<\/span><\/li>\n<li><span style=\"color: #000000\">GOMES, L. R. P. ; Franceschi, C.B. ; RIBAS, L. L. F. . Micropropagation of Brasilidium forbesii (Orchidaceae) through transverse and longitudinal thin cell layer culture. Acta Scientiarum. Biological Sciences (Online), v. 37, p. 143, 2015.<\/span><\/li>\n<\/ol>\n<hr \/>\n<p style=\"text-align: center\">\n","protected":false},"excerpt":{"rendered":"<p>Encontram-se aqui dispon\u00edveis os artigos publicados recentemente pelos grupos de pesquisa dos docentes do LMV-UFPR. NAVARRO, QUEZIA ROCHA ; DE OLIVEIRA CORR\u00caA, DIEGO ; BEHLING, ALEXANDRE ; NOSEDA, MIGUEL DANIEL ; AMANO, \u00c9RIKA ; SUZUKI, ROG\u00c9RIO MAMORU ; RIBAS, LUCIANA LOPES FORTES . Efficient use of biomass and extract of the microalga Desmodesmus subspicatus (Scenedesmaceae) [&hellip;]<\/p>\n","protected":false},"author":1994,"featured_media":0,"parent":51,"menu_order":0,"comment_status":"closed","ping_status":"closed","template":"","meta":{"_acf_changed":false,"_monsterinsights_skip_tracking":false,"_monsterinsights_sitenote_active":false,"_monsterinsights_sitenote_note":"","_monsterinsights_sitenote_category":0,"footnotes":""},"class_list":["post-55","page","type-page","status-publish","hentry"],"acf":[],"_links":{"self":[{"href":"https:\/\/bio.ufpr.br\/lmv\/wp-json\/wp\/v2\/pages\/55","targetHints":{"allow":["GET"]}}],"collection":[{"href":"https:\/\/bio.ufpr.br\/lmv\/wp-json\/wp\/v2\/pages"}],"about":[{"href":"https:\/\/bio.ufpr.br\/lmv\/wp-json\/wp\/v2\/types\/page"}],"author":[{"embeddable":true,"href":"https:\/\/bio.ufpr.br\/lmv\/wp-json\/wp\/v2\/users\/1994"}],"replies":[{"embeddable":true,"href":"https:\/\/bio.ufpr.br\/lmv\/wp-json\/wp\/v2\/comments?post=55"}],"version-history":[{"count":11,"href":"https:\/\/bio.ufpr.br\/lmv\/wp-json\/wp\/v2\/pages\/55\/revisions"}],"predecessor-version":[{"id":628,"href":"https:\/\/bio.ufpr.br\/lmv\/wp-json\/wp\/v2\/pages\/55\/revisions\/628"}],"up":[{"embeddable":true,"href":"https:\/\/bio.ufpr.br\/lmv\/wp-json\/wp\/v2\/pages\/51"}],"wp:attachment":[{"href":"https:\/\/bio.ufpr.br\/lmv\/wp-json\/wp\/v2\/media?parent=55"}],"curies":[{"name":"wp","href":"https:\/\/api.w.org\/{rel}","templated":true}]}}