{"id":591,"date":"2021-04-29T17:05:56","date_gmt":"2021-04-29T20:05:56","guid":{"rendered":"https:\/\/bio.ufpr.br\/lmv\/?page_id=591"},"modified":"2021-04-29T17:10:44","modified_gmt":"2021-04-29T20:10:44","slug":"dissertacoes-e-teses","status":"publish","type":"page","link":"https:\/\/bio.ufpr.br\/lmv\/publicacoes-recentes\/dissertacoes-e-teses\/","title":{"rendered":"Disserta\u00e7\u00f5es e teses"},"content":{"rendered":"<h4>Para ter acesso as disserta\u00e7\u00f5es e teses realizadas no LMV acesse o seguinte link:<\/h4>\n<h4 style=\"text-align: left\">http:\/\/www.prppg.ufpr.br\/site\/ppgbot\/pb\/trabalhos-de-conclusao\/<\/h4>\n","protected":false},"excerpt":{"rendered":"<p>Para ter acesso as disserta\u00e7\u00f5es e teses realizadas no LMV acesse o seguinte link: http:\/\/www.prppg.ufpr.br\/site\/ppgbot\/pb\/trabalhos-de-conclusao\/<\/p>\n","protected":false},"author":1994,"featured_media":0,"parent":51,"menu_order":2,"comment_status":"closed","ping_status":"closed","template":"","meta":{"_acf_changed":false,"_monsterinsights_skip_tracking":false,"_monsterinsights_sitenote_active":false,"_monsterinsights_sitenote_note":"","_monsterinsights_sitenote_category":0,"footnotes":""},"class_list":["post-591","page","type-page","status-publish","hentry"],"acf":[],"_links":{"self":[{"href":"https:\/\/bio.ufpr.br\/lmv\/wp-json\/wp\/v2\/pages\/591","targetHints":{"allow":["GET"]}}],"collection":[{"href":"https:\/\/bio.ufpr.br\/lmv\/wp-json\/wp\/v2\/pages"}],"about":[{"href":"https:\/\/bio.ufpr.br\/lmv\/wp-json\/wp\/v2\/types\/page"}],"author":[{"embeddable":true,"href":"https:\/\/bio.ufpr.br\/lmv\/wp-json\/wp\/v2\/users\/1994"}],"replies":[{"embeddable":true,"href":"https:\/\/bio.ufpr.br\/lmv\/wp-json\/wp\/v2\/comments?post=591"}],"version-history":[{"count":3,"href":"https:\/\/bio.ufpr.br\/lmv\/wp-json\/wp\/v2\/pages\/591\/revisions"}],"predecessor-version":[{"id":603,"href":"https:\/\/bio.ufpr.br\/lmv\/wp-json\/wp\/v2\/pages\/591\/revisions\/603"}],"up":[{"embeddable":true,"href":"https:\/\/bio.ufpr.br\/lmv\/wp-json\/wp\/v2\/pages\/51"}],"wp:attachment":[{"href":"https:\/\/bio.ufpr.br\/lmv\/wp-json\/wp\/v2\/media?parent=591"}],"curies":[{"name":"wp","href":"https:\/\/api.w.org\/{rel}","templated":true}]}}