{"id":9,"date":"2017-06-06T17:50:26","date_gmt":"2017-06-06T17:50:26","guid":{"rendered":"https:\/\/bio.ufpr.br\/lmv\/?page_id=9"},"modified":"2024-06-11T14:42:45","modified_gmt":"2024-06-11T17:42:45","slug":"sobre-2","status":"publish","type":"page","link":"https:\/\/bio.ufpr.br\/lmv\/","title":{"rendered":"Sobre"},"content":{"rendered":"\n<h2 class=\"wp-block-heading\"><span style=\"color: #000000\">Ol\u00e1, seja bem-vindo ao site do Laborat\u00f3rio de Micropropaga\u00e7\u00e3o Vegetal do Departamento de Bot\u00e2nica da Universidade Federal do Paran\u00e1.<\/span><\/h2>\n\n\n\n<p><\/p>\n\n\n\n<p style=\"font-size:20px\"><span style=\"color: #000000\"><mark style=\"background-color:#ffffff\" class=\"has-inline-color\">O <em>Laborat\u00f3rio de\u00a0Micropropaga\u00e7\u00e3o Vegetal<\/em>\u00a0(LMV) tem sua \u00e1rea de atua\u00e7\u00e3o relacionada com a propaga\u00e7\u00e3o <em>in vitro <\/em>de plantas e suas aplica\u00e7\u00f5es biotecnol\u00f3gicas diversas. Estudos b\u00e1sicos e aplicados s\u00e3o conduzidos com \u00eanfase \u00e0s esp\u00e9cies nativas lenhosas e herb\u00e1ceas, visando tamb\u00e9m a\u00a0forma\u00e7\u00e3o de recursos humanos vinculados ao Programa de P\u00f3s Gradua\u00e7\u00e3o em Bot\u00e2nica da UFPR\u00a0(<em>vide site <a style=\"color: #000000\" href=\"http:\/\/www.prppg.ufpr.br\/site\/ppgbot\/pb\/\">PPG\/BOT<\/a><\/em><\/mark>).<\/span><\/p>\n\n\n\n<p style=\"font-size:20px\"><span style=\"color: #000000\">Na \u00e1rea de pesquisa, o laborat\u00f3rio atende aos professores da \u00e1rea de Fisiologia Vegetal do Departamento de Bot\u00e2nica\/UFPR, bolsistas de inicia\u00e7\u00e3o cient\u00edfica, p\u00f3s-graduandos em n\u00edvel de mestrado e doutorado dos cursos de Bot\u00e2nica e Agronomia-Produ\u00e7\u00e3o Vegetal. J\u00e1 na \u00e1rea de ensino, o LMV atende \u00e0 comunidade acad\u00eamica, sendo utilizado para aulas pr\u00e1ticas em disciplinas dos cursos de Gradua\u00e7\u00e3o em Engenharia de Bioprocessos e Biotecnologia e Ci\u00eancias Biol\u00f3gicas\u00a0e de P\u00f3s-Gradua\u00e7\u00e3o em Bot\u00e2nica.<\/span><\/p>\n\n\n<div class=\"wp-block-image\">\n<figure class=\"aligncenter\"><img loading=\"lazy\" decoding=\"async\" width=\"291\" height=\"300\" src=\"https:\/\/bio.ufpr.br\/lmv\/wp-content\/uploads\/sites\/42\/2024\/06\/Imagem4-291x300.png\" alt=\"\" class=\"wp-image-618\" srcset=\"https:\/\/bio.ufpr.br\/lmv\/wp-content\/uploads\/sites\/42\/2024\/06\/Imagem4-291x300.png 291w, https:\/\/bio.ufpr.br\/lmv\/wp-content\/uploads\/sites\/42\/2024\/06\/Imagem4-994x1024.png 994w, https:\/\/bio.ufpr.br\/lmv\/wp-content\/uploads\/sites\/42\/2024\/06\/Imagem4-768x791.png 768w, https:\/\/bio.ufpr.br\/lmv\/wp-content\/uploads\/sites\/42\/2024\/06\/Imagem4-1490x1536.png 1490w, https:\/\/bio.ufpr.br\/lmv\/wp-content\/uploads\/sites\/42\/2024\/06\/Imagem4.png 1896w\" sizes=\"auto, (max-width: 291px) 100vw, 291px\" \/><\/figure><\/div>\n\n\n<ul class=\"has-black-color has-white-background-color has-text-color has-background has-link-color has-medium-font-size wp-block-list wp-elements-49f39bebff95649b67c76af050e015a3\"><\/ul>\n\n\n\n<p><\/p>\n","protected":false},"excerpt":{"rendered":"<p>Ol\u00e1, seja bem-vindo ao site do Laborat\u00f3rio de Micropropaga\u00e7\u00e3o Vegetal do Departamento de Bot\u00e2nica da Universidade Federal do Paran\u00e1. O Laborat\u00f3rio de\u00a0Micropropaga\u00e7\u00e3o Vegetal\u00a0(LMV) tem sua \u00e1rea de atua\u00e7\u00e3o relacionada com a propaga\u00e7\u00e3o in vitro de plantas e suas aplica\u00e7\u00f5es biotecnol\u00f3gicas diversas. Estudos b\u00e1sicos e aplicados s\u00e3o conduzidos com \u00eanfase \u00e0s esp\u00e9cies nativas lenhosas e herb\u00e1ceas, [&hellip;]<\/p>\n","protected":false},"author":1994,"featured_media":618,"parent":0,"menu_order":0,"comment_status":"closed","ping_status":"closed","template":"","meta":{"_acf_changed":false,"_monsterinsights_skip_tracking":false,"_monsterinsights_sitenote_active":false,"_monsterinsights_sitenote_note":"","_monsterinsights_sitenote_category":0,"footnotes":""},"class_list":["post-9","page","type-page","status-publish","has-post-thumbnail","hentry"],"acf":[],"_links":{"self":[{"href":"https:\/\/bio.ufpr.br\/lmv\/wp-json\/wp\/v2\/pages\/9","targetHints":{"allow":["GET"]}}],"collection":[{"href":"https:\/\/bio.ufpr.br\/lmv\/wp-json\/wp\/v2\/pages"}],"about":[{"href":"https:\/\/bio.ufpr.br\/lmv\/wp-json\/wp\/v2\/types\/page"}],"author":[{"embeddable":true,"href":"https:\/\/bio.ufpr.br\/lmv\/wp-json\/wp\/v2\/users\/1994"}],"replies":[{"embeddable":true,"href":"https:\/\/bio.ufpr.br\/lmv\/wp-json\/wp\/v2\/comments?post=9"}],"version-history":[{"count":18,"href":"https:\/\/bio.ufpr.br\/lmv\/wp-json\/wp\/v2\/pages\/9\/revisions"}],"predecessor-version":[{"id":637,"href":"https:\/\/bio.ufpr.br\/lmv\/wp-json\/wp\/v2\/pages\/9\/revisions\/637"}],"wp:featuredmedia":[{"embeddable":true,"href":"https:\/\/bio.ufpr.br\/lmv\/wp-json\/wp\/v2\/media\/618"}],"wp:attachment":[{"href":"https:\/\/bio.ufpr.br\/lmv\/wp-json\/wp\/v2\/media?parent=9"}],"curies":[{"name":"wp","href":"https:\/\/api.w.org\/{rel}","templated":true}]}}