{"id":159,"date":"2025-03-27T09:00:18","date_gmt":"2025-03-27T09:00:18","guid":{"rendered":"https:\/\/bio.ufpr.br\/orcamento-e-financas\/?page_id=159"},"modified":"2025-05-28T18:52:14","modified_gmt":"2025-05-28T18:52:14","slug":"aula-de-campo","status":"publish","type":"page","link":"https:\/\/bio.ufpr.br\/orcamento-e-financas\/compras\/aula-de-campo\/","title":{"rendered":"Aula de Campo"},"content":{"rendered":"\r\n<h2 class=\"wp-block-heading\"><strong>Solicita\u00e7\u00f5es de ve\u00edculos a CENTRAN<\/strong><\/h2>\r\n\r\n\r\n\r\n<ul class=\"wp-block-list\">\r\n<li>\u00b7 O pedido de transporte terrestre para aulas pr\u00e1ticas dever\u00e1 ser feito junto \u00e0 Centran atrav\u00e9s do SICONF (Portal de Sistemas). Para informa\u00e7\u00f5es sobre prazos ou como solicitar, o solicitante dever\u00e1 entrar em contato diretamente com a CENTRAN https:\/\/pra.ufpr.br\/centran\/sobre\/solicitacoes-de-veiculos\/<\/li>\r\n\r\n\r\n\r\n<li>\u00b7 Ap\u00f3s cadastro do pedido, o solicitante receber\u00e1 um e-mail com as informa\u00e7\u00f5es da solicita\u00e7\u00e3o e or\u00e7amento. Ao receber este or\u00e7amento, o solicitante dever\u00e1 informar ao seu ordenador de despesas (Diretor do Setor) sobre a sua demanda, para que o mesmo fa\u00e7a a aprova\u00e7\u00e3o, como Ordenador, da solicita\u00e7\u00e3o no SICONF, conforme Memorando Circular n\u00ba 2\/2018 UFPR\/R\/PRA.<\/li>\r\n\r\n\r\n\r\n<li>\u00b7 N\u00e3o \u00e9 necess\u00e1rio entrar em contato com a Unidade Or\u00e7ament\u00e1ria em nenhum momento.<\/li>\r\n<\/ul>\r\n\r\n\r\n\r\n<h2 class=\"wp-block-heading\">\u00a0<\/h2>\r\n<h2 class=\"wp-block-heading\">Solicita\u00e7\u00f5es de refei\u00e7\u00f5es e\/ou hospedagem (para alunos)<\/h2>\r\n\r\n\r\n\r\n<p><mark class=\"has-inline-color has-vivid-red-color\" style=\"background-color: #ffffff\"><strong>IMPORTANTE!<\/strong><\/mark><\/p>\r\n\r\n\r\n\r\n<p><mark class=\"has-inline-color\" style=\"background-color: #fcb900\">Servidores da UFPR (professores e t\u00e9cnicos administrativos) n\u00e3o devem ser contemplados na contagem para hospedagem e alimenta\u00e7\u00e3o, pois seus afastamentos da sede habitual do trabalho est\u00e3o cobertos pelo pagamento de di\u00e1rias, destinadas ao ressarcimento de tais despesas. O processo para solicita\u00e7\u00e3o de di\u00e1rias deve ser aberto separadamente.<\/mark><\/p>\r\n\r\n\r\n\r\n<p>&nbsp;<\/p>\r\n\r\n<p>\u00b7 O preg\u00e3o vigente para aulas de campo pode ser consultado no site da PRA: <a href=\"https:\/\/pra.ufpr.br\/licitacoes\/upcl\/pregoes-vigentes\" target=\"_blank\" rel=\"noreferrer noopener\">https:\/\/pra.ufpr.br\/licitacoes\/upcl\/pregoes-vigentes<\/a><\/p>\r\n\r\n\r\n\r\n<p>\u00b7 O processo deve ser enviado para a BL\/UCEO com <strong>no m\u00ednimo 30 (trinta) dias de anteced\u00eancia<\/strong> da data da aula.<\/p>\r\n\r\n\r\n\r\n<p>__________________________________________________________________________________<\/p>\r\n\r\n\r\n\r\n\r\n\r\n<p class=\"has-text-align-left\"><strong>INSTRU\u00c7\u00c3O PROCESSUAL<\/strong><\/p>\r\n\r\n\r\n\r\n<p>1. Iniciar processo no SEI do tipo<strong> \u201cOr\u00e7amento e Finan\u00e7as: Solicita\u00e7\u00f5es\u201d<\/strong><\/p>\r\n\r\n\r\n\r\n<ul class=\"wp-block-list\">\r\n<li>&#8211; No campo \u201cEspecifica\u00e7\u00e3o\u201d incluir o n\u00famero do preg\u00e3o (ex. \u201c01\/2024\u201d);<\/li>\r\n\r\n\r\n\r\n<li>&#8211; No campo \u201cInteressados\u201d incluir a raz\u00e3o social do fornecedor.<\/li>\r\n<\/ul>\r\n\r\n\r\n\r\n<p>2. Incluir o documento <strong>\u201cMemorando\u201d<\/strong> contendo todas as informa\u00e7\u00f5es a seguir:<\/p>\r\n\r\n\r\n\r\n<ul class=\"wp-block-list\">\r\n<li>&#8211; O que se deseja adquirir (descritivo, quantidade, n\u00famero do preg\u00e3o, fornecedor);<\/li>\r\n\r\n\r\n\r\n<li>&#8211; Motivo\/justificativa da aquisi\u00e7\u00e3o\/nome da disciplina;<\/li>\r\n\r\n\r\n\r\n<li>&#8211; Respons\u00e1vel pela disciplina\/quem acompanhar\u00e1 a aula (nome, e-mail e telefone);<\/li>\r\n\r\n\r\n\r\n<li>&#8211; Cronograma da aula de campo (datas, cidades, etc).<\/li>\r\n<li><strong>Quem assina?<\/strong> Chefia do Departamento ou solicitante<\/li>\r\n<\/ul>\r\n\r\n\r\n\r\n<ul class=\"wp-block-list\"><\/ul>\r\n\r\n\r\n\r\n<p>3. Incluir o <strong>Plano de Ensino<\/strong> com o cronograma da disciplina onde deve estar prevista a aula de campo. O plano deve ser <strong>assinado pelo coordenador da disciplina e pela chefia do departamento<\/strong>;<\/p>\r\n\r\n\r\n\r\n<p>4. Incluir <strong>Lista de Alunos<\/strong> regularmente matriculados, com nome e n\u00ba de documento (configurar o documento SEI com n\u00edvel de acesso <strong>&#8220;Restrito&#8221;<\/strong> &#8211; LGPD);<\/p>\r\n<p>5. Incluir o <strong>Or\u00e7amento\u00a0<\/strong>da empresa respons\u00e1vel pelas contrata\u00e7\u00f5es conforme Preg\u00e3o Vigente;<\/p>\r\n\r\n\r\n\r\n<p>6. Incluir o documento <strong>\u201cLicitacao: autoriza\u00e7\u00e3o para empenho\u201d<\/strong> preenchendo os campos solicitados;<\/p>\r\n<p>\r\n\r\n<\/p>\r\n<ul class=\"wp-block-list\">\r\n<li><strong>Quem assina?<\/strong> Chefia do Departamento ou solicitante<\/li>\r\n<\/ul>\r\n<p>7. Tramitar para UFPR\/R\/BL para <strong>autoriza\u00e7\u00e3o do Ordenador de Despesas\/Diretor do Setor<\/strong>.<\/p>\r\n<p>8. Ap\u00f3s autoriza\u00e7\u00e3o do Ordenador de Despesas\/Diretor do Setor, tramitar o processo para UFPR\/R\/PROAD\/CLIC\/UPCL para verifica\u00e7\u00e3o de saldo no preg\u00e3o e autoriza\u00e7\u00e3o para empenhamento;<\/p>\r\n\r\n\r\n\r\n\r\n\r\n<p>9. Ap\u00f3s retorno do processo, tramitar para UFPR\/R\/BL\/UCEO.<\/p>\r\n<p>&nbsp;<\/p>\r\n<p><strong>EMPENHO E RECEBIMENTO<\/strong><\/p>\r\n<p>\u00b7 Ap\u00f3s registro, a UCEO encaminhar\u00e1 por e-mail ao solicitante e ao fornecedor o empenho registrado e o processo ser\u00e1 devolvido para a unidade demandante.<\/p>\r\n<p>\u00b7 \u00c9 de responsabilidade do solicitante contatar o fornecedor imediatamente para agendar o servi\u00e7o (em nenhuma hip\u00f3tese a Unidade Or\u00e7ament\u00e1ria efetuar\u00e1 esse procedimento). Todo o contato com o fornecedor deve ser realizado pelo solicitante.<\/p>\r\n<p>&nbsp;<\/p>\r\n<p><strong>PAGAMENTO<\/strong><\/p>\r\n<p>1. Anexar ao processo:<\/p>\r\n<p>\r\n\r\n<\/p>\r\n<ul class=\"wp-block-list\">\r\n<li>&#8211; <strong>Nota fiscal\/fatura<\/strong> em PDF <strong>completa e leg\u00edvel,<\/strong> <strong>sem rasuras nem cortes<\/strong>. O documento deve ser autenticado;<\/li>\r\n\r\n\r\n\r\n<li>&#8211; Se for caso, <strong>declara\u00e7\u00e3o de optante do simples nacional<\/strong> (<a href=\"http:\/\/normas.receita.fazenda.gov.br\/sijut2consulta\/link.action?naoPublicado=&amp;idAto=37200&amp;visao=compilado\" target=\"_blank\" rel=\"noreferrer noopener\" data-type=\"link\" data-id=\"http:\/\/normas.receita.fazenda.gov.br\/sijut2consulta\/link.action?naoPublicado=&amp;idAto=37200&amp;visao=compilado\">Anexo IV da Instru\u00e7\u00e3o Normativa 1234\/2012 da Receita Federal<\/a>). O documento \u00e9 emitido e assinado pelo fornecedor e deve ser entregue junto com a nota fiscal\/fatura. O documento deve ser anexado em formato pdf e autenticado;<\/li>\r\n\r\n\r\n\r\n<li>&#8211; Documento nato SEI <strong>\u201cOR\u00c7.FIN: Atesto de documentos fiscais\u201d<\/strong>. Aten\u00e7\u00e3o para a data de confer\u00eancia e data de recebimento, pois as mesmas devem ser iguais ou posteriores \u00e0 data de emiss\u00e3o da Nota Fiscal\/fatura.<\/li>\r\n<\/ul>\r\n<p>\r\n\r\n<\/p>\r\n<p>2. Tramitar o processo para BL\/UCEO \u2013 o processo n\u00e3o pode continuar aberto em outras unidades.<\/p>\r\n","protected":false},"excerpt":{"rendered":"<p>Solicita\u00e7\u00f5es de ve\u00edculos a CENTRAN \u00a0 Solicita\u00e7\u00f5es de refei\u00e7\u00f5es e\/ou hospedagem (para alunos) IMPORTANTE! Servidores da UFPR (professores e t\u00e9cnicos administrativos) n\u00e3o devem ser contemplados [&hellip;]<\/p>\n","protected":false},"author":2113,"featured_media":0,"parent":6,"menu_order":5,"comment_status":"closed","ping_status":"closed","template":"","meta":{"_acf_changed":false,"_monsterinsights_skip_tracking":false,"_monsterinsights_sitenote_active":false,"_monsterinsights_sitenote_note":"","_monsterinsights_sitenote_category":0,"footnotes":""},"class_list":["post-159","page","type-page","status-publish","hentry"],"acf":[],"_links":{"self":[{"href":"https:\/\/bio.ufpr.br\/orcamento-e-financas\/wp-json\/wp\/v2\/pages\/159","targetHints":{"allow":["GET"]}}],"collection":[{"href":"https:\/\/bio.ufpr.br\/orcamento-e-financas\/wp-json\/wp\/v2\/pages"}],"about":[{"href":"https:\/\/bio.ufpr.br\/orcamento-e-financas\/wp-json\/wp\/v2\/types\/page"}],"author":[{"embeddable":true,"href":"https:\/\/bio.ufpr.br\/orcamento-e-financas\/wp-json\/wp\/v2\/users\/2113"}],"replies":[{"embeddable":true,"href":"https:\/\/bio.ufpr.br\/orcamento-e-financas\/wp-json\/wp\/v2\/comments?post=159"}],"version-history":[{"count":16,"href":"https:\/\/bio.ufpr.br\/orcamento-e-financas\/wp-json\/wp\/v2\/pages\/159\/revisions"}],"predecessor-version":[{"id":332,"href":"https:\/\/bio.ufpr.br\/orcamento-e-financas\/wp-json\/wp\/v2\/pages\/159\/revisions\/332"}],"up":[{"embeddable":true,"href":"https:\/\/bio.ufpr.br\/orcamento-e-financas\/wp-json\/wp\/v2\/pages\/6"}],"wp:attachment":[{"href":"https:\/\/bio.ufpr.br\/orcamento-e-financas\/wp-json\/wp\/v2\/media?parent=159"}],"curies":[{"name":"wp","href":"https:\/\/api.w.org\/{rel}","templated":true}]}}