{"id":42,"date":"2024-02-20T13:43:27","date_gmt":"2024-02-20T13:43:27","guid":{"rendered":"https:\/\/bio.ufpr.br\/orcamento-e-financas\/?page_id=42"},"modified":"2024-07-02T15:08:44","modified_gmt":"2024-07-02T15:08:44","slug":"diarias-e-passagens","status":"publish","type":"page","link":"https:\/\/bio.ufpr.br\/orcamento-e-financas\/diarias-e-passagens\/","title":{"rendered":"Di\u00e1rias e Passagens"},"content":{"rendered":"\n<p><strong>DO QUE SE TRATA O PROCESSO?<\/strong><\/p>\n\n\n\n<p>Este processo dever\u00e1 ser aberto por meio do SEI\/UFPR para solicita\u00e7\u00f5es referentes a passagens, di\u00e1rias, bem como para informar afastamentos (com \u00f4nus, com \u00f4nus limitado e sem \u00f4nus).<\/p>\n\n\n\n<p>Os processos dever\u00e3o ser encaminhados com, no m\u00ednimo, <strong>15 (quinze) dias de anteced\u00eancia<\/strong> <a href=\"https:\/\/ufpr.br\/wp-content\/uploads\/2020\/03\/ordem_de_servica_002_2020_gr.pdf\" data-type=\"link\" data-id=\"https:\/\/bkpportal.ufpr.br\/ufpr\/wp-content\/uploads\/2020\/01\/Ordem-de-Servi%C3%A7o-001_2020-GR.pdf\" target=\"_blank\" rel=\"noreferrer noopener\">(OS 002\/2020-GR)<\/a>.<\/p>\n\n\n\n<div class=\"wp-block-buttons is-layout-flex wp-block-buttons-is-layout-flex\">\n<div class=\"wp-block-button\"><a class=\"wp-block-button__link has-black-color has-pale-cyan-blue-background-color has-text-color has-background has-link-color wp-element-button\" href=\"https:\/\/bio.ufpr.br\/orcamento-e-financas\/diarias-e-passagens\/solicitacao-de-viagens-nacionais\/\" target=\"_blank\" rel=\"noreferrer noopener\"><strong>Solicita\u00e7\u00e3o de Viagens Nacionais<\/strong><\/a><\/div>\n\n\n\n<div class=\"wp-block-button\"><a class=\"wp-block-button__link has-black-color has-pale-cyan-blue-background-color has-text-color has-background has-link-color wp-element-button\" href=\"https:\/\/bio.ufpr.br\/orcamento-e-financas\/diarias-e-passagens\/procedimentos-para-viagens-internacionais\/\" target=\"_blank\" rel=\"noreferrer noopener\"><strong>Solicita\u00e7\u00e3o de Viagens Internacionais<\/strong><\/a><\/div>\n<\/div>\n\n\n\n<p><\/p>\n\n\n\n<p><\/p>\n\n\n\n<h2 class=\"wp-block-heading has-black-color has-white-background-color has-text-color has-background has-link-color has-medium-font-size wp-elements-c6b2c1a6fe317cbac6c05d7cc7f8903b\">Saiba Mais<\/h2>\n\n\n\n<p class=\"has-black-color has-text-color has-link-color wp-elements-38f6b70a99d3ecc59a67125aed8f26c5\"><a href=\"https:\/\/ufpr.br\/wp-content\/uploads\/2020\/03\/ordem_de_servica_002_2020_gr.pdf\" data-type=\"link\" data-id=\"https:\/\/bkpportal.ufpr.br\/ufpr\/wp-content\/uploads\/2020\/01\/Ordem-de-Servi%C3%A7o-001_2020-GR.pdf\" target=\"_blank\" rel=\"noreferrer noopener\"><mark style=\"background-color:#ffffff\" class=\"has-inline-color has-vivid-cyan-blue-color\">ORDEM DE SERVI\u00c7O 002\/2020-GR<\/mark><\/a> &#8211; Disp\u00f5e sobre procedimentos gerai para afastamentos da sede e do Pa\u00eds no \u00e2mbito da Universidade Federal do Paran\u00e1, para concess\u00e3o de Di\u00e1rias e Passagens, no interesse da Administra\u00e7\u00e3o, e d\u00e1 outras provid\u00eancias.<\/p>\n\n\n\n<p><a href=\"https:\/\/www.gov.br\/mec\/pt-br\/media\/acesso_informacacao\/pdf\/Portarian204de06defevereirode2020ProcedimentosparaafastamentodoPas.pdf\" data-type=\"link\" data-id=\"https:\/\/www.in.gov.br\/en\/web\/dou\/-\/portaria-n-2.227-de-31-de-dezembro-de-2019-236265796\" target=\"_blank\" rel=\"noreferrer noopener\">PORTARIA N\u00ba 204, DE 6 DE FEVEREIRO DE 2020 do MEC<\/a> &#8211; Disp\u00f5e sobre os procedimentos para afastamento da sede e do Pa\u00eds e concess\u00e3o de di\u00e1rias e passagens em viagens nacionais e internacionais, no interesse da Administra\u00e7\u00e3o, e delega compet\u00eancia a dirigentes do Minist\u00e9rio da Educa\u00e7\u00e3o &#8211; MEC e das entidades vinculadas para a pr\u00e1tica dos atos que menciona.<\/p>\n\n\n\n<p><a href=\"http:\/\/legislacao.planalto.gov.br\/legisla\/legislacao.nsf\/Viw_Identificacao\/DEC%2091.800-1985?OpenDocument\" target=\"_blank\" rel=\"noreferrer noopener\"><mark style=\"background-color:#ffffff\" class=\"has-inline-color has-vivid-cyan-blue-color\">DECRETO N\u00ba 91.800, DE 18 DE OUTUBRO DE 1985<\/mark><\/a> &#8211; Disp\u00f5e sobre viagens ao exterior, a servi\u00e7o ou com o fim de aperfei\u00e7oamento sem nomea\u00e7\u00e3o ou designa\u00e7\u00e3o, e d\u00e1 outras provid\u00eancias.<\/p>\n\n\n\n<p><a href=\"https:\/\/www2.scdp.gov.br\/novoscdp\/home.xhtml\" data-type=\"link\" data-id=\"https:\/\/www2.scdp.gov.br\/novoscdp\/home.xhtml\"><mark style=\"background-color:#ffffff\" class=\"has-inline-color has-vivid-cyan-blue-color\">Sistema de Concess\u00e3o de Di\u00e1rias e Passagens &#8211; SCDP<\/mark><\/a><\/p>\n\n\n\n<p><a href=\"https:\/\/www.in.gov.br\/en\/web\/dou\/-\/decreto-n-11.872-de-29-de-dezembro-de-2023-534996945\" data-type=\"link\" data-id=\"https:\/\/www.in.gov.br\/en\/web\/dou\/-\/decreto-n-11.872-de-29-de-dezembro-de-2023-534996945\" target=\"_blank\" rel=\"noreferrer noopener\"><mark style=\"background-color:#ffffff\" class=\"has-inline-color has-vivid-cyan-blue-color\">DECRETO N\u00ba 11.872, DE 29 DE DEZEMBRO DE 2023<\/mark><\/a> &#8211; Altera o Decreto n\u00ba 5.992, de 19 de dezembro de 2006, que disp\u00f5e sobre a concess\u00e3o de di\u00e1rias no \u00e2mbito da administra\u00e7\u00e3o federal direta, aut\u00e1rquica e fundacional. <strong>(Inclui informa\u00e7\u00f5es sobre os valores das di\u00e1rias.)<\/strong><\/p>\n\n\n\n<p><a href=\"https:\/\/www.planalto.gov.br\/ccivil_03\/_ato2004-2006\/2006\/decreto\/d5992.htm\" data-type=\"link\" data-id=\"https:\/\/www.planalto.gov.br\/ccivil_03\/_ato2004-2006\/2006\/decreto\/d5992.htm\" target=\"_blank\" rel=\"noreferrer noopener\"><mark style=\"background-color:#ffffff\" class=\"has-inline-color has-vivid-cyan-blue-color\">DECRETO N\u00ba 5.992, DE 19 DE DEZEMBRO DE 2006<\/mark><\/a> &#8211; Disp\u00f5e sobre a concess\u00e3o de di\u00e1rias no \u00e2mbito da administra\u00e7\u00e3o federal direta, aut\u00e1rquica e fundacional, e d\u00e1 outras provid\u00eancias.<\/p>\n","protected":false},"excerpt":{"rendered":"<p>DO QUE SE TRATA O PROCESSO? Este processo dever\u00e1 ser aberto por meio do SEI\/UFPR para solicita\u00e7\u00f5es referentes a passagens, di\u00e1rias, bem como para informar [&hellip;]<\/p>\n","protected":false},"author":6,"featured_media":0,"parent":0,"menu_order":0,"comment_status":"closed","ping_status":"closed","template":"","meta":{"_acf_changed":false,"_monsterinsights_skip_tracking":false,"_monsterinsights_sitenote_active":false,"_monsterinsights_sitenote_note":"","_monsterinsights_sitenote_category":0,"footnotes":""},"class_list":["post-42","page","type-page","status-publish","hentry"],"acf":[],"_links":{"self":[{"href":"https:\/\/bio.ufpr.br\/orcamento-e-financas\/wp-json\/wp\/v2\/pages\/42","targetHints":{"allow":["GET"]}}],"collection":[{"href":"https:\/\/bio.ufpr.br\/orcamento-e-financas\/wp-json\/wp\/v2\/pages"}],"about":[{"href":"https:\/\/bio.ufpr.br\/orcamento-e-financas\/wp-json\/wp\/v2\/types\/page"}],"author":[{"embeddable":true,"href":"https:\/\/bio.ufpr.br\/orcamento-e-financas\/wp-json\/wp\/v2\/users\/6"}],"replies":[{"embeddable":true,"href":"https:\/\/bio.ufpr.br\/orcamento-e-financas\/wp-json\/wp\/v2\/comments?post=42"}],"version-history":[{"count":28,"href":"https:\/\/bio.ufpr.br\/orcamento-e-financas\/wp-json\/wp\/v2\/pages\/42\/revisions"}],"predecessor-version":[{"id":237,"href":"https:\/\/bio.ufpr.br\/orcamento-e-financas\/wp-json\/wp\/v2\/pages\/42\/revisions\/237"}],"wp:attachment":[{"href":"https:\/\/bio.ufpr.br\/orcamento-e-financas\/wp-json\/wp\/v2\/media?parent=42"}],"curies":[{"name":"wp","href":"https:\/\/api.w.org\/{rel}","templated":true}]}}