{"id":84,"date":"2024-02-23T14:51:08","date_gmt":"2024-02-23T14:51:08","guid":{"rendered":"https:\/\/bio.ufpr.br\/orcamento-e-financas\/?page_id=84"},"modified":"2025-03-26T17:37:31","modified_gmt":"2025-03-26T17:37:31","slug":"pregao","status":"publish","type":"page","link":"https:\/\/bio.ufpr.br\/orcamento-e-financas\/compras\/pregao\/","title":{"rendered":"Preg\u00e3o"},"content":{"rendered":"\r\n<h2 class=\"wp-block-heading has-pale-cyan-blue-background-color has-background has-medium-font-size\" style=\"text-transform: uppercase\">Procedimentos de compras por preg\u00e3o<\/h2>\r\n\r\n\r\n\r\n<p><strong>INFORMA\u00c7\u00d5ES INICIAIS<\/strong><\/p>\r\n\r\n\r\n\r\n<ul class=\"wp-block-list\">\r\n<li>&#8211; Dever\u00e1 ser aberto um processo para cada fornecedor. \u00c9 poss\u00edvel a aquisi\u00e7\u00e3o de itens de preg\u00f5es diferentes em um mesmo processo, desde que seja do mesmo fornecedor.<\/li>\r\n\r\n\r\n\r\n<li>&#8211; Devido ao risco de o fornecedor n\u00e3o entregar, por n\u00e3o ser vantajoso para ele caso o valor do pedido seja muito baixo e, assim, o solicitante ficar sem o item solicitado, recomendamos que o valor total do pedido para um mesmo fornecedor\/processo seja de, no m\u00ednimo, R$ 100,00 (cem reais).<\/li>\r\n\r\n\r\n\r\n<li>&#8211; Os preg\u00f5es vigentes podem ser consultados no endere\u00e7o <a href=\"https:\/\/pra.ufpr.br\/licitacoes\/upcl\/pregoes-vigentes\" target=\"_blank\" rel=\"noreferrer noopener\">https:\/\/pra.ufpr.br\/licitacoes\/upcl\/pregoes-vigentes<\/a><\/li>\r\n<\/ul>\r\n\r\n\r\n\r\n<p><strong>INSTRU\u00c7\u00c3O PROCESSUAL<\/strong><\/p>\r\n\r\n\r\n\r\n<p>1. Iniciar processo no SEI do tipo <strong>\u201cOr\u00e7amento e Finan\u00e7as: Solicita\u00e7\u00f5es\u201d<\/strong><\/p>\r\n\r\n\r\n\r\n<ul class=\"wp-block-list\">\r\n<li>&#8211; No campo \u201cEspecifica\u00e7\u00e3o\u201d incluir o n\u00famero do preg\u00e3o (ex. \u201cPreg. 01\/2024\u201d);<\/li>\r\n\r\n\r\n\r\n<li>&#8211; No campo \u201cInteressados\u201d incluir a raz\u00e3o social do fornecedor.<\/li>\r\n<\/ul>\r\n\r\n\r\n\r\n<p>2. Incluir o documento <strong>\u201cMemorando\u201d<\/strong> contendo todas as informa\u00e7\u00f5es a seguir:<\/p>\r\n\r\n\r\n\r\n<ul class=\"wp-block-list\">\r\n<li>&#8211; O que se deseja adquirir (descritivo, n\u00famero do item no preg\u00e3o, quantidade, n\u00famero do preg\u00e3o, fornecedor);<\/li>\r\n\r\n\r\n\r\n<li>&#8211; Entrega: indicar se a entrega dever\u00e1 ser\u00e1 \u00fanica ou fracionada. Se fracionada, incluir motiva\u00e7\u00e3o\/justificativa para o fracionamento.<\/li>\r\n\r\n\r\n\r\n<li>&#8211; Motivo\/justificativa plaus\u00edvel para a aquisi\u00e7\u00e3o;<\/li>\r\n\r\n\r\n\r\n<li>&#8211; Com que recurso ser\u00e1 pago;<\/li>\r\n\r\n\r\n\r\n<li>&#8211; Respons\u00e1vel pelo recebimento do item (nome, e-mail e telefone);<\/li>\r\n\r\n\r\n\r\n<li>&#8211; Endere\u00e7o completo de entrega, dias e hor\u00e1rios para recebimento;<\/li>\r\n\r\n\r\n\r\n<li>&#8211; <strong>Quem assina? <\/strong>Chefia, Coordenador ou Respons\u00e1vel da Unidade, ou o Coordenador do Conv\u00eanio\/Contrato;<\/li>\r\n<\/ul>\r\n\r\n\r\n\r\n<p>3. Incluir o documento <strong>\u201cLicitacao: autoriza\u00e7\u00e3o para empenho\u201d<\/strong> preenchendo os campos solicitados;<\/p>\r\n\r\n\r\n\r\n<ul class=\"wp-block-list\">\r\n<li>&#8211; <strong>Quem assina? <\/strong>Chefia, Coordenador ou Respons\u00e1vel da Unidade, ou o Coordenador do Conv\u00eanio\/Contrato;<\/li>\r\n<\/ul>\r\n\r\n\r\n\r\n<p>4. Em caso de aquisi\u00e7\u00e3o de material permanente, incluir o documento <strong>\u201cOR\u00c7.FIN.: TERMO DE INDICA\u00c7\u00c3O DE RESPONSABILIDADE\u201d<\/strong> preenchendo os campos solicitados;<\/p>\r\n\r\n\r\n\r\n<ul class=\"wp-block-list\">\r\n<li>&#8211; <strong>Quem assina?<\/strong> Respons\u00e1vel pelo item (quem ficar\u00e1 com a carga patrimonial do bem);<\/li>\r\n<\/ul>\r\n\r\n\r\n\r\n<p>5. Tramitar o processo para UFPR\/R\/PROAD\/CLIC\/UPCL para verifica\u00e7\u00e3o de saldo no preg\u00e3o e autoriza\u00e7\u00e3o para empenhamento;<\/p>\r\n\r\n\r\n\r\n<p>6. Ap\u00f3s retorno do processo, tramitar para UFPR\/R\/BL\/UCEO.<\/p>\r\n\r\n\r\n\r\n<p>&nbsp;<\/p>\r\n\r\n\r\n\r\n<div class=\"wp-block-group has-cyan-bluish-gray-background-color has-background\"><div class=\"wp-block-group__inner-container is-layout-constrained wp-block-group-is-layout-constrained\">\r\n<p><strong>EMPENHO E RECEBIMENTO<\/strong><\/p>\r\n\r\n\r\n\r\n<ul class=\"wp-block-list\">\r\n<li>Ap\u00f3s registro do empenho, a UCEO encaminhar\u00e1 por e-mail ao solicitante e ao fornecedor o empenho registrado e o processo ser\u00e1 devolvido para a unidade demandante.<\/li>\r\n\r\n\r\n\r\n<li>\u00c9 de responsabilidade do solicitante contatar o fornecedor\/prestador de servi\u00e7o imediatamente para combinar a entrega dos bens adquiridos ou presta\u00e7\u00e3o do servi\u00e7o (em nenhuma hip\u00f3tese a Unidade Or\u00e7ament\u00e1ria efetuar\u00e1 esse procedimento). Todo o contato com o fornecedor deve ser realizado pelo Solicitante.<\/li>\r\n\r\n\r\n\r\n<li>A partir do envio do empenho, o fornecedor tem 30 (trinta) dias para a entrega do item, ou conforme prazo estabelecido no Termo de Refer\u00eancia. Caso o fornecedor n\u00e3o entregue no prazo previsto e\/ou n\u00e3o pe\u00e7a prorroga\u00e7\u00e3o do prazo, dever\u00e1 ser aberto um processo de apura\u00e7\u00e3o de responsabilidade de fornecedores conforme Instru\u00e7\u00e3o Normativa CLIC\/PRA\/UFPR n\u00ba 01\/2023 (<a href=\"https:\/\/sei.ufpr.br\/sei\/web\/controlador.php?acao=procedimento_trabalhar&amp;id_procedimento=6284215&amp;id_documento=6284434\" data-type=\"link\" data-id=\"https:\/\/sei.ufpr.br\/sei\/web\/controlador.php?acao=procedimento_trabalhar&amp;id_procedimento=6284215&amp;id_documento=6284434\">5802239<\/a>).\r\n<ul class=\"wp-block-list\">\r\n<li>Obs: A prorroga\u00e7\u00e3o de prazo concedida dever\u00e1 ser informada no processo do empenho, via despacho (doc. nato do SEI).\u00a0<\/li>\r\n<\/ul>\r\n<\/li>\r\n<\/ul>\r\n<\/div><\/div>\r\n\r\n\r\n\r\n<div class=\"wp-block-group has-pale-cyan-blue-background-color has-background\"><div class=\"wp-block-group__inner-container is-layout-constrained wp-block-group-is-layout-constrained\">\r\n<p><strong>PAGAMENTO<\/strong><\/p>\r\n\r\n\r\n\r\n<p>1. Anexar ao processo:<\/p>\r\n\r\n\r\n\r\n<ul class=\"wp-block-list\">\r\n<li><strong>Nota fiscal em PDF completa e leg\u00edvel, sem rasuras nem cortes.<\/strong> O valor da nota deve ser exatamente igual ao do empenho (exceto se o empenho for do tipo estimativo). O documento deve ser autenticado;<\/li>\r\n\r\n\r\n\r\n<li>Se for caso, <strong>declara\u00e7\u00e3o de optante do simples nacional<\/strong> (<a href=\"http:\/\/normas.receita.fazenda.gov.br\/sijut2consulta\/link.action?naoPublicado=&amp;idAto=37200&amp;visao=compilado\" data-type=\"link\" data-id=\"http:\/\/normas.receita.fazenda.gov.br\/sijut2consulta\/link.action?naoPublicado=&amp;idAto=37200&amp;visao=compilado\">Anexo IV da Instru\u00e7\u00e3o Normativa 1234\/2012 da Receita Federal<\/a>). O documento \u00e9 emitido e assinado pelo fornecedor, deve ser nominal a UFPR, com data atualizada e entregue junto com a nota fiscal. O documento deve ser anexado em formato pdf e autenticado;<\/li>\r\n\r\n\r\n\r\n<li>Documento <strong>\u201cOR\u00c7.FIN: Atesto de documentos fiscais\u201d<\/strong> (documento nato do SEI). Aten\u00e7\u00e3o para a data de confer\u00eancia e data de recebimento, pois as mesmas devem ser iguais ou posteriores \u00e0 data de emiss\u00e3o da Nota Fiscal.<\/li>\r\n<\/ul>\r\n\r\n\r\n\r\n<p>2. Tramitar o processo para BL\/UCEO \u2013 o processo n\u00e3o pode continuar aberto em outras unidades.<\/p>\r\n<\/div><\/div>\r\n","protected":false},"excerpt":{"rendered":"<p>Procedimentos de compras por preg\u00e3o INFORMA\u00c7\u00d5ES INICIAIS INSTRU\u00c7\u00c3O PROCESSUAL 1. Iniciar processo no SEI do tipo \u201cOr\u00e7amento e Finan\u00e7as: Solicita\u00e7\u00f5es\u201d 2. Incluir o documento \u201cMemorando\u201d [&hellip;]<\/p>\n","protected":false},"author":2113,"featured_media":0,"parent":6,"menu_order":1,"comment_status":"closed","ping_status":"closed","template":"","meta":{"_acf_changed":false,"_monsterinsights_skip_tracking":false,"_monsterinsights_sitenote_active":false,"_monsterinsights_sitenote_note":"","_monsterinsights_sitenote_category":0,"footnotes":""},"class_list":["post-84","page","type-page","status-publish","hentry"],"acf":[],"_links":{"self":[{"href":"https:\/\/bio.ufpr.br\/orcamento-e-financas\/wp-json\/wp\/v2\/pages\/84","targetHints":{"allow":["GET"]}}],"collection":[{"href":"https:\/\/bio.ufpr.br\/orcamento-e-financas\/wp-json\/wp\/v2\/pages"}],"about":[{"href":"https:\/\/bio.ufpr.br\/orcamento-e-financas\/wp-json\/wp\/v2\/types\/page"}],"author":[{"embeddable":true,"href":"https:\/\/bio.ufpr.br\/orcamento-e-financas\/wp-json\/wp\/v2\/users\/2113"}],"replies":[{"embeddable":true,"href":"https:\/\/bio.ufpr.br\/orcamento-e-financas\/wp-json\/wp\/v2\/comments?post=84"}],"version-history":[{"count":16,"href":"https:\/\/bio.ufpr.br\/orcamento-e-financas\/wp-json\/wp\/v2\/pages\/84\/revisions"}],"predecessor-version":[{"id":275,"href":"https:\/\/bio.ufpr.br\/orcamento-e-financas\/wp-json\/wp\/v2\/pages\/84\/revisions\/275"}],"up":[{"embeddable":true,"href":"https:\/\/bio.ufpr.br\/orcamento-e-financas\/wp-json\/wp\/v2\/pages\/6"}],"wp:attachment":[{"href":"https:\/\/bio.ufpr.br\/orcamento-e-financas\/wp-json\/wp\/v2\/media?parent=84"}],"curies":[{"name":"wp","href":"https:\/\/api.w.org\/{rel}","templated":true}]}}